{"id":11440,"date":"2020-10-16T12:11:42","date_gmt":"2020-10-16T16:11:42","guid":{"rendered":"https:\/\/glslcities.org\/?page_id=11440"},"modified":"2026-02-05T14:50:19","modified_gmt":"2026-02-05T19:50:19","slug":"prix-et-financement","status":"publish","type":"page","link":"https:\/\/glslcities.org\/fr\/resources\/prix-et-financement\/","title":{"rendered":"Prix et financement"},"content":{"rendered":"<h2><strong>Prix Wege des meilleures pratiques en mati\u00e8re de durabilit\u00e9 pour les petites municipalit\u00e9s<\/strong><\/h2>\n<p><img loading=\"lazy\" decoding=\"async\" class=\" wp-image-11441 alignright\" src=\"https:\/\/glslcities.org\/wp-content\/uploads\/2018\/02\/wegeflogo.gif\" alt=\"\" width=\"161\" height=\"161\" \/><\/p>\n<p>Les Grands Lacs et le fleuve Saint-Laurent, la plus vaste r\u00e9serve d\u2019eau douce de surface de la plan\u00e8te, sont confront\u00e9s \u00e0 des enjeux complexes n\u00e9cessitant un leadership soutenu.. Si les grandes villes disposent souvent de plus de ressources pour agir, les petites municipalit\u00e9s \u2014 comptant moins de 100 000 habitants \u2014 en ont bien souvent moins. Le Prix Wege reconna\u00eet des initiatives novatrices et actuelles en mati\u00e8re de durabilit\u00e9 men\u00e9es par de petites collectivit\u00e9s, qui peuvent servir de mod\u00e8les de meilleures pratiques et d\u2019inspiration pour d\u2019autres communaut\u00e9s du bassin des Grands Lacs et du fleuve Saint-Laurent.<\/p>\n<p>Le Prix Wege est une r\u00e9compense financi\u00e8re directe. Dans le cas d\u2019un laur\u00e9at unique, un montant de 8 000 $ US sera attribu\u00e9. Si plusieurs laur\u00e9ats sont s\u00e9lectionn\u00e9s, la somme sera r\u00e9partie entre les candidatures gagnantes.<\/p>\n<h3><strong>Processus de soumission<\/strong><\/h3>\n<p>En amont du Congr\u00e8s annuel de l\u2019Alliance des villes, un appel \u00e0 candidates est lanc\u00e9.<br \/>\nLes petites villes de moins de 100 000 habitants qui sont membres de l\u2019Alliance des villes sont encourag\u00e9es \u00e0 soumettre un projet qui r\u00e9pond aux crit\u00e8res en utilisant le formulaire fournit lors de l\u2019appel aux projets (g\u00e9n\u00e9ralement fourni en fin janvier ou d\u00e9but f\u00e9vrier). Si vous \u00eates membres de l\u2019Alliance des villes et que vous n\u2019avez pas re\u00e7u l\u2019appel aux projets, veuillez communiquer avec nous.<\/p>\n","protected":false},"excerpt":{"rendered":"<p>Prix Wege des meilleures pratiques en mati\u00e8re de durabilit\u00e9 pour les petites municipalit\u00e9s Les Grands Lacs et le fleuve Saint-Laurent, la plus vaste r\u00e9serve d\u2019eau douce de surface de la plan\u00e8te, sont confront\u00e9s \u00e0 des enjeux complexes n\u00e9cessitant un leadership soutenu.. Si les grandes villes disposent souvent de plus de ressources pour agir, les petites&#8230; <a class=\"read-more\" href=\"https:\/\/glslcities.org\/fr\/resources\/prix-et-financement\/\">Read More<span class=\"hidden\"> about \u00ab\u00a0Prix et financement\u00a0\u00bb<\/span><\/a><\/p>\n","protected":false},"author":12,"featured_media":0,"parent":1331,"menu_order":50,"comment_status":"closed","ping_status":"closed","template":"accordion.php","meta":{"_acf_changed":false,"footnotes":""},"class_list":["post-11440","page","type-page","status-publish","hentry"],"acf":[],"yoast_head":"<!-- This site is optimized with the Yoast SEO plugin v27.4 - https:\/\/yoast.com\/product\/yoast-seo-wordpress\/ -->\n<title>Prix et financement - L\u2019Alliance des villes des Grands Lacs et du Saint-Laurent<\/title>\n<meta name=\"robots\" content=\"index, follow, max-snippet:-1, max-image-preview:large, max-video-preview:-1\" \/>\n<link rel=\"canonical\" href=\"https:\/\/glslcities.org\/fr\/resources\/prix-et-financement\/\" \/>\n<meta property=\"og:locale\" content=\"fr_FR\" \/>\n<meta property=\"og:type\" content=\"article\" \/>\n<meta property=\"og:title\" content=\"Prix et financement - L\u2019Alliance des villes des Grands Lacs et du Saint-Laurent\" \/>\n<meta property=\"og:description\" content=\"Prix Wege des meilleures pratiques en mati\u00e8re de durabilit\u00e9 pour les petites municipalit\u00e9s Les Grands Lacs et le fleuve Saint-Laurent, la plus vaste r\u00e9serve d\u2019eau douce de surface de la plan\u00e8te, sont confront\u00e9s \u00e0 des enjeux complexes n\u00e9cessitant un leadership soutenu.. Si les grandes villes disposent souvent de plus de ressources pour agir, les petites... Read More about &quot;Prix et financement&quot;\" \/>\n<meta property=\"og:url\" content=\"https:\/\/glslcities.org\/fr\/resources\/prix-et-financement\/\" \/>\n<meta property=\"og:site_name\" content=\"L\u2019Alliance des villes des Grands Lacs et du Saint-Laurent\" \/>\n<meta property=\"article:modified_time\" content=\"2026-02-05T19:50:19+00:00\" \/>\n<meta property=\"og:image\" content=\"https:\/\/glslcities.org\/wp-content\/uploads\/2018\/02\/wegeflogo.gif\" \/>\n<meta name=\"twitter:card\" content=\"summary_large_image\" \/>\n<meta name=\"twitter:label1\" content=\"Dur\u00e9e de lecture estim\u00e9e\" \/>\n\t<meta name=\"twitter:data1\" content=\"2 minutes\" \/>\n<script type=\"application\/ld+json\" class=\"yoast-schema-graph\">{\"@context\":\"https:\\\/\\\/schema.org\",\"@graph\":[{\"@type\":\"WebPage\",\"@id\":\"https:\\\/\\\/glslcities.org\\\/fr\\\/resources\\\/prix-et-financement\\\/\",\"url\":\"https:\\\/\\\/glslcities.org\\\/fr\\\/resources\\\/prix-et-financement\\\/\",\"name\":\"Prix et financement - L\u2019Alliance des villes des Grands Lacs et du Saint-Laurent\",\"isPartOf\":{\"@id\":\"https:\\\/\\\/glslcities.org\\\/#website\"},\"primaryImageOfPage\":{\"@id\":\"https:\\\/\\\/glslcities.org\\\/fr\\\/resources\\\/prix-et-financement\\\/#primaryimage\"},\"image\":{\"@id\":\"https:\\\/\\\/glslcities.org\\\/fr\\\/resources\\\/prix-et-financement\\\/#primaryimage\"},\"thumbnailUrl\":\"https:\\\/\\\/glslcities.org\\\/wp-content\\\/uploads\\\/2018\\\/02\\\/wegeflogo.gif\",\"datePublished\":\"2020-10-16T16:11:42+00:00\",\"dateModified\":\"2026-02-05T19:50:19+00:00\",\"breadcrumb\":{\"@id\":\"https:\\\/\\\/glslcities.org\\\/fr\\\/resources\\\/prix-et-financement\\\/#breadcrumb\"},\"inLanguage\":\"fr-FR\",\"potentialAction\":[{\"@type\":\"ReadAction\",\"target\":[\"https:\\\/\\\/glslcities.org\\\/fr\\\/resources\\\/prix-et-financement\\\/\"]}]},{\"@type\":\"ImageObject\",\"inLanguage\":\"fr-FR\",\"@id\":\"https:\\\/\\\/glslcities.org\\\/fr\\\/resources\\\/prix-et-financement\\\/#primaryimage\",\"url\":\"https:\\\/\\\/glslcities.org\\\/wp-content\\\/uploads\\\/2018\\\/02\\\/wegeflogo.gif\",\"contentUrl\":\"https:\\\/\\\/glslcities.org\\\/wp-content\\\/uploads\\\/2018\\\/02\\\/wegeflogo.gif\"},{\"@type\":\"BreadcrumbList\",\"@id\":\"https:\\\/\\\/glslcities.org\\\/fr\\\/resources\\\/prix-et-financement\\\/#breadcrumb\",\"itemListElement\":[{\"@type\":\"ListItem\",\"position\":1,\"name\":\"Home\",\"item\":\"https:\\\/\\\/glslcities.org\\\/fr\\\/\"},{\"@type\":\"ListItem\",\"position\":2,\"name\":\"Ressources\",\"item\":\"https:\\\/\\\/glslcities.org\\\/fr\\\/resources\\\/\"},{\"@type\":\"ListItem\",\"position\":3,\"name\":\"Prix et financement\"}]},{\"@type\":\"WebSite\",\"@id\":\"https:\\\/\\\/glslcities.org\\\/#website\",\"url\":\"https:\\\/\\\/glslcities.org\\\/\",\"name\":\"L\u2019Alliance des villes des Grands Lacs et du Saint-Laurent\",\"description\":\"Des maires unis pour prot\u00e9ger et restaurer les Grands Lacs et le Saint-Laurent\",\"potentialAction\":[{\"@type\":\"SearchAction\",\"target\":{\"@type\":\"EntryPoint\",\"urlTemplate\":\"https:\\\/\\\/glslcities.org\\\/?s={search_term_string}\"},\"query-input\":{\"@type\":\"PropertyValueSpecification\",\"valueRequired\":true,\"valueName\":\"search_term_string\"}}],\"inLanguage\":\"fr-FR\"}]}<\/script>\n<!-- \/ Yoast SEO plugin. -->","yoast_head_json":{"title":"Prix et financement - L\u2019Alliance des villes des Grands Lacs et du Saint-Laurent","robots":{"index":"index","follow":"follow","max-snippet":"max-snippet:-1","max-image-preview":"max-image-preview:large","max-video-preview":"max-video-preview:-1"},"canonical":"https:\/\/glslcities.org\/fr\/resources\/prix-et-financement\/","og_locale":"fr_FR","og_type":"article","og_title":"Prix et financement - L\u2019Alliance des villes des Grands Lacs et du Saint-Laurent","og_description":"Prix Wege des meilleures pratiques en mati\u00e8re de durabilit\u00e9 pour les petites municipalit\u00e9s Les Grands Lacs et le fleuve Saint-Laurent, la plus vaste r\u00e9serve d\u2019eau douce de surface de la plan\u00e8te, sont confront\u00e9s \u00e0 des enjeux complexes n\u00e9cessitant un leadership soutenu.. Si les grandes villes disposent souvent de plus de ressources pour agir, les petites... Read More about \"Prix et financement\"","og_url":"https:\/\/glslcities.org\/fr\/resources\/prix-et-financement\/","og_site_name":"L\u2019Alliance des villes des Grands Lacs et du Saint-Laurent","article_modified_time":"2026-02-05T19:50:19+00:00","og_image":[{"url":"https:\/\/glslcities.org\/wp-content\/uploads\/2018\/02\/wegeflogo.gif","type":"","width":"","height":""}],"twitter_card":"summary_large_image","twitter_misc":{"Dur\u00e9e de lecture estim\u00e9e":"2 minutes"},"schema":{"@context":"https:\/\/schema.org","@graph":[{"@type":"WebPage","@id":"https:\/\/glslcities.org\/fr\/resources\/prix-et-financement\/","url":"https:\/\/glslcities.org\/fr\/resources\/prix-et-financement\/","name":"Prix et financement - L\u2019Alliance des villes des Grands Lacs et du Saint-Laurent","isPartOf":{"@id":"https:\/\/glslcities.org\/#website"},"primaryImageOfPage":{"@id":"https:\/\/glslcities.org\/fr\/resources\/prix-et-financement\/#primaryimage"},"image":{"@id":"https:\/\/glslcities.org\/fr\/resources\/prix-et-financement\/#primaryimage"},"thumbnailUrl":"https:\/\/glslcities.org\/wp-content\/uploads\/2018\/02\/wegeflogo.gif","datePublished":"2020-10-16T16:11:42+00:00","dateModified":"2026-02-05T19:50:19+00:00","breadcrumb":{"@id":"https:\/\/glslcities.org\/fr\/resources\/prix-et-financement\/#breadcrumb"},"inLanguage":"fr-FR","potentialAction":[{"@type":"ReadAction","target":["https:\/\/glslcities.org\/fr\/resources\/prix-et-financement\/"]}]},{"@type":"ImageObject","inLanguage":"fr-FR","@id":"https:\/\/glslcities.org\/fr\/resources\/prix-et-financement\/#primaryimage","url":"https:\/\/glslcities.org\/wp-content\/uploads\/2018\/02\/wegeflogo.gif","contentUrl":"https:\/\/glslcities.org\/wp-content\/uploads\/2018\/02\/wegeflogo.gif"},{"@type":"BreadcrumbList","@id":"https:\/\/glslcities.org\/fr\/resources\/prix-et-financement\/#breadcrumb","itemListElement":[{"@type":"ListItem","position":1,"name":"Home","item":"https:\/\/glslcities.org\/fr\/"},{"@type":"ListItem","position":2,"name":"Ressources","item":"https:\/\/glslcities.org\/fr\/resources\/"},{"@type":"ListItem","position":3,"name":"Prix et financement"}]},{"@type":"WebSite","@id":"https:\/\/glslcities.org\/#website","url":"https:\/\/glslcities.org\/","name":"L\u2019Alliance des villes des Grands Lacs et du Saint-Laurent","description":"Des maires unis pour prot\u00e9ger et restaurer les Grands Lacs et le Saint-Laurent","potentialAction":[{"@type":"SearchAction","target":{"@type":"EntryPoint","urlTemplate":"https:\/\/glslcities.org\/?s={search_term_string}"},"query-input":{"@type":"PropertyValueSpecification","valueRequired":true,"valueName":"search_term_string"}}],"inLanguage":"fr-FR"}]}},"_links":{"self":[{"href":"https:\/\/glslcities.org\/fr\/wp-json\/wp\/v2\/pages\/11440","targetHints":{"allow":["GET"]}}],"collection":[{"href":"https:\/\/glslcities.org\/fr\/wp-json\/wp\/v2\/pages"}],"about":[{"href":"https:\/\/glslcities.org\/fr\/wp-json\/wp\/v2\/types\/page"}],"author":[{"embeddable":true,"href":"https:\/\/glslcities.org\/fr\/wp-json\/wp\/v2\/users\/12"}],"replies":[{"embeddable":true,"href":"https:\/\/glslcities.org\/fr\/wp-json\/wp\/v2\/comments?post=11440"}],"version-history":[{"count":9,"href":"https:\/\/glslcities.org\/fr\/wp-json\/wp\/v2\/pages\/11440\/revisions"}],"predecessor-version":[{"id":19109,"href":"https:\/\/glslcities.org\/fr\/wp-json\/wp\/v2\/pages\/11440\/revisions\/19109"}],"up":[{"embeddable":true,"href":"https:\/\/glslcities.org\/fr\/wp-json\/wp\/v2\/pages\/1331"}],"wp:attachment":[{"href":"https:\/\/glslcities.org\/fr\/wp-json\/wp\/v2\/media?parent=11440"}],"curies":[{"name":"wp","href":"https:\/\/api.w.org\/{rel}","templated":true}]}}