{"id":12763,"date":"2022-02-18T13:39:41","date_gmt":"2022-02-18T18:39:41","guid":{"rendered":"https:\/\/glslcities.org\/?page_id=12763"},"modified":"2026-03-06T11:30:48","modified_gmt":"2026-03-06T16:30:48","slug":"12763-2","status":"publish","type":"page","link":"https:\/\/glslcities.org\/fr\/evenements\/assemblee-annuelle\/12763-2\/","title":{"rendered":"Assembl\u00e9e annuelle 2022 \u00e0 St. Catharines (ON)"},"content":{"rendered":"<p><img loading=\"lazy\" decoding=\"async\" class=\"alignnone wp-image-12764 size-full\" src=\"https:\/\/glslcities.org\/wp-content\/uploads\/2022\/02\/2022GLSL-AGM-Logo-FR-f2.jpg\" alt=\"\" width=\"1411\" height=\"414\" srcset=\"https:\/\/glslcities.org\/wp-content\/uploads\/2022\/02\/2022GLSL-AGM-Logo-FR-f2.jpg 1411w, https:\/\/glslcities.org\/wp-content\/uploads\/2022\/02\/2022GLSL-AGM-Logo-FR-f2-400x117.jpg 400w, https:\/\/glslcities.org\/wp-content\/uploads\/2022\/02\/2022GLSL-AGM-Logo-FR-f2-1024x300.jpg 1024w, https:\/\/glslcities.org\/wp-content\/uploads\/2022\/02\/2022GLSL-AGM-Logo-FR-f2-200x59.jpg 200w, https:\/\/glslcities.org\/wp-content\/uploads\/2022\/02\/2022GLSL-AGM-Logo-FR-f2-768x225.jpg 768w, https:\/\/glslcities.org\/wp-content\/uploads\/2022\/02\/2022GLSL-AGM-Logo-FR-f2-1140x334.jpg 1140w\" sizes=\"auto, (max-width: 1411px) 100vw, 1411px\" \/><\/p>\n<h2 style=\"text-align: center;\"><\/h2>\n<p><a href=\"https:\/\/www.eventbrite.com\/e\/inscription-aga-2022-alliance-des-villes-des-grands-lacs-et-du-saint-laurent-294966561927\"><img loading=\"lazy\" decoding=\"async\" class=\"alignnone wp-image-12921 aligncenter\" src=\"https:\/\/glslcities.org\/wp-content\/uploads\/2022\/03\/Registration-Button-FR.png\" alt=\"\" width=\"103\" height=\"39\" \/><\/a><\/p>\n<p>&nbsp;<\/p>\n<h3 style=\"text-align: center;\"><strong><br \/>\nNous nous rassemblerons sous le th\u00e8me \u00ab Le Pouvoir de l\u2019\u00e9conomie bleue :<br \/>\nMaximiser le potentiel de nos ressources en eau douce \u00bb.<\/strong><\/h3>\n<p>&nbsp;<\/p>\n<h2><strong>Venez en apprendre sur :<\/strong><\/h2>\n<div>Comment b\u00e2tir une image de marque pour notre r\u00e9gion pour vous aider \u00e0 d\u00e9velopper votre \u00e9conomie | La revitalisation des berges | Le tourisme dans les Grands Lacs et le fleuve Saint-Laurent | Le commerce maritime et les fronts de mer en activit\u00e9 | Les grappes de technologies de l&rsquo;eau<\/div>\n<h2><\/h2>\n<h2><strong>Emplacement\u00a0:<\/strong><\/h2>\n<div>St. Catharines (Ontario)<\/div>\n<div>White Oaks Resort and Spa<\/div>\n<h2><\/h2>\n<h2><strong>Choses \u00e0 faire et \u00e0 voir dans la r\u00e9gion de St. Catharines<\/strong><\/h2>\n<p><a href=\"https:\/\/fr.niagarafallstourism.com\/\" target=\"_blank\" rel=\"noopener noreferrer\">Chutes du Niagara au Canada<\/a><\/p>\n<div>Vignobles et micro-brasseries de classe mondiale | Parcours de golf impressionnants | Cuisine gastronomique | Th\u00e9\u00e2tres et spectacles | Chutes Niagara | P\u00eache en bateau affr\u00e9t\u00e9 | Sports aquatiques<\/div>\n<div><\/div>\n<div><\/div>\n<div><\/div>\n","protected":false},"excerpt":{"rendered":"<p>&nbsp; Nous nous rassemblerons sous le th\u00e8me \u00ab Le Pouvoir de l\u2019\u00e9conomie bleue : Maximiser le potentiel de nos ressources en eau douce \u00bb. &nbsp; Venez en apprendre sur : Comment b\u00e2tir une image de marque pour notre r\u00e9gion pour vous aider \u00e0 d\u00e9velopper votre \u00e9conomie | La revitalisation des berges | Le tourisme dans&#8230; <a class=\"read-more\" href=\"https:\/\/glslcities.org\/fr\/evenements\/assemblee-annuelle\/12763-2\/\">Read More<span class=\"hidden\"> about \u00ab\u00a0Assembl\u00e9e annuelle 2022 \u00e0 St. Catharines (ON)\u00a0\u00bb<\/span><\/a><\/p>\n","protected":false},"author":12,"featured_media":0,"parent":1337,"menu_order":3,"comment_status":"closed","ping_status":"closed","template":"accordion.php","meta":{"_acf_changed":false,"footnotes":""},"class_list":["post-12763","page","type-page","status-publish","hentry"],"acf":[],"yoast_head":"<!-- This site is optimized with the Yoast SEO plugin v27.4 - https:\/\/yoast.com\/product\/yoast-seo-wordpress\/ -->\n<title>Assembl\u00e9e annuelle 2022 \u00e0 St. Catharines (ON) - L\u2019Alliance des villes des Grands Lacs et du Saint-Laurent<\/title>\n<meta name=\"robots\" content=\"index, follow, max-snippet:-1, max-image-preview:large, max-video-preview:-1\" \/>\n<link rel=\"canonical\" href=\"https:\/\/glslcities.org\/fr\/evenements\/assemblee-annuelle\/12763-2\/\" \/>\n<meta property=\"og:locale\" content=\"fr_FR\" \/>\n<meta property=\"og:type\" content=\"article\" \/>\n<meta property=\"og:title\" content=\"Assembl\u00e9e annuelle 2022 \u00e0 St. Catharines (ON) - L\u2019Alliance des villes des Grands Lacs et du Saint-Laurent\" \/>\n<meta property=\"og:description\" content=\"&nbsp; Nous nous rassemblerons sous le th\u00e8me \u00ab Le Pouvoir de l\u2019\u00e9conomie bleue : Maximiser le potentiel de nos ressources en eau douce \u00bb. &nbsp; Venez en apprendre sur : Comment b\u00e2tir une image de marque pour notre r\u00e9gion pour vous aider \u00e0 d\u00e9velopper votre \u00e9conomie | La revitalisation des berges | Le tourisme dans... Read More about &quot;Assembl\u00e9e annuelle 2022 \u00e0 St. Catharines (ON)&quot;\" \/>\n<meta property=\"og:url\" content=\"https:\/\/glslcities.org\/fr\/evenements\/assemblee-annuelle\/12763-2\/\" \/>\n<meta property=\"og:site_name\" content=\"L\u2019Alliance des villes des Grands Lacs et du Saint-Laurent\" \/>\n<meta property=\"article:modified_time\" content=\"2026-03-06T16:30:48+00:00\" \/>\n<meta property=\"og:image\" content=\"https:\/\/glslcities.org\/wp-content\/uploads\/2022\/02\/2022GLSL-AGM-Logo-FR-f2.jpg\" \/>\n\t<meta property=\"og:image:width\" content=\"1411\" \/>\n\t<meta property=\"og:image:height\" content=\"414\" \/>\n\t<meta property=\"og:image:type\" content=\"image\/jpeg\" \/>\n<meta name=\"twitter:card\" content=\"summary_large_image\" \/>\n<meta name=\"twitter:label1\" content=\"Dur\u00e9e de lecture estim\u00e9e\" \/>\n\t<meta name=\"twitter:data1\" content=\"1 minute\" \/>\n<script type=\"application\/ld+json\" class=\"yoast-schema-graph\">{\"@context\":\"https:\\\/\\\/schema.org\",\"@graph\":[{\"@type\":\"WebPage\",\"@id\":\"https:\\\/\\\/glslcities.org\\\/fr\\\/evenements\\\/assemblee-annuelle\\\/12763-2\\\/\",\"url\":\"https:\\\/\\\/glslcities.org\\\/fr\\\/evenements\\\/assemblee-annuelle\\\/12763-2\\\/\",\"name\":\"Assembl\u00e9e annuelle 2022 \u00e0 St. Catharines (ON) - L\u2019Alliance des villes des Grands Lacs et du Saint-Laurent\",\"isPartOf\":{\"@id\":\"https:\\\/\\\/glslcities.org\\\/#website\"},\"primaryImageOfPage\":{\"@id\":\"https:\\\/\\\/glslcities.org\\\/fr\\\/evenements\\\/assemblee-annuelle\\\/12763-2\\\/#primaryimage\"},\"image\":{\"@id\":\"https:\\\/\\\/glslcities.org\\\/fr\\\/evenements\\\/assemblee-annuelle\\\/12763-2\\\/#primaryimage\"},\"thumbnailUrl\":\"https:\\\/\\\/glslcities.org\\\/wp-content\\\/uploads\\\/2022\\\/02\\\/2022GLSL-AGM-Logo-FR-f2.jpg\",\"datePublished\":\"2022-02-18T18:39:41+00:00\",\"dateModified\":\"2026-03-06T16:30:48+00:00\",\"breadcrumb\":{\"@id\":\"https:\\\/\\\/glslcities.org\\\/fr\\\/evenements\\\/assemblee-annuelle\\\/12763-2\\\/#breadcrumb\"},\"inLanguage\":\"fr-FR\",\"potentialAction\":[{\"@type\":\"ReadAction\",\"target\":[\"https:\\\/\\\/glslcities.org\\\/fr\\\/evenements\\\/assemblee-annuelle\\\/12763-2\\\/\"]}]},{\"@type\":\"ImageObject\",\"inLanguage\":\"fr-FR\",\"@id\":\"https:\\\/\\\/glslcities.org\\\/fr\\\/evenements\\\/assemblee-annuelle\\\/12763-2\\\/#primaryimage\",\"url\":\"https:\\\/\\\/glslcities.org\\\/wp-content\\\/uploads\\\/2022\\\/02\\\/2022GLSL-AGM-Logo-FR-f2.jpg\",\"contentUrl\":\"https:\\\/\\\/glslcities.org\\\/wp-content\\\/uploads\\\/2022\\\/02\\\/2022GLSL-AGM-Logo-FR-f2.jpg\"},{\"@type\":\"BreadcrumbList\",\"@id\":\"https:\\\/\\\/glslcities.org\\\/fr\\\/evenements\\\/assemblee-annuelle\\\/12763-2\\\/#breadcrumb\",\"itemListElement\":[{\"@type\":\"ListItem\",\"position\":1,\"name\":\"Home\",\"item\":\"https:\\\/\\\/glslcities.org\\\/fr\\\/\"},{\"@type\":\"ListItem\",\"position\":2,\"name\":\"\u00c9v\u00e9nements \u00e0 venir\",\"item\":\"https:\\\/\\\/glslcities.org\\\/fr\\\/evenements\\\/\"},{\"@type\":\"ListItem\",\"position\":3,\"name\":\"Assembl\u00e9e annuelle\",\"item\":\"https:\\\/\\\/glslcities.org\\\/fr\\\/evenements\\\/assemblee-annuelle\\\/\"},{\"@type\":\"ListItem\",\"position\":4,\"name\":\"Assembl\u00e9e annuelle 2022 \u00e0 St. Catharines (ON)\"}]},{\"@type\":\"WebSite\",\"@id\":\"https:\\\/\\\/glslcities.org\\\/#website\",\"url\":\"https:\\\/\\\/glslcities.org\\\/\",\"name\":\"L\u2019Alliance des villes des Grands Lacs et du Saint-Laurent\",\"description\":\"Des maires unis pour prot\u00e9ger et restaurer les Grands Lacs et le Saint-Laurent\",\"potentialAction\":[{\"@type\":\"SearchAction\",\"target\":{\"@type\":\"EntryPoint\",\"urlTemplate\":\"https:\\\/\\\/glslcities.org\\\/?s={search_term_string}\"},\"query-input\":{\"@type\":\"PropertyValueSpecification\",\"valueRequired\":true,\"valueName\":\"search_term_string\"}}],\"inLanguage\":\"fr-FR\"}]}<\/script>\n<!-- \/ Yoast SEO plugin. -->","yoast_head_json":{"title":"Assembl\u00e9e annuelle 2022 \u00e0 St. Catharines (ON) - L\u2019Alliance des villes des Grands Lacs et du Saint-Laurent","robots":{"index":"index","follow":"follow","max-snippet":"max-snippet:-1","max-image-preview":"max-image-preview:large","max-video-preview":"max-video-preview:-1"},"canonical":"https:\/\/glslcities.org\/fr\/evenements\/assemblee-annuelle\/12763-2\/","og_locale":"fr_FR","og_type":"article","og_title":"Assembl\u00e9e annuelle 2022 \u00e0 St. Catharines (ON) - L\u2019Alliance des villes des Grands Lacs et du Saint-Laurent","og_description":"&nbsp; Nous nous rassemblerons sous le th\u00e8me \u00ab Le Pouvoir de l\u2019\u00e9conomie bleue : Maximiser le potentiel de nos ressources en eau douce \u00bb. &nbsp; Venez en apprendre sur : Comment b\u00e2tir une image de marque pour notre r\u00e9gion pour vous aider \u00e0 d\u00e9velopper votre \u00e9conomie | La revitalisation des berges | Le tourisme dans... Read More about \"Assembl\u00e9e annuelle 2022 \u00e0 St. Catharines (ON)\"","og_url":"https:\/\/glslcities.org\/fr\/evenements\/assemblee-annuelle\/12763-2\/","og_site_name":"L\u2019Alliance des villes des Grands Lacs et du Saint-Laurent","article_modified_time":"2026-03-06T16:30:48+00:00","og_image":[{"width":1411,"height":414,"url":"https:\/\/glslcities.org\/wp-content\/uploads\/2022\/02\/2022GLSL-AGM-Logo-FR-f2.jpg","type":"image\/jpeg"}],"twitter_card":"summary_large_image","twitter_misc":{"Dur\u00e9e de lecture estim\u00e9e":"1 minute"},"schema":{"@context":"https:\/\/schema.org","@graph":[{"@type":"WebPage","@id":"https:\/\/glslcities.org\/fr\/evenements\/assemblee-annuelle\/12763-2\/","url":"https:\/\/glslcities.org\/fr\/evenements\/assemblee-annuelle\/12763-2\/","name":"Assembl\u00e9e annuelle 2022 \u00e0 St. Catharines (ON) - L\u2019Alliance des villes des Grands Lacs et du Saint-Laurent","isPartOf":{"@id":"https:\/\/glslcities.org\/#website"},"primaryImageOfPage":{"@id":"https:\/\/glslcities.org\/fr\/evenements\/assemblee-annuelle\/12763-2\/#primaryimage"},"image":{"@id":"https:\/\/glslcities.org\/fr\/evenements\/assemblee-annuelle\/12763-2\/#primaryimage"},"thumbnailUrl":"https:\/\/glslcities.org\/wp-content\/uploads\/2022\/02\/2022GLSL-AGM-Logo-FR-f2.jpg","datePublished":"2022-02-18T18:39:41+00:00","dateModified":"2026-03-06T16:30:48+00:00","breadcrumb":{"@id":"https:\/\/glslcities.org\/fr\/evenements\/assemblee-annuelle\/12763-2\/#breadcrumb"},"inLanguage":"fr-FR","potentialAction":[{"@type":"ReadAction","target":["https:\/\/glslcities.org\/fr\/evenements\/assemblee-annuelle\/12763-2\/"]}]},{"@type":"ImageObject","inLanguage":"fr-FR","@id":"https:\/\/glslcities.org\/fr\/evenements\/assemblee-annuelle\/12763-2\/#primaryimage","url":"https:\/\/glslcities.org\/wp-content\/uploads\/2022\/02\/2022GLSL-AGM-Logo-FR-f2.jpg","contentUrl":"https:\/\/glslcities.org\/wp-content\/uploads\/2022\/02\/2022GLSL-AGM-Logo-FR-f2.jpg"},{"@type":"BreadcrumbList","@id":"https:\/\/glslcities.org\/fr\/evenements\/assemblee-annuelle\/12763-2\/#breadcrumb","itemListElement":[{"@type":"ListItem","position":1,"name":"Home","item":"https:\/\/glslcities.org\/fr\/"},{"@type":"ListItem","position":2,"name":"\u00c9v\u00e9nements \u00e0 venir","item":"https:\/\/glslcities.org\/fr\/evenements\/"},{"@type":"ListItem","position":3,"name":"Assembl\u00e9e annuelle","item":"https:\/\/glslcities.org\/fr\/evenements\/assemblee-annuelle\/"},{"@type":"ListItem","position":4,"name":"Assembl\u00e9e annuelle 2022 \u00e0 St. Catharines (ON)"}]},{"@type":"WebSite","@id":"https:\/\/glslcities.org\/#website","url":"https:\/\/glslcities.org\/","name":"L\u2019Alliance des villes des Grands Lacs et du Saint-Laurent","description":"Des maires unis pour prot\u00e9ger et restaurer les Grands Lacs et le Saint-Laurent","potentialAction":[{"@type":"SearchAction","target":{"@type":"EntryPoint","urlTemplate":"https:\/\/glslcities.org\/?s={search_term_string}"},"query-input":{"@type":"PropertyValueSpecification","valueRequired":true,"valueName":"search_term_string"}}],"inLanguage":"fr-FR"}]}},"_links":{"self":[{"href":"https:\/\/glslcities.org\/fr\/wp-json\/wp\/v2\/pages\/12763","targetHints":{"allow":["GET"]}}],"collection":[{"href":"https:\/\/glslcities.org\/fr\/wp-json\/wp\/v2\/pages"}],"about":[{"href":"https:\/\/glslcities.org\/fr\/wp-json\/wp\/v2\/types\/page"}],"author":[{"embeddable":true,"href":"https:\/\/glslcities.org\/fr\/wp-json\/wp\/v2\/users\/12"}],"replies":[{"embeddable":true,"href":"https:\/\/glslcities.org\/fr\/wp-json\/wp\/v2\/comments?post=12763"}],"version-history":[{"count":29,"href":"https:\/\/glslcities.org\/fr\/wp-json\/wp\/v2\/pages\/12763\/revisions"}],"predecessor-version":[{"id":19579,"href":"https:\/\/glslcities.org\/fr\/wp-json\/wp\/v2\/pages\/12763\/revisions\/19579"}],"up":[{"embeddable":true,"href":"https:\/\/glslcities.org\/fr\/wp-json\/wp\/v2\/pages\/1337"}],"wp:attachment":[{"href":"https:\/\/glslcities.org\/fr\/wp-json\/wp\/v2\/media?parent=12763"}],"curies":[{"name":"wp","href":"https:\/\/api.w.org\/{rel}","templated":true}]}}