{"id":1302,"date":"2015-05-22T14:02:14","date_gmt":"2015-05-22T18:02:14","guid":{"rendered":"http:\/\/glslcities.org\/?page_id=1302"},"modified":"2016-11-01T17:15:27","modified_gmt":"2016-11-01T21:15:27","slug":"service-municipal-dadaptation-et-de-resilience","status":"publish","type":"page","link":"https:\/\/glslcities.org\/fr\/initiatives\/service-municipal-dadaptation-et-de-resilience\/","title":{"rendered":"Service municipal d\u2019adaptation et de r\u00e9silience"},"content":{"rendered":"<p>Les projets d\u2019adaptation aux changements climatiques de l\u2019Alliance des Villes fournissent des\u00a0outils aux\u00a0municipalit\u00e9s pour qu&rsquo;elles puissent adapter leurs infrastructures et leurs op\u00e9rations municipales de mani\u00e8re efficace afin de faire face\u00a0aux impacts des changements climatiques. Les villes sont souvent les premi\u00e8res \u00e0 \u00eatre affect\u00e9es par\u00a0les changements climatiques. Dans la r\u00e9gion des Grands Lacs et du fleuve Saint-Laurent, les villes ont subi\u00a0une augmentation\u00a0du nombre d&rsquo;inondations et d&rsquo;\u00e9v\u00e9nements m\u00e9t\u00e9orologiques extr\u00eames. Les programmes d\u2019adaptation climatiques aident les villes \u00e0 \u00e9valuer leurs besoins en mati\u00e8re d\u2019infrastructure et \u00e0 garder leurs communaut\u00e9s s\u00fbres en se pr\u00e9parant pour des \u00e9v\u00e9nements m\u00e9t\u00e9orologiques extr\u00eames plus fr\u00e9quents.<\/p>\n<p><strong>Les programmes d\u2019adaptation au changement climatique (SMAR:\u00a0Service municipal d\u2019adaptation et de r\u00e9silience)<\/strong><\/p>\n<ul>\n<li><a href=\"http:\/\/glslcities.org\/fr\/initiatives\/service-municipal-dadaptation-et-de-resilience\/impacts-des-changements-climatiques\/\">Les \u00e9v\u00e9nements m\u00e9t\u00e9orologiques extr\u00eames<\/a>\u00a0: Descriptions des impacts des inondations et des tornades dans les municipalit\u00e9s membres.<\/li>\n<li><a href=\"http:\/\/glslcities.org\/fr\/initiatives\/service-municipal-dadaptation-et-de-resilience\/adaptation-et-resilience-au-niveau-municipal\/\">Les projets pilotes<\/a>\u00a0: Projets pilotes \u00e0 Hamilton et \u00e0 Thunder Bay, Ontario, int\u00e9grant l\u2019adaptation climatique et les pratiques\u00a0en infrastructure \u00e9cologique.<\/li>\n<li><a href=\"http:\/\/glslcities.org\/fr\/resources\/repertoire-des-pratiques-exemplaires\/\">Le r\u00e9pertoire de pratiques exemplaires<\/a>\u00a0: Choisissez une des cat\u00e9gories \u00ab\u00a0changement climatique\u00a0\u00bb pour trouver les plans d\u2019adaptation et les outils des municipalit\u00e9s des Grands Lacs\u2014Saint-Laurent.<\/li>\n<li>La bo\u00eete \u00e0 outils pour des villes pr\u00eates \u00e0 faire face aux changements climatiques : Les outils pour l\u2019adaptation climatique ont \u00e9t\u00e9 develop\u00e9s en \u00e9valuant cinq municipalit\u00e9s des Grands Lacs\u2014Saint-Laurent. Cette bo\u00eete \u00e0 outils et ainsi que les \u2018webinars\u2019 sont les pi\u00e8ces essentielles du programme\u00a0SMAR (arrivant bient\u00f4t!).<\/li>\n<\/ul>\n","protected":false},"excerpt":{"rendered":"<p>Les projets d\u2019adaptation aux changements climatiques de l\u2019Alliance des Villes fournissent des\u00a0outils aux\u00a0municipalit\u00e9s pour qu&rsquo;elles puissent adapter leurs infrastructures et leurs op\u00e9rations municipales de mani\u00e8re efficace afin de faire face\u00a0aux impacts des changements climatiques. Les villes sont souvent les premi\u00e8res \u00e0 \u00eatre affect\u00e9es par\u00a0les changements climatiques. Dans la r\u00e9gion des Grands Lacs et du fleuve&#8230; <a class=\"read-more\" href=\"https:\/\/glslcities.org\/fr\/initiatives\/service-municipal-dadaptation-et-de-resilience\/\">Read More<span class=\"hidden\"> about \u00ab\u00a0Service municipal d\u2019adaptation et de r\u00e9silience\u00a0\u00bb<\/span><\/a><\/p>\n","protected":false},"author":1,"featured_media":0,"parent":1300,"menu_order":1,"comment_status":"open","ping_status":"closed","template":"accordion.php","meta":{"_acf_changed":false,"footnotes":""},"class_list":["post-1302","page","type-page","status-publish","hentry"],"acf":[],"yoast_head":"<!-- This site is optimized with the Yoast SEO plugin v27.4 - https:\/\/yoast.com\/product\/yoast-seo-wordpress\/ -->\n<title>Service municipal d\u2019adaptation et de r\u00e9silience - L\u2019Alliance des villes des Grands Lacs et du Saint-Laurent<\/title>\n<meta name=\"robots\" content=\"index, follow, max-snippet:-1, max-image-preview:large, max-video-preview:-1\" \/>\n<link rel=\"canonical\" href=\"https:\/\/glslcities.org\/fr\/initiatives\/service-municipal-dadaptation-et-de-resilience\/\" \/>\n<meta property=\"og:locale\" content=\"fr_FR\" \/>\n<meta property=\"og:type\" content=\"article\" \/>\n<meta property=\"og:title\" content=\"Service municipal d\u2019adaptation et de r\u00e9silience - L\u2019Alliance des villes des Grands Lacs et du Saint-Laurent\" \/>\n<meta property=\"og:description\" content=\"Les projets d\u2019adaptation aux changements climatiques de l\u2019Alliance des Villes fournissent des\u00a0outils aux\u00a0municipalit\u00e9s pour qu&rsquo;elles puissent adapter leurs infrastructures et leurs op\u00e9rations municipales de mani\u00e8re efficace afin de faire face\u00a0aux impacts des changements climatiques. Les villes sont souvent les premi\u00e8res \u00e0 \u00eatre affect\u00e9es par\u00a0les changements climatiques. Dans la r\u00e9gion des Grands Lacs et du fleuve... Read More about &quot;Service municipal d\u2019adaptation et de r\u00e9silience&quot;\" \/>\n<meta property=\"og:url\" content=\"https:\/\/glslcities.org\/fr\/initiatives\/service-municipal-dadaptation-et-de-resilience\/\" \/>\n<meta property=\"og:site_name\" content=\"L\u2019Alliance des villes des Grands Lacs et du Saint-Laurent\" \/>\n<meta property=\"article:modified_time\" content=\"2016-11-01T21:15:27+00:00\" \/>\n<meta property=\"og:image\" content=\"https:\/\/glslcities.org\/wp-content\/uploads\/2020\/01\/great-lakes-social.png\" \/>\n\t<meta property=\"og:image:width\" content=\"1200\" \/>\n\t<meta property=\"og:image:height\" content=\"630\" \/>\n\t<meta property=\"og:image:type\" content=\"image\/png\" \/>\n<meta name=\"twitter:card\" content=\"summary_large_image\" \/>\n<meta name=\"twitter:label1\" content=\"Dur\u00e9e de lecture estim\u00e9e\" \/>\n\t<meta name=\"twitter:data1\" content=\"1 minute\" \/>\n<script type=\"application\/ld+json\" class=\"yoast-schema-graph\">{\"@context\":\"https:\\\/\\\/schema.org\",\"@graph\":[{\"@type\":\"WebPage\",\"@id\":\"https:\\\/\\\/glslcities.org\\\/fr\\\/initiatives\\\/service-municipal-dadaptation-et-de-resilience\\\/\",\"url\":\"https:\\\/\\\/glslcities.org\\\/fr\\\/initiatives\\\/service-municipal-dadaptation-et-de-resilience\\\/\",\"name\":\"Service municipal d\u2019adaptation et de r\u00e9silience - L\u2019Alliance des villes des Grands Lacs et du Saint-Laurent\",\"isPartOf\":{\"@id\":\"https:\\\/\\\/glslcities.org\\\/#website\"},\"datePublished\":\"2015-05-22T18:02:14+00:00\",\"dateModified\":\"2016-11-01T21:15:27+00:00\",\"breadcrumb\":{\"@id\":\"https:\\\/\\\/glslcities.org\\\/fr\\\/initiatives\\\/service-municipal-dadaptation-et-de-resilience\\\/#breadcrumb\"},\"inLanguage\":\"fr-FR\",\"potentialAction\":[{\"@type\":\"ReadAction\",\"target\":[\"https:\\\/\\\/glslcities.org\\\/fr\\\/initiatives\\\/service-municipal-dadaptation-et-de-resilience\\\/\"]}]},{\"@type\":\"BreadcrumbList\",\"@id\":\"https:\\\/\\\/glslcities.org\\\/fr\\\/initiatives\\\/service-municipal-dadaptation-et-de-resilience\\\/#breadcrumb\",\"itemListElement\":[{\"@type\":\"ListItem\",\"position\":1,\"name\":\"Home\",\"item\":\"https:\\\/\\\/glslcities.org\\\/fr\\\/\"},{\"@type\":\"ListItem\",\"position\":2,\"name\":\"Initiatives\",\"item\":\"https:\\\/\\\/glslcities.org\\\/fr\\\/initiatives\\\/\"},{\"@type\":\"ListItem\",\"position\":3,\"name\":\"Service municipal d\u2019adaptation et de r\u00e9silience\"}]},{\"@type\":\"WebSite\",\"@id\":\"https:\\\/\\\/glslcities.org\\\/#website\",\"url\":\"https:\\\/\\\/glslcities.org\\\/\",\"name\":\"L\u2019Alliance des villes des Grands Lacs et du Saint-Laurent\",\"description\":\"Des maires unis pour prot\u00e9ger et restaurer les Grands Lacs et le Saint-Laurent\",\"potentialAction\":[{\"@type\":\"SearchAction\",\"target\":{\"@type\":\"EntryPoint\",\"urlTemplate\":\"https:\\\/\\\/glslcities.org\\\/?s={search_term_string}\"},\"query-input\":{\"@type\":\"PropertyValueSpecification\",\"valueRequired\":true,\"valueName\":\"search_term_string\"}}],\"inLanguage\":\"fr-FR\"}]}<\/script>\n<!-- \/ Yoast SEO plugin. -->","yoast_head_json":{"title":"Service municipal d\u2019adaptation et de r\u00e9silience - L\u2019Alliance des villes des Grands Lacs et du Saint-Laurent","robots":{"index":"index","follow":"follow","max-snippet":"max-snippet:-1","max-image-preview":"max-image-preview:large","max-video-preview":"max-video-preview:-1"},"canonical":"https:\/\/glslcities.org\/fr\/initiatives\/service-municipal-dadaptation-et-de-resilience\/","og_locale":"fr_FR","og_type":"article","og_title":"Service municipal d\u2019adaptation et de r\u00e9silience - L\u2019Alliance des villes des Grands Lacs et du Saint-Laurent","og_description":"Les projets d\u2019adaptation aux changements climatiques de l\u2019Alliance des Villes fournissent des\u00a0outils aux\u00a0municipalit\u00e9s pour qu&rsquo;elles puissent adapter leurs infrastructures et leurs op\u00e9rations municipales de mani\u00e8re efficace afin de faire face\u00a0aux impacts des changements climatiques. Les villes sont souvent les premi\u00e8res \u00e0 \u00eatre affect\u00e9es par\u00a0les changements climatiques. Dans la r\u00e9gion des Grands Lacs et du fleuve... Read More about \"Service municipal d\u2019adaptation et de r\u00e9silience\"","og_url":"https:\/\/glslcities.org\/fr\/initiatives\/service-municipal-dadaptation-et-de-resilience\/","og_site_name":"L\u2019Alliance des villes des Grands Lacs et du Saint-Laurent","article_modified_time":"2016-11-01T21:15:27+00:00","og_image":[{"width":1200,"height":630,"url":"https:\/\/glslcities.org\/wp-content\/uploads\/2020\/01\/great-lakes-social.png","type":"image\/png"}],"twitter_card":"summary_large_image","twitter_misc":{"Dur\u00e9e de lecture estim\u00e9e":"1 minute"},"schema":{"@context":"https:\/\/schema.org","@graph":[{"@type":"WebPage","@id":"https:\/\/glslcities.org\/fr\/initiatives\/service-municipal-dadaptation-et-de-resilience\/","url":"https:\/\/glslcities.org\/fr\/initiatives\/service-municipal-dadaptation-et-de-resilience\/","name":"Service municipal d\u2019adaptation et de r\u00e9silience - L\u2019Alliance des villes des Grands Lacs et du Saint-Laurent","isPartOf":{"@id":"https:\/\/glslcities.org\/#website"},"datePublished":"2015-05-22T18:02:14+00:00","dateModified":"2016-11-01T21:15:27+00:00","breadcrumb":{"@id":"https:\/\/glslcities.org\/fr\/initiatives\/service-municipal-dadaptation-et-de-resilience\/#breadcrumb"},"inLanguage":"fr-FR","potentialAction":[{"@type":"ReadAction","target":["https:\/\/glslcities.org\/fr\/initiatives\/service-municipal-dadaptation-et-de-resilience\/"]}]},{"@type":"BreadcrumbList","@id":"https:\/\/glslcities.org\/fr\/initiatives\/service-municipal-dadaptation-et-de-resilience\/#breadcrumb","itemListElement":[{"@type":"ListItem","position":1,"name":"Home","item":"https:\/\/glslcities.org\/fr\/"},{"@type":"ListItem","position":2,"name":"Initiatives","item":"https:\/\/glslcities.org\/fr\/initiatives\/"},{"@type":"ListItem","position":3,"name":"Service municipal d\u2019adaptation et de r\u00e9silience"}]},{"@type":"WebSite","@id":"https:\/\/glslcities.org\/#website","url":"https:\/\/glslcities.org\/","name":"L\u2019Alliance des villes des Grands Lacs et du Saint-Laurent","description":"Des maires unis pour prot\u00e9ger et restaurer les Grands Lacs et le Saint-Laurent","potentialAction":[{"@type":"SearchAction","target":{"@type":"EntryPoint","urlTemplate":"https:\/\/glslcities.org\/?s={search_term_string}"},"query-input":{"@type":"PropertyValueSpecification","valueRequired":true,"valueName":"search_term_string"}}],"inLanguage":"fr-FR"}]}},"_links":{"self":[{"href":"https:\/\/glslcities.org\/fr\/wp-json\/wp\/v2\/pages\/1302","targetHints":{"allow":["GET"]}}],"collection":[{"href":"https:\/\/glslcities.org\/fr\/wp-json\/wp\/v2\/pages"}],"about":[{"href":"https:\/\/glslcities.org\/fr\/wp-json\/wp\/v2\/types\/page"}],"author":[{"embeddable":true,"href":"https:\/\/glslcities.org\/fr\/wp-json\/wp\/v2\/users\/1"}],"replies":[{"embeddable":true,"href":"https:\/\/glslcities.org\/fr\/wp-json\/wp\/v2\/comments?post=1302"}],"version-history":[{"count":9,"href":"https:\/\/glslcities.org\/fr\/wp-json\/wp\/v2\/pages\/1302\/revisions"}],"predecessor-version":[{"id":6967,"href":"https:\/\/glslcities.org\/fr\/wp-json\/wp\/v2\/pages\/1302\/revisions\/6967"}],"up":[{"embeddable":true,"href":"https:\/\/glslcities.org\/fr\/wp-json\/wp\/v2\/pages\/1300"}],"wp:attachment":[{"href":"https:\/\/glslcities.org\/fr\/wp-json\/wp\/v2\/media?parent=1302"}],"curies":[{"name":"wp","href":"https:\/\/api.w.org\/{rel}","templated":true}]}}