{"id":1306,"date":"2015-05-22T14:03:21","date_gmt":"2015-05-22T18:03:21","guid":{"rendered":"http:\/\/glslcities.org\/?page_id=1306"},"modified":"2019-09-18T14:50:00","modified_gmt":"2019-09-18T18:50:00","slug":"villes-verdd","status":"publish","type":"page","link":"https:\/\/glslcities.org\/fr\/initiatives\/villes-verdd\/","title":{"rendered":"Villes VERDD"},"content":{"rendered":"<p>Le programme\u00a0<em>Villes VERDD\u00a0<\/em>(\u00ab Villes en route vers un d\u00e9veloppement durable \u00bb) met en valeur le leadership des villes des Grands Lacs et du Saint-Laurent pour orienter la r\u00e9gion tout enti\u00e8re vers un avenir plus durable, tout en donnant aux villes le soutien voulu pour poursuivre leur parcours vers la durabilit\u00e9.<\/p>\n<p>Dans le cadre du\u00a0programme\u00a0<em>Villes VERDD<\/em>,\u00a0l&rsquo;Alliance\u00a0des\u00a0villes\u00a0des Grands\u00a0Lacs\u00a0et du Saint-Laurent\u00a0donne\u00a0son\u00a0appui\u00a0aux\u00a0villes\u00a0membres\u00a0pour les aider \u00e0 passer \u00e0 des pratiques plus durables\u00a0dans\u00a020\u00a0secteurs\u00a0couvrant\u00a0toute\u00a0une\u00a0gamme\u00a0d&rsquo;activit\u00e9s\u00a0et de\u00a0responsabilit\u00e9s\u00a0municipales.<\/p>\n<p>Les objectifs du programme\u00a0<em>Villes VERDD<\/em>\u00a0sont de:<\/p>\n<ol>\n<li>prot\u00e9ger les ressources hydriques et les littoraux;<\/li>\n<li>promouvoir la g\u00e9n\u00e9ration et la consommation d&rsquo;\u00e9nergie \u00e0 faible \u00e9mission de carbone;<\/li>\n<li>adopter une approche \u00e9cologique dans l&rsquo;am\u00e9nagement du territoire\u00a0et dans la conception en vue de la construction;<\/li>\n<li>favoriser un d\u00e9veloppement \u00e9conomique \u00e9cologique.<\/li>\n<\/ol>\n<p>Un\u00a0comit\u00e9\u00a0consultatif\u00a0guidera\u00a0le\u00a0choix\u00a0des axes\u00a0d&rsquo;intervention\u00a0du\u00a0programme.\u00a0Cliquez\u00a0sur\u00a0les axes\u00a0d&rsquo;intervention\u00a0ci-dessous\u00a0pour\u00a0acc\u00e9der\u00a0aux\u00a0travaux\u00a0r\u00e9alis\u00e9s\u00a0pour\u00a0chacun\u00a0d&rsquo;entre\u00a0eux:<\/p>\n<p>Axe d&rsquo;intervention prioritaire actuel: <a href=\"http:\/\/glslcities.org\/fr\/initiatives\/service-municipal-dadaptation-et-de-resilience\/\" target=\"_blank\" rel=\"noopener noreferrer\">Les programmes d\u2019adaptation au changement climatique (SMAR:\u00a0Service municipal d\u2019adaptation et de r\u00e9silience)<\/a><\/p>\n<p>Interventions ant\u00e9rieurs &#8211;\u00a0<a href=\"http:\/\/glslcities.org\/fr\/initiatives\/villes-verdd\/gestion-durable-des-eaux-municipales-gdem\/\" target=\"_blank\" rel=\"noopener noreferrer\">Gestion\u00a0durable des\u00a0eaux\u00a0municipales<\/a>, <a href=\"http:\/\/glslcities.org\/fr\/initiatives\/villes-verdd\/gestion-des-eaux-de-ruissellement\/\" target=\"_blank\" rel=\"noopener noreferrer\">Gestion des eaux de ruissellement<\/a>, <a href=\"http:\/\/glslcities.org\/fr\/initiatives\/villes-verdd\/cadre-conservation-de-leau\/\" target=\"_blank\" rel=\"noopener noreferrer\">Cadre de conservation de l&rsquo;eau<\/a><\/p>\n<p>&nbsp;<\/p>\n","protected":false},"excerpt":{"rendered":"<p>Le programme\u00a0Villes VERDD\u00a0(\u00ab Villes en route vers un d\u00e9veloppement durable \u00bb) met en valeur le leadership des villes des Grands Lacs et du Saint-Laurent pour orienter la r\u00e9gion tout enti\u00e8re vers un avenir plus durable, tout en donnant aux villes le soutien voulu pour poursuivre leur parcours vers la durabilit\u00e9. Dans le cadre du\u00a0programme\u00a0Villes VERDD,\u00a0l&rsquo;Alliance\u00a0des\u00a0villes\u00a0des&#8230; <a class=\"read-more\" href=\"https:\/\/glslcities.org\/fr\/initiatives\/villes-verdd\/\">Read More<span class=\"hidden\"> about \u00ab\u00a0Villes VERDD\u00a0\u00bb<\/span><\/a><\/p>\n","protected":false},"author":1,"featured_media":0,"parent":1300,"menu_order":20,"comment_status":"open","ping_status":"closed","template":"","meta":{"_acf_changed":false,"footnotes":""},"class_list":["post-1306","page","type-page","status-publish","hentry"],"acf":[],"yoast_head":"<!-- This site is optimized with the Yoast SEO plugin v27.4 - https:\/\/yoast.com\/product\/yoast-seo-wordpress\/ -->\n<title>Villes VERDD - L\u2019Alliance des villes des Grands Lacs et du Saint-Laurent<\/title>\n<meta name=\"robots\" content=\"index, follow, max-snippet:-1, max-image-preview:large, max-video-preview:-1\" \/>\n<link rel=\"canonical\" href=\"https:\/\/glslcities.org\/fr\/initiatives\/villes-verdd\/\" \/>\n<meta property=\"og:locale\" content=\"fr_FR\" \/>\n<meta property=\"og:type\" content=\"article\" \/>\n<meta property=\"og:title\" content=\"Villes VERDD - L\u2019Alliance des villes des Grands Lacs et du Saint-Laurent\" \/>\n<meta property=\"og:description\" content=\"Le programme\u00a0Villes VERDD\u00a0(\u00ab Villes en route vers un d\u00e9veloppement durable \u00bb) met en valeur le leadership des villes des Grands Lacs et du Saint-Laurent pour orienter la r\u00e9gion tout enti\u00e8re vers un avenir plus durable, tout en donnant aux villes le soutien voulu pour poursuivre leur parcours vers la durabilit\u00e9. Dans le cadre du\u00a0programme\u00a0Villes VERDD,\u00a0l&rsquo;Alliance\u00a0des\u00a0villes\u00a0des... Read More about &quot;Villes VERDD&quot;\" \/>\n<meta property=\"og:url\" content=\"https:\/\/glslcities.org\/fr\/initiatives\/villes-verdd\/\" \/>\n<meta property=\"og:site_name\" content=\"L\u2019Alliance des villes des Grands Lacs et du Saint-Laurent\" \/>\n<meta property=\"article:modified_time\" content=\"2019-09-18T18:50:00+00:00\" \/>\n<meta property=\"og:image\" content=\"https:\/\/glslcities.org\/wp-content\/uploads\/2020\/01\/great-lakes-social.png\" \/>\n\t<meta property=\"og:image:width\" content=\"1200\" \/>\n\t<meta property=\"og:image:height\" content=\"630\" \/>\n\t<meta property=\"og:image:type\" content=\"image\/png\" \/>\n<meta name=\"twitter:card\" content=\"summary_large_image\" \/>\n<meta name=\"twitter:label1\" content=\"Dur\u00e9e de lecture estim\u00e9e\" \/>\n\t<meta name=\"twitter:data1\" content=\"1 minute\" \/>\n<script type=\"application\/ld+json\" class=\"yoast-schema-graph\">{\"@context\":\"https:\\\/\\\/schema.org\",\"@graph\":[{\"@type\":\"WebPage\",\"@id\":\"https:\\\/\\\/glslcities.org\\\/fr\\\/initiatives\\\/villes-verdd\\\/\",\"url\":\"https:\\\/\\\/glslcities.org\\\/fr\\\/initiatives\\\/villes-verdd\\\/\",\"name\":\"Villes VERDD - L\u2019Alliance des villes des Grands Lacs et du Saint-Laurent\",\"isPartOf\":{\"@id\":\"https:\\\/\\\/glslcities.org\\\/#website\"},\"datePublished\":\"2015-05-22T18:03:21+00:00\",\"dateModified\":\"2019-09-18T18:50:00+00:00\",\"breadcrumb\":{\"@id\":\"https:\\\/\\\/glslcities.org\\\/fr\\\/initiatives\\\/villes-verdd\\\/#breadcrumb\"},\"inLanguage\":\"fr-FR\",\"potentialAction\":[{\"@type\":\"ReadAction\",\"target\":[\"https:\\\/\\\/glslcities.org\\\/fr\\\/initiatives\\\/villes-verdd\\\/\"]}]},{\"@type\":\"BreadcrumbList\",\"@id\":\"https:\\\/\\\/glslcities.org\\\/fr\\\/initiatives\\\/villes-verdd\\\/#breadcrumb\",\"itemListElement\":[{\"@type\":\"ListItem\",\"position\":1,\"name\":\"Home\",\"item\":\"https:\\\/\\\/glslcities.org\\\/fr\\\/\"},{\"@type\":\"ListItem\",\"position\":2,\"name\":\"Initiatives\",\"item\":\"https:\\\/\\\/glslcities.org\\\/fr\\\/initiatives\\\/\"},{\"@type\":\"ListItem\",\"position\":3,\"name\":\"Villes VERDD\"}]},{\"@type\":\"WebSite\",\"@id\":\"https:\\\/\\\/glslcities.org\\\/#website\",\"url\":\"https:\\\/\\\/glslcities.org\\\/\",\"name\":\"L\u2019Alliance des villes des Grands Lacs et du Saint-Laurent\",\"description\":\"Des maires unis pour prot\u00e9ger et restaurer les Grands Lacs et le Saint-Laurent\",\"potentialAction\":[{\"@type\":\"SearchAction\",\"target\":{\"@type\":\"EntryPoint\",\"urlTemplate\":\"https:\\\/\\\/glslcities.org\\\/?s={search_term_string}\"},\"query-input\":{\"@type\":\"PropertyValueSpecification\",\"valueRequired\":true,\"valueName\":\"search_term_string\"}}],\"inLanguage\":\"fr-FR\"}]}<\/script>\n<!-- \/ Yoast SEO plugin. -->","yoast_head_json":{"title":"Villes VERDD - L\u2019Alliance des villes des Grands Lacs et du Saint-Laurent","robots":{"index":"index","follow":"follow","max-snippet":"max-snippet:-1","max-image-preview":"max-image-preview:large","max-video-preview":"max-video-preview:-1"},"canonical":"https:\/\/glslcities.org\/fr\/initiatives\/villes-verdd\/","og_locale":"fr_FR","og_type":"article","og_title":"Villes VERDD - L\u2019Alliance des villes des Grands Lacs et du Saint-Laurent","og_description":"Le programme\u00a0Villes VERDD\u00a0(\u00ab Villes en route vers un d\u00e9veloppement durable \u00bb) met en valeur le leadership des villes des Grands Lacs et du Saint-Laurent pour orienter la r\u00e9gion tout enti\u00e8re vers un avenir plus durable, tout en donnant aux villes le soutien voulu pour poursuivre leur parcours vers la durabilit\u00e9. Dans le cadre du\u00a0programme\u00a0Villes VERDD,\u00a0l&rsquo;Alliance\u00a0des\u00a0villes\u00a0des... Read More about \"Villes VERDD\"","og_url":"https:\/\/glslcities.org\/fr\/initiatives\/villes-verdd\/","og_site_name":"L\u2019Alliance des villes des Grands Lacs et du Saint-Laurent","article_modified_time":"2019-09-18T18:50:00+00:00","og_image":[{"width":1200,"height":630,"url":"https:\/\/glslcities.org\/wp-content\/uploads\/2020\/01\/great-lakes-social.png","type":"image\/png"}],"twitter_card":"summary_large_image","twitter_misc":{"Dur\u00e9e de lecture estim\u00e9e":"1 minute"},"schema":{"@context":"https:\/\/schema.org","@graph":[{"@type":"WebPage","@id":"https:\/\/glslcities.org\/fr\/initiatives\/villes-verdd\/","url":"https:\/\/glslcities.org\/fr\/initiatives\/villes-verdd\/","name":"Villes VERDD - L\u2019Alliance des villes des Grands Lacs et du Saint-Laurent","isPartOf":{"@id":"https:\/\/glslcities.org\/#website"},"datePublished":"2015-05-22T18:03:21+00:00","dateModified":"2019-09-18T18:50:00+00:00","breadcrumb":{"@id":"https:\/\/glslcities.org\/fr\/initiatives\/villes-verdd\/#breadcrumb"},"inLanguage":"fr-FR","potentialAction":[{"@type":"ReadAction","target":["https:\/\/glslcities.org\/fr\/initiatives\/villes-verdd\/"]}]},{"@type":"BreadcrumbList","@id":"https:\/\/glslcities.org\/fr\/initiatives\/villes-verdd\/#breadcrumb","itemListElement":[{"@type":"ListItem","position":1,"name":"Home","item":"https:\/\/glslcities.org\/fr\/"},{"@type":"ListItem","position":2,"name":"Initiatives","item":"https:\/\/glslcities.org\/fr\/initiatives\/"},{"@type":"ListItem","position":3,"name":"Villes VERDD"}]},{"@type":"WebSite","@id":"https:\/\/glslcities.org\/#website","url":"https:\/\/glslcities.org\/","name":"L\u2019Alliance des villes des Grands Lacs et du Saint-Laurent","description":"Des maires unis pour prot\u00e9ger et restaurer les Grands Lacs et le Saint-Laurent","potentialAction":[{"@type":"SearchAction","target":{"@type":"EntryPoint","urlTemplate":"https:\/\/glslcities.org\/?s={search_term_string}"},"query-input":{"@type":"PropertyValueSpecification","valueRequired":true,"valueName":"search_term_string"}}],"inLanguage":"fr-FR"}]}},"_links":{"self":[{"href":"https:\/\/glslcities.org\/fr\/wp-json\/wp\/v2\/pages\/1306","targetHints":{"allow":["GET"]}}],"collection":[{"href":"https:\/\/glslcities.org\/fr\/wp-json\/wp\/v2\/pages"}],"about":[{"href":"https:\/\/glslcities.org\/fr\/wp-json\/wp\/v2\/types\/page"}],"author":[{"embeddable":true,"href":"https:\/\/glslcities.org\/fr\/wp-json\/wp\/v2\/users\/1"}],"replies":[{"embeddable":true,"href":"https:\/\/glslcities.org\/fr\/wp-json\/wp\/v2\/comments?post=1306"}],"version-history":[{"count":6,"href":"https:\/\/glslcities.org\/fr\/wp-json\/wp\/v2\/pages\/1306\/revisions"}],"predecessor-version":[{"id":9239,"href":"https:\/\/glslcities.org\/fr\/wp-json\/wp\/v2\/pages\/1306\/revisions\/9239"}],"up":[{"embeddable":true,"href":"https:\/\/glslcities.org\/fr\/wp-json\/wp\/v2\/pages\/1300"}],"wp:attachment":[{"href":"https:\/\/glslcities.org\/fr\/wp-json\/wp\/v2\/media?parent=1306"}],"curies":[{"name":"wp","href":"https:\/\/api.w.org\/{rel}","templated":true}]}}