{"id":1308,"date":"2015-05-22T14:03:59","date_gmt":"2015-05-22T18:03:59","guid":{"rendered":"http:\/\/glslcities.org\/?page_id=1308"},"modified":"2016-11-01T17:24:27","modified_gmt":"2016-11-01T21:24:27","slug":"gestion-durable-des-eaux-municipales-gdem","status":"publish","type":"page","link":"https:\/\/glslcities.org\/fr\/initiatives\/villes-verdd\/gestion-durable-des-eaux-municipales-gdem\/","title":{"rendered":"Gestion durable des eaux municipales (GDEM)"},"content":{"rendered":"<p>L\u2019Alliance\u00a0lance\u00a0<em>le Cadre de\u00a0gestion\u00a0durable des\u00a0eaux\u00a0municipales<\/em>\u00a0et\u00a0adopte\u00a0la\u00a0<a href=\"http:\/\/glslcities.org\/wp-content\/uploads\/2015\/05\/Declaration_FR_v1.pdf\" target=\"_blank\">D\u00e9claration sur la gestion durable des eaux municipales<\/a>.<\/p>\n<p>Lors\u00a0de\u00a0l\u2019assembl\u00e9e\u00a0annuelle\u00a0de\u00a0juin\u00a02012,\u00a0\u00e0\u00a0Qu\u00e9bec, les membres de l&rsquo;Alliance ont adopt\u00e9 une <em>D\u00e9claration\u00a0sur\u00a0la\u00a0gestion\u00a0durable des\u00a0eaux\u00a0municipales.<\/em><\/p>\n<p>De plus,\u00a0lors\u00a0du\u00a0m\u00eame\u00a0\u00e9v\u00e8nement, le\u00a0pr\u00e9sident\u00a0de\u00a0l\u2019Alliance, M. Tom Barrett,\u00a0maire\u00a0de Milwaukee (Wisconsin), a\u00a0officiellement\u00a0lanc\u00e9\u00a0le rapport\u00a0intitul\u00e9\u00a0: <a href=\"http:\/\/glslcities.org\/wp-content\/uploads\/2015\/05\/SMWM_Green-CiTTS-Report-FR.pdf\" target=\"_blank\">Gestion durable des eaux municipales : Cadre d\u2019\u00e9valuation et de communication des progr\u00e8s<\/a>. Le rapport\u00a0contient\u00a0un cadre de\u00a0gestion\u00a0et un guide de communication des\u00a0progr\u00e8s\u00a0en\u00a0gestion\u00a0durable des\u00a0eaux\u00a0municipales.<\/p>\n<p>&nbsp;<\/p>\n","protected":false},"excerpt":{"rendered":"<p>L\u2019Alliance\u00a0lance\u00a0le Cadre de\u00a0gestion\u00a0durable des\u00a0eaux\u00a0municipales\u00a0et\u00a0adopte\u00a0la\u00a0D\u00e9claration sur la gestion durable des eaux municipales. Lors\u00a0de\u00a0l\u2019assembl\u00e9e\u00a0annuelle\u00a0de\u00a0juin\u00a02012,\u00a0\u00e0\u00a0Qu\u00e9bec, les membres de l&rsquo;Alliance ont adopt\u00e9 une D\u00e9claration\u00a0sur\u00a0la\u00a0gestion\u00a0durable des\u00a0eaux\u00a0municipales. De plus,\u00a0lors\u00a0du\u00a0m\u00eame\u00a0\u00e9v\u00e8nement, le\u00a0pr\u00e9sident\u00a0de\u00a0l\u2019Alliance, M. Tom Barrett,\u00a0maire\u00a0de Milwaukee (Wisconsin), a\u00a0officiellement\u00a0lanc\u00e9\u00a0le rapport\u00a0intitul\u00e9\u00a0: Gestion durable des eaux municipales : Cadre d\u2019\u00e9valuation et de communication des progr\u00e8s. Le rapport\u00a0contient\u00a0un cadre de\u00a0gestion\u00a0et un guide de communication des\u00a0progr\u00e8s\u00a0en\u00a0gestion\u00a0durable des\u00a0eaux\u00a0municipales. &nbsp;<\/p>\n","protected":false},"author":1,"featured_media":0,"parent":1306,"menu_order":0,"comment_status":"open","ping_status":"open","template":"accordion.php","meta":{"_acf_changed":false,"footnotes":""},"class_list":["post-1308","page","type-page","status-publish","hentry"],"acf":[],"yoast_head":"<!-- This site is optimized with the Yoast SEO plugin v27.3 - https:\/\/yoast.com\/product\/yoast-seo-wordpress\/ -->\n<title>Gestion durable des eaux municipales (GDEM) - L\u2019Alliance des villes des Grands Lacs et du Saint-Laurent<\/title>\n<meta name=\"robots\" content=\"index, follow, max-snippet:-1, max-image-preview:large, max-video-preview:-1\" \/>\n<link rel=\"canonical\" href=\"https:\/\/glslcities.org\/fr\/initiatives\/villes-verdd\/gestion-durable-des-eaux-municipales-gdem\/\" \/>\n<meta property=\"og:locale\" content=\"fr_FR\" \/>\n<meta property=\"og:type\" content=\"article\" \/>\n<meta property=\"og:title\" content=\"Gestion durable des eaux municipales (GDEM) - L\u2019Alliance des villes des Grands Lacs et du Saint-Laurent\" \/>\n<meta property=\"og:description\" content=\"L\u2019Alliance\u00a0lance\u00a0le Cadre de\u00a0gestion\u00a0durable des\u00a0eaux\u00a0municipales\u00a0et\u00a0adopte\u00a0la\u00a0D\u00e9claration sur la gestion durable des eaux municipales. Lors\u00a0de\u00a0l\u2019assembl\u00e9e\u00a0annuelle\u00a0de\u00a0juin\u00a02012,\u00a0\u00e0\u00a0Qu\u00e9bec, les membres de l&rsquo;Alliance ont adopt\u00e9 une D\u00e9claration\u00a0sur\u00a0la\u00a0gestion\u00a0durable des\u00a0eaux\u00a0municipales. De plus,\u00a0lors\u00a0du\u00a0m\u00eame\u00a0\u00e9v\u00e8nement, le\u00a0pr\u00e9sident\u00a0de\u00a0l\u2019Alliance, M. Tom Barrett,\u00a0maire\u00a0de Milwaukee (Wisconsin), a\u00a0officiellement\u00a0lanc\u00e9\u00a0le rapport\u00a0intitul\u00e9\u00a0: Gestion durable des eaux municipales : Cadre d\u2019\u00e9valuation et de communication des progr\u00e8s. Le rapport\u00a0contient\u00a0un cadre de\u00a0gestion\u00a0et un guide de communication des\u00a0progr\u00e8s\u00a0en\u00a0gestion\u00a0durable des\u00a0eaux\u00a0municipales. &nbsp;\" \/>\n<meta property=\"og:url\" content=\"https:\/\/glslcities.org\/fr\/initiatives\/villes-verdd\/gestion-durable-des-eaux-municipales-gdem\/\" \/>\n<meta property=\"og:site_name\" content=\"L\u2019Alliance des villes des Grands Lacs et du Saint-Laurent\" \/>\n<meta property=\"article:modified_time\" content=\"2016-11-01T21:24:27+00:00\" \/>\n<meta property=\"og:image\" content=\"https:\/\/glslcities.org\/wp-content\/uploads\/2020\/01\/great-lakes-social.png\" \/>\n\t<meta property=\"og:image:width\" content=\"1200\" \/>\n\t<meta property=\"og:image:height\" content=\"630\" \/>\n\t<meta property=\"og:image:type\" content=\"image\/png\" \/>\n<meta name=\"twitter:card\" content=\"summary_large_image\" \/>\n<meta name=\"twitter:label1\" content=\"Dur\u00e9e de lecture estim\u00e9e\" \/>\n\t<meta name=\"twitter:data1\" content=\"1 minute\" \/>\n<script type=\"application\/ld+json\" class=\"yoast-schema-graph\">{\"@context\":\"https:\\\/\\\/schema.org\",\"@graph\":[{\"@type\":\"WebPage\",\"@id\":\"https:\\\/\\\/glslcities.org\\\/fr\\\/initiatives\\\/villes-verdd\\\/gestion-durable-des-eaux-municipales-gdem\\\/\",\"url\":\"https:\\\/\\\/glslcities.org\\\/fr\\\/initiatives\\\/villes-verdd\\\/gestion-durable-des-eaux-municipales-gdem\\\/\",\"name\":\"Gestion durable des eaux municipales (GDEM) - L\u2019Alliance des villes des Grands Lacs et du Saint-Laurent\",\"isPartOf\":{\"@id\":\"https:\\\/\\\/glslcities.org\\\/#website\"},\"datePublished\":\"2015-05-22T18:03:59+00:00\",\"dateModified\":\"2016-11-01T21:24:27+00:00\",\"breadcrumb\":{\"@id\":\"https:\\\/\\\/glslcities.org\\\/fr\\\/initiatives\\\/villes-verdd\\\/gestion-durable-des-eaux-municipales-gdem\\\/#breadcrumb\"},\"inLanguage\":\"fr-FR\",\"potentialAction\":[{\"@type\":\"ReadAction\",\"target\":[\"https:\\\/\\\/glslcities.org\\\/fr\\\/initiatives\\\/villes-verdd\\\/gestion-durable-des-eaux-municipales-gdem\\\/\"]}]},{\"@type\":\"BreadcrumbList\",\"@id\":\"https:\\\/\\\/glslcities.org\\\/fr\\\/initiatives\\\/villes-verdd\\\/gestion-durable-des-eaux-municipales-gdem\\\/#breadcrumb\",\"itemListElement\":[{\"@type\":\"ListItem\",\"position\":1,\"name\":\"Home\",\"item\":\"https:\\\/\\\/glslcities.org\\\/fr\\\/\"},{\"@type\":\"ListItem\",\"position\":2,\"name\":\"Initiatives\",\"item\":\"https:\\\/\\\/glslcities.org\\\/fr\\\/initiatives\\\/\"},{\"@type\":\"ListItem\",\"position\":3,\"name\":\"Villes VERDD\",\"item\":\"https:\\\/\\\/glslcities.org\\\/fr\\\/initiatives\\\/villes-verdd\\\/\"},{\"@type\":\"ListItem\",\"position\":4,\"name\":\"Gestion durable des eaux municipales (GDEM)\"}]},{\"@type\":\"WebSite\",\"@id\":\"https:\\\/\\\/glslcities.org\\\/#website\",\"url\":\"https:\\\/\\\/glslcities.org\\\/\",\"name\":\"L\u2019Alliance des villes des Grands Lacs et du Saint-Laurent\",\"description\":\"Des maires unis pour prot\u00e9ger et restaurer les Grands Lacs et le Saint-Laurent\",\"potentialAction\":[{\"@type\":\"SearchAction\",\"target\":{\"@type\":\"EntryPoint\",\"urlTemplate\":\"https:\\\/\\\/glslcities.org\\\/?s={search_term_string}\"},\"query-input\":{\"@type\":\"PropertyValueSpecification\",\"valueRequired\":true,\"valueName\":\"search_term_string\"}}],\"inLanguage\":\"fr-FR\"}]}<\/script>\n<!-- \/ Yoast SEO plugin. -->","yoast_head_json":{"title":"Gestion durable des eaux municipales (GDEM) - L\u2019Alliance des villes des Grands Lacs et du Saint-Laurent","robots":{"index":"index","follow":"follow","max-snippet":"max-snippet:-1","max-image-preview":"max-image-preview:large","max-video-preview":"max-video-preview:-1"},"canonical":"https:\/\/glslcities.org\/fr\/initiatives\/villes-verdd\/gestion-durable-des-eaux-municipales-gdem\/","og_locale":"fr_FR","og_type":"article","og_title":"Gestion durable des eaux municipales (GDEM) - L\u2019Alliance des villes des Grands Lacs et du Saint-Laurent","og_description":"L\u2019Alliance\u00a0lance\u00a0le Cadre de\u00a0gestion\u00a0durable des\u00a0eaux\u00a0municipales\u00a0et\u00a0adopte\u00a0la\u00a0D\u00e9claration sur la gestion durable des eaux municipales. Lors\u00a0de\u00a0l\u2019assembl\u00e9e\u00a0annuelle\u00a0de\u00a0juin\u00a02012,\u00a0\u00e0\u00a0Qu\u00e9bec, les membres de l&rsquo;Alliance ont adopt\u00e9 une D\u00e9claration\u00a0sur\u00a0la\u00a0gestion\u00a0durable des\u00a0eaux\u00a0municipales. De plus,\u00a0lors\u00a0du\u00a0m\u00eame\u00a0\u00e9v\u00e8nement, le\u00a0pr\u00e9sident\u00a0de\u00a0l\u2019Alliance, M. Tom Barrett,\u00a0maire\u00a0de Milwaukee (Wisconsin), a\u00a0officiellement\u00a0lanc\u00e9\u00a0le rapport\u00a0intitul\u00e9\u00a0: Gestion durable des eaux municipales : Cadre d\u2019\u00e9valuation et de communication des progr\u00e8s. Le rapport\u00a0contient\u00a0un cadre de\u00a0gestion\u00a0et un guide de communication des\u00a0progr\u00e8s\u00a0en\u00a0gestion\u00a0durable des\u00a0eaux\u00a0municipales. &nbsp;","og_url":"https:\/\/glslcities.org\/fr\/initiatives\/villes-verdd\/gestion-durable-des-eaux-municipales-gdem\/","og_site_name":"L\u2019Alliance des villes des Grands Lacs et du Saint-Laurent","article_modified_time":"2016-11-01T21:24:27+00:00","og_image":[{"width":1200,"height":630,"url":"https:\/\/glslcities.org\/wp-content\/uploads\/2020\/01\/great-lakes-social.png","type":"image\/png"}],"twitter_card":"summary_large_image","twitter_misc":{"Dur\u00e9e de lecture estim\u00e9e":"1 minute"},"schema":{"@context":"https:\/\/schema.org","@graph":[{"@type":"WebPage","@id":"https:\/\/glslcities.org\/fr\/initiatives\/villes-verdd\/gestion-durable-des-eaux-municipales-gdem\/","url":"https:\/\/glslcities.org\/fr\/initiatives\/villes-verdd\/gestion-durable-des-eaux-municipales-gdem\/","name":"Gestion durable des eaux municipales (GDEM) - L\u2019Alliance des villes des Grands Lacs et du Saint-Laurent","isPartOf":{"@id":"https:\/\/glslcities.org\/#website"},"datePublished":"2015-05-22T18:03:59+00:00","dateModified":"2016-11-01T21:24:27+00:00","breadcrumb":{"@id":"https:\/\/glslcities.org\/fr\/initiatives\/villes-verdd\/gestion-durable-des-eaux-municipales-gdem\/#breadcrumb"},"inLanguage":"fr-FR","potentialAction":[{"@type":"ReadAction","target":["https:\/\/glslcities.org\/fr\/initiatives\/villes-verdd\/gestion-durable-des-eaux-municipales-gdem\/"]}]},{"@type":"BreadcrumbList","@id":"https:\/\/glslcities.org\/fr\/initiatives\/villes-verdd\/gestion-durable-des-eaux-municipales-gdem\/#breadcrumb","itemListElement":[{"@type":"ListItem","position":1,"name":"Home","item":"https:\/\/glslcities.org\/fr\/"},{"@type":"ListItem","position":2,"name":"Initiatives","item":"https:\/\/glslcities.org\/fr\/initiatives\/"},{"@type":"ListItem","position":3,"name":"Villes VERDD","item":"https:\/\/glslcities.org\/fr\/initiatives\/villes-verdd\/"},{"@type":"ListItem","position":4,"name":"Gestion durable des eaux municipales (GDEM)"}]},{"@type":"WebSite","@id":"https:\/\/glslcities.org\/#website","url":"https:\/\/glslcities.org\/","name":"L\u2019Alliance des villes des Grands Lacs et du Saint-Laurent","description":"Des maires unis pour prot\u00e9ger et restaurer les Grands Lacs et le Saint-Laurent","potentialAction":[{"@type":"SearchAction","target":{"@type":"EntryPoint","urlTemplate":"https:\/\/glslcities.org\/?s={search_term_string}"},"query-input":{"@type":"PropertyValueSpecification","valueRequired":true,"valueName":"search_term_string"}}],"inLanguage":"fr-FR"}]}},"_links":{"self":[{"href":"https:\/\/glslcities.org\/fr\/wp-json\/wp\/v2\/pages\/1308","targetHints":{"allow":["GET"]}}],"collection":[{"href":"https:\/\/glslcities.org\/fr\/wp-json\/wp\/v2\/pages"}],"about":[{"href":"https:\/\/glslcities.org\/fr\/wp-json\/wp\/v2\/types\/page"}],"author":[{"embeddable":true,"href":"https:\/\/glslcities.org\/fr\/wp-json\/wp\/v2\/users\/1"}],"replies":[{"embeddable":true,"href":"https:\/\/glslcities.org\/fr\/wp-json\/wp\/v2\/comments?post=1308"}],"version-history":[{"count":4,"href":"https:\/\/glslcities.org\/fr\/wp-json\/wp\/v2\/pages\/1308\/revisions"}],"predecessor-version":[{"id":6971,"href":"https:\/\/glslcities.org\/fr\/wp-json\/wp\/v2\/pages\/1308\/revisions\/6971"}],"up":[{"embeddable":true,"href":"https:\/\/glslcities.org\/fr\/wp-json\/wp\/v2\/pages\/1306"}],"wp:attachment":[{"href":"https:\/\/glslcities.org\/fr\/wp-json\/wp\/v2\/media?parent=1308"}],"curies":[{"name":"wp","href":"https:\/\/api.w.org\/{rel}","templated":true}]}}