{"id":1310,"date":"2015-05-22T14:04:41","date_gmt":"2015-05-22T18:04:41","guid":{"rendered":"http:\/\/glslcities.org\/?page_id=1310"},"modified":"2016-11-01T17:26:37","modified_gmt":"2016-11-01T21:26:37","slug":"gestion-des-eaux-de-ruissellement","status":"publish","type":"page","link":"https:\/\/glslcities.org\/fr\/initiatives\/villes-verdd\/gestion-des-eaux-de-ruissellement\/","title":{"rendered":"Gestion des eaux de ruissellement"},"content":{"rendered":"<p><strong>L&rsquo;Alliance des villes a choisi la gestion des eaux de ruissellement comme axe prioritaire d&rsquo;intervention du programme Villes VERDD<\/strong><\/p>\n<p>Les villes des Grands Lacs et du Saint-Laurent sont d\u00e9j\u00e0 \u00e0 l&rsquo;avant-garde de la r\u00e9duction de la quantit\u00e9 et de l&rsquo;am\u00e9lioration de la qualit\u00e9 des eaux de ruissellement d\u00e9charg\u00e9es dans les lacs et les rivi\u00e8res. Le programme Villes VERDD assistera ses participants \u00e0 promouvoir leurs mesures de gestion des eaux de ruissellement et fournira le support n\u00e9cessaire \u00e0 la poursuite et au d\u00e9veloppement de ces mesures.<\/p>\n<p>L&rsquo;\u00e9coulement des eaux de ruissellement est l&rsquo;un de plus grands responsables de l&rsquo;apport de polluants dans le Saint-Laurent et les Grands Lacs, sp\u00e9cialement dans les zones littorales et sublittorales particuli\u00e8rement sensibles.<\/p>\n<p>Les eaux de ruissellement ne sont pas seulement constitu\u00e9es d&rsquo;eaux pluviales propres. Lorsque l&rsquo;eau s&rsquo;\u00e9coule sur des surfaces sales, elle se charge de nutriments, de produits toxiques, de m\u00e9taux lourds et d&rsquo;hydrocarbures qu&rsquo;elle transporte dans nos lacs et rivi\u00e8res. Avec l&rsquo;intensification du d\u00e9veloppement urbain et des temp\u00eates plus fr\u00e9quentes et plus s\u00e9v\u00e8res caus\u00e9es par les changements climatiques, la part de responsabilit\u00e9 des eaux de ruissellement dans la pi\u00e8tre qualit\u00e9 de l&rsquo;eau du bassin des Grands Lacs et du Saint-Laurent est appel\u00e9e \u00e0 s&rsquo;accroitre.<\/p>\n<p>Avec les tendances m\u00e9t\u00e9orologiques changeantes caus\u00e9es par les changements climatiques, le risque d&rsquo;inondations soudaines peut poser un danger pour la s\u00e9curit\u00e9 publique dans certains secteurs. Avec la recrudescence d&rsquo;\u00e9v\u00e9nements m\u00e9t\u00e9orologiques s\u00e9v\u00e8res, les \u00e9gouts pluviaux peuvent \u00eatre rapidement surcharg\u00e9s et de dangereuses inondations peuvent se produire.<\/p>\n<p>Gr\u00e2ce au programme Villes VERDD, l&rsquo;Alliance des villes\u00a0:<\/p>\n<ul>\n<li>Rassemble la documentation disponible et pr\u00e9sente les\u00a0meilleures pratiques\u00a0de ses municipalit\u00e9s membres<\/li>\n<li>Offre des activit\u00e9s de\u00a0formation\u00a0\u00e0 ses municipalit\u00e9s membres<\/li>\n<li>Administre un\u00a0questionnaire\u00a0pour r\u00e9colter des informations sur les pratiques de ses municipalit\u00e9s membres<\/li>\n<li>R\u00e9compense\u00a0ses municipalit\u00e9s membres pour leurs efforts en gestion des eaux de ruissellement<\/li>\n<\/ul>\n<h2>Rapport<\/h2>\n<p><a href=\"http:\/\/cdn.glslcities.org\/wp-content\/uploads\/2015\/05\/Stormwater-Management_FR.pdf\" target=\"_blank\">Gestion des eaux de ruissellement dans le bassin des Grands Lacs et du Saint-Laurent (2011)<\/a><\/p>\n","protected":false},"excerpt":{"rendered":"<p>L&rsquo;Alliance des villes a choisi la gestion des eaux de ruissellement comme axe prioritaire d&rsquo;intervention du programme Villes VERDD Les villes des Grands Lacs et du Saint-Laurent sont d\u00e9j\u00e0 \u00e0 l&rsquo;avant-garde de la r\u00e9duction de la quantit\u00e9 et de l&rsquo;am\u00e9lioration de la qualit\u00e9 des eaux de ruissellement d\u00e9charg\u00e9es dans les lacs et les rivi\u00e8res. Le&#8230; <a class=\"read-more\" href=\"https:\/\/glslcities.org\/fr\/initiatives\/villes-verdd\/gestion-des-eaux-de-ruissellement\/\">Read More<span class=\"hidden\"> about \u00ab\u00a0Gestion des eaux de ruissellement\u00a0\u00bb<\/span><\/a><\/p>\n","protected":false},"author":1,"featured_media":0,"parent":1306,"menu_order":10,"comment_status":"open","ping_status":"open","template":"","meta":{"_acf_changed":false,"footnotes":""},"class_list":["post-1310","page","type-page","status-publish","hentry"],"acf":[],"yoast_head":"<!-- This site is optimized with the Yoast SEO plugin v27.4 - https:\/\/yoast.com\/product\/yoast-seo-wordpress\/ -->\n<title>Gestion des eaux de ruissellement - L\u2019Alliance des villes des Grands Lacs et du Saint-Laurent<\/title>\n<meta name=\"robots\" content=\"index, follow, max-snippet:-1, max-image-preview:large, max-video-preview:-1\" \/>\n<link rel=\"canonical\" href=\"https:\/\/glslcities.org\/fr\/initiatives\/villes-verdd\/gestion-des-eaux-de-ruissellement\/\" \/>\n<meta property=\"og:locale\" content=\"fr_FR\" \/>\n<meta property=\"og:type\" content=\"article\" \/>\n<meta property=\"og:title\" content=\"Gestion des eaux de ruissellement - L\u2019Alliance des villes des Grands Lacs et du Saint-Laurent\" \/>\n<meta property=\"og:description\" content=\"L&rsquo;Alliance des villes a choisi la gestion des eaux de ruissellement comme axe prioritaire d&rsquo;intervention du programme Villes VERDD Les villes des Grands Lacs et du Saint-Laurent sont d\u00e9j\u00e0 \u00e0 l&rsquo;avant-garde de la r\u00e9duction de la quantit\u00e9 et de l&rsquo;am\u00e9lioration de la qualit\u00e9 des eaux de ruissellement d\u00e9charg\u00e9es dans les lacs et les rivi\u00e8res. Le... Read More about &quot;Gestion des eaux de ruissellement&quot;\" \/>\n<meta property=\"og:url\" content=\"https:\/\/glslcities.org\/fr\/initiatives\/villes-verdd\/gestion-des-eaux-de-ruissellement\/\" \/>\n<meta property=\"og:site_name\" content=\"L\u2019Alliance des villes des Grands Lacs et du Saint-Laurent\" \/>\n<meta property=\"article:modified_time\" content=\"2016-11-01T21:26:37+00:00\" \/>\n<meta property=\"og:image\" content=\"https:\/\/glslcities.org\/wp-content\/uploads\/2020\/01\/great-lakes-social.png\" \/>\n\t<meta property=\"og:image:width\" content=\"1200\" \/>\n\t<meta property=\"og:image:height\" content=\"630\" \/>\n\t<meta property=\"og:image:type\" content=\"image\/png\" \/>\n<meta name=\"twitter:card\" content=\"summary_large_image\" \/>\n<meta name=\"twitter:label1\" content=\"Dur\u00e9e de lecture estim\u00e9e\" \/>\n\t<meta name=\"twitter:data1\" content=\"2 minutes\" \/>\n<script type=\"application\/ld+json\" class=\"yoast-schema-graph\">{\"@context\":\"https:\\\/\\\/schema.org\",\"@graph\":[{\"@type\":\"WebPage\",\"@id\":\"https:\\\/\\\/glslcities.org\\\/fr\\\/initiatives\\\/villes-verdd\\\/gestion-des-eaux-de-ruissellement\\\/\",\"url\":\"https:\\\/\\\/glslcities.org\\\/fr\\\/initiatives\\\/villes-verdd\\\/gestion-des-eaux-de-ruissellement\\\/\",\"name\":\"Gestion des eaux de ruissellement - L\u2019Alliance des villes des Grands Lacs et du Saint-Laurent\",\"isPartOf\":{\"@id\":\"https:\\\/\\\/glslcities.org\\\/#website\"},\"datePublished\":\"2015-05-22T18:04:41+00:00\",\"dateModified\":\"2016-11-01T21:26:37+00:00\",\"breadcrumb\":{\"@id\":\"https:\\\/\\\/glslcities.org\\\/fr\\\/initiatives\\\/villes-verdd\\\/gestion-des-eaux-de-ruissellement\\\/#breadcrumb\"},\"inLanguage\":\"fr-FR\",\"potentialAction\":[{\"@type\":\"ReadAction\",\"target\":[\"https:\\\/\\\/glslcities.org\\\/fr\\\/initiatives\\\/villes-verdd\\\/gestion-des-eaux-de-ruissellement\\\/\"]}]},{\"@type\":\"BreadcrumbList\",\"@id\":\"https:\\\/\\\/glslcities.org\\\/fr\\\/initiatives\\\/villes-verdd\\\/gestion-des-eaux-de-ruissellement\\\/#breadcrumb\",\"itemListElement\":[{\"@type\":\"ListItem\",\"position\":1,\"name\":\"Home\",\"item\":\"https:\\\/\\\/glslcities.org\\\/fr\\\/\"},{\"@type\":\"ListItem\",\"position\":2,\"name\":\"Initiatives\",\"item\":\"https:\\\/\\\/glslcities.org\\\/fr\\\/initiatives\\\/\"},{\"@type\":\"ListItem\",\"position\":3,\"name\":\"Villes VERDD\",\"item\":\"https:\\\/\\\/glslcities.org\\\/fr\\\/initiatives\\\/villes-verdd\\\/\"},{\"@type\":\"ListItem\",\"position\":4,\"name\":\"Gestion des eaux de ruissellement\"}]},{\"@type\":\"WebSite\",\"@id\":\"https:\\\/\\\/glslcities.org\\\/#website\",\"url\":\"https:\\\/\\\/glslcities.org\\\/\",\"name\":\"L\u2019Alliance des villes des Grands Lacs et du Saint-Laurent\",\"description\":\"Des maires unis pour prot\u00e9ger et restaurer les Grands Lacs et le Saint-Laurent\",\"potentialAction\":[{\"@type\":\"SearchAction\",\"target\":{\"@type\":\"EntryPoint\",\"urlTemplate\":\"https:\\\/\\\/glslcities.org\\\/?s={search_term_string}\"},\"query-input\":{\"@type\":\"PropertyValueSpecification\",\"valueRequired\":true,\"valueName\":\"search_term_string\"}}],\"inLanguage\":\"fr-FR\"}]}<\/script>\n<!-- \/ Yoast SEO plugin. -->","yoast_head_json":{"title":"Gestion des eaux de ruissellement - L\u2019Alliance des villes des Grands Lacs et du Saint-Laurent","robots":{"index":"index","follow":"follow","max-snippet":"max-snippet:-1","max-image-preview":"max-image-preview:large","max-video-preview":"max-video-preview:-1"},"canonical":"https:\/\/glslcities.org\/fr\/initiatives\/villes-verdd\/gestion-des-eaux-de-ruissellement\/","og_locale":"fr_FR","og_type":"article","og_title":"Gestion des eaux de ruissellement - L\u2019Alliance des villes des Grands Lacs et du Saint-Laurent","og_description":"L&rsquo;Alliance des villes a choisi la gestion des eaux de ruissellement comme axe prioritaire d&rsquo;intervention du programme Villes VERDD Les villes des Grands Lacs et du Saint-Laurent sont d\u00e9j\u00e0 \u00e0 l&rsquo;avant-garde de la r\u00e9duction de la quantit\u00e9 et de l&rsquo;am\u00e9lioration de la qualit\u00e9 des eaux de ruissellement d\u00e9charg\u00e9es dans les lacs et les rivi\u00e8res. Le... Read More about \"Gestion des eaux de ruissellement\"","og_url":"https:\/\/glslcities.org\/fr\/initiatives\/villes-verdd\/gestion-des-eaux-de-ruissellement\/","og_site_name":"L\u2019Alliance des villes des Grands Lacs et du Saint-Laurent","article_modified_time":"2016-11-01T21:26:37+00:00","og_image":[{"width":1200,"height":630,"url":"https:\/\/glslcities.org\/wp-content\/uploads\/2020\/01\/great-lakes-social.png","type":"image\/png"}],"twitter_card":"summary_large_image","twitter_misc":{"Dur\u00e9e de lecture estim\u00e9e":"2 minutes"},"schema":{"@context":"https:\/\/schema.org","@graph":[{"@type":"WebPage","@id":"https:\/\/glslcities.org\/fr\/initiatives\/villes-verdd\/gestion-des-eaux-de-ruissellement\/","url":"https:\/\/glslcities.org\/fr\/initiatives\/villes-verdd\/gestion-des-eaux-de-ruissellement\/","name":"Gestion des eaux de ruissellement - L\u2019Alliance des villes des Grands Lacs et du Saint-Laurent","isPartOf":{"@id":"https:\/\/glslcities.org\/#website"},"datePublished":"2015-05-22T18:04:41+00:00","dateModified":"2016-11-01T21:26:37+00:00","breadcrumb":{"@id":"https:\/\/glslcities.org\/fr\/initiatives\/villes-verdd\/gestion-des-eaux-de-ruissellement\/#breadcrumb"},"inLanguage":"fr-FR","potentialAction":[{"@type":"ReadAction","target":["https:\/\/glslcities.org\/fr\/initiatives\/villes-verdd\/gestion-des-eaux-de-ruissellement\/"]}]},{"@type":"BreadcrumbList","@id":"https:\/\/glslcities.org\/fr\/initiatives\/villes-verdd\/gestion-des-eaux-de-ruissellement\/#breadcrumb","itemListElement":[{"@type":"ListItem","position":1,"name":"Home","item":"https:\/\/glslcities.org\/fr\/"},{"@type":"ListItem","position":2,"name":"Initiatives","item":"https:\/\/glslcities.org\/fr\/initiatives\/"},{"@type":"ListItem","position":3,"name":"Villes VERDD","item":"https:\/\/glslcities.org\/fr\/initiatives\/villes-verdd\/"},{"@type":"ListItem","position":4,"name":"Gestion des eaux de ruissellement"}]},{"@type":"WebSite","@id":"https:\/\/glslcities.org\/#website","url":"https:\/\/glslcities.org\/","name":"L\u2019Alliance des villes des Grands Lacs et du Saint-Laurent","description":"Des maires unis pour prot\u00e9ger et restaurer les Grands Lacs et le Saint-Laurent","potentialAction":[{"@type":"SearchAction","target":{"@type":"EntryPoint","urlTemplate":"https:\/\/glslcities.org\/?s={search_term_string}"},"query-input":{"@type":"PropertyValueSpecification","valueRequired":true,"valueName":"search_term_string"}}],"inLanguage":"fr-FR"}]}},"_links":{"self":[{"href":"https:\/\/glslcities.org\/fr\/wp-json\/wp\/v2\/pages\/1310","targetHints":{"allow":["GET"]}}],"collection":[{"href":"https:\/\/glslcities.org\/fr\/wp-json\/wp\/v2\/pages"}],"about":[{"href":"https:\/\/glslcities.org\/fr\/wp-json\/wp\/v2\/types\/page"}],"author":[{"embeddable":true,"href":"https:\/\/glslcities.org\/fr\/wp-json\/wp\/v2\/users\/1"}],"replies":[{"embeddable":true,"href":"https:\/\/glslcities.org\/fr\/wp-json\/wp\/v2\/comments?post=1310"}],"version-history":[{"count":6,"href":"https:\/\/glslcities.org\/fr\/wp-json\/wp\/v2\/pages\/1310\/revisions"}],"predecessor-version":[{"id":6972,"href":"https:\/\/glslcities.org\/fr\/wp-json\/wp\/v2\/pages\/1310\/revisions\/6972"}],"up":[{"embeddable":true,"href":"https:\/\/glslcities.org\/fr\/wp-json\/wp\/v2\/pages\/1306"}],"wp:attachment":[{"href":"https:\/\/glslcities.org\/fr\/wp-json\/wp\/v2\/media?parent=1310"}],"curies":[{"name":"wp","href":"https:\/\/api.w.org\/{rel}","templated":true}]}}