{"id":1316,"date":"2015-05-22T14:16:37","date_gmt":"2015-05-22T18:16:37","guid":{"rendered":"http:\/\/glslcities.org\/?page_id=1316"},"modified":"2016-05-19T15:02:17","modified_gmt":"2016-05-19T19:02:17","slug":"carpes-asiatiques","status":"publish","type":"page","link":"https:\/\/glslcities.org\/fr\/initiatives\/especes-envahissantes\/carpes-asiatiques\/","title":{"rendered":"Carpes asiatiques"},"content":{"rendered":"<p>Les carpes asiatiques sont une des esp\u00e8ces aquatiques <a href=\"http:\/\/glslcities.org\/wp-content\/uploads\/2015\/05\/carp.png\" rel=\"attachment wp-att-1155\"><img loading=\"lazy\" decoding=\"async\" class=\"size-full wp-image-1155 alignright\" src=\"http:\/\/glslcities.org\/wp-content\/uploads\/2015\/05\/carp.png\" alt=\"carp\" width=\"236\" height=\"274\" srcset=\"https:\/\/glslcities.org\/wp-content\/uploads\/2015\/05\/carp.png 236w, https:\/\/glslcities.org\/wp-content\/uploads\/2015\/05\/carp-172x200.png 172w\" sizes=\"auto, (max-width: 236px) 100vw, 236px\" \/><\/a>envahissantes\u00a0qui menacent la sant\u00e9 de l\u2019\u00e9cosyst\u00e8me des Grands Lacs et ses p\u00eacheries. Des carpes ont \u00e9t\u00e9 retrouv\u00e9es dans le canal sanitaire de Chicago, qui relie les bassins du Mississippi et des Grands Lacs et dans d\u2019autres parties du Syst\u00e8me navigable de la r\u00e9gion de Chicago. \u00c0 l&rsquo;heure actuelle,\u00a0les carpes n\u2019ont\u00a0pas encore atteint\u00a0les Grands Lacs. Cependant, l&rsquo;introduction potentielle des carpes\u00a0dans le bassin et leur prolif\u00e9ration\u00a0rapide\u00a0sont des\u00a0sources d&rsquo;inqui\u00e9tude pour\u00a0les maires et autres parties prenantes de la r\u00e9gion.<\/p>\n<p>L\u2019\u00e9quipe de l\u2019Alliance repr\u00e9sente l\u2019organisme au sein du comit\u00e9 consultatif du Syst\u00e8me navigable de la r\u00e9gion de Chicago, qui travaille \u00e0 \u00e9tablir des solutions pour pr\u00e9venir l\u2019introduction des carpes asiatiques et autres esp\u00e8ces envahissantes dans les Grands Lacs.<\/p>\n<p>Pour plus d\u2019information sur les carpes asiatiques, <a href=\"http:\/\/glslcities.org\/wp-content\/uploads\/2015\/05\/carp_general_FR.pdf\" target=\"_blank\">cliquez ici.<\/a><\/p>\n<p><a href=\"http:\/\/glslcities.org\/wp-content\/uploads\/2015\/05\/CAWS-report-ex_summary_FR.pdf\" target=\"_blank\">R\u00e9sum\u00e9 du rapport de l&rsquo;\u00e9tude <em>Restoring the Natural Divide<\/em><\/a><\/p>\n","protected":false},"excerpt":{"rendered":"<p>Les carpes asiatiques sont une des esp\u00e8ces aquatiques envahissantes\u00a0qui menacent la sant\u00e9 de l\u2019\u00e9cosyst\u00e8me des Grands Lacs et ses p\u00eacheries. Des carpes ont \u00e9t\u00e9 retrouv\u00e9es dans le canal sanitaire de Chicago, qui relie les bassins du Mississippi et des Grands Lacs et dans d\u2019autres parties du Syst\u00e8me navigable de la r\u00e9gion de Chicago. \u00c0 l&rsquo;heure&#8230; <a class=\"read-more\" href=\"https:\/\/glslcities.org\/fr\/initiatives\/especes-envahissantes\/carpes-asiatiques\/\">Read More<span class=\"hidden\"> about \u00ab\u00a0Carpes asiatiques\u00a0\u00bb<\/span><\/a><\/p>\n","protected":false},"author":1,"featured_media":0,"parent":1314,"menu_order":0,"comment_status":"open","ping_status":"open","template":"","meta":{"_acf_changed":false,"footnotes":""},"class_list":["post-1316","page","type-page","status-publish","hentry"],"acf":[],"yoast_head":"<!-- This site is optimized with the Yoast SEO plugin v27.4 - https:\/\/yoast.com\/product\/yoast-seo-wordpress\/ -->\n<title>Carpes asiatiques - L\u2019Alliance des villes des Grands Lacs et du Saint-Laurent<\/title>\n<meta name=\"robots\" content=\"index, follow, max-snippet:-1, max-image-preview:large, max-video-preview:-1\" \/>\n<link rel=\"canonical\" href=\"https:\/\/glslcities.org\/fr\/initiatives\/especes-envahissantes\/carpes-asiatiques\/\" \/>\n<meta property=\"og:locale\" content=\"fr_FR\" \/>\n<meta property=\"og:type\" content=\"article\" \/>\n<meta property=\"og:title\" content=\"Carpes asiatiques - L\u2019Alliance des villes des Grands Lacs et du Saint-Laurent\" \/>\n<meta property=\"og:description\" content=\"Les carpes asiatiques sont une des esp\u00e8ces aquatiques envahissantes\u00a0qui menacent la sant\u00e9 de l\u2019\u00e9cosyst\u00e8me des Grands Lacs et ses p\u00eacheries. Des carpes ont \u00e9t\u00e9 retrouv\u00e9es dans le canal sanitaire de Chicago, qui relie les bassins du Mississippi et des Grands Lacs et dans d\u2019autres parties du Syst\u00e8me navigable de la r\u00e9gion de Chicago. \u00c0 l&rsquo;heure... Read More about &quot;Carpes asiatiques&quot;\" \/>\n<meta property=\"og:url\" content=\"https:\/\/glslcities.org\/fr\/initiatives\/especes-envahissantes\/carpes-asiatiques\/\" \/>\n<meta property=\"og:site_name\" content=\"L\u2019Alliance des villes des Grands Lacs et du Saint-Laurent\" \/>\n<meta property=\"article:modified_time\" content=\"2016-05-19T19:02:17+00:00\" \/>\n<meta property=\"og:image\" content=\"https:\/\/glslcities.org\/wp-content\/uploads\/2015\/05\/carp.png\" \/>\n\t<meta property=\"og:image:width\" content=\"236\" \/>\n\t<meta property=\"og:image:height\" content=\"274\" \/>\n\t<meta property=\"og:image:type\" content=\"image\/png\" \/>\n<meta name=\"twitter:card\" content=\"summary_large_image\" \/>\n<meta name=\"twitter:label1\" content=\"Dur\u00e9e de lecture estim\u00e9e\" \/>\n\t<meta name=\"twitter:data1\" content=\"1 minute\" \/>\n<script type=\"application\/ld+json\" class=\"yoast-schema-graph\">{\"@context\":\"https:\\\/\\\/schema.org\",\"@graph\":[{\"@type\":\"WebPage\",\"@id\":\"https:\\\/\\\/glslcities.org\\\/fr\\\/initiatives\\\/especes-envahissantes\\\/carpes-asiatiques\\\/\",\"url\":\"https:\\\/\\\/glslcities.org\\\/fr\\\/initiatives\\\/especes-envahissantes\\\/carpes-asiatiques\\\/\",\"name\":\"Carpes asiatiques - L\u2019Alliance des villes des Grands Lacs et du Saint-Laurent\",\"isPartOf\":{\"@id\":\"https:\\\/\\\/glslcities.org\\\/#website\"},\"primaryImageOfPage\":{\"@id\":\"https:\\\/\\\/glslcities.org\\\/fr\\\/initiatives\\\/especes-envahissantes\\\/carpes-asiatiques\\\/#primaryimage\"},\"image\":{\"@id\":\"https:\\\/\\\/glslcities.org\\\/fr\\\/initiatives\\\/especes-envahissantes\\\/carpes-asiatiques\\\/#primaryimage\"},\"thumbnailUrl\":\"http:\\\/\\\/glslcities.org\\\/wp-content\\\/uploads\\\/2015\\\/05\\\/carp.png\",\"datePublished\":\"2015-05-22T18:16:37+00:00\",\"dateModified\":\"2016-05-19T19:02:17+00:00\",\"breadcrumb\":{\"@id\":\"https:\\\/\\\/glslcities.org\\\/fr\\\/initiatives\\\/especes-envahissantes\\\/carpes-asiatiques\\\/#breadcrumb\"},\"inLanguage\":\"fr-FR\",\"potentialAction\":[{\"@type\":\"ReadAction\",\"target\":[\"https:\\\/\\\/glslcities.org\\\/fr\\\/initiatives\\\/especes-envahissantes\\\/carpes-asiatiques\\\/\"]}]},{\"@type\":\"ImageObject\",\"inLanguage\":\"fr-FR\",\"@id\":\"https:\\\/\\\/glslcities.org\\\/fr\\\/initiatives\\\/especes-envahissantes\\\/carpes-asiatiques\\\/#primaryimage\",\"url\":\"http:\\\/\\\/glslcities.org\\\/wp-content\\\/uploads\\\/2015\\\/05\\\/carp.png\",\"contentUrl\":\"http:\\\/\\\/glslcities.org\\\/wp-content\\\/uploads\\\/2015\\\/05\\\/carp.png\"},{\"@type\":\"BreadcrumbList\",\"@id\":\"https:\\\/\\\/glslcities.org\\\/fr\\\/initiatives\\\/especes-envahissantes\\\/carpes-asiatiques\\\/#breadcrumb\",\"itemListElement\":[{\"@type\":\"ListItem\",\"position\":1,\"name\":\"Home\",\"item\":\"https:\\\/\\\/glslcities.org\\\/fr\\\/\"},{\"@type\":\"ListItem\",\"position\":2,\"name\":\"Initiatives\",\"item\":\"https:\\\/\\\/glslcities.org\\\/fr\\\/initiatives\\\/\"},{\"@type\":\"ListItem\",\"position\":3,\"name\":\"Esp\u00e8ces envahissantes\",\"item\":\"https:\\\/\\\/glslcities.org\\\/fr\\\/initiatives\\\/especes-envahissantes\\\/\"},{\"@type\":\"ListItem\",\"position\":4,\"name\":\"Carpes asiatiques\"}]},{\"@type\":\"WebSite\",\"@id\":\"https:\\\/\\\/glslcities.org\\\/#website\",\"url\":\"https:\\\/\\\/glslcities.org\\\/\",\"name\":\"L\u2019Alliance des villes des Grands Lacs et du Saint-Laurent\",\"description\":\"Des maires unis pour prot\u00e9ger et restaurer les Grands Lacs et le Saint-Laurent\",\"potentialAction\":[{\"@type\":\"SearchAction\",\"target\":{\"@type\":\"EntryPoint\",\"urlTemplate\":\"https:\\\/\\\/glslcities.org\\\/?s={search_term_string}\"},\"query-input\":{\"@type\":\"PropertyValueSpecification\",\"valueRequired\":true,\"valueName\":\"search_term_string\"}}],\"inLanguage\":\"fr-FR\"}]}<\/script>\n<!-- \/ Yoast SEO plugin. -->","yoast_head_json":{"title":"Carpes asiatiques - L\u2019Alliance des villes des Grands Lacs et du Saint-Laurent","robots":{"index":"index","follow":"follow","max-snippet":"max-snippet:-1","max-image-preview":"max-image-preview:large","max-video-preview":"max-video-preview:-1"},"canonical":"https:\/\/glslcities.org\/fr\/initiatives\/especes-envahissantes\/carpes-asiatiques\/","og_locale":"fr_FR","og_type":"article","og_title":"Carpes asiatiques - L\u2019Alliance des villes des Grands Lacs et du Saint-Laurent","og_description":"Les carpes asiatiques sont une des esp\u00e8ces aquatiques envahissantes\u00a0qui menacent la sant\u00e9 de l\u2019\u00e9cosyst\u00e8me des Grands Lacs et ses p\u00eacheries. Des carpes ont \u00e9t\u00e9 retrouv\u00e9es dans le canal sanitaire de Chicago, qui relie les bassins du Mississippi et des Grands Lacs et dans d\u2019autres parties du Syst\u00e8me navigable de la r\u00e9gion de Chicago. \u00c0 l&rsquo;heure... Read More about \"Carpes asiatiques\"","og_url":"https:\/\/glslcities.org\/fr\/initiatives\/especes-envahissantes\/carpes-asiatiques\/","og_site_name":"L\u2019Alliance des villes des Grands Lacs et du Saint-Laurent","article_modified_time":"2016-05-19T19:02:17+00:00","og_image":[{"width":236,"height":274,"url":"https:\/\/glslcities.org\/wp-content\/uploads\/2015\/05\/carp.png","type":"image\/png"}],"twitter_card":"summary_large_image","twitter_misc":{"Dur\u00e9e de lecture estim\u00e9e":"1 minute"},"schema":{"@context":"https:\/\/schema.org","@graph":[{"@type":"WebPage","@id":"https:\/\/glslcities.org\/fr\/initiatives\/especes-envahissantes\/carpes-asiatiques\/","url":"https:\/\/glslcities.org\/fr\/initiatives\/especes-envahissantes\/carpes-asiatiques\/","name":"Carpes asiatiques - L\u2019Alliance des villes des Grands Lacs et du Saint-Laurent","isPartOf":{"@id":"https:\/\/glslcities.org\/#website"},"primaryImageOfPage":{"@id":"https:\/\/glslcities.org\/fr\/initiatives\/especes-envahissantes\/carpes-asiatiques\/#primaryimage"},"image":{"@id":"https:\/\/glslcities.org\/fr\/initiatives\/especes-envahissantes\/carpes-asiatiques\/#primaryimage"},"thumbnailUrl":"http:\/\/glslcities.org\/wp-content\/uploads\/2015\/05\/carp.png","datePublished":"2015-05-22T18:16:37+00:00","dateModified":"2016-05-19T19:02:17+00:00","breadcrumb":{"@id":"https:\/\/glslcities.org\/fr\/initiatives\/especes-envahissantes\/carpes-asiatiques\/#breadcrumb"},"inLanguage":"fr-FR","potentialAction":[{"@type":"ReadAction","target":["https:\/\/glslcities.org\/fr\/initiatives\/especes-envahissantes\/carpes-asiatiques\/"]}]},{"@type":"ImageObject","inLanguage":"fr-FR","@id":"https:\/\/glslcities.org\/fr\/initiatives\/especes-envahissantes\/carpes-asiatiques\/#primaryimage","url":"http:\/\/glslcities.org\/wp-content\/uploads\/2015\/05\/carp.png","contentUrl":"http:\/\/glslcities.org\/wp-content\/uploads\/2015\/05\/carp.png"},{"@type":"BreadcrumbList","@id":"https:\/\/glslcities.org\/fr\/initiatives\/especes-envahissantes\/carpes-asiatiques\/#breadcrumb","itemListElement":[{"@type":"ListItem","position":1,"name":"Home","item":"https:\/\/glslcities.org\/fr\/"},{"@type":"ListItem","position":2,"name":"Initiatives","item":"https:\/\/glslcities.org\/fr\/initiatives\/"},{"@type":"ListItem","position":3,"name":"Esp\u00e8ces envahissantes","item":"https:\/\/glslcities.org\/fr\/initiatives\/especes-envahissantes\/"},{"@type":"ListItem","position":4,"name":"Carpes asiatiques"}]},{"@type":"WebSite","@id":"https:\/\/glslcities.org\/#website","url":"https:\/\/glslcities.org\/","name":"L\u2019Alliance des villes des Grands Lacs et du Saint-Laurent","description":"Des maires unis pour prot\u00e9ger et restaurer les Grands Lacs et le Saint-Laurent","potentialAction":[{"@type":"SearchAction","target":{"@type":"EntryPoint","urlTemplate":"https:\/\/glslcities.org\/?s={search_term_string}"},"query-input":{"@type":"PropertyValueSpecification","valueRequired":true,"valueName":"search_term_string"}}],"inLanguage":"fr-FR"}]}},"_links":{"self":[{"href":"https:\/\/glslcities.org\/fr\/wp-json\/wp\/v2\/pages\/1316","targetHints":{"allow":["GET"]}}],"collection":[{"href":"https:\/\/glslcities.org\/fr\/wp-json\/wp\/v2\/pages"}],"about":[{"href":"https:\/\/glslcities.org\/fr\/wp-json\/wp\/v2\/types\/page"}],"author":[{"embeddable":true,"href":"https:\/\/glslcities.org\/fr\/wp-json\/wp\/v2\/users\/1"}],"replies":[{"embeddable":true,"href":"https:\/\/glslcities.org\/fr\/wp-json\/wp\/v2\/comments?post=1316"}],"version-history":[{"count":13,"href":"https:\/\/glslcities.org\/fr\/wp-json\/wp\/v2\/pages\/1316\/revisions"}],"predecessor-version":[{"id":6282,"href":"https:\/\/glslcities.org\/fr\/wp-json\/wp\/v2\/pages\/1316\/revisions\/6282"}],"up":[{"embeddable":true,"href":"https:\/\/glslcities.org\/fr\/wp-json\/wp\/v2\/pages\/1314"}],"wp:attachment":[{"href":"https:\/\/glslcities.org\/fr\/wp-json\/wp\/v2\/media?parent=1316"}],"curies":[{"name":"wp","href":"https:\/\/api.w.org\/{rel}","templated":true}]}}