{"id":1320,"date":"2015-05-22T14:17:35","date_gmt":"2015-05-22T18:17:35","guid":{"rendered":"http:\/\/glslcities.org\/?page_id=1320"},"modified":"2019-09-18T14:57:07","modified_gmt":"2019-09-18T18:57:07","slug":"accords-gouvernementaux","status":"publish","type":"page","link":"https:\/\/glslcities.org\/fr\/initiatives\/accords-gouvernementaux\/","title":{"rendered":"Accords gouvernementaux"},"content":{"rendered":"<p>L\u2019Alliance reconnait diff\u00e9rents accords et ententes entre des gouvernements locaux, provinciaux, d\u2019\u00e9tats, f\u00e9d\u00e9raux et internationaux au sujet des Grands Lacs et du Saint-Laurent. L\u2019Alliance tente de s&rsquo;assurer que les normes propos\u00e9es soient dans les meilleurs int\u00e9r\u00eats des citoyens de la r\u00e9gion des Grands Lacs et du Saint-Laurent ainsi que dans l\u2019int\u00e9r\u00eat de la sant\u00e9 de l\u2019\u00e9cosyst\u00e8me r\u00e9gional.<\/p>\n<p>Cette section contient des informations sur l\u2019Accord Canada-Ontario et son protocole de coop\u00e9ration, le Plan d\u2019action Saint-Laurent et l\u2019Accord sur les ressources durables en eau des Grands Lacs et du Saint-Laurent. Cliquez sur les liens \u00e0 gauche pour plus d\u2019information.<\/p>\n","protected":false},"excerpt":{"rendered":"<p>L\u2019Alliance reconnait diff\u00e9rents accords et ententes entre des gouvernements locaux, provinciaux, d\u2019\u00e9tats, f\u00e9d\u00e9raux et internationaux au sujet des Grands Lacs et du Saint-Laurent. L\u2019Alliance tente de s&rsquo;assurer que les normes propos\u00e9es soient dans les meilleurs int\u00e9r\u00eats des citoyens de la r\u00e9gion des Grands Lacs et du Saint-Laurent ainsi que dans l\u2019int\u00e9r\u00eat de la sant\u00e9 de&#8230; <a class=\"read-more\" href=\"https:\/\/glslcities.org\/fr\/initiatives\/accords-gouvernementaux\/\">Read More<span class=\"hidden\"> about \u00ab\u00a0Accords gouvernementaux\u00a0\u00bb<\/span><\/a><\/p>\n","protected":false},"author":1,"featured_media":0,"parent":1300,"menu_order":60,"comment_status":"open","ping_status":"closed","template":"accordion.php","meta":{"_acf_changed":false,"footnotes":""},"class_list":["post-1320","page","type-page","status-publish","hentry"],"acf":[],"yoast_head":"<!-- This site is optimized with the Yoast SEO plugin v27.4 - https:\/\/yoast.com\/product\/yoast-seo-wordpress\/ -->\n<title>Accords gouvernementaux - L\u2019Alliance des villes des Grands Lacs et du Saint-Laurent<\/title>\n<meta name=\"robots\" content=\"index, follow, max-snippet:-1, max-image-preview:large, max-video-preview:-1\" \/>\n<link rel=\"canonical\" href=\"https:\/\/glslcities.org\/fr\/initiatives\/accords-gouvernementaux\/\" \/>\n<meta property=\"og:locale\" content=\"fr_FR\" \/>\n<meta property=\"og:type\" content=\"article\" \/>\n<meta property=\"og:title\" content=\"Accords gouvernementaux - L\u2019Alliance des villes des Grands Lacs et du Saint-Laurent\" \/>\n<meta property=\"og:description\" content=\"L\u2019Alliance reconnait diff\u00e9rents accords et ententes entre des gouvernements locaux, provinciaux, d\u2019\u00e9tats, f\u00e9d\u00e9raux et internationaux au sujet des Grands Lacs et du Saint-Laurent. L\u2019Alliance tente de s&rsquo;assurer que les normes propos\u00e9es soient dans les meilleurs int\u00e9r\u00eats des citoyens de la r\u00e9gion des Grands Lacs et du Saint-Laurent ainsi que dans l\u2019int\u00e9r\u00eat de la sant\u00e9 de... Read More about &quot;Accords gouvernementaux&quot;\" \/>\n<meta property=\"og:url\" content=\"https:\/\/glslcities.org\/fr\/initiatives\/accords-gouvernementaux\/\" \/>\n<meta property=\"og:site_name\" content=\"L\u2019Alliance des villes des Grands Lacs et du Saint-Laurent\" \/>\n<meta property=\"article:modified_time\" content=\"2019-09-18T18:57:07+00:00\" \/>\n<meta property=\"og:image\" content=\"https:\/\/glslcities.org\/wp-content\/uploads\/2020\/01\/great-lakes-social.png\" \/>\n\t<meta property=\"og:image:width\" content=\"1200\" \/>\n\t<meta property=\"og:image:height\" content=\"630\" \/>\n\t<meta property=\"og:image:type\" content=\"image\/png\" \/>\n<meta name=\"twitter:card\" content=\"summary_large_image\" \/>\n<meta name=\"twitter:label1\" content=\"Dur\u00e9e de lecture estim\u00e9e\" \/>\n\t<meta name=\"twitter:data1\" content=\"1 minute\" \/>\n<script type=\"application\/ld+json\" class=\"yoast-schema-graph\">{\"@context\":\"https:\\\/\\\/schema.org\",\"@graph\":[{\"@type\":\"WebPage\",\"@id\":\"https:\\\/\\\/glslcities.org\\\/fr\\\/initiatives\\\/accords-gouvernementaux\\\/\",\"url\":\"https:\\\/\\\/glslcities.org\\\/fr\\\/initiatives\\\/accords-gouvernementaux\\\/\",\"name\":\"Accords gouvernementaux - L\u2019Alliance des villes des Grands Lacs et du Saint-Laurent\",\"isPartOf\":{\"@id\":\"https:\\\/\\\/glslcities.org\\\/#website\"},\"datePublished\":\"2015-05-22T18:17:35+00:00\",\"dateModified\":\"2019-09-18T18:57:07+00:00\",\"breadcrumb\":{\"@id\":\"https:\\\/\\\/glslcities.org\\\/fr\\\/initiatives\\\/accords-gouvernementaux\\\/#breadcrumb\"},\"inLanguage\":\"fr-FR\",\"potentialAction\":[{\"@type\":\"ReadAction\",\"target\":[\"https:\\\/\\\/glslcities.org\\\/fr\\\/initiatives\\\/accords-gouvernementaux\\\/\"]}]},{\"@type\":\"BreadcrumbList\",\"@id\":\"https:\\\/\\\/glslcities.org\\\/fr\\\/initiatives\\\/accords-gouvernementaux\\\/#breadcrumb\",\"itemListElement\":[{\"@type\":\"ListItem\",\"position\":1,\"name\":\"Home\",\"item\":\"https:\\\/\\\/glslcities.org\\\/fr\\\/\"},{\"@type\":\"ListItem\",\"position\":2,\"name\":\"Initiatives\",\"item\":\"https:\\\/\\\/glslcities.org\\\/fr\\\/initiatives\\\/\"},{\"@type\":\"ListItem\",\"position\":3,\"name\":\"Accords gouvernementaux\"}]},{\"@type\":\"WebSite\",\"@id\":\"https:\\\/\\\/glslcities.org\\\/#website\",\"url\":\"https:\\\/\\\/glslcities.org\\\/\",\"name\":\"L\u2019Alliance des villes des Grands Lacs et du Saint-Laurent\",\"description\":\"Des maires unis pour prot\u00e9ger et restaurer les Grands Lacs et le Saint-Laurent\",\"potentialAction\":[{\"@type\":\"SearchAction\",\"target\":{\"@type\":\"EntryPoint\",\"urlTemplate\":\"https:\\\/\\\/glslcities.org\\\/?s={search_term_string}\"},\"query-input\":{\"@type\":\"PropertyValueSpecification\",\"valueRequired\":true,\"valueName\":\"search_term_string\"}}],\"inLanguage\":\"fr-FR\"}]}<\/script>\n<!-- \/ Yoast SEO plugin. -->","yoast_head_json":{"title":"Accords gouvernementaux - L\u2019Alliance des villes des Grands Lacs et du Saint-Laurent","robots":{"index":"index","follow":"follow","max-snippet":"max-snippet:-1","max-image-preview":"max-image-preview:large","max-video-preview":"max-video-preview:-1"},"canonical":"https:\/\/glslcities.org\/fr\/initiatives\/accords-gouvernementaux\/","og_locale":"fr_FR","og_type":"article","og_title":"Accords gouvernementaux - L\u2019Alliance des villes des Grands Lacs et du Saint-Laurent","og_description":"L\u2019Alliance reconnait diff\u00e9rents accords et ententes entre des gouvernements locaux, provinciaux, d\u2019\u00e9tats, f\u00e9d\u00e9raux et internationaux au sujet des Grands Lacs et du Saint-Laurent. L\u2019Alliance tente de s&rsquo;assurer que les normes propos\u00e9es soient dans les meilleurs int\u00e9r\u00eats des citoyens de la r\u00e9gion des Grands Lacs et du Saint-Laurent ainsi que dans l\u2019int\u00e9r\u00eat de la sant\u00e9 de... Read More about \"Accords gouvernementaux\"","og_url":"https:\/\/glslcities.org\/fr\/initiatives\/accords-gouvernementaux\/","og_site_name":"L\u2019Alliance des villes des Grands Lacs et du Saint-Laurent","article_modified_time":"2019-09-18T18:57:07+00:00","og_image":[{"width":1200,"height":630,"url":"https:\/\/glslcities.org\/wp-content\/uploads\/2020\/01\/great-lakes-social.png","type":"image\/png"}],"twitter_card":"summary_large_image","twitter_misc":{"Dur\u00e9e de lecture estim\u00e9e":"1 minute"},"schema":{"@context":"https:\/\/schema.org","@graph":[{"@type":"WebPage","@id":"https:\/\/glslcities.org\/fr\/initiatives\/accords-gouvernementaux\/","url":"https:\/\/glslcities.org\/fr\/initiatives\/accords-gouvernementaux\/","name":"Accords gouvernementaux - L\u2019Alliance des villes des Grands Lacs et du Saint-Laurent","isPartOf":{"@id":"https:\/\/glslcities.org\/#website"},"datePublished":"2015-05-22T18:17:35+00:00","dateModified":"2019-09-18T18:57:07+00:00","breadcrumb":{"@id":"https:\/\/glslcities.org\/fr\/initiatives\/accords-gouvernementaux\/#breadcrumb"},"inLanguage":"fr-FR","potentialAction":[{"@type":"ReadAction","target":["https:\/\/glslcities.org\/fr\/initiatives\/accords-gouvernementaux\/"]}]},{"@type":"BreadcrumbList","@id":"https:\/\/glslcities.org\/fr\/initiatives\/accords-gouvernementaux\/#breadcrumb","itemListElement":[{"@type":"ListItem","position":1,"name":"Home","item":"https:\/\/glslcities.org\/fr\/"},{"@type":"ListItem","position":2,"name":"Initiatives","item":"https:\/\/glslcities.org\/fr\/initiatives\/"},{"@type":"ListItem","position":3,"name":"Accords gouvernementaux"}]},{"@type":"WebSite","@id":"https:\/\/glslcities.org\/#website","url":"https:\/\/glslcities.org\/","name":"L\u2019Alliance des villes des Grands Lacs et du Saint-Laurent","description":"Des maires unis pour prot\u00e9ger et restaurer les Grands Lacs et le Saint-Laurent","potentialAction":[{"@type":"SearchAction","target":{"@type":"EntryPoint","urlTemplate":"https:\/\/glslcities.org\/?s={search_term_string}"},"query-input":{"@type":"PropertyValueSpecification","valueRequired":true,"valueName":"search_term_string"}}],"inLanguage":"fr-FR"}]}},"_links":{"self":[{"href":"https:\/\/glslcities.org\/fr\/wp-json\/wp\/v2\/pages\/1320","targetHints":{"allow":["GET"]}}],"collection":[{"href":"https:\/\/glslcities.org\/fr\/wp-json\/wp\/v2\/pages"}],"about":[{"href":"https:\/\/glslcities.org\/fr\/wp-json\/wp\/v2\/types\/page"}],"author":[{"embeddable":true,"href":"https:\/\/glslcities.org\/fr\/wp-json\/wp\/v2\/users\/1"}],"replies":[{"embeddable":true,"href":"https:\/\/glslcities.org\/fr\/wp-json\/wp\/v2\/comments?post=1320"}],"version-history":[{"count":3,"href":"https:\/\/glslcities.org\/fr\/wp-json\/wp\/v2\/pages\/1320\/revisions"}],"predecessor-version":[{"id":9240,"href":"https:\/\/glslcities.org\/fr\/wp-json\/wp\/v2\/pages\/1320\/revisions\/9240"}],"up":[{"embeddable":true,"href":"https:\/\/glslcities.org\/fr\/wp-json\/wp\/v2\/pages\/1300"}],"wp:attachment":[{"href":"https:\/\/glslcities.org\/fr\/wp-json\/wp\/v2\/media?parent=1320"}],"curies":[{"name":"wp","href":"https:\/\/api.w.org\/{rel}","templated":true}]}}