{"id":1324,"date":"2015-05-22T14:19:38","date_gmt":"2015-05-22T18:19:38","guid":{"rendered":"http:\/\/glslcities.org\/?page_id=1324"},"modified":"2015-06-09T00:22:46","modified_gmt":"2015-06-09T04:22:46","slug":"grands-lacs-belles-plages","status":"publish","type":"page","link":"https:\/\/glslcities.org\/fr\/initiatives\/initiatives-anterieures\/grands-lacs-belles-plages\/","title":{"rendered":"Grands Lacs, belles plages"},"content":{"rendered":"<p><strong>L&rsquo;initiative Grands Lacs, belles plages :<\/strong><\/p>\n<ul>\n<li>\u00e9tablira un lien entre les groupes, les gestionnaires de plages et de c\u00f4tes et leurs homologues, autour des lacs et au-del\u00e0 de la fronti\u00e8re, afin que ceux-ci puissent apprendre les uns aupr\u00e8s des autres, se partager leurs recettes de r\u00e9ussite et discuter de leurs techniques et innovations en mati\u00e8re de gestion des plages et des c\u00f4tes;<\/li>\n<li>fournira aux gestionnaires de plages et aux fonctionnaires provinciaux responsables de la gestion des plages et c\u00f4tes en Ontario un forum favorisant la discussion au sujet des enjeux communs;<\/li>\n<li>agira comme un \u00ab babillard \u00bb pour les activit\u00e9s et \u00e9v\u00e9nements relatifs aux plages;<\/li>\n<li>pr\u00e9sentera de la formation et des s\u00e9minaires Web sur des sujets d&rsquo;int\u00e9r\u00eat li\u00e9s aux plages et c\u00f4tes;<\/li>\n<li>favorisera un travail commun pour am\u00e9liorer la promotion des plages et des c\u00f4tes.<\/li>\n<\/ul>\n<p><strong>Les travaux dans le cadre de l&rsquo;initiative ont d\u00e9j\u00e0 \u00e9t\u00e9 mis en branle :<\/strong><\/p>\n<p><span style=\"line-height: 1.5;\">1. L&rsquo;Alliance des villes est activement impliqu\u00e9e dans des travaux ax\u00e9s sur les plages des Grands Lacs aux \u00c9tats-Unis, notamment dans le cadre de la Strat\u00e9gie r\u00e9gionale de collaboration<\/span><\/p>\n<p style=\"line-height: 1.5;\">2.\u00a0L&rsquo;Alliance des villes, de concert avec d&rsquo;autres groupes, a particip\u00e9 \u00e0 l&rsquo;\u00e9laboration d&rsquo;un outil d&rsquo;\u00e9valuation des plages pour aider \u00e0 comprendre les sources de contamination des plages<\/p>\n<p style=\"line-height: 1.5;\">3.\u00a0L&rsquo;Alliance des villes participe aux travaux de la Commission mixte internationale sur les plages<\/p>\n<p style=\"line-height: 1.5;\">4.\u00a0L&rsquo;Alliance des villes et la Commission des Grands Lacs ont \u00e9labor\u00e9 un sommaire des avantages \u00e9conomiques des plages des Grands Lacs<\/p>\n<p style=\"line-height: 1.5;\">5.\u00a0L&rsquo;Alliance des villes a pr\u00e9sent\u00e9 conjointement, avec la province de l&rsquo;Ontario, un atelier sur les plages et c\u00f4tes des Grands Lacs en avril 2010<\/p>\n<p style=\"line-height: 1.5;\">6.\u00a0L&rsquo;Alliance des villes rassemble et partage des exemples \u00e0 suivre en ce qui a trait aux plages et aux c\u00f4tes<\/p>\n<p>Nous accueillons chaleureusement vos id\u00e9es et votre r\u00e9troaction au sujet de l&rsquo;initiative. Si vous d\u00e9sirez en apprendre davantage ou si vous d\u00e9sirez participer aux travaux de l&rsquo;initiative, veuillez communique avec l&rsquo;Alliance des villes et\u00a0Melissa Soline, au 312 201-4517 ou au\u00a0<a href=\"mailto:melissa.soline@glslcites.org\">melissa.soline@glslcites.org<\/a><\/p>\n","protected":false},"excerpt":{"rendered":"<p>L&rsquo;initiative Grands Lacs, belles plages : \u00e9tablira un lien entre les groupes, les gestionnaires de plages et de c\u00f4tes et leurs homologues, autour des lacs et au-del\u00e0 de la fronti\u00e8re, afin que ceux-ci puissent apprendre les uns aupr\u00e8s des autres, se partager leurs recettes de r\u00e9ussite et discuter de leurs techniques et innovations en mati\u00e8re&#8230; <a class=\"read-more\" href=\"https:\/\/glslcities.org\/fr\/initiatives\/initiatives-anterieures\/grands-lacs-belles-plages\/\">Read More<span class=\"hidden\"> about \u00ab\u00a0Grands Lacs, belles plages\u00a0\u00bb<\/span><\/a><\/p>\n","protected":false},"author":1,"featured_media":0,"parent":1322,"menu_order":0,"comment_status":"open","ping_status":"open","template":"","meta":{"_acf_changed":false,"footnotes":""},"class_list":["post-1324","page","type-page","status-publish","hentry"],"acf":[],"yoast_head":"<!-- This site is optimized with the Yoast SEO plugin v27.4 - https:\/\/yoast.com\/product\/yoast-seo-wordpress\/ -->\n<title>Grands Lacs, belles plages - L\u2019Alliance des villes des Grands Lacs et du Saint-Laurent<\/title>\n<meta name=\"robots\" content=\"index, follow, max-snippet:-1, max-image-preview:large, max-video-preview:-1\" \/>\n<link rel=\"canonical\" href=\"https:\/\/glslcities.org\/fr\/initiatives\/initiatives-anterieures\/grands-lacs-belles-plages\/\" \/>\n<meta property=\"og:locale\" content=\"fr_FR\" \/>\n<meta property=\"og:type\" content=\"article\" \/>\n<meta property=\"og:title\" content=\"Grands Lacs, belles plages - L\u2019Alliance des villes des Grands Lacs et du Saint-Laurent\" \/>\n<meta property=\"og:description\" content=\"L&rsquo;initiative Grands Lacs, belles plages : \u00e9tablira un lien entre les groupes, les gestionnaires de plages et de c\u00f4tes et leurs homologues, autour des lacs et au-del\u00e0 de la fronti\u00e8re, afin que ceux-ci puissent apprendre les uns aupr\u00e8s des autres, se partager leurs recettes de r\u00e9ussite et discuter de leurs techniques et innovations en mati\u00e8re... Read More about &quot;Grands Lacs, belles plages&quot;\" \/>\n<meta property=\"og:url\" content=\"https:\/\/glslcities.org\/fr\/initiatives\/initiatives-anterieures\/grands-lacs-belles-plages\/\" \/>\n<meta property=\"og:site_name\" content=\"L\u2019Alliance des villes des Grands Lacs et du Saint-Laurent\" \/>\n<meta property=\"article:modified_time\" content=\"2015-06-09T04:22:46+00:00\" \/>\n<meta property=\"og:image\" content=\"https:\/\/glslcities.org\/wp-content\/uploads\/2020\/01\/great-lakes-social.png\" \/>\n\t<meta property=\"og:image:width\" content=\"1200\" \/>\n\t<meta property=\"og:image:height\" content=\"630\" \/>\n\t<meta property=\"og:image:type\" content=\"image\/png\" \/>\n<meta name=\"twitter:card\" content=\"summary_large_image\" \/>\n<meta name=\"twitter:label1\" content=\"Dur\u00e9e de lecture estim\u00e9e\" \/>\n\t<meta name=\"twitter:data1\" content=\"2 minutes\" \/>\n<script type=\"application\/ld+json\" class=\"yoast-schema-graph\">{\"@context\":\"https:\\\/\\\/schema.org\",\"@graph\":[{\"@type\":\"WebPage\",\"@id\":\"https:\\\/\\\/glslcities.org\\\/fr\\\/initiatives\\\/initiatives-anterieures\\\/grands-lacs-belles-plages\\\/\",\"url\":\"https:\\\/\\\/glslcities.org\\\/fr\\\/initiatives\\\/initiatives-anterieures\\\/grands-lacs-belles-plages\\\/\",\"name\":\"Grands Lacs, belles plages - L\u2019Alliance des villes des Grands Lacs et du Saint-Laurent\",\"isPartOf\":{\"@id\":\"https:\\\/\\\/glslcities.org\\\/#website\"},\"datePublished\":\"2015-05-22T18:19:38+00:00\",\"dateModified\":\"2015-06-09T04:22:46+00:00\",\"breadcrumb\":{\"@id\":\"https:\\\/\\\/glslcities.org\\\/fr\\\/initiatives\\\/initiatives-anterieures\\\/grands-lacs-belles-plages\\\/#breadcrumb\"},\"inLanguage\":\"fr-FR\",\"potentialAction\":[{\"@type\":\"ReadAction\",\"target\":[\"https:\\\/\\\/glslcities.org\\\/fr\\\/initiatives\\\/initiatives-anterieures\\\/grands-lacs-belles-plages\\\/\"]}]},{\"@type\":\"BreadcrumbList\",\"@id\":\"https:\\\/\\\/glslcities.org\\\/fr\\\/initiatives\\\/initiatives-anterieures\\\/grands-lacs-belles-plages\\\/#breadcrumb\",\"itemListElement\":[{\"@type\":\"ListItem\",\"position\":1,\"name\":\"Home\",\"item\":\"https:\\\/\\\/glslcities.org\\\/fr\\\/\"},{\"@type\":\"ListItem\",\"position\":2,\"name\":\"Initiatives\",\"item\":\"https:\\\/\\\/glslcities.org\\\/fr\\\/initiatives\\\/\"},{\"@type\":\"ListItem\",\"position\":3,\"name\":\"Initiatives ant\u00e9rieures\",\"item\":\"https:\\\/\\\/glslcities.org\\\/fr\\\/initiatives\\\/initiatives-anterieures\\\/\"},{\"@type\":\"ListItem\",\"position\":4,\"name\":\"Grands Lacs, belles plages\"}]},{\"@type\":\"WebSite\",\"@id\":\"https:\\\/\\\/glslcities.org\\\/#website\",\"url\":\"https:\\\/\\\/glslcities.org\\\/\",\"name\":\"L\u2019Alliance des villes des Grands Lacs et du Saint-Laurent\",\"description\":\"Des maires unis pour prot\u00e9ger et restaurer les Grands Lacs et le Saint-Laurent\",\"potentialAction\":[{\"@type\":\"SearchAction\",\"target\":{\"@type\":\"EntryPoint\",\"urlTemplate\":\"https:\\\/\\\/glslcities.org\\\/?s={search_term_string}\"},\"query-input\":{\"@type\":\"PropertyValueSpecification\",\"valueRequired\":true,\"valueName\":\"search_term_string\"}}],\"inLanguage\":\"fr-FR\"}]}<\/script>\n<!-- \/ Yoast SEO plugin. -->","yoast_head_json":{"title":"Grands Lacs, belles plages - L\u2019Alliance des villes des Grands Lacs et du Saint-Laurent","robots":{"index":"index","follow":"follow","max-snippet":"max-snippet:-1","max-image-preview":"max-image-preview:large","max-video-preview":"max-video-preview:-1"},"canonical":"https:\/\/glslcities.org\/fr\/initiatives\/initiatives-anterieures\/grands-lacs-belles-plages\/","og_locale":"fr_FR","og_type":"article","og_title":"Grands Lacs, belles plages - L\u2019Alliance des villes des Grands Lacs et du Saint-Laurent","og_description":"L&rsquo;initiative Grands Lacs, belles plages : \u00e9tablira un lien entre les groupes, les gestionnaires de plages et de c\u00f4tes et leurs homologues, autour des lacs et au-del\u00e0 de la fronti\u00e8re, afin que ceux-ci puissent apprendre les uns aupr\u00e8s des autres, se partager leurs recettes de r\u00e9ussite et discuter de leurs techniques et innovations en mati\u00e8re... Read More about \"Grands Lacs, belles plages\"","og_url":"https:\/\/glslcities.org\/fr\/initiatives\/initiatives-anterieures\/grands-lacs-belles-plages\/","og_site_name":"L\u2019Alliance des villes des Grands Lacs et du Saint-Laurent","article_modified_time":"2015-06-09T04:22:46+00:00","og_image":[{"width":1200,"height":630,"url":"https:\/\/glslcities.org\/wp-content\/uploads\/2020\/01\/great-lakes-social.png","type":"image\/png"}],"twitter_card":"summary_large_image","twitter_misc":{"Dur\u00e9e de lecture estim\u00e9e":"2 minutes"},"schema":{"@context":"https:\/\/schema.org","@graph":[{"@type":"WebPage","@id":"https:\/\/glslcities.org\/fr\/initiatives\/initiatives-anterieures\/grands-lacs-belles-plages\/","url":"https:\/\/glslcities.org\/fr\/initiatives\/initiatives-anterieures\/grands-lacs-belles-plages\/","name":"Grands Lacs, belles plages - L\u2019Alliance des villes des Grands Lacs et du Saint-Laurent","isPartOf":{"@id":"https:\/\/glslcities.org\/#website"},"datePublished":"2015-05-22T18:19:38+00:00","dateModified":"2015-06-09T04:22:46+00:00","breadcrumb":{"@id":"https:\/\/glslcities.org\/fr\/initiatives\/initiatives-anterieures\/grands-lacs-belles-plages\/#breadcrumb"},"inLanguage":"fr-FR","potentialAction":[{"@type":"ReadAction","target":["https:\/\/glslcities.org\/fr\/initiatives\/initiatives-anterieures\/grands-lacs-belles-plages\/"]}]},{"@type":"BreadcrumbList","@id":"https:\/\/glslcities.org\/fr\/initiatives\/initiatives-anterieures\/grands-lacs-belles-plages\/#breadcrumb","itemListElement":[{"@type":"ListItem","position":1,"name":"Home","item":"https:\/\/glslcities.org\/fr\/"},{"@type":"ListItem","position":2,"name":"Initiatives","item":"https:\/\/glslcities.org\/fr\/initiatives\/"},{"@type":"ListItem","position":3,"name":"Initiatives ant\u00e9rieures","item":"https:\/\/glslcities.org\/fr\/initiatives\/initiatives-anterieures\/"},{"@type":"ListItem","position":4,"name":"Grands Lacs, belles plages"}]},{"@type":"WebSite","@id":"https:\/\/glslcities.org\/#website","url":"https:\/\/glslcities.org\/","name":"L\u2019Alliance des villes des Grands Lacs et du Saint-Laurent","description":"Des maires unis pour prot\u00e9ger et restaurer les Grands Lacs et le Saint-Laurent","potentialAction":[{"@type":"SearchAction","target":{"@type":"EntryPoint","urlTemplate":"https:\/\/glslcities.org\/?s={search_term_string}"},"query-input":{"@type":"PropertyValueSpecification","valueRequired":true,"valueName":"search_term_string"}}],"inLanguage":"fr-FR"}]}},"_links":{"self":[{"href":"https:\/\/glslcities.org\/fr\/wp-json\/wp\/v2\/pages\/1324","targetHints":{"allow":["GET"]}}],"collection":[{"href":"https:\/\/glslcities.org\/fr\/wp-json\/wp\/v2\/pages"}],"about":[{"href":"https:\/\/glslcities.org\/fr\/wp-json\/wp\/v2\/types\/page"}],"author":[{"embeddable":true,"href":"https:\/\/glslcities.org\/fr\/wp-json\/wp\/v2\/users\/1"}],"replies":[{"embeddable":true,"href":"https:\/\/glslcities.org\/fr\/wp-json\/wp\/v2\/comments?post=1324"}],"version-history":[{"count":4,"href":"https:\/\/glslcities.org\/fr\/wp-json\/wp\/v2\/pages\/1324\/revisions"}],"predecessor-version":[{"id":1948,"href":"https:\/\/glslcities.org\/fr\/wp-json\/wp\/v2\/pages\/1324\/revisions\/1948"}],"up":[{"embeddable":true,"href":"https:\/\/glslcities.org\/fr\/wp-json\/wp\/v2\/pages\/1322"}],"wp:attachment":[{"href":"https:\/\/glslcities.org\/fr\/wp-json\/wp\/v2\/media?parent=1324"}],"curies":[{"name":"wp","href":"https:\/\/api.w.org\/{rel}","templated":true}]}}