{"id":1328,"date":"2015-05-22T14:21:16","date_gmt":"2015-05-22T18:21:16","guid":{"rendered":"http:\/\/glslcities.org\/?page_id=1328"},"modified":"2016-05-19T15:25:54","modified_gmt":"2016-05-19T19:25:54","slug":"oil-transport-2","status":"publish","type":"page","link":"https:\/\/glslcities.org\/fr\/initiatives\/oil-transport-2\/","title":{"rendered":"Transport du p\u00e9trole"},"content":{"rendered":"<p>Les maires et les dirigeants municipaux sont de plus en plus pr\u00e9occup\u00e9s par le transport du p\u00e9trole dans la r\u00e9gion des Grands Lacs et du Saint-Laurent. Depuis le r\u00e9cent boom du p\u00e9trole de Bakken au Dakota-du-Nord, le d\u00e9veloppement du transport du p\u00e9trole par train, navire et ol\u00e9oduc a augment\u00e9 de fa\u00e7on spectaculaire. Ces modes de transport de p\u00e9trole comportent des risques \u00e0 court et long termes pour la sant\u00e9 des communaut\u00e9s. Les d\u00e9versements lors de bris de pipelines peuvent endommager les cours d&rsquo;eau et d&rsquo;autres zones naturelles; les d\u00e9versements en milieu maritime constituent des menaces pour la sant\u00e9 des grandes \u00e9tendues d&rsquo;eau, y compris les Grands Lacs eux-m\u00eames; et les accidents de train peuvent provoquer des incendies, des explosions et des d\u00e9c\u00e8s, ce qui les rend particuli\u00e8rement dangereux en zones peupl\u00e9es.<\/p>\n<p>En juin 2015, l\u2019Alliance a fait une demande afin d&rsquo;obtenir le statut d\u2019intervenant lors\u00a0du\u00a0processus pour le projet \u00c9nergie Est de TransCanada Pipeline aupr\u00e8s de l\u2019Office national de l\u2019\u00e9nergie du Canada. Consultez les liens dans le menu \u00e0 gauche pour plus\u00a0d\u2019information.<\/p>\n","protected":false},"excerpt":{"rendered":"<p>Les maires et les dirigeants municipaux sont de plus en plus pr\u00e9occup\u00e9s par le transport du p\u00e9trole dans la r\u00e9gion des Grands Lacs et du Saint-Laurent. Depuis le r\u00e9cent boom du p\u00e9trole de Bakken au Dakota-du-Nord, le d\u00e9veloppement du transport du p\u00e9trole par train, navire et ol\u00e9oduc a augment\u00e9 de fa\u00e7on spectaculaire. Ces modes de&#8230; <a class=\"read-more\" href=\"https:\/\/glslcities.org\/fr\/initiatives\/oil-transport-2\/\">Read More<span class=\"hidden\"> about \u00ab\u00a0Transport du p\u00e9trole\u00a0\u00bb<\/span><\/a><\/p>\n","protected":false},"author":1,"featured_media":0,"parent":1300,"menu_order":50,"comment_status":"open","ping_status":"closed","template":"","meta":{"_acf_changed":false,"footnotes":""},"class_list":["post-1328","page","type-page","status-publish","hentry"],"acf":[],"yoast_head":"<!-- This site is optimized with the Yoast SEO plugin v27.3 - https:\/\/yoast.com\/product\/yoast-seo-wordpress\/ -->\n<title>Transport du p\u00e9trole - L\u2019Alliance des villes des Grands Lacs et du Saint-Laurent<\/title>\n<meta name=\"robots\" content=\"index, follow, max-snippet:-1, max-image-preview:large, max-video-preview:-1\" \/>\n<link rel=\"canonical\" href=\"https:\/\/glslcities.org\/fr\/initiatives\/oil-transport-2\/\" \/>\n<meta property=\"og:locale\" content=\"fr_FR\" \/>\n<meta property=\"og:type\" content=\"article\" \/>\n<meta property=\"og:title\" content=\"Transport du p\u00e9trole - L\u2019Alliance des villes des Grands Lacs et du Saint-Laurent\" \/>\n<meta property=\"og:description\" content=\"Les maires et les dirigeants municipaux sont de plus en plus pr\u00e9occup\u00e9s par le transport du p\u00e9trole dans la r\u00e9gion des Grands Lacs et du Saint-Laurent. Depuis le r\u00e9cent boom du p\u00e9trole de Bakken au Dakota-du-Nord, le d\u00e9veloppement du transport du p\u00e9trole par train, navire et ol\u00e9oduc a augment\u00e9 de fa\u00e7on spectaculaire. Ces modes de... Read More about &quot;Transport du p\u00e9trole&quot;\" \/>\n<meta property=\"og:url\" content=\"https:\/\/glslcities.org\/fr\/initiatives\/oil-transport-2\/\" \/>\n<meta property=\"og:site_name\" content=\"L\u2019Alliance des villes des Grands Lacs et du Saint-Laurent\" \/>\n<meta property=\"article:modified_time\" content=\"2016-05-19T19:25:54+00:00\" \/>\n<meta property=\"og:image\" content=\"https:\/\/glslcities.org\/wp-content\/uploads\/2020\/01\/great-lakes-social.png\" \/>\n\t<meta property=\"og:image:width\" content=\"1200\" \/>\n\t<meta property=\"og:image:height\" content=\"630\" \/>\n\t<meta property=\"og:image:type\" content=\"image\/png\" \/>\n<meta name=\"twitter:card\" content=\"summary_large_image\" \/>\n<meta name=\"twitter:label1\" content=\"Dur\u00e9e de lecture estim\u00e9e\" \/>\n\t<meta name=\"twitter:data1\" content=\"1 minute\" \/>\n<script type=\"application\/ld+json\" class=\"yoast-schema-graph\">{\"@context\":\"https:\\\/\\\/schema.org\",\"@graph\":[{\"@type\":\"WebPage\",\"@id\":\"https:\\\/\\\/glslcities.org\\\/fr\\\/initiatives\\\/oil-transport-2\\\/\",\"url\":\"https:\\\/\\\/glslcities.org\\\/fr\\\/initiatives\\\/oil-transport-2\\\/\",\"name\":\"Transport du p\u00e9trole - L\u2019Alliance des villes des Grands Lacs et du Saint-Laurent\",\"isPartOf\":{\"@id\":\"https:\\\/\\\/glslcities.org\\\/#website\"},\"datePublished\":\"2015-05-22T18:21:16+00:00\",\"dateModified\":\"2016-05-19T19:25:54+00:00\",\"breadcrumb\":{\"@id\":\"https:\\\/\\\/glslcities.org\\\/fr\\\/initiatives\\\/oil-transport-2\\\/#breadcrumb\"},\"inLanguage\":\"fr-FR\",\"potentialAction\":[{\"@type\":\"ReadAction\",\"target\":[\"https:\\\/\\\/glslcities.org\\\/fr\\\/initiatives\\\/oil-transport-2\\\/\"]}]},{\"@type\":\"BreadcrumbList\",\"@id\":\"https:\\\/\\\/glslcities.org\\\/fr\\\/initiatives\\\/oil-transport-2\\\/#breadcrumb\",\"itemListElement\":[{\"@type\":\"ListItem\",\"position\":1,\"name\":\"Home\",\"item\":\"https:\\\/\\\/glslcities.org\\\/fr\\\/\"},{\"@type\":\"ListItem\",\"position\":2,\"name\":\"Initiatives\",\"item\":\"https:\\\/\\\/glslcities.org\\\/fr\\\/initiatives\\\/\"},{\"@type\":\"ListItem\",\"position\":3,\"name\":\"Transport du p\u00e9trole\"}]},{\"@type\":\"WebSite\",\"@id\":\"https:\\\/\\\/glslcities.org\\\/#website\",\"url\":\"https:\\\/\\\/glslcities.org\\\/\",\"name\":\"L\u2019Alliance des villes des Grands Lacs et du Saint-Laurent\",\"description\":\"Des maires unis pour prot\u00e9ger et restaurer les Grands Lacs et le Saint-Laurent\",\"potentialAction\":[{\"@type\":\"SearchAction\",\"target\":{\"@type\":\"EntryPoint\",\"urlTemplate\":\"https:\\\/\\\/glslcities.org\\\/?s={search_term_string}\"},\"query-input\":{\"@type\":\"PropertyValueSpecification\",\"valueRequired\":true,\"valueName\":\"search_term_string\"}}],\"inLanguage\":\"fr-FR\"}]}<\/script>\n<!-- \/ Yoast SEO plugin. -->","yoast_head_json":{"title":"Transport du p\u00e9trole - L\u2019Alliance des villes des Grands Lacs et du Saint-Laurent","robots":{"index":"index","follow":"follow","max-snippet":"max-snippet:-1","max-image-preview":"max-image-preview:large","max-video-preview":"max-video-preview:-1"},"canonical":"https:\/\/glslcities.org\/fr\/initiatives\/oil-transport-2\/","og_locale":"fr_FR","og_type":"article","og_title":"Transport du p\u00e9trole - L\u2019Alliance des villes des Grands Lacs et du Saint-Laurent","og_description":"Les maires et les dirigeants municipaux sont de plus en plus pr\u00e9occup\u00e9s par le transport du p\u00e9trole dans la r\u00e9gion des Grands Lacs et du Saint-Laurent. Depuis le r\u00e9cent boom du p\u00e9trole de Bakken au Dakota-du-Nord, le d\u00e9veloppement du transport du p\u00e9trole par train, navire et ol\u00e9oduc a augment\u00e9 de fa\u00e7on spectaculaire. Ces modes de... Read More about \"Transport du p\u00e9trole\"","og_url":"https:\/\/glslcities.org\/fr\/initiatives\/oil-transport-2\/","og_site_name":"L\u2019Alliance des villes des Grands Lacs et du Saint-Laurent","article_modified_time":"2016-05-19T19:25:54+00:00","og_image":[{"width":1200,"height":630,"url":"https:\/\/glslcities.org\/wp-content\/uploads\/2020\/01\/great-lakes-social.png","type":"image\/png"}],"twitter_card":"summary_large_image","twitter_misc":{"Dur\u00e9e de lecture estim\u00e9e":"1 minute"},"schema":{"@context":"https:\/\/schema.org","@graph":[{"@type":"WebPage","@id":"https:\/\/glslcities.org\/fr\/initiatives\/oil-transport-2\/","url":"https:\/\/glslcities.org\/fr\/initiatives\/oil-transport-2\/","name":"Transport du p\u00e9trole - L\u2019Alliance des villes des Grands Lacs et du Saint-Laurent","isPartOf":{"@id":"https:\/\/glslcities.org\/#website"},"datePublished":"2015-05-22T18:21:16+00:00","dateModified":"2016-05-19T19:25:54+00:00","breadcrumb":{"@id":"https:\/\/glslcities.org\/fr\/initiatives\/oil-transport-2\/#breadcrumb"},"inLanguage":"fr-FR","potentialAction":[{"@type":"ReadAction","target":["https:\/\/glslcities.org\/fr\/initiatives\/oil-transport-2\/"]}]},{"@type":"BreadcrumbList","@id":"https:\/\/glslcities.org\/fr\/initiatives\/oil-transport-2\/#breadcrumb","itemListElement":[{"@type":"ListItem","position":1,"name":"Home","item":"https:\/\/glslcities.org\/fr\/"},{"@type":"ListItem","position":2,"name":"Initiatives","item":"https:\/\/glslcities.org\/fr\/initiatives\/"},{"@type":"ListItem","position":3,"name":"Transport du p\u00e9trole"}]},{"@type":"WebSite","@id":"https:\/\/glslcities.org\/#website","url":"https:\/\/glslcities.org\/","name":"L\u2019Alliance des villes des Grands Lacs et du Saint-Laurent","description":"Des maires unis pour prot\u00e9ger et restaurer les Grands Lacs et le Saint-Laurent","potentialAction":[{"@type":"SearchAction","target":{"@type":"EntryPoint","urlTemplate":"https:\/\/glslcities.org\/?s={search_term_string}"},"query-input":{"@type":"PropertyValueSpecification","valueRequired":true,"valueName":"search_term_string"}}],"inLanguage":"fr-FR"}]}},"_links":{"self":[{"href":"https:\/\/glslcities.org\/fr\/wp-json\/wp\/v2\/pages\/1328","targetHints":{"allow":["GET"]}}],"collection":[{"href":"https:\/\/glslcities.org\/fr\/wp-json\/wp\/v2\/pages"}],"about":[{"href":"https:\/\/glslcities.org\/fr\/wp-json\/wp\/v2\/types\/page"}],"author":[{"embeddable":true,"href":"https:\/\/glslcities.org\/fr\/wp-json\/wp\/v2\/users\/1"}],"replies":[{"embeddable":true,"href":"https:\/\/glslcities.org\/fr\/wp-json\/wp\/v2\/comments?post=1328"}],"version-history":[{"count":5,"href":"https:\/\/glslcities.org\/fr\/wp-json\/wp\/v2\/pages\/1328\/revisions"}],"predecessor-version":[{"id":6283,"href":"https:\/\/glslcities.org\/fr\/wp-json\/wp\/v2\/pages\/1328\/revisions\/6283"}],"up":[{"embeddable":true,"href":"https:\/\/glslcities.org\/fr\/wp-json\/wp\/v2\/pages\/1300"}],"wp:attachment":[{"href":"https:\/\/glslcities.org\/fr\/wp-json\/wp\/v2\/media?parent=1328"}],"curies":[{"name":"wp","href":"https:\/\/api.w.org\/{rel}","templated":true}]}}