{"id":1331,"date":"2015-05-22T14:24:17","date_gmt":"2015-05-22T18:24:17","guid":{"rendered":"http:\/\/glslcities.org\/?page_id=1331"},"modified":"2019-09-18T15:11:46","modified_gmt":"2019-09-18T19:11:46","slug":"resources","status":"publish","type":"page","link":"https:\/\/glslcities.org\/fr\/resources\/","title":{"rendered":"Ressources"},"content":{"rendered":"<p>\u00cates-vous \u00e0 la recherche de statistiques de base\u00a0sur la r\u00e9gion des Grands Lacs et du Saint-Laurent? Voulez-vous d\u00e9couvrir quelles villes dans votre r\u00e9gion ont port\u00e9 des actions\u00a0pour limiter les impacts\u00a0des\u00a0changements climatiques? La section des Ressources de l\u2019Alliance de Villes fournit ces r\u00e9ponses ainsi que d&rsquo;autres informations sous la forme de\u00a0fiches d\u2019information, de\u00a0pr\u00e9sentations, de \u2018webinars\u2019 et\u00a0de\u00a0publications. Vous pouvez aussi y trouver des informations sur les subventions disponibles pour la r\u00e9gion des Grands Lacs et du Saint-Laurent.<\/p>\n<h3>Les Points-Forts des Ressources<\/h3>\n<ul>\n<li><strong>Les Fiches d\u2019Information<\/strong>\u00a0: Information de r\u00e9f\u00e9rence sur les enjeux\u00a0actuels\u00a0et ant\u00e9rieurs\u00a0des Grands Lacs et du Saint-Laurent<\/li>\n<li><strong>Le\u00a0R\u00e9pertoire de pratiques exemplaires<\/strong>\u00a0: Une base de donn\u00e9es des meilleures pratiques, allant de la conservation de l\u2019eau, aux microplastiques, \u00e0 l\u2019adaptation aux changements climatiques. Possibilit\u00e9 de faire une recherche par sujet ou r\u00e9gion.<\/li>\n<li><strong>Les webinaires et pr\u00e9sentations<\/strong> : Les pr\u00e9sentations et \u2018webinars\u2019 archiv\u00e9s du Service de r\u00e9silience et d&rsquo;adaptation municipale, de la Gestion int\u00e9gr\u00e9e de l\u2019eau et plus encore.<\/li>\n<li><strong>Les Publications<\/strong>\u00a0: Les rapports finaux des programmes et initiatives de l\u2019Alliance des Villes<\/li>\n<\/ul>\n","protected":false},"excerpt":{"rendered":"<p>\u00cates-vous \u00e0 la recherche de statistiques de base\u00a0sur la r\u00e9gion des Grands Lacs et du Saint-Laurent? Voulez-vous d\u00e9couvrir quelles villes dans votre r\u00e9gion ont port\u00e9 des actions\u00a0pour limiter les impacts\u00a0des\u00a0changements climatiques? La section des Ressources de l\u2019Alliance de Villes fournit ces r\u00e9ponses ainsi que d&rsquo;autres informations sous la forme de\u00a0fiches d\u2019information, de\u00a0pr\u00e9sentations, de \u2018webinars\u2019 et\u00a0de\u00a0publications&#8230;. <a class=\"read-more\" href=\"https:\/\/glslcities.org\/fr\/resources\/\">Read More<span class=\"hidden\"> about \u00ab\u00a0Ressources\u00a0\u00bb<\/span><\/a><\/p>\n","protected":false},"author":1,"featured_media":0,"parent":0,"menu_order":40,"comment_status":"open","ping_status":"open","template":"","meta":{"_acf_changed":false,"footnotes":""},"class_list":["post-1331","page","type-page","status-publish","hentry"],"acf":[],"yoast_head":"<!-- This site is optimized with the Yoast SEO plugin v27.3 - https:\/\/yoast.com\/product\/yoast-seo-wordpress\/ -->\n<title>Ressources - L\u2019Alliance des villes des Grands Lacs et du Saint-Laurent<\/title>\n<meta name=\"robots\" content=\"index, follow, max-snippet:-1, max-image-preview:large, max-video-preview:-1\" \/>\n<link rel=\"canonical\" href=\"https:\/\/glslcities.org\/fr\/resources\/\" \/>\n<meta property=\"og:locale\" content=\"fr_FR\" \/>\n<meta property=\"og:type\" content=\"article\" \/>\n<meta property=\"og:title\" content=\"Ressources - L\u2019Alliance des villes des Grands Lacs et du Saint-Laurent\" \/>\n<meta property=\"og:description\" content=\"\u00cates-vous \u00e0 la recherche de statistiques de base\u00a0sur la r\u00e9gion des Grands Lacs et du Saint-Laurent? Voulez-vous d\u00e9couvrir quelles villes dans votre r\u00e9gion ont port\u00e9 des actions\u00a0pour limiter les impacts\u00a0des\u00a0changements climatiques? La section des Ressources de l\u2019Alliance de Villes fournit ces r\u00e9ponses ainsi que d&rsquo;autres informations sous la forme de\u00a0fiches d\u2019information, de\u00a0pr\u00e9sentations, de \u2018webinars\u2019 et\u00a0de\u00a0publications.... Read More about &quot;Ressources&quot;\" \/>\n<meta property=\"og:url\" content=\"https:\/\/glslcities.org\/fr\/resources\/\" \/>\n<meta property=\"og:site_name\" content=\"L\u2019Alliance des villes des Grands Lacs et du Saint-Laurent\" \/>\n<meta property=\"article:modified_time\" content=\"2019-09-18T19:11:46+00:00\" \/>\n<meta property=\"og:image\" content=\"https:\/\/glslcities.org\/wp-content\/uploads\/2020\/01\/great-lakes-social.png\" \/>\n\t<meta property=\"og:image:width\" content=\"1200\" \/>\n\t<meta property=\"og:image:height\" content=\"630\" \/>\n\t<meta property=\"og:image:type\" content=\"image\/png\" \/>\n<meta name=\"twitter:card\" content=\"summary_large_image\" \/>\n<meta name=\"twitter:label1\" content=\"Dur\u00e9e de lecture estim\u00e9e\" \/>\n\t<meta name=\"twitter:data1\" content=\"1 minute\" \/>\n<script type=\"application\/ld+json\" class=\"yoast-schema-graph\">{\"@context\":\"https:\\\/\\\/schema.org\",\"@graph\":[{\"@type\":\"WebPage\",\"@id\":\"https:\\\/\\\/glslcities.org\\\/fr\\\/resources\\\/\",\"url\":\"https:\\\/\\\/glslcities.org\\\/fr\\\/resources\\\/\",\"name\":\"Ressources - L\u2019Alliance des villes des Grands Lacs et du Saint-Laurent\",\"isPartOf\":{\"@id\":\"https:\\\/\\\/glslcities.org\\\/#website\"},\"datePublished\":\"2015-05-22T18:24:17+00:00\",\"dateModified\":\"2019-09-18T19:11:46+00:00\",\"breadcrumb\":{\"@id\":\"https:\\\/\\\/glslcities.org\\\/fr\\\/resources\\\/#breadcrumb\"},\"inLanguage\":\"fr-FR\",\"potentialAction\":[{\"@type\":\"ReadAction\",\"target\":[\"https:\\\/\\\/glslcities.org\\\/fr\\\/resources\\\/\"]}]},{\"@type\":\"BreadcrumbList\",\"@id\":\"https:\\\/\\\/glslcities.org\\\/fr\\\/resources\\\/#breadcrumb\",\"itemListElement\":[{\"@type\":\"ListItem\",\"position\":1,\"name\":\"Home\",\"item\":\"https:\\\/\\\/glslcities.org\\\/fr\\\/\"},{\"@type\":\"ListItem\",\"position\":2,\"name\":\"Ressources\"}]},{\"@type\":\"WebSite\",\"@id\":\"https:\\\/\\\/glslcities.org\\\/#website\",\"url\":\"https:\\\/\\\/glslcities.org\\\/\",\"name\":\"L\u2019Alliance des villes des Grands Lacs et du Saint-Laurent\",\"description\":\"Des maires unis pour prot\u00e9ger et restaurer les Grands Lacs et le Saint-Laurent\",\"potentialAction\":[{\"@type\":\"SearchAction\",\"target\":{\"@type\":\"EntryPoint\",\"urlTemplate\":\"https:\\\/\\\/glslcities.org\\\/?s={search_term_string}\"},\"query-input\":{\"@type\":\"PropertyValueSpecification\",\"valueRequired\":true,\"valueName\":\"search_term_string\"}}],\"inLanguage\":\"fr-FR\"}]}<\/script>\n<!-- \/ Yoast SEO plugin. -->","yoast_head_json":{"title":"Ressources - L\u2019Alliance des villes des Grands Lacs et du Saint-Laurent","robots":{"index":"index","follow":"follow","max-snippet":"max-snippet:-1","max-image-preview":"max-image-preview:large","max-video-preview":"max-video-preview:-1"},"canonical":"https:\/\/glslcities.org\/fr\/resources\/","og_locale":"fr_FR","og_type":"article","og_title":"Ressources - L\u2019Alliance des villes des Grands Lacs et du Saint-Laurent","og_description":"\u00cates-vous \u00e0 la recherche de statistiques de base\u00a0sur la r\u00e9gion des Grands Lacs et du Saint-Laurent? Voulez-vous d\u00e9couvrir quelles villes dans votre r\u00e9gion ont port\u00e9 des actions\u00a0pour limiter les impacts\u00a0des\u00a0changements climatiques? La section des Ressources de l\u2019Alliance de Villes fournit ces r\u00e9ponses ainsi que d&rsquo;autres informations sous la forme de\u00a0fiches d\u2019information, de\u00a0pr\u00e9sentations, de \u2018webinars\u2019 et\u00a0de\u00a0publications.... Read More about \"Ressources\"","og_url":"https:\/\/glslcities.org\/fr\/resources\/","og_site_name":"L\u2019Alliance des villes des Grands Lacs et du Saint-Laurent","article_modified_time":"2019-09-18T19:11:46+00:00","og_image":[{"width":1200,"height":630,"url":"https:\/\/glslcities.org\/wp-content\/uploads\/2020\/01\/great-lakes-social.png","type":"image\/png"}],"twitter_card":"summary_large_image","twitter_misc":{"Dur\u00e9e de lecture estim\u00e9e":"1 minute"},"schema":{"@context":"https:\/\/schema.org","@graph":[{"@type":"WebPage","@id":"https:\/\/glslcities.org\/fr\/resources\/","url":"https:\/\/glslcities.org\/fr\/resources\/","name":"Ressources - L\u2019Alliance des villes des Grands Lacs et du Saint-Laurent","isPartOf":{"@id":"https:\/\/glslcities.org\/#website"},"datePublished":"2015-05-22T18:24:17+00:00","dateModified":"2019-09-18T19:11:46+00:00","breadcrumb":{"@id":"https:\/\/glslcities.org\/fr\/resources\/#breadcrumb"},"inLanguage":"fr-FR","potentialAction":[{"@type":"ReadAction","target":["https:\/\/glslcities.org\/fr\/resources\/"]}]},{"@type":"BreadcrumbList","@id":"https:\/\/glslcities.org\/fr\/resources\/#breadcrumb","itemListElement":[{"@type":"ListItem","position":1,"name":"Home","item":"https:\/\/glslcities.org\/fr\/"},{"@type":"ListItem","position":2,"name":"Ressources"}]},{"@type":"WebSite","@id":"https:\/\/glslcities.org\/#website","url":"https:\/\/glslcities.org\/","name":"L\u2019Alliance des villes des Grands Lacs et du Saint-Laurent","description":"Des maires unis pour prot\u00e9ger et restaurer les Grands Lacs et le Saint-Laurent","potentialAction":[{"@type":"SearchAction","target":{"@type":"EntryPoint","urlTemplate":"https:\/\/glslcities.org\/?s={search_term_string}"},"query-input":{"@type":"PropertyValueSpecification","valueRequired":true,"valueName":"search_term_string"}}],"inLanguage":"fr-FR"}]}},"_links":{"self":[{"href":"https:\/\/glslcities.org\/fr\/wp-json\/wp\/v2\/pages\/1331","targetHints":{"allow":["GET"]}}],"collection":[{"href":"https:\/\/glslcities.org\/fr\/wp-json\/wp\/v2\/pages"}],"about":[{"href":"https:\/\/glslcities.org\/fr\/wp-json\/wp\/v2\/types\/page"}],"author":[{"embeddable":true,"href":"https:\/\/glslcities.org\/fr\/wp-json\/wp\/v2\/users\/1"}],"replies":[{"embeddable":true,"href":"https:\/\/glslcities.org\/fr\/wp-json\/wp\/v2\/comments?post=1331"}],"version-history":[{"count":9,"href":"https:\/\/glslcities.org\/fr\/wp-json\/wp\/v2\/pages\/1331\/revisions"}],"predecessor-version":[{"id":9242,"href":"https:\/\/glslcities.org\/fr\/wp-json\/wp\/v2\/pages\/1331\/revisions\/9242"}],"wp:attachment":[{"href":"https:\/\/glslcities.org\/fr\/wp-json\/wp\/v2\/media?parent=1331"}],"curies":[{"name":"wp","href":"https:\/\/api.w.org\/{rel}","templated":true}]}}