{"id":1333,"date":"2015-05-22T14:24:50","date_gmt":"2015-05-22T18:24:50","guid":{"rendered":"http:\/\/glslcities.org\/?page_id=1333"},"modified":"2019-09-18T15:13:54","modified_gmt":"2019-09-18T19:13:54","slug":"repertoire-des-pratiques-exemplaires","status":"publish","type":"page","link":"https:\/\/glslcities.org\/fr\/resources\/repertoire-des-pratiques-exemplaires\/","title":{"rendered":"R\u00e9pertoire de pratiques exemplaires"},"content":{"rendered":"<p style=\"line-height: 1;\"><span style=\"font-size: small;\">Bienvenue sur le r\u00e9pertoire de pratiques exemplaires de l\u2019Alliance! Pour soumettre une pratique exemplaire provenant de votre municipalit\u00e9,\u00a0<a href=\"http:\/\/glslcities.org\/fr\/resources\/formulaire-dajout-dune-pratique-exemplaire\/\">cliquez ici<\/a>.<\/span><\/p>\n<p style=\"line-height: 1;\"><span style=\"font-size: small;\"><strong>Pour effectuer une recherche dans le r\u00e9pertoire, combinez n\u2019importe laquelle des options suivantes\u00a0:<\/strong><\/span><\/p>\n<ul>\n<li style=\"line-height: 1;\"><span style=\"font-size: small;\"><span style=\"font-size: small;\">\u00c9criture d\u2019un mot dans le champ de recherche<\/span><\/span><\/li>\n<li style=\"line-height: 1;\"><span style=\"font-size: small;\">S\u00e9lection d\u2019une ou de plusieurs cat\u00e9gories pour lesquelles vous aimeriez trouver des ressources.<\/span><\/li>\n<li style=\"line-height: 1;\"><span style=\"font-size: small;\">S\u00e9lection d\u2019un ou de plusieurs mots-cl\u00e9s pour lesquels vous aimeriez trouver des ressources.<\/span><\/li>\n<li style=\"line-height: 1;\"><span style=\"font-size: small;\">Classement des documents sortants par date ou par nom via le menu d\u00e9filant sous le champ de recherche<\/span><\/li>\n<\/ul>\n<p style=\"line-height: 1;\"><span style=\"font-size: small;\">L\u2019Alliance offre aussi une\u00a0<a href=\"http:\/\/glslcities.org\/resources\/best-practices-library\/\">version anglaise<\/a>\u00a0du r\u00e9pertoire contenant des documents diff\u00e9rents; y effectuer une recherche pourrait vous permettre de trouver davantage d\u2019ouvrages pertinents.<\/span><\/p>\n<p style=\"line-height: 1;\"><span style=\"font-size: small;\">Le r\u00e9pertoire de pratiques exemplaires est une base de donn\u00e9es dynamique et interrogeable contenant des exemples de bonnes pratiques, des outils et divers documents d\u2019information qui sont sp\u00e9cifiques aux enjeux que peuvent rencontrer les municipalit\u00e9s de la r\u00e9gion des Grands Lacs et du Saint-Laurent. N\u2019h\u00e9sitez pas \u00e0 \u00e9crire vos questions ou vos commentaires \u00e0 Laura Bretheim \u00e0 l\u2019adresse suivante\u00a0:\u00a0<a href=\"mailto:laura.bretheim@glslcities.org\">laura.bretheim@glslcities.org<\/a>.<\/span><\/p>\n<p><iframe loading=\"lazy\" src=\"https:\/\/www.youtube.com\/embed\/Wd3zYGGBc7g\" width=\"560\" height=\"315\" frameborder=\"0\" allowfullscreen=\"allowfullscreen\"><\/iframe><\/p>\n<hr \/>\n","protected":false},"excerpt":{"rendered":"<p>Bienvenue sur le r\u00e9pertoire de pratiques exemplaires de l\u2019Alliance! Pour soumettre une pratique exemplaire provenant de votre municipalit\u00e9,\u00a0cliquez ici. Pour effectuer une recherche dans le r\u00e9pertoire, combinez n\u2019importe laquelle des options suivantes\u00a0: \u00c9criture d\u2019un mot dans le champ de recherche S\u00e9lection d\u2019une ou de plusieurs cat\u00e9gories pour lesquelles vous aimeriez trouver des ressources. S\u00e9lection d\u2019un&#8230; <a class=\"read-more\" href=\"https:\/\/glslcities.org\/fr\/resources\/repertoire-des-pratiques-exemplaires\/\">Read More<span class=\"hidden\"> about \u00ab\u00a0R\u00e9pertoire de pratiques exemplaires\u00a0\u00bb<\/span><\/a><\/p>\n","protected":false},"author":1,"featured_media":0,"parent":1331,"menu_order":10,"comment_status":"open","ping_status":"closed","template":"page-library.php","meta":{"_acf_changed":false,"footnotes":""},"class_list":["post-1333","page","type-page","status-publish","hentry"],"acf":[],"yoast_head":"<!-- This site is optimized with the Yoast SEO plugin v27.3 - https:\/\/yoast.com\/product\/yoast-seo-wordpress\/ -->\n<title>R\u00e9pertoire de pratiques exemplaires - L\u2019Alliance des villes des Grands Lacs et du Saint-Laurent<\/title>\n<meta name=\"robots\" content=\"index, follow, max-snippet:-1, max-image-preview:large, max-video-preview:-1\" \/>\n<link rel=\"canonical\" href=\"https:\/\/glslcities.org\/fr\/resources\/repertoire-des-pratiques-exemplaires\/\" \/>\n<meta property=\"og:locale\" content=\"fr_FR\" \/>\n<meta property=\"og:type\" content=\"article\" \/>\n<meta property=\"og:title\" content=\"R\u00e9pertoire de pratiques exemplaires - L\u2019Alliance des villes des Grands Lacs et du Saint-Laurent\" \/>\n<meta property=\"og:description\" content=\"Bienvenue sur le r\u00e9pertoire de pratiques exemplaires de l\u2019Alliance! Pour soumettre une pratique exemplaire provenant de votre municipalit\u00e9,\u00a0cliquez ici. Pour effectuer une recherche dans le r\u00e9pertoire, combinez n\u2019importe laquelle des options suivantes\u00a0: \u00c9criture d\u2019un mot dans le champ de recherche S\u00e9lection d\u2019une ou de plusieurs cat\u00e9gories pour lesquelles vous aimeriez trouver des ressources. S\u00e9lection d\u2019un... Read More about &quot;R\u00e9pertoire de pratiques exemplaires&quot;\" \/>\n<meta property=\"og:url\" content=\"https:\/\/glslcities.org\/fr\/resources\/repertoire-des-pratiques-exemplaires\/\" \/>\n<meta property=\"og:site_name\" content=\"L\u2019Alliance des villes des Grands Lacs et du Saint-Laurent\" \/>\n<meta property=\"article:modified_time\" content=\"2019-09-18T19:13:54+00:00\" \/>\n<meta property=\"og:image\" content=\"https:\/\/glslcities.org\/wp-content\/uploads\/2020\/01\/great-lakes-social.png\" \/>\n\t<meta property=\"og:image:width\" content=\"1200\" \/>\n\t<meta property=\"og:image:height\" content=\"630\" \/>\n\t<meta property=\"og:image:type\" content=\"image\/png\" \/>\n<meta name=\"twitter:card\" content=\"summary_large_image\" \/>\n<meta name=\"twitter:label1\" content=\"Dur\u00e9e de lecture estim\u00e9e\" \/>\n\t<meta name=\"twitter:data1\" content=\"1 minute\" \/>\n<script type=\"application\/ld+json\" class=\"yoast-schema-graph\">{\"@context\":\"https:\\\/\\\/schema.org\",\"@graph\":[{\"@type\":\"WebPage\",\"@id\":\"https:\\\/\\\/glslcities.org\\\/fr\\\/resources\\\/repertoire-des-pratiques-exemplaires\\\/\",\"url\":\"https:\\\/\\\/glslcities.org\\\/fr\\\/resources\\\/repertoire-des-pratiques-exemplaires\\\/\",\"name\":\"R\u00e9pertoire de pratiques exemplaires - L\u2019Alliance des villes des Grands Lacs et du Saint-Laurent\",\"isPartOf\":{\"@id\":\"https:\\\/\\\/glslcities.org\\\/#website\"},\"datePublished\":\"2015-05-22T18:24:50+00:00\",\"dateModified\":\"2019-09-18T19:13:54+00:00\",\"breadcrumb\":{\"@id\":\"https:\\\/\\\/glslcities.org\\\/fr\\\/resources\\\/repertoire-des-pratiques-exemplaires\\\/#breadcrumb\"},\"inLanguage\":\"fr-FR\",\"potentialAction\":[{\"@type\":\"ReadAction\",\"target\":[\"https:\\\/\\\/glslcities.org\\\/fr\\\/resources\\\/repertoire-des-pratiques-exemplaires\\\/\"]}]},{\"@type\":\"BreadcrumbList\",\"@id\":\"https:\\\/\\\/glslcities.org\\\/fr\\\/resources\\\/repertoire-des-pratiques-exemplaires\\\/#breadcrumb\",\"itemListElement\":[{\"@type\":\"ListItem\",\"position\":1,\"name\":\"Home\",\"item\":\"https:\\\/\\\/glslcities.org\\\/fr\\\/\"},{\"@type\":\"ListItem\",\"position\":2,\"name\":\"Ressources\",\"item\":\"https:\\\/\\\/glslcities.org\\\/fr\\\/resources\\\/\"},{\"@type\":\"ListItem\",\"position\":3,\"name\":\"R\u00e9pertoire de pratiques exemplaires\"}]},{\"@type\":\"WebSite\",\"@id\":\"https:\\\/\\\/glslcities.org\\\/#website\",\"url\":\"https:\\\/\\\/glslcities.org\\\/\",\"name\":\"L\u2019Alliance des villes des Grands Lacs et du Saint-Laurent\",\"description\":\"Des maires unis pour prot\u00e9ger et restaurer les Grands Lacs et le Saint-Laurent\",\"potentialAction\":[{\"@type\":\"SearchAction\",\"target\":{\"@type\":\"EntryPoint\",\"urlTemplate\":\"https:\\\/\\\/glslcities.org\\\/?s={search_term_string}\"},\"query-input\":{\"@type\":\"PropertyValueSpecification\",\"valueRequired\":true,\"valueName\":\"search_term_string\"}}],\"inLanguage\":\"fr-FR\"}]}<\/script>\n<!-- \/ Yoast SEO plugin. -->","yoast_head_json":{"title":"R\u00e9pertoire de pratiques exemplaires - L\u2019Alliance des villes des Grands Lacs et du Saint-Laurent","robots":{"index":"index","follow":"follow","max-snippet":"max-snippet:-1","max-image-preview":"max-image-preview:large","max-video-preview":"max-video-preview:-1"},"canonical":"https:\/\/glslcities.org\/fr\/resources\/repertoire-des-pratiques-exemplaires\/","og_locale":"fr_FR","og_type":"article","og_title":"R\u00e9pertoire de pratiques exemplaires - L\u2019Alliance des villes des Grands Lacs et du Saint-Laurent","og_description":"Bienvenue sur le r\u00e9pertoire de pratiques exemplaires de l\u2019Alliance! Pour soumettre une pratique exemplaire provenant de votre municipalit\u00e9,\u00a0cliquez ici. Pour effectuer une recherche dans le r\u00e9pertoire, combinez n\u2019importe laquelle des options suivantes\u00a0: \u00c9criture d\u2019un mot dans le champ de recherche S\u00e9lection d\u2019une ou de plusieurs cat\u00e9gories pour lesquelles vous aimeriez trouver des ressources. S\u00e9lection d\u2019un... Read More about \"R\u00e9pertoire de pratiques exemplaires\"","og_url":"https:\/\/glslcities.org\/fr\/resources\/repertoire-des-pratiques-exemplaires\/","og_site_name":"L\u2019Alliance des villes des Grands Lacs et du Saint-Laurent","article_modified_time":"2019-09-18T19:13:54+00:00","og_image":[{"width":1200,"height":630,"url":"https:\/\/glslcities.org\/wp-content\/uploads\/2020\/01\/great-lakes-social.png","type":"image\/png"}],"twitter_card":"summary_large_image","twitter_misc":{"Dur\u00e9e de lecture estim\u00e9e":"1 minute"},"schema":{"@context":"https:\/\/schema.org","@graph":[{"@type":"WebPage","@id":"https:\/\/glslcities.org\/fr\/resources\/repertoire-des-pratiques-exemplaires\/","url":"https:\/\/glslcities.org\/fr\/resources\/repertoire-des-pratiques-exemplaires\/","name":"R\u00e9pertoire de pratiques exemplaires - L\u2019Alliance des villes des Grands Lacs et du Saint-Laurent","isPartOf":{"@id":"https:\/\/glslcities.org\/#website"},"datePublished":"2015-05-22T18:24:50+00:00","dateModified":"2019-09-18T19:13:54+00:00","breadcrumb":{"@id":"https:\/\/glslcities.org\/fr\/resources\/repertoire-des-pratiques-exemplaires\/#breadcrumb"},"inLanguage":"fr-FR","potentialAction":[{"@type":"ReadAction","target":["https:\/\/glslcities.org\/fr\/resources\/repertoire-des-pratiques-exemplaires\/"]}]},{"@type":"BreadcrumbList","@id":"https:\/\/glslcities.org\/fr\/resources\/repertoire-des-pratiques-exemplaires\/#breadcrumb","itemListElement":[{"@type":"ListItem","position":1,"name":"Home","item":"https:\/\/glslcities.org\/fr\/"},{"@type":"ListItem","position":2,"name":"Ressources","item":"https:\/\/glslcities.org\/fr\/resources\/"},{"@type":"ListItem","position":3,"name":"R\u00e9pertoire de pratiques exemplaires"}]},{"@type":"WebSite","@id":"https:\/\/glslcities.org\/#website","url":"https:\/\/glslcities.org\/","name":"L\u2019Alliance des villes des Grands Lacs et du Saint-Laurent","description":"Des maires unis pour prot\u00e9ger et restaurer les Grands Lacs et le Saint-Laurent","potentialAction":[{"@type":"SearchAction","target":{"@type":"EntryPoint","urlTemplate":"https:\/\/glslcities.org\/?s={search_term_string}"},"query-input":{"@type":"PropertyValueSpecification","valueRequired":true,"valueName":"search_term_string"}}],"inLanguage":"fr-FR"}]}},"_links":{"self":[{"href":"https:\/\/glslcities.org\/fr\/wp-json\/wp\/v2\/pages\/1333","targetHints":{"allow":["GET"]}}],"collection":[{"href":"https:\/\/glslcities.org\/fr\/wp-json\/wp\/v2\/pages"}],"about":[{"href":"https:\/\/glslcities.org\/fr\/wp-json\/wp\/v2\/types\/page"}],"author":[{"embeddable":true,"href":"https:\/\/glslcities.org\/fr\/wp-json\/wp\/v2\/users\/1"}],"replies":[{"embeddable":true,"href":"https:\/\/glslcities.org\/fr\/wp-json\/wp\/v2\/comments?post=1333"}],"version-history":[{"count":16,"href":"https:\/\/glslcities.org\/fr\/wp-json\/wp\/v2\/pages\/1333\/revisions"}],"predecessor-version":[{"id":9243,"href":"https:\/\/glslcities.org\/fr\/wp-json\/wp\/v2\/pages\/1333\/revisions\/9243"}],"up":[{"embeddable":true,"href":"https:\/\/glslcities.org\/fr\/wp-json\/wp\/v2\/pages\/1331"}],"wp:attachment":[{"href":"https:\/\/glslcities.org\/fr\/wp-json\/wp\/v2\/media?parent=1333"}],"curies":[{"name":"wp","href":"https:\/\/api.w.org\/{rel}","templated":true}]}}