{"id":1335,"date":"2015-05-22T14:26:05","date_gmt":"2015-05-22T18:26:05","guid":{"rendered":"http:\/\/glslcities.org\/?page_id=1335"},"modified":"2026-01-29T09:58:48","modified_gmt":"2026-01-29T14:58:48","slug":"evenements","status":"publish","type":"page","link":"https:\/\/glslcities.org\/fr\/evenements\/","title":{"rendered":"\u00c9v\u00e9nements \u00e0 venir"},"content":{"rendered":"<p>L\u2019\u00e9v\u00e9nement annuel le plus important pour l\u2019Alliance est l\u2019assembl\u00e9e g\u00e9n\u00e9rale et congr\u00e8s, qui se tient dans une ville diff\u00e9rente chaque ann\u00e9e. L\u2019Alliance offre aussi des s\u00e9ries de webinaires chaque ann\u00e9e et quelques rencontres r\u00e9gionales. Les pr\u00e9sentations de l\u2019\u00e9quipe de l\u2019Alliance seront mises en ligne dans cette section du site web.<\/p>\n<p class=\"title\"><strong>3 au 5 mars 2026 :La Journ\u00e9e des Grands Lacs &#8211; Washington, D.C<\/strong>. &#8211; L\u2019Alliance des villes mobilisera de nouveau une d\u00e9l\u00e9gation \u00e0 Washington afin de faire valoir nos priorit\u00e9s f\u00e9d\u00e9rales am\u00e9ricaines en mati\u00e8re de protection de l\u2019eau douce, de croissance \u00e9conomique et <span data-teams=\"true\">d&rsquo;autres<\/span> enjeux cruciaux touchant nos collectivit\u00e9s. Si vous souhaitez y participer, veuillez r\u00e9server ces dates et <a href=\"mailto:galves@glslcities.org\">nous contacter<\/a>.<\/p>\n<p class=\"title\"><strong>6 au 8 mai 2026 : Congr\u00e8s annuel 2026 \u00e0 Hamilton (ON)<\/strong> &#8211; Du 6 au 8 mai 2026, nous nous r\u00e9unirons \u00e0 Hamilton, en Ontario, pour notre prochain congr\u00e8s annuel, alors que nous explorerons le d\u00e9veloppement du Corridor \u00e9conomique de la C\u00f4te douce. L\u2019Alliance des villes des Grands Lacs et du Saint-Laurent s\u2019est engag\u00e9e dans une d\u00e9marche ambitieuse visant \u00e0\u00a0<a title=\"https:\/\/glslcities.org\/fr\/plan-daction-pour-la-transformation-economique\/\" href=\"https:\/\/glslcities.org\/fr\/plan-daction-pour-la-transformation-economique\/\" target=\"_blank\" rel=\"nofollow noopener noreferrer\" data-msys-clicktrack=\"0\">transformer l\u2019\u00e9conomie de notre r\u00e9gion<\/a>, avec l\u2019objectif audacieux de devenir la r\u00e9gion connaissant la croissance la plus rapide en Am\u00e9rique du Nord au cours des dix prochaines ann\u00e9es.\u00a0 <a href=\"https:\/\/glslcities.org\/fr\/evenements\/assemblee-annuelle\/congres-annuel-2026-a-hamilton-on\/\">En savoir plus<\/a>\u00a0et\u00a0<a href=\"https:\/\/www.eventbrite.com\/e\/congres-annuel-2026-6-8-mai-2026-tickets-1979361267835?aff=oddtdtcreator\">s\u2019inscrire<\/a>\u00a0\u00e0 notre \u00e9v\u00e9nement.<\/p>\n<p>&nbsp;<\/p>\n<p>&nbsp;<\/p>\n","protected":false},"excerpt":{"rendered":"<p>L\u2019\u00e9v\u00e9nement annuel le plus important pour l\u2019Alliance est l\u2019assembl\u00e9e g\u00e9n\u00e9rale et congr\u00e8s, qui se tient dans une ville diff\u00e9rente chaque ann\u00e9e. L\u2019Alliance offre aussi des s\u00e9ries de webinaires chaque ann\u00e9e et quelques rencontres r\u00e9gionales. Les pr\u00e9sentations de l\u2019\u00e9quipe de l\u2019Alliance seront mises en ligne dans cette section du site web. 3 au 5 mars 2026&#8230; <a class=\"read-more\" href=\"https:\/\/glslcities.org\/fr\/evenements\/\">Read More<span class=\"hidden\"> about \u00ab\u00a0\u00c9v\u00e9nements \u00e0 venir\u00a0\u00bb<\/span><\/a><\/p>\n","protected":false},"author":1,"featured_media":0,"parent":0,"menu_order":50,"comment_status":"open","ping_status":"open","template":"page-events.php","meta":{"_acf_changed":false,"footnotes":""},"class_list":["post-1335","page","type-page","status-publish","hentry"],"acf":[],"yoast_head":"<!-- This site is optimized with the Yoast SEO plugin v27.4 - https:\/\/yoast.com\/product\/yoast-seo-wordpress\/ -->\n<title>\u00c9v\u00e9nements \u00e0 venir - L\u2019Alliance des villes des Grands Lacs et du Saint-Laurent<\/title>\n<meta name=\"robots\" content=\"index, follow, max-snippet:-1, max-image-preview:large, max-video-preview:-1\" \/>\n<link rel=\"canonical\" href=\"https:\/\/glslcities.org\/fr\/evenements\/\" \/>\n<meta property=\"og:locale\" content=\"fr_FR\" \/>\n<meta property=\"og:type\" content=\"article\" \/>\n<meta property=\"og:title\" content=\"\u00c9v\u00e9nements \u00e0 venir - L\u2019Alliance des villes des Grands Lacs et du Saint-Laurent\" \/>\n<meta property=\"og:description\" content=\"L\u2019\u00e9v\u00e9nement annuel le plus important pour l\u2019Alliance est l\u2019assembl\u00e9e g\u00e9n\u00e9rale et congr\u00e8s, qui se tient dans une ville diff\u00e9rente chaque ann\u00e9e. L\u2019Alliance offre aussi des s\u00e9ries de webinaires chaque ann\u00e9e et quelques rencontres r\u00e9gionales. Les pr\u00e9sentations de l\u2019\u00e9quipe de l\u2019Alliance seront mises en ligne dans cette section du site web. 3 au 5 mars 2026... Read More about &quot;\u00c9v\u00e9nements \u00e0 venir&quot;\" \/>\n<meta property=\"og:url\" content=\"https:\/\/glslcities.org\/fr\/evenements\/\" \/>\n<meta property=\"og:site_name\" content=\"L\u2019Alliance des villes des Grands Lacs et du Saint-Laurent\" \/>\n<meta property=\"article:modified_time\" content=\"2026-01-29T14:58:48+00:00\" \/>\n<meta property=\"og:image\" content=\"https:\/\/glslcities.org\/wp-content\/uploads\/2020\/01\/great-lakes-social.png\" \/>\n\t<meta property=\"og:image:width\" content=\"1200\" \/>\n\t<meta property=\"og:image:height\" content=\"630\" \/>\n\t<meta property=\"og:image:type\" content=\"image\/png\" \/>\n<meta name=\"twitter:card\" content=\"summary_large_image\" \/>\n<meta name=\"twitter:label1\" content=\"Dur\u00e9e de lecture estim\u00e9e\" \/>\n\t<meta name=\"twitter:data1\" content=\"1 minute\" \/>\n<script type=\"application\/ld+json\" class=\"yoast-schema-graph\">{\"@context\":\"https:\\\/\\\/schema.org\",\"@graph\":[{\"@type\":\"WebPage\",\"@id\":\"https:\\\/\\\/glslcities.org\\\/fr\\\/evenements\\\/\",\"url\":\"https:\\\/\\\/glslcities.org\\\/fr\\\/evenements\\\/\",\"name\":\"\u00c9v\u00e9nements \u00e0 venir - L\u2019Alliance des villes des Grands Lacs et du Saint-Laurent\",\"isPartOf\":{\"@id\":\"https:\\\/\\\/glslcities.org\\\/#website\"},\"datePublished\":\"2015-05-22T18:26:05+00:00\",\"dateModified\":\"2026-01-29T14:58:48+00:00\",\"breadcrumb\":{\"@id\":\"https:\\\/\\\/glslcities.org\\\/fr\\\/evenements\\\/#breadcrumb\"},\"inLanguage\":\"fr-FR\",\"potentialAction\":[{\"@type\":\"ReadAction\",\"target\":[\"https:\\\/\\\/glslcities.org\\\/fr\\\/evenements\\\/\"]}]},{\"@type\":\"BreadcrumbList\",\"@id\":\"https:\\\/\\\/glslcities.org\\\/fr\\\/evenements\\\/#breadcrumb\",\"itemListElement\":[{\"@type\":\"ListItem\",\"position\":1,\"name\":\"Home\",\"item\":\"https:\\\/\\\/glslcities.org\\\/fr\\\/\"},{\"@type\":\"ListItem\",\"position\":2,\"name\":\"\u00c9v\u00e9nements \u00e0 venir\"}]},{\"@type\":\"WebSite\",\"@id\":\"https:\\\/\\\/glslcities.org\\\/#website\",\"url\":\"https:\\\/\\\/glslcities.org\\\/\",\"name\":\"L\u2019Alliance des villes des Grands Lacs et du Saint-Laurent\",\"description\":\"Des maires unis pour prot\u00e9ger et restaurer les Grands Lacs et le Saint-Laurent\",\"potentialAction\":[{\"@type\":\"SearchAction\",\"target\":{\"@type\":\"EntryPoint\",\"urlTemplate\":\"https:\\\/\\\/glslcities.org\\\/?s={search_term_string}\"},\"query-input\":{\"@type\":\"PropertyValueSpecification\",\"valueRequired\":true,\"valueName\":\"search_term_string\"}}],\"inLanguage\":\"fr-FR\"}]}<\/script>\n<!-- \/ Yoast SEO plugin. -->","yoast_head_json":{"title":"\u00c9v\u00e9nements \u00e0 venir - L\u2019Alliance des villes des Grands Lacs et du Saint-Laurent","robots":{"index":"index","follow":"follow","max-snippet":"max-snippet:-1","max-image-preview":"max-image-preview:large","max-video-preview":"max-video-preview:-1"},"canonical":"https:\/\/glslcities.org\/fr\/evenements\/","og_locale":"fr_FR","og_type":"article","og_title":"\u00c9v\u00e9nements \u00e0 venir - L\u2019Alliance des villes des Grands Lacs et du Saint-Laurent","og_description":"L\u2019\u00e9v\u00e9nement annuel le plus important pour l\u2019Alliance est l\u2019assembl\u00e9e g\u00e9n\u00e9rale et congr\u00e8s, qui se tient dans une ville diff\u00e9rente chaque ann\u00e9e. L\u2019Alliance offre aussi des s\u00e9ries de webinaires chaque ann\u00e9e et quelques rencontres r\u00e9gionales. Les pr\u00e9sentations de l\u2019\u00e9quipe de l\u2019Alliance seront mises en ligne dans cette section du site web. 3 au 5 mars 2026... Read More about \"\u00c9v\u00e9nements \u00e0 venir\"","og_url":"https:\/\/glslcities.org\/fr\/evenements\/","og_site_name":"L\u2019Alliance des villes des Grands Lacs et du Saint-Laurent","article_modified_time":"2026-01-29T14:58:48+00:00","og_image":[{"width":1200,"height":630,"url":"https:\/\/glslcities.org\/wp-content\/uploads\/2020\/01\/great-lakes-social.png","type":"image\/png"}],"twitter_card":"summary_large_image","twitter_misc":{"Dur\u00e9e de lecture estim\u00e9e":"1 minute"},"schema":{"@context":"https:\/\/schema.org","@graph":[{"@type":"WebPage","@id":"https:\/\/glslcities.org\/fr\/evenements\/","url":"https:\/\/glslcities.org\/fr\/evenements\/","name":"\u00c9v\u00e9nements \u00e0 venir - L\u2019Alliance des villes des Grands Lacs et du Saint-Laurent","isPartOf":{"@id":"https:\/\/glslcities.org\/#website"},"datePublished":"2015-05-22T18:26:05+00:00","dateModified":"2026-01-29T14:58:48+00:00","breadcrumb":{"@id":"https:\/\/glslcities.org\/fr\/evenements\/#breadcrumb"},"inLanguage":"fr-FR","potentialAction":[{"@type":"ReadAction","target":["https:\/\/glslcities.org\/fr\/evenements\/"]}]},{"@type":"BreadcrumbList","@id":"https:\/\/glslcities.org\/fr\/evenements\/#breadcrumb","itemListElement":[{"@type":"ListItem","position":1,"name":"Home","item":"https:\/\/glslcities.org\/fr\/"},{"@type":"ListItem","position":2,"name":"\u00c9v\u00e9nements \u00e0 venir"}]},{"@type":"WebSite","@id":"https:\/\/glslcities.org\/#website","url":"https:\/\/glslcities.org\/","name":"L\u2019Alliance des villes des Grands Lacs et du Saint-Laurent","description":"Des maires unis pour prot\u00e9ger et restaurer les Grands Lacs et le Saint-Laurent","potentialAction":[{"@type":"SearchAction","target":{"@type":"EntryPoint","urlTemplate":"https:\/\/glslcities.org\/?s={search_term_string}"},"query-input":{"@type":"PropertyValueSpecification","valueRequired":true,"valueName":"search_term_string"}}],"inLanguage":"fr-FR"}]}},"_links":{"self":[{"href":"https:\/\/glslcities.org\/fr\/wp-json\/wp\/v2\/pages\/1335","targetHints":{"allow":["GET"]}}],"collection":[{"href":"https:\/\/glslcities.org\/fr\/wp-json\/wp\/v2\/pages"}],"about":[{"href":"https:\/\/glslcities.org\/fr\/wp-json\/wp\/v2\/types\/page"}],"author":[{"embeddable":true,"href":"https:\/\/glslcities.org\/fr\/wp-json\/wp\/v2\/users\/1"}],"replies":[{"embeddable":true,"href":"https:\/\/glslcities.org\/fr\/wp-json\/wp\/v2\/comments?post=1335"}],"version-history":[{"count":23,"href":"https:\/\/glslcities.org\/fr\/wp-json\/wp\/v2\/pages\/1335\/revisions"}],"predecessor-version":[{"id":19097,"href":"https:\/\/glslcities.org\/fr\/wp-json\/wp\/v2\/pages\/1335\/revisions\/19097"}],"wp:attachment":[{"href":"https:\/\/glslcities.org\/fr\/wp-json\/wp\/v2\/media?parent=1335"}],"curies":[{"name":"wp","href":"https:\/\/api.w.org\/{rel}","templated":true}]}}