{"id":1339,"date":"2015-05-22T14:27:24","date_gmt":"2015-05-22T18:27:24","guid":{"rendered":"http:\/\/glslcities.org\/?page_id=1339"},"modified":"2019-09-18T14:23:26","modified_gmt":"2019-09-18T18:23:26","slug":"webinaires-a-venir","status":"publish","type":"page","link":"https:\/\/glslcities.org\/fr\/resources\/webinars-and-presentations\/webinaires-a-venir\/","title":{"rendered":"Webinaires \u00e0 venir"},"content":{"rendered":"<h2 style=\"text-align: center;\"><img loading=\"lazy\" decoding=\"async\" class=\"aligncenter wp-image-8624 size-full\" src=\"https:\/\/glslcities.org\/wp-content\/uploads\/2018\/09\/LOGO-FR_small.jpg\" alt=\"\" width=\"2000\" height=\"500\" srcset=\"https:\/\/glslcities.org\/wp-content\/uploads\/2018\/09\/LOGO-FR_small.jpg 2000w, https:\/\/glslcities.org\/wp-content\/uploads\/2018\/09\/LOGO-FR_small-200x50.jpg 200w, https:\/\/glslcities.org\/wp-content\/uploads\/2018\/09\/LOGO-FR_small-400x100.jpg 400w, https:\/\/glslcities.org\/wp-content\/uploads\/2018\/09\/LOGO-FR_small-768x192.jpg 768w, https:\/\/glslcities.org\/wp-content\/uploads\/2018\/09\/LOGO-FR_small-1024x256.jpg 1024w, https:\/\/glslcities.org\/wp-content\/uploads\/2018\/09\/LOGO-FR_small-1140x285.jpg 1140w\" sizes=\"auto, (max-width: 2000px) 100vw, 2000px\" \/><\/h2>\n<h1><strong><span style=\"color: #3366ff;\">S\u00e9rie de webinaires 2018-2019 de l\u2019Alliance des villes des Grands Lacs et du Saint-Laurent<\/span> <\/strong><\/h1>\n<h1 style=\"text-align: left;\"><span style=\"color: #3366ff;\">*R\u00c9S\u00c9RV\u00c9 AUX MEMBRES*<\/span><\/h1>\n<p><span style=\"color: #3366ff;\">\u00c0 QUOI S\u2019ATTENDRE<\/span> La s\u00e9rie explorera les d\u00e9fis et les solutions associ\u00e9s au renforcement de la r\u00e9silience des municipalit\u00e9s des Grands Lacs et du Saint-Laurent face aux changements climatiques et \u00e0 d&rsquo;autres menaces.\u00a0 Poursuivant les r\u00e9flexions et les discussions amorc\u00e9es lors du congr\u00e8s annuel 2018 \u00e0 Ajax, les webinaires incluront l&rsquo;apprentissage par les pairs, le partage des meilleures pratiques et les conseils d&rsquo;experts chevronn\u00e9s. Les solutions \u00e9labor\u00e9es par des municipalit\u00e9s, des consultants et des OBNL y seront \u00e0 l\u2019honneur.\u00a0 Parmi les principaux sujets trait\u00e9s, notons la planification des mesures d\u2019urgence, l&rsquo;engagement communautaire pour renforcer la r\u00e9silience, la mise en \u0153uvre d&rsquo;infrastructures vertes dans un contexte budg\u00e9taire serr\u00e9, et le financement des infrastructures r\u00e9silientes.\u00a0 Les webinaires sont destin\u00e9s aux maires membres et au personnel municipal ayant des responsabilit\u00e9s en mati\u00e8re de gestion de l&rsquo;eau, de planification, de durabilit\u00e9, d&rsquo;environnement, d&rsquo;ing\u00e9nierie et de politiques publiques.<\/p>\n<p><span style=\"color: #3366ff;\">WEBINAIRES \u00c0 VENIR<\/span> Jetez un coup d&rsquo;\u0153il aux premiers webinaires de la s\u00e9rie et restez \u00e0 l&rsquo;aff\u00fbt des prochaines annonces pour d&rsquo;autres webinaires.<\/p>\n<h2><\/h2>\n<h2><strong><span style=\"color: #3366ff;\">PRIMED PLACES = PRIME PLACES<\/span><\/strong><\/h2>\n<p><strong><span style=\"color: #000000;\"><em>Le 26 septembre 2018 @ 12:00 pm (heure de l&rsquo;Est)<\/em> <\/span><\/strong><br \/>\n<strong><span style=\"color: #000000;\">Pr\u00e9sent\u00e9 par GEI Consultants<br \/>\n<a href=\"https:\/\/attendee.gotowebinar.com\/register\/9044207010345554691\" target=\"_blank\" rel=\"noopener noreferrer\"><span style=\"text-decoration: underline; color: #ff0000;\">S&rsquo;INSCRIRE<\/span><\/a><\/span><\/strong><\/p>\n<p>Les membres de l&rsquo;Alliance des villes des Grands Lacs et du Saint-Laurent doivent faire plus avec moins \u00e0 une \u00e9poque d&rsquo;inondations accrues, de compressions budg\u00e9taires et de pressions pour attirer des emplois tout en r\u00e9investissant dans les espaces verts et autres actifs pour une qualit\u00e9 de vie dynamique.\u00a0 Le premier webinaire de la s\u00e9rie 2018-2019 de l&rsquo;Alliance des villes sera\u00a0<strong>\u00ab\u00a0Primed Places = Prime Places\u00a0\u00bb <\/strong>(endroits pr\u00e9par\u00e9s = endroits prim\u00e9s), pr\u00e9sent\u00e9 par des experts de GEI Consultants Ltd, afin de fournir aux dirigeants municipaux une m\u00e9thode pour s&rsquo;attaquer \u00e0 ces contraintes et \u00e0 d&rsquo;autres, en renfor\u00e7ant la r\u00e9silience des collectivit\u00e9s gr\u00e2ce \u00e0 des infrastructures vertes et \u00e0 des approches similaires.<\/p>\n<p>&nbsp;<\/p>\n<h2><strong><span style=\"color: #3366ff;\">ADDRESSING GREEN INFRASTRUCTURE POLICY BARRIERS IN CANADA AND THE US<\/span><\/strong><\/h2>\n<p><em><span style=\"color: #000000;\"><strong>Le 24 octobre 2018 @ 12:00 pm (heure de l&rsquo;Est) <\/strong><\/span><\/em><br \/>\n<span style=\"color: #000000;\"><strong>Pr\u00e9sent\u00e9 par la Commission des Grands Lacs et la Credit Valley Conservation Authority<br \/>\n<a href=\"https:\/\/attendee.gotowebinar.com\/register\/4803855755432323075\" target=\"_blank\" rel=\"noopener noreferrer\"><span style=\"text-decoration: underline; color: #ff0000;\">S&rsquo;INSCRIRE<\/span><\/a><br \/>\n<\/strong><\/span><\/p>\n<p>Les collectivit\u00e9s locales sont en premi\u00e8re ligne en mati\u00e8re de gestion innovante des eaux pluviales, mais la capacit\u00e9 des municipalit\u00e9s \u00e0 implanter des infrastructures vertes est fortement influenc\u00e9e par les politiques f\u00e9d\u00e9rales, provinciales et des \u00c9tats. Ce webinaire identifiera les politiques publiques en vigueur dans le bassin des Grands Lacs et du Saint-Laurent qui favorisent ou entravent les infrastructures vertes et fournira des recommandations pour cr\u00e9er des conditions favorables \u00e0 leur d\u00e9ploiement.<\/p>\n<hr \/>\n<p><a href=\"http:\/\/glslcities.org\/fr\/resources\/webinars-and-presentations\/\">Cliquez ici<\/a> pour des webinaires ant\u00e9rieurs au sujet de la gestion int\u00e9gr\u00e9e de l\u2019eau, de l\u2019adaptation aux changements climatiques, des esp\u00e8ces envahissantes, des plages, de l\u2019\u00e9nergie, etc<\/p>\n","protected":false},"excerpt":{"rendered":"<p>S\u00e9rie de webinaires 2018-2019 de l\u2019Alliance des villes des Grands Lacs et du Saint-Laurent *R\u00c9S\u00c9RV\u00c9 AUX MEMBRES* \u00c0 QUOI S\u2019ATTENDRE La s\u00e9rie explorera les d\u00e9fis et les solutions associ\u00e9s au renforcement de la r\u00e9silience des municipalit\u00e9s des Grands Lacs et du Saint-Laurent face aux changements climatiques et \u00e0 d&rsquo;autres menaces.\u00a0 Poursuivant les r\u00e9flexions et les&#8230; <a class=\"read-more\" href=\"https:\/\/glslcities.org\/fr\/resources\/webinars-and-presentations\/webinaires-a-venir\/\">Read More<span class=\"hidden\"> about \u00ab\u00a0Webinaires \u00e0 venir\u00a0\u00bb<\/span><\/a><\/p>\n","protected":false},"author":1,"featured_media":0,"parent":1519,"menu_order":10,"comment_status":"open","ping_status":"open","template":"","meta":{"_acf_changed":false,"footnotes":""},"class_list":["post-1339","page","type-page","status-publish","hentry"],"acf":[],"yoast_head":"<!-- This site is optimized with the Yoast SEO plugin v27.3 - https:\/\/yoast.com\/product\/yoast-seo-wordpress\/ -->\n<title>Webinaires \u00e0 venir - L\u2019Alliance des villes des Grands Lacs et du Saint-Laurent<\/title>\n<meta name=\"robots\" content=\"index, follow, max-snippet:-1, max-image-preview:large, max-video-preview:-1\" \/>\n<link rel=\"canonical\" href=\"https:\/\/glslcities.org\/fr\/evenements\/webinaires-a-venir\/\" \/>\n<meta property=\"og:locale\" content=\"fr_FR\" \/>\n<meta property=\"og:type\" content=\"article\" \/>\n<meta property=\"og:title\" content=\"Webinaires \u00e0 venir - L\u2019Alliance des villes des Grands Lacs et du Saint-Laurent\" \/>\n<meta property=\"og:description\" content=\"S\u00e9rie de webinaires 2018-2019 de l\u2019Alliance des villes des Grands Lacs et du Saint-Laurent *R\u00c9S\u00c9RV\u00c9 AUX MEMBRES* \u00c0 QUOI S\u2019ATTENDRE La s\u00e9rie explorera les d\u00e9fis et les solutions associ\u00e9s au renforcement de la r\u00e9silience des municipalit\u00e9s des Grands Lacs et du Saint-Laurent face aux changements climatiques et \u00e0 d&rsquo;autres menaces.\u00a0 Poursuivant les r\u00e9flexions et les... Read More about &quot;Webinaires \u00e0 venir&quot;\" \/>\n<meta property=\"og:url\" content=\"https:\/\/glslcities.org\/fr\/evenements\/webinaires-a-venir\/\" \/>\n<meta property=\"og:site_name\" content=\"L\u2019Alliance des villes des Grands Lacs et du Saint-Laurent\" \/>\n<meta property=\"article:modified_time\" content=\"2019-09-18T18:23:26+00:00\" \/>\n<meta property=\"og:image\" content=\"https:\/\/glslcities.org\/wp-content\/uploads\/2018\/09\/LOGO-FR_small.jpg\" \/>\n<meta name=\"twitter:card\" content=\"summary_large_image\" \/>\n<meta name=\"twitter:label1\" content=\"Dur\u00e9e de lecture estim\u00e9e\" \/>\n\t<meta name=\"twitter:data1\" content=\"2 minutes\" \/>\n<script type=\"application\/ld+json\" class=\"yoast-schema-graph\">{\"@context\":\"https:\\\/\\\/schema.org\",\"@graph\":[{\"@type\":\"WebPage\",\"@id\":\"https:\\\/\\\/glslcities.org\\\/fr\\\/evenements\\\/webinaires-a-venir\\\/\",\"url\":\"https:\\\/\\\/glslcities.org\\\/fr\\\/evenements\\\/webinaires-a-venir\\\/\",\"name\":\"Webinaires \u00e0 venir - L\u2019Alliance des villes des Grands Lacs et du Saint-Laurent\",\"isPartOf\":{\"@id\":\"https:\\\/\\\/glslcities.org\\\/#website\"},\"primaryImageOfPage\":{\"@id\":\"https:\\\/\\\/glslcities.org\\\/fr\\\/evenements\\\/webinaires-a-venir\\\/#primaryimage\"},\"image\":{\"@id\":\"https:\\\/\\\/glslcities.org\\\/fr\\\/evenements\\\/webinaires-a-venir\\\/#primaryimage\"},\"thumbnailUrl\":\"https:\\\/\\\/glslcities.org\\\/wp-content\\\/uploads\\\/2018\\\/09\\\/LOGO-FR_small.jpg\",\"datePublished\":\"2015-05-22T18:27:24+00:00\",\"dateModified\":\"2019-09-18T18:23:26+00:00\",\"breadcrumb\":{\"@id\":\"https:\\\/\\\/glslcities.org\\\/fr\\\/evenements\\\/webinaires-a-venir\\\/#breadcrumb\"},\"inLanguage\":\"fr-FR\",\"potentialAction\":[{\"@type\":\"ReadAction\",\"target\":[\"https:\\\/\\\/glslcities.org\\\/fr\\\/evenements\\\/webinaires-a-venir\\\/\"]}]},{\"@type\":\"ImageObject\",\"inLanguage\":\"fr-FR\",\"@id\":\"https:\\\/\\\/glslcities.org\\\/fr\\\/evenements\\\/webinaires-a-venir\\\/#primaryimage\",\"url\":\"https:\\\/\\\/glslcities.org\\\/wp-content\\\/uploads\\\/2018\\\/09\\\/LOGO-FR_small.jpg\",\"contentUrl\":\"https:\\\/\\\/glslcities.org\\\/wp-content\\\/uploads\\\/2018\\\/09\\\/LOGO-FR_small.jpg\"},{\"@type\":\"BreadcrumbList\",\"@id\":\"https:\\\/\\\/glslcities.org\\\/fr\\\/evenements\\\/webinaires-a-venir\\\/#breadcrumb\",\"itemListElement\":[{\"@type\":\"ListItem\",\"position\":1,\"name\":\"Home\",\"item\":\"https:\\\/\\\/glslcities.org\\\/fr\\\/\"},{\"@type\":\"ListItem\",\"position\":2,\"name\":\"\u00c9v\u00e9nements \u00e0 venir\",\"item\":\"https:\\\/\\\/glslcities.org\\\/fr\\\/evenements\\\/\"},{\"@type\":\"ListItem\",\"position\":3,\"name\":\"Webinaires \u00e0 venir\"}]},{\"@type\":\"WebSite\",\"@id\":\"https:\\\/\\\/glslcities.org\\\/#website\",\"url\":\"https:\\\/\\\/glslcities.org\\\/\",\"name\":\"L\u2019Alliance des villes des Grands Lacs et du Saint-Laurent\",\"description\":\"Des maires unis pour prot\u00e9ger et restaurer les Grands Lacs et le Saint-Laurent\",\"potentialAction\":[{\"@type\":\"SearchAction\",\"target\":{\"@type\":\"EntryPoint\",\"urlTemplate\":\"https:\\\/\\\/glslcities.org\\\/?s={search_term_string}\"},\"query-input\":{\"@type\":\"PropertyValueSpecification\",\"valueRequired\":true,\"valueName\":\"search_term_string\"}}],\"inLanguage\":\"fr-FR\"}]}<\/script>\n<!-- \/ Yoast SEO plugin. -->","yoast_head_json":{"title":"Webinaires \u00e0 venir - L\u2019Alliance des villes des Grands Lacs et du Saint-Laurent","robots":{"index":"index","follow":"follow","max-snippet":"max-snippet:-1","max-image-preview":"max-image-preview:large","max-video-preview":"max-video-preview:-1"},"canonical":"https:\/\/glslcities.org\/fr\/evenements\/webinaires-a-venir\/","og_locale":"fr_FR","og_type":"article","og_title":"Webinaires \u00e0 venir - L\u2019Alliance des villes des Grands Lacs et du Saint-Laurent","og_description":"S\u00e9rie de webinaires 2018-2019 de l\u2019Alliance des villes des Grands Lacs et du Saint-Laurent *R\u00c9S\u00c9RV\u00c9 AUX MEMBRES* \u00c0 QUOI S\u2019ATTENDRE La s\u00e9rie explorera les d\u00e9fis et les solutions associ\u00e9s au renforcement de la r\u00e9silience des municipalit\u00e9s des Grands Lacs et du Saint-Laurent face aux changements climatiques et \u00e0 d&rsquo;autres menaces.\u00a0 Poursuivant les r\u00e9flexions et les... Read More about \"Webinaires \u00e0 venir\"","og_url":"https:\/\/glslcities.org\/fr\/evenements\/webinaires-a-venir\/","og_site_name":"L\u2019Alliance des villes des Grands Lacs et du Saint-Laurent","article_modified_time":"2019-09-18T18:23:26+00:00","og_image":[{"url":"https:\/\/glslcities.org\/wp-content\/uploads\/2018\/09\/LOGO-FR_small.jpg","type":"","width":"","height":""}],"twitter_card":"summary_large_image","twitter_misc":{"Dur\u00e9e de lecture estim\u00e9e":"2 minutes"},"schema":{"@context":"https:\/\/schema.org","@graph":[{"@type":"WebPage","@id":"https:\/\/glslcities.org\/fr\/evenements\/webinaires-a-venir\/","url":"https:\/\/glslcities.org\/fr\/evenements\/webinaires-a-venir\/","name":"Webinaires \u00e0 venir - L\u2019Alliance des villes des Grands Lacs et du Saint-Laurent","isPartOf":{"@id":"https:\/\/glslcities.org\/#website"},"primaryImageOfPage":{"@id":"https:\/\/glslcities.org\/fr\/evenements\/webinaires-a-venir\/#primaryimage"},"image":{"@id":"https:\/\/glslcities.org\/fr\/evenements\/webinaires-a-venir\/#primaryimage"},"thumbnailUrl":"https:\/\/glslcities.org\/wp-content\/uploads\/2018\/09\/LOGO-FR_small.jpg","datePublished":"2015-05-22T18:27:24+00:00","dateModified":"2019-09-18T18:23:26+00:00","breadcrumb":{"@id":"https:\/\/glslcities.org\/fr\/evenements\/webinaires-a-venir\/#breadcrumb"},"inLanguage":"fr-FR","potentialAction":[{"@type":"ReadAction","target":["https:\/\/glslcities.org\/fr\/evenements\/webinaires-a-venir\/"]}]},{"@type":"ImageObject","inLanguage":"fr-FR","@id":"https:\/\/glslcities.org\/fr\/evenements\/webinaires-a-venir\/#primaryimage","url":"https:\/\/glslcities.org\/wp-content\/uploads\/2018\/09\/LOGO-FR_small.jpg","contentUrl":"https:\/\/glslcities.org\/wp-content\/uploads\/2018\/09\/LOGO-FR_small.jpg"},{"@type":"BreadcrumbList","@id":"https:\/\/glslcities.org\/fr\/evenements\/webinaires-a-venir\/#breadcrumb","itemListElement":[{"@type":"ListItem","position":1,"name":"Home","item":"https:\/\/glslcities.org\/fr\/"},{"@type":"ListItem","position":2,"name":"\u00c9v\u00e9nements \u00e0 venir","item":"https:\/\/glslcities.org\/fr\/evenements\/"},{"@type":"ListItem","position":3,"name":"Webinaires \u00e0 venir"}]},{"@type":"WebSite","@id":"https:\/\/glslcities.org\/#website","url":"https:\/\/glslcities.org\/","name":"L\u2019Alliance des villes des Grands Lacs et du Saint-Laurent","description":"Des maires unis pour prot\u00e9ger et restaurer les Grands Lacs et le Saint-Laurent","potentialAction":[{"@type":"SearchAction","target":{"@type":"EntryPoint","urlTemplate":"https:\/\/glslcities.org\/?s={search_term_string}"},"query-input":{"@type":"PropertyValueSpecification","valueRequired":true,"valueName":"search_term_string"}}],"inLanguage":"fr-FR"}]}},"_links":{"self":[{"href":"https:\/\/glslcities.org\/fr\/wp-json\/wp\/v2\/pages\/1339","targetHints":{"allow":["GET"]}}],"collection":[{"href":"https:\/\/glslcities.org\/fr\/wp-json\/wp\/v2\/pages"}],"about":[{"href":"https:\/\/glslcities.org\/fr\/wp-json\/wp\/v2\/types\/page"}],"author":[{"embeddable":true,"href":"https:\/\/glslcities.org\/fr\/wp-json\/wp\/v2\/users\/1"}],"replies":[{"embeddable":true,"href":"https:\/\/glslcities.org\/fr\/wp-json\/wp\/v2\/comments?post=1339"}],"version-history":[{"count":10,"href":"https:\/\/glslcities.org\/fr\/wp-json\/wp\/v2\/pages\/1339\/revisions"}],"predecessor-version":[{"id":9232,"href":"https:\/\/glslcities.org\/fr\/wp-json\/wp\/v2\/pages\/1339\/revisions\/9232"}],"up":[{"embeddable":true,"href":"https:\/\/glslcities.org\/fr\/wp-json\/wp\/v2\/pages\/1519"}],"wp:attachment":[{"href":"https:\/\/glslcities.org\/fr\/wp-json\/wp\/v2\/media?parent=1339"}],"curies":[{"name":"wp","href":"https:\/\/api.w.org\/{rel}","templated":true}]}}