{"id":1343,"date":"2015-05-22T14:31:29","date_gmt":"2015-05-22T18:31:29","guid":{"rendered":"http:\/\/glslcities.org\/?page_id=1343"},"modified":"2019-09-18T11:42:59","modified_gmt":"2019-09-18T15:42:59","slug":"communications-2","status":"publish","type":"page","link":"https:\/\/glslcities.org\/fr\/communications-2\/","title":{"rendered":"Publications"},"content":{"rendered":"<p>L\u2019Alliance publie des communiqu\u00e9s de presse, ses rapports annuels ainsi que les r\u00e9solutions et les d\u00e9clarations ent\u00e9rin\u00e9es par les membres. Cliquez ci-dessous ou \u00e0 gauche pour acc\u00e9der \u00e0 ces documents.<\/p>\n<ul>\n<li><strong><a href=\"http:\/\/glslcities.org\/fr\/communications-2\/rapports-annuels\/\">Rapports annuels<\/a><\/strong><\/li>\n<li><strong><a href=\"resolutions\">R\u00e9solutions:<\/a><\/strong>\u00a0Chaque ann\u00e9e, les membres de l\u2019Alliance adoptent des r\u00e9solutions \u00e0 leur assembl\u00e9e g\u00e9n\u00e9rale. Vous trouverez ici les r\u00e9solutions des ann\u00e9es pr\u00e9c\u00e9dentes.<\/li>\n<li><strong><a href=\"http:\/\/glslcities.org\/fr\/communications-2\/declarations\/\">D\u00e9clarations:<\/a><\/strong>\u00a0L\u2019Alliance publie p\u00e9riodiquement des d\u00e9clarations sur des dossiers tels que l\u2019\u00e9nergie fossile, l\u2019\u00e9nergie nucl\u00e9aire, la pollution, les affaires l\u00e9gislatives et autres. Cliquez ici pour lire les d\u00e9clarations ant\u00e9rieures de l\u2019Alliance.<\/li>\n<li><strong><a href=\"http:\/\/glslcities.org\/fr\/communications-2\/communique-de-presse\/\">Archives des communiqu\u00e9s de presse:<\/a><\/strong>\u00a0L\u2019Alliance publie des communiqu\u00e9s de presse p\u00e9riodiquement sur une vari\u00e9t\u00e9 de sujets. Vous trouverez ici les archives des communiqu\u00e9s de presse.<\/li>\n<\/ul>\n","protected":false},"excerpt":{"rendered":"<p>L\u2019Alliance publie des communiqu\u00e9s de presse, ses rapports annuels ainsi que les r\u00e9solutions et les d\u00e9clarations ent\u00e9rin\u00e9es par les membres. Cliquez ci-dessous ou \u00e0 gauche pour acc\u00e9der \u00e0 ces documents. Rapports annuels R\u00e9solutions:\u00a0Chaque ann\u00e9e, les membres de l\u2019Alliance adoptent des r\u00e9solutions \u00e0 leur assembl\u00e9e g\u00e9n\u00e9rale. Vous trouverez ici les r\u00e9solutions des ann\u00e9es pr\u00e9c\u00e9dentes. D\u00e9clarations:\u00a0L\u2019Alliance publie&#8230; <a class=\"read-more\" href=\"https:\/\/glslcities.org\/fr\/communications-2\/\">Read More<span class=\"hidden\"> about \u00ab\u00a0Publications\u00a0\u00bb<\/span><\/a><\/p>\n","protected":false},"author":1,"featured_media":0,"parent":0,"menu_order":70,"comment_status":"open","ping_status":"open","template":"","meta":{"_acf_changed":false,"footnotes":""},"class_list":["post-1343","page","type-page","status-publish","hentry"],"acf":[],"yoast_head":"<!-- This site is optimized with the Yoast SEO plugin v27.4 - https:\/\/yoast.com\/product\/yoast-seo-wordpress\/ -->\n<title>Publications - L\u2019Alliance des villes des Grands Lacs et du Saint-Laurent<\/title>\n<meta name=\"robots\" content=\"index, follow, max-snippet:-1, max-image-preview:large, max-video-preview:-1\" \/>\n<link rel=\"canonical\" href=\"https:\/\/glslcities.org\/fr\/communications-2\/\" \/>\n<meta property=\"og:locale\" content=\"fr_FR\" \/>\n<meta property=\"og:type\" content=\"article\" \/>\n<meta property=\"og:title\" content=\"Publications - L\u2019Alliance des villes des Grands Lacs et du Saint-Laurent\" \/>\n<meta property=\"og:description\" content=\"L\u2019Alliance publie des communiqu\u00e9s de presse, ses rapports annuels ainsi que les r\u00e9solutions et les d\u00e9clarations ent\u00e9rin\u00e9es par les membres. Cliquez ci-dessous ou \u00e0 gauche pour acc\u00e9der \u00e0 ces documents. Rapports annuels R\u00e9solutions:\u00a0Chaque ann\u00e9e, les membres de l\u2019Alliance adoptent des r\u00e9solutions \u00e0 leur assembl\u00e9e g\u00e9n\u00e9rale. Vous trouverez ici les r\u00e9solutions des ann\u00e9es pr\u00e9c\u00e9dentes. D\u00e9clarations:\u00a0L\u2019Alliance publie... Read More about &quot;Publications&quot;\" \/>\n<meta property=\"og:url\" content=\"https:\/\/glslcities.org\/fr\/communications-2\/\" \/>\n<meta property=\"og:site_name\" content=\"L\u2019Alliance des villes des Grands Lacs et du Saint-Laurent\" \/>\n<meta property=\"article:modified_time\" content=\"2019-09-18T15:42:59+00:00\" \/>\n<meta property=\"og:image\" content=\"https:\/\/glslcities.org\/wp-content\/uploads\/2020\/01\/great-lakes-social.png\" \/>\n\t<meta property=\"og:image:width\" content=\"1200\" \/>\n\t<meta property=\"og:image:height\" content=\"630\" \/>\n\t<meta property=\"og:image:type\" content=\"image\/png\" \/>\n<meta name=\"twitter:card\" content=\"summary_large_image\" \/>\n<meta name=\"twitter:label1\" content=\"Dur\u00e9e de lecture estim\u00e9e\" \/>\n\t<meta name=\"twitter:data1\" content=\"1 minute\" \/>\n<script type=\"application\/ld+json\" class=\"yoast-schema-graph\">{\"@context\":\"https:\\\/\\\/schema.org\",\"@graph\":[{\"@type\":\"WebPage\",\"@id\":\"https:\\\/\\\/glslcities.org\\\/fr\\\/communications-2\\\/\",\"url\":\"https:\\\/\\\/glslcities.org\\\/fr\\\/communications-2\\\/\",\"name\":\"Publications - L\u2019Alliance des villes des Grands Lacs et du Saint-Laurent\",\"isPartOf\":{\"@id\":\"https:\\\/\\\/glslcities.org\\\/#website\"},\"datePublished\":\"2015-05-22T18:31:29+00:00\",\"dateModified\":\"2019-09-18T15:42:59+00:00\",\"breadcrumb\":{\"@id\":\"https:\\\/\\\/glslcities.org\\\/fr\\\/communications-2\\\/#breadcrumb\"},\"inLanguage\":\"fr-FR\",\"potentialAction\":[{\"@type\":\"ReadAction\",\"target\":[\"https:\\\/\\\/glslcities.org\\\/fr\\\/communications-2\\\/\"]}]},{\"@type\":\"BreadcrumbList\",\"@id\":\"https:\\\/\\\/glslcities.org\\\/fr\\\/communications-2\\\/#breadcrumb\",\"itemListElement\":[{\"@type\":\"ListItem\",\"position\":1,\"name\":\"Home\",\"item\":\"https:\\\/\\\/glslcities.org\\\/fr\\\/\"},{\"@type\":\"ListItem\",\"position\":2,\"name\":\"Publications\"}]},{\"@type\":\"WebSite\",\"@id\":\"https:\\\/\\\/glslcities.org\\\/#website\",\"url\":\"https:\\\/\\\/glslcities.org\\\/\",\"name\":\"L\u2019Alliance des villes des Grands Lacs et du Saint-Laurent\",\"description\":\"Des maires unis pour prot\u00e9ger et restaurer les Grands Lacs et le Saint-Laurent\",\"potentialAction\":[{\"@type\":\"SearchAction\",\"target\":{\"@type\":\"EntryPoint\",\"urlTemplate\":\"https:\\\/\\\/glslcities.org\\\/?s={search_term_string}\"},\"query-input\":{\"@type\":\"PropertyValueSpecification\",\"valueRequired\":true,\"valueName\":\"search_term_string\"}}],\"inLanguage\":\"fr-FR\"}]}<\/script>\n<!-- \/ Yoast SEO plugin. -->","yoast_head_json":{"title":"Publications - L\u2019Alliance des villes des Grands Lacs et du Saint-Laurent","robots":{"index":"index","follow":"follow","max-snippet":"max-snippet:-1","max-image-preview":"max-image-preview:large","max-video-preview":"max-video-preview:-1"},"canonical":"https:\/\/glslcities.org\/fr\/communications-2\/","og_locale":"fr_FR","og_type":"article","og_title":"Publications - L\u2019Alliance des villes des Grands Lacs et du Saint-Laurent","og_description":"L\u2019Alliance publie des communiqu\u00e9s de presse, ses rapports annuels ainsi que les r\u00e9solutions et les d\u00e9clarations ent\u00e9rin\u00e9es par les membres. Cliquez ci-dessous ou \u00e0 gauche pour acc\u00e9der \u00e0 ces documents. Rapports annuels R\u00e9solutions:\u00a0Chaque ann\u00e9e, les membres de l\u2019Alliance adoptent des r\u00e9solutions \u00e0 leur assembl\u00e9e g\u00e9n\u00e9rale. Vous trouverez ici les r\u00e9solutions des ann\u00e9es pr\u00e9c\u00e9dentes. D\u00e9clarations:\u00a0L\u2019Alliance publie... Read More about \"Publications\"","og_url":"https:\/\/glslcities.org\/fr\/communications-2\/","og_site_name":"L\u2019Alliance des villes des Grands Lacs et du Saint-Laurent","article_modified_time":"2019-09-18T15:42:59+00:00","og_image":[{"width":1200,"height":630,"url":"https:\/\/glslcities.org\/wp-content\/uploads\/2020\/01\/great-lakes-social.png","type":"image\/png"}],"twitter_card":"summary_large_image","twitter_misc":{"Dur\u00e9e de lecture estim\u00e9e":"1 minute"},"schema":{"@context":"https:\/\/schema.org","@graph":[{"@type":"WebPage","@id":"https:\/\/glslcities.org\/fr\/communications-2\/","url":"https:\/\/glslcities.org\/fr\/communications-2\/","name":"Publications - L\u2019Alliance des villes des Grands Lacs et du Saint-Laurent","isPartOf":{"@id":"https:\/\/glslcities.org\/#website"},"datePublished":"2015-05-22T18:31:29+00:00","dateModified":"2019-09-18T15:42:59+00:00","breadcrumb":{"@id":"https:\/\/glslcities.org\/fr\/communications-2\/#breadcrumb"},"inLanguage":"fr-FR","potentialAction":[{"@type":"ReadAction","target":["https:\/\/glslcities.org\/fr\/communications-2\/"]}]},{"@type":"BreadcrumbList","@id":"https:\/\/glslcities.org\/fr\/communications-2\/#breadcrumb","itemListElement":[{"@type":"ListItem","position":1,"name":"Home","item":"https:\/\/glslcities.org\/fr\/"},{"@type":"ListItem","position":2,"name":"Publications"}]},{"@type":"WebSite","@id":"https:\/\/glslcities.org\/#website","url":"https:\/\/glslcities.org\/","name":"L\u2019Alliance des villes des Grands Lacs et du Saint-Laurent","description":"Des maires unis pour prot\u00e9ger et restaurer les Grands Lacs et le Saint-Laurent","potentialAction":[{"@type":"SearchAction","target":{"@type":"EntryPoint","urlTemplate":"https:\/\/glslcities.org\/?s={search_term_string}"},"query-input":{"@type":"PropertyValueSpecification","valueRequired":true,"valueName":"search_term_string"}}],"inLanguage":"fr-FR"}]}},"_links":{"self":[{"href":"https:\/\/glslcities.org\/fr\/wp-json\/wp\/v2\/pages\/1343","targetHints":{"allow":["GET"]}}],"collection":[{"href":"https:\/\/glslcities.org\/fr\/wp-json\/wp\/v2\/pages"}],"about":[{"href":"https:\/\/glslcities.org\/fr\/wp-json\/wp\/v2\/types\/page"}],"author":[{"embeddable":true,"href":"https:\/\/glslcities.org\/fr\/wp-json\/wp\/v2\/users\/1"}],"replies":[{"embeddable":true,"href":"https:\/\/glslcities.org\/fr\/wp-json\/wp\/v2\/comments?post=1343"}],"version-history":[{"count":8,"href":"https:\/\/glslcities.org\/fr\/wp-json\/wp\/v2\/pages\/1343\/revisions"}],"predecessor-version":[{"id":9200,"href":"https:\/\/glslcities.org\/fr\/wp-json\/wp\/v2\/pages\/1343\/revisions\/9200"}],"wp:attachment":[{"href":"https:\/\/glslcities.org\/fr\/wp-json\/wp\/v2\/media?parent=1343"}],"curies":[{"name":"wp","href":"https:\/\/api.w.org\/{rel}","templated":true}]}}