{"id":14642,"date":"2023-02-28T12:14:02","date_gmt":"2023-02-28T17:14:02","guid":{"rendered":"https:\/\/glslcities.org\/?page_id=14642"},"modified":"2026-03-06T11:28:09","modified_gmt":"2026-03-06T16:28:09","slug":"chicago-il-2023","status":"publish","type":"page","link":"https:\/\/glslcities.org\/fr\/evenements\/assemblee-annuelle\/chicago-il-2023\/","title":{"rendered":"Assembl\u00e9e annuelle 2023 \u00e0 Chicago (IL)"},"content":{"rendered":"<p>&nbsp;<\/p>\n<p>Pour notre vingti\u00e8me anniversaire, l\u2019Alliance des villes a pr\u00e9vu un programme extraordinairement sp\u00e9cial. La conf\u00e9rence pr\u00e9sentera des experts de premier plan en mati\u00e8re d\u2019action climatique municipale et des activit\u00e9s pratiques et collaboratives qui vous pr\u00e9pareront \u00e0 franchir la prochaine \u00e9tape pour faire progresser l\u2019action climatique de votre ville.<\/p>\n<p><iframe loading=\"lazy\" title=\"YouTube video player\" src=\"https:\/\/www.youtube.com\/embed\/m606lOiLW7g\" width=\"560\" height=\"315\" frameborder=\"0\" allowfullscreen=\"allowfullscreen\"><\/iframe><\/p>\n","protected":false},"excerpt":{"rendered":"<p>&nbsp; Pour notre vingti\u00e8me anniversaire, l\u2019Alliance des villes a pr\u00e9vu un programme extraordinairement sp\u00e9cial. La conf\u00e9rence pr\u00e9sentera des experts de premier plan en mati\u00e8re d\u2019action climatique municipale et des activit\u00e9s pratiques et collaboratives qui vous pr\u00e9pareront \u00e0 franchir la prochaine \u00e9tape pour faire progresser l\u2019action climatique de votre ville.<\/p>\n","protected":false},"author":1,"featured_media":0,"parent":1337,"menu_order":2,"comment_status":"closed","ping_status":"closed","template":"accordion.php","meta":{"_acf_changed":false,"footnotes":""},"class_list":["post-14642","page","type-page","status-publish","hentry"],"acf":[],"yoast_head":"<!-- This site is optimized with the Yoast SEO plugin v27.3 - https:\/\/yoast.com\/product\/yoast-seo-wordpress\/ -->\n<title>Assembl\u00e9e annuelle 2023 \u00e0 Chicago (IL) - L\u2019Alliance des villes des Grands Lacs et du Saint-Laurent<\/title>\n<meta name=\"robots\" content=\"index, follow, max-snippet:-1, max-image-preview:large, max-video-preview:-1\" \/>\n<link rel=\"canonical\" href=\"https:\/\/glslcities.org\/fr\/evenements\/assemblee-annuelle\/chicago-il-2023\/\" \/>\n<meta property=\"og:locale\" content=\"fr_FR\" \/>\n<meta property=\"og:type\" content=\"article\" \/>\n<meta property=\"og:title\" content=\"Assembl\u00e9e annuelle 2023 \u00e0 Chicago (IL) - L\u2019Alliance des villes des Grands Lacs et du Saint-Laurent\" \/>\n<meta property=\"og:description\" content=\"&nbsp; Pour notre vingti\u00e8me anniversaire, l\u2019Alliance des villes a pr\u00e9vu un programme extraordinairement sp\u00e9cial. La conf\u00e9rence pr\u00e9sentera des experts de premier plan en mati\u00e8re d\u2019action climatique municipale et des activit\u00e9s pratiques et collaboratives qui vous pr\u00e9pareront \u00e0 franchir la prochaine \u00e9tape pour faire progresser l\u2019action climatique de votre ville.\" \/>\n<meta property=\"og:url\" content=\"https:\/\/glslcities.org\/fr\/evenements\/assemblee-annuelle\/chicago-il-2023\/\" \/>\n<meta property=\"og:site_name\" content=\"L\u2019Alliance des villes des Grands Lacs et du Saint-Laurent\" \/>\n<meta property=\"article:modified_time\" content=\"2026-03-06T16:28:09+00:00\" \/>\n<meta property=\"og:image\" content=\"https:\/\/glslcities.org\/wp-content\/uploads\/2020\/01\/great-lakes-social.png\" \/>\n\t<meta property=\"og:image:width\" content=\"1200\" \/>\n\t<meta property=\"og:image:height\" content=\"630\" \/>\n\t<meta property=\"og:image:type\" content=\"image\/png\" \/>\n<meta name=\"twitter:card\" content=\"summary_large_image\" \/>\n<meta name=\"twitter:label1\" content=\"Dur\u00e9e de lecture estim\u00e9e\" \/>\n\t<meta name=\"twitter:data1\" content=\"1 minute\" \/>\n<script type=\"application\/ld+json\" class=\"yoast-schema-graph\">{\"@context\":\"https:\\\/\\\/schema.org\",\"@graph\":[{\"@type\":\"WebPage\",\"@id\":\"https:\\\/\\\/glslcities.org\\\/fr\\\/evenements\\\/assemblee-annuelle\\\/chicago-il-2023\\\/\",\"url\":\"https:\\\/\\\/glslcities.org\\\/fr\\\/evenements\\\/assemblee-annuelle\\\/chicago-il-2023\\\/\",\"name\":\"Assembl\u00e9e annuelle 2023 \u00e0 Chicago (IL) - L\u2019Alliance des villes des Grands Lacs et du Saint-Laurent\",\"isPartOf\":{\"@id\":\"https:\\\/\\\/glslcities.org\\\/#website\"},\"datePublished\":\"2023-02-28T17:14:02+00:00\",\"dateModified\":\"2026-03-06T16:28:09+00:00\",\"breadcrumb\":{\"@id\":\"https:\\\/\\\/glslcities.org\\\/fr\\\/evenements\\\/assemblee-annuelle\\\/chicago-il-2023\\\/#breadcrumb\"},\"inLanguage\":\"fr-FR\",\"potentialAction\":[{\"@type\":\"ReadAction\",\"target\":[\"https:\\\/\\\/glslcities.org\\\/fr\\\/evenements\\\/assemblee-annuelle\\\/chicago-il-2023\\\/\"]}]},{\"@type\":\"BreadcrumbList\",\"@id\":\"https:\\\/\\\/glslcities.org\\\/fr\\\/evenements\\\/assemblee-annuelle\\\/chicago-il-2023\\\/#breadcrumb\",\"itemListElement\":[{\"@type\":\"ListItem\",\"position\":1,\"name\":\"Home\",\"item\":\"https:\\\/\\\/glslcities.org\\\/fr\\\/\"},{\"@type\":\"ListItem\",\"position\":2,\"name\":\"\u00c9v\u00e9nements \u00e0 venir\",\"item\":\"https:\\\/\\\/glslcities.org\\\/fr\\\/evenements\\\/\"},{\"@type\":\"ListItem\",\"position\":3,\"name\":\"Assembl\u00e9e annuelle\",\"item\":\"https:\\\/\\\/glslcities.org\\\/fr\\\/evenements\\\/assemblee-annuelle\\\/\"},{\"@type\":\"ListItem\",\"position\":4,\"name\":\"Assembl\u00e9e annuelle 2023 \u00e0 Chicago (IL)\"}]},{\"@type\":\"WebSite\",\"@id\":\"https:\\\/\\\/glslcities.org\\\/#website\",\"url\":\"https:\\\/\\\/glslcities.org\\\/\",\"name\":\"L\u2019Alliance des villes des Grands Lacs et du Saint-Laurent\",\"description\":\"Des maires unis pour prot\u00e9ger et restaurer les Grands Lacs et le Saint-Laurent\",\"potentialAction\":[{\"@type\":\"SearchAction\",\"target\":{\"@type\":\"EntryPoint\",\"urlTemplate\":\"https:\\\/\\\/glslcities.org\\\/?s={search_term_string}\"},\"query-input\":{\"@type\":\"PropertyValueSpecification\",\"valueRequired\":true,\"valueName\":\"search_term_string\"}}],\"inLanguage\":\"fr-FR\"}]}<\/script>\n<!-- \/ Yoast SEO plugin. -->","yoast_head_json":{"title":"Assembl\u00e9e annuelle 2023 \u00e0 Chicago (IL) - L\u2019Alliance des villes des Grands Lacs et du Saint-Laurent","robots":{"index":"index","follow":"follow","max-snippet":"max-snippet:-1","max-image-preview":"max-image-preview:large","max-video-preview":"max-video-preview:-1"},"canonical":"https:\/\/glslcities.org\/fr\/evenements\/assemblee-annuelle\/chicago-il-2023\/","og_locale":"fr_FR","og_type":"article","og_title":"Assembl\u00e9e annuelle 2023 \u00e0 Chicago (IL) - L\u2019Alliance des villes des Grands Lacs et du Saint-Laurent","og_description":"&nbsp; Pour notre vingti\u00e8me anniversaire, l\u2019Alliance des villes a pr\u00e9vu un programme extraordinairement sp\u00e9cial. La conf\u00e9rence pr\u00e9sentera des experts de premier plan en mati\u00e8re d\u2019action climatique municipale et des activit\u00e9s pratiques et collaboratives qui vous pr\u00e9pareront \u00e0 franchir la prochaine \u00e9tape pour faire progresser l\u2019action climatique de votre ville.","og_url":"https:\/\/glslcities.org\/fr\/evenements\/assemblee-annuelle\/chicago-il-2023\/","og_site_name":"L\u2019Alliance des villes des Grands Lacs et du Saint-Laurent","article_modified_time":"2026-03-06T16:28:09+00:00","og_image":[{"width":1200,"height":630,"url":"https:\/\/glslcities.org\/wp-content\/uploads\/2020\/01\/great-lakes-social.png","type":"image\/png"}],"twitter_card":"summary_large_image","twitter_misc":{"Dur\u00e9e de lecture estim\u00e9e":"1 minute"},"schema":{"@context":"https:\/\/schema.org","@graph":[{"@type":"WebPage","@id":"https:\/\/glslcities.org\/fr\/evenements\/assemblee-annuelle\/chicago-il-2023\/","url":"https:\/\/glslcities.org\/fr\/evenements\/assemblee-annuelle\/chicago-il-2023\/","name":"Assembl\u00e9e annuelle 2023 \u00e0 Chicago (IL) - L\u2019Alliance des villes des Grands Lacs et du Saint-Laurent","isPartOf":{"@id":"https:\/\/glslcities.org\/#website"},"datePublished":"2023-02-28T17:14:02+00:00","dateModified":"2026-03-06T16:28:09+00:00","breadcrumb":{"@id":"https:\/\/glslcities.org\/fr\/evenements\/assemblee-annuelle\/chicago-il-2023\/#breadcrumb"},"inLanguage":"fr-FR","potentialAction":[{"@type":"ReadAction","target":["https:\/\/glslcities.org\/fr\/evenements\/assemblee-annuelle\/chicago-il-2023\/"]}]},{"@type":"BreadcrumbList","@id":"https:\/\/glslcities.org\/fr\/evenements\/assemblee-annuelle\/chicago-il-2023\/#breadcrumb","itemListElement":[{"@type":"ListItem","position":1,"name":"Home","item":"https:\/\/glslcities.org\/fr\/"},{"@type":"ListItem","position":2,"name":"\u00c9v\u00e9nements \u00e0 venir","item":"https:\/\/glslcities.org\/fr\/evenements\/"},{"@type":"ListItem","position":3,"name":"Assembl\u00e9e annuelle","item":"https:\/\/glslcities.org\/fr\/evenements\/assemblee-annuelle\/"},{"@type":"ListItem","position":4,"name":"Assembl\u00e9e annuelle 2023 \u00e0 Chicago (IL)"}]},{"@type":"WebSite","@id":"https:\/\/glslcities.org\/#website","url":"https:\/\/glslcities.org\/","name":"L\u2019Alliance des villes des Grands Lacs et du Saint-Laurent","description":"Des maires unis pour prot\u00e9ger et restaurer les Grands Lacs et le Saint-Laurent","potentialAction":[{"@type":"SearchAction","target":{"@type":"EntryPoint","urlTemplate":"https:\/\/glslcities.org\/?s={search_term_string}"},"query-input":{"@type":"PropertyValueSpecification","valueRequired":true,"valueName":"search_term_string"}}],"inLanguage":"fr-FR"}]}},"_links":{"self":[{"href":"https:\/\/glslcities.org\/fr\/wp-json\/wp\/v2\/pages\/14642","targetHints":{"allow":["GET"]}}],"collection":[{"href":"https:\/\/glslcities.org\/fr\/wp-json\/wp\/v2\/pages"}],"about":[{"href":"https:\/\/glslcities.org\/fr\/wp-json\/wp\/v2\/types\/page"}],"author":[{"embeddable":true,"href":"https:\/\/glslcities.org\/fr\/wp-json\/wp\/v2\/users\/1"}],"replies":[{"embeddable":true,"href":"https:\/\/glslcities.org\/fr\/wp-json\/wp\/v2\/comments?post=14642"}],"version-history":[{"count":27,"href":"https:\/\/glslcities.org\/fr\/wp-json\/wp\/v2\/pages\/14642\/revisions"}],"predecessor-version":[{"id":19577,"href":"https:\/\/glslcities.org\/fr\/wp-json\/wp\/v2\/pages\/14642\/revisions\/19577"}],"up":[{"embeddable":true,"href":"https:\/\/glslcities.org\/fr\/wp-json\/wp\/v2\/pages\/1337"}],"wp:attachment":[{"href":"https:\/\/glslcities.org\/fr\/wp-json\/wp\/v2\/media?parent=14642"}],"curies":[{"name":"wp","href":"https:\/\/api.w.org\/{rel}","templated":true}]}}