{"id":15075,"date":"2023-04-12T11:15:54","date_gmt":"2023-04-12T15:15:54","guid":{"rendered":"https:\/\/glslcities.org\/?page_id=15075"},"modified":"2023-07-11T12:44:35","modified_gmt":"2023-07-11T16:44:35","slug":"priorites-federales-2023","status":"publish","type":"page","link":"https:\/\/glslcities.org\/fr\/resources\/priorites-federales-2023\/","title":{"rendered":"Priorit\u00e9s f\u00e9d\u00e9rales 2023"},"content":{"rendered":"<p>Les priorit\u00e9s de l\u2019Alliance des villes des Grands Lacs et du Saint-Laurent pour les gouvernements f\u00e9d\u00e9raux canadien et am\u00e9ricain sont publi\u00e9es chaque ann\u00e9e et sont le point culminant d\u2019une consultation approfondie avec notre conseil d\u2019administration et nos villes membres.<\/p>\n<p><strong>Priorit\u00e9s f\u00e9d\u00e9rales canadiennes<\/strong><\/p>\n<p>L\u2019Alliance des villes demande au gouvernement f\u00e9d\u00e9ral canadien de soutenir les priorit\u00e9s suivantes, afin de garantir que le bassin des Grands Lacs et du Saint-Laurent demeure un lieu dynamique o\u00f9 il fait bon vivre, travailler et se r\u00e9cr\u00e9er.<\/p>\n<p>Plus pr\u00e9cis\u00e9ment, l\u2019Alliance des villes demande au gouvernement f\u00e9d\u00e9ral canadien de\u00a0:<\/p>\n<ul>\n<li>Investir dans un Plan d\u2019action sur l\u2019eau douce qui fera progresser une meilleure gestion du bassin des Grands Lacs et du St-Laurent<\/li>\n<li>Mettre en place une Agence canadienne de l\u2019eau ind\u00e9pendante qui soutiendra la viabilit\u00e9 \u00e0 long terme du bassin des Grands Lacs et du St-Laurent, ainsi que les communaut\u00e9s qu\u2019il alimente<\/li>\n<li>Permettre aux municipalit\u00e9s d\u2019offrir une eau potable s\u00fbre et abordable \u00e0 leurs communaut\u00e9s<\/li>\n<li>Tirer parti des ressources et outils f\u00e9d\u00e9raux pour soutenir l\u2019adaptation des communaut\u00e9s c\u00f4ti\u00e8res au changement climatique<\/li>\n<li>Lutter contre les nuisances et polluants qui affectent la qualit\u00e9 de nos pr\u00e9cieuses ressources en eau douce<\/li>\n<\/ul>\n<p><strong>Voir les priorit\u00e9s f\u00e9d\u00e9rales canadiennes <a href=\"https:\/\/glslcities.org\/wp-content\/uploads\/2023\/04\/Alliance-des-villes-Priorites-federales-canadiennes-2023-FR.pdf\">ici<\/a><\/strong>.<\/p>\n<p>Pour plus de renseignements, merci de communiquer avec Phillipe Murphy-Rh\u00e9aume, directeur de la politique canadienne \u00e0 ce courriel\u00a0: <a href=\"mailto:phillipe.murphy-rheaume@glslcities.org\">phillipe.murphy-rheaume@glslcities.org<\/a>.<\/p>\n<p><strong>Priorit\u00e9s f\u00e9d\u00e9rales am\u00e9ricaines<\/strong><\/p>\n<p>L\u2019Alliance des villes demande au gouvernement f\u00e9d\u00e9ral am\u00e9ricain de soutenir les priorit\u00e9s suivantes, afin de garantir que le bassin des Grands Lacs et du Saint-Laurent demeure un lieu dynamique o\u00f9 il fait bon vivre, travailler et se r\u00e9cr\u00e9er.<\/p>\n<p>Plus pr\u00e9cis\u00e9ment, l\u2019Alliance des villes demande au gouvernement f\u00e9d\u00e9ral am\u00e9ricain de\u00a0:<\/p>\n<ul>\n<li>Garantir la mise en \u0153uvre \u00e9quitable de la Loi sur les infrastructures<\/li>\n<li>Prioriser le retrait des canalisations de service en plomb<\/li>\n<li>Renforcer le commerce sur les Grands Lacs et l\u2019\u00e9conomie bleue<\/li>\n<li>Promouvoir la restauration de l\u2019\u00e9cosyst\u00e8me et prot\u00e9ger la qualit\u00e9 de l\u2019eau<\/li>\n<li>R\u00e9duire les \u00e9missions de gaz \u00e0 effet de serre et renforcer la r\u00e9silience c\u00f4ti\u00e8re<\/li>\n<li>Combattre les esp\u00e8ces aquatiques envahissantes<\/li>\n<\/ul>\n<p><strong>Voir les priorit\u00e9s f\u00e9d\u00e9rales am\u00e9ricaines <a href=\"https:\/\/glslcities.org\/wp-content\/uploads\/2023\/04\/Alliance-des-villes-Priorites-federales-americaines-2023-FR.pdf\">ici<\/a><\/strong>.<\/p>\n<p>Pour plus de renseignements, merci de communiquer avec Travis Wheeler, Chef des politiques \u00e0 ce courriel\u00a0: <a href=\"mailto:twheeler@glslcities.org\">twheeler@glslcities.org<\/a>.<\/p>\n<p><strong>Priorit\u00e9s f\u00e9d\u00e9rales conjointes des \u00c9tats-Unis<\/strong><\/p>\n<p>L\u2019Alliance des villes s\u2019est associ\u00e9e \u00e0 la Commission des Grands Lacs et \u00e0 huit autres organisations r\u00e9gionales afin d\u2019appuyer un ensemble de priorit\u00e9s f\u00e9d\u00e9rales am\u00e9ricaines conjointes visant \u00e0 acc\u00e9l\u00e9rer les progr\u00e8s, \u00e0 favoriser l\u2019\u00e9quit\u00e9, \u00e0 renforcer la r\u00e9silience et \u00e0 faire en sorte que les Grands Lacs soient une source d\u2019eau potable, un tr\u00e9sor environnemental et un moteur \u00e9conomique pour l\u2019Am\u00e9rique du Nord. Ces priorit\u00e9s communes repr\u00e9sentent une voix puissante et unifi\u00e9e de divers groupes repr\u00e9sentant les \u00c9tats des Grands Lacs, les villes, les groupes de conservation et de protection de l&rsquo;environnement, les entreprises et l&rsquo;industrie, les tribus, les ports et les exploitants de navires commerciaux.<\/p>\n<p><strong>Priorit\u00e9s f\u00e9d\u00e9rales canadiennes communes<\/strong><\/p>\n<p>L\u2019Alliance des villes s&rsquo;est encore une fois associ\u00e9e \u00e0 la Commission des p\u00eacheries des Grands Lacs, au Conseil de la r\u00e9gion des Grands Lacs et \u00e0 d&rsquo;autres organisations r\u00e9gionales pour d\u00e9finir un ensemble de priorit\u00e9s f\u00e9d\u00e9rales canadiennes conjointes visant \u00e0 acc\u00e9l\u00e9rer les progr\u00e8s, \u00e0 favoriser l&rsquo;\u00e9quit\u00e9, \u00e0 renforcer la r\u00e9silience et \u00e0 assurer la durabilit\u00e9 de nos collectivit\u00e9s et de notre \u00e9conomie le long des Grands Lacs et du fleuve Saint-Laurent, ainsi que la protection de ces pr\u00e9cieuses ressources d&rsquo;eau douce. Ces priorit\u00e9s conjointes repr\u00e9sentent une voix puissante et unifi\u00e9e de la part de divers groupes repr\u00e9sentant les villes, les groupes de conservation et d&rsquo;environnement, les entreprises et l&rsquo;industrie, qui se sont \u00e9galement r\u00e9unis cette ann\u00e9e \u00e0 l&rsquo;occasion des Journ\u00e9es des Grands Lacs et du Saint-Laurent sur la Colline parlementaire, \u00e0 Ottawa.<\/p>\n<p><strong>Voir les priorit\u00e9s conjointes <a href=\"https:\/\/glslcities.org\/wp-content\/uploads\/2023\/03\/GLC-Federal-Priorities-JointStmt-FINAL.pdf\">ici<\/a><\/strong> (<em>en anglais<\/em>).<\/p>\n<p>&nbsp;<\/p>\n","protected":false},"excerpt":{"rendered":"<p>Les priorit\u00e9s de l\u2019Alliance des villes des Grands Lacs et du Saint-Laurent pour les gouvernements f\u00e9d\u00e9raux canadien et am\u00e9ricain sont publi\u00e9es chaque ann\u00e9e et sont le point culminant d\u2019une consultation approfondie avec notre conseil d\u2019administration et nos villes membres. Priorit\u00e9s f\u00e9d\u00e9rales canadiennes L\u2019Alliance des villes demande au gouvernement f\u00e9d\u00e9ral canadien de soutenir les priorit\u00e9s suivantes,&#8230; <a class=\"read-more\" href=\"https:\/\/glslcities.org\/fr\/resources\/priorites-federales-2023\/\">Read More<span class=\"hidden\"> about \u00ab\u00a0Priorit\u00e9s f\u00e9d\u00e9rales 2023\u00a0\u00bb<\/span><\/a><\/p>\n","protected":false},"author":12,"featured_media":0,"parent":1331,"menu_order":1,"comment_status":"closed","ping_status":"closed","template":"","meta":{"_acf_changed":false,"footnotes":""},"class_list":["post-15075","page","type-page","status-publish","hentry"],"acf":[],"yoast_head":"<!-- This site is optimized with the Yoast SEO plugin v27.4 - https:\/\/yoast.com\/product\/yoast-seo-wordpress\/ -->\n<title>Priorit\u00e9s f\u00e9d\u00e9rales 2023 - L\u2019Alliance des villes des Grands Lacs et du Saint-Laurent<\/title>\n<meta name=\"robots\" content=\"index, follow, max-snippet:-1, max-image-preview:large, max-video-preview:-1\" \/>\n<link rel=\"canonical\" href=\"https:\/\/glslcities.org\/fr\/resources\/priorites-federales-2023\/\" \/>\n<meta property=\"og:locale\" content=\"fr_FR\" \/>\n<meta property=\"og:type\" content=\"article\" \/>\n<meta property=\"og:title\" content=\"Priorit\u00e9s f\u00e9d\u00e9rales 2023 - L\u2019Alliance des villes des Grands Lacs et du Saint-Laurent\" \/>\n<meta property=\"og:description\" content=\"Les priorit\u00e9s de l\u2019Alliance des villes des Grands Lacs et du Saint-Laurent pour les gouvernements f\u00e9d\u00e9raux canadien et am\u00e9ricain sont publi\u00e9es chaque ann\u00e9e et sont le point culminant d\u2019une consultation approfondie avec notre conseil d\u2019administration et nos villes membres. Priorit\u00e9s f\u00e9d\u00e9rales canadiennes L\u2019Alliance des villes demande au gouvernement f\u00e9d\u00e9ral canadien de soutenir les priorit\u00e9s suivantes,... Read More about &quot;Priorit\u00e9s f\u00e9d\u00e9rales 2023&quot;\" \/>\n<meta property=\"og:url\" content=\"https:\/\/glslcities.org\/fr\/resources\/priorites-federales-2023\/\" \/>\n<meta property=\"og:site_name\" content=\"L\u2019Alliance des villes des Grands Lacs et du Saint-Laurent\" \/>\n<meta property=\"article:modified_time\" content=\"2023-07-11T16:44:35+00:00\" \/>\n<meta property=\"og:image\" content=\"https:\/\/glslcities.org\/wp-content\/uploads\/2020\/01\/great-lakes-social.png\" \/>\n\t<meta property=\"og:image:width\" content=\"1200\" \/>\n\t<meta property=\"og:image:height\" content=\"630\" \/>\n\t<meta property=\"og:image:type\" content=\"image\/png\" \/>\n<meta name=\"twitter:card\" content=\"summary_large_image\" \/>\n<meta name=\"twitter:label1\" content=\"Dur\u00e9e de lecture estim\u00e9e\" \/>\n\t<meta name=\"twitter:data1\" content=\"3 minutes\" \/>\n<script type=\"application\/ld+json\" class=\"yoast-schema-graph\">{\"@context\":\"https:\\\/\\\/schema.org\",\"@graph\":[{\"@type\":\"WebPage\",\"@id\":\"https:\\\/\\\/glslcities.org\\\/fr\\\/resources\\\/priorites-federales-2023\\\/\",\"url\":\"https:\\\/\\\/glslcities.org\\\/fr\\\/resources\\\/priorites-federales-2023\\\/\",\"name\":\"Priorit\u00e9s f\u00e9d\u00e9rales 2023 - L\u2019Alliance des villes des Grands Lacs et du Saint-Laurent\",\"isPartOf\":{\"@id\":\"https:\\\/\\\/glslcities.org\\\/#website\"},\"datePublished\":\"2023-04-12T15:15:54+00:00\",\"dateModified\":\"2023-07-11T16:44:35+00:00\",\"breadcrumb\":{\"@id\":\"https:\\\/\\\/glslcities.org\\\/fr\\\/resources\\\/priorites-federales-2023\\\/#breadcrumb\"},\"inLanguage\":\"fr-FR\",\"potentialAction\":[{\"@type\":\"ReadAction\",\"target\":[\"https:\\\/\\\/glslcities.org\\\/fr\\\/resources\\\/priorites-federales-2023\\\/\"]}]},{\"@type\":\"BreadcrumbList\",\"@id\":\"https:\\\/\\\/glslcities.org\\\/fr\\\/resources\\\/priorites-federales-2023\\\/#breadcrumb\",\"itemListElement\":[{\"@type\":\"ListItem\",\"position\":1,\"name\":\"Home\",\"item\":\"https:\\\/\\\/glslcities.org\\\/fr\\\/\"},{\"@type\":\"ListItem\",\"position\":2,\"name\":\"Ressources\",\"item\":\"https:\\\/\\\/glslcities.org\\\/fr\\\/resources\\\/\"},{\"@type\":\"ListItem\",\"position\":3,\"name\":\"Priorit\u00e9s f\u00e9d\u00e9rales 2023\"}]},{\"@type\":\"WebSite\",\"@id\":\"https:\\\/\\\/glslcities.org\\\/#website\",\"url\":\"https:\\\/\\\/glslcities.org\\\/\",\"name\":\"L\u2019Alliance des villes des Grands Lacs et du Saint-Laurent\",\"description\":\"Des maires unis pour prot\u00e9ger et restaurer les Grands Lacs et le Saint-Laurent\",\"potentialAction\":[{\"@type\":\"SearchAction\",\"target\":{\"@type\":\"EntryPoint\",\"urlTemplate\":\"https:\\\/\\\/glslcities.org\\\/?s={search_term_string}\"},\"query-input\":{\"@type\":\"PropertyValueSpecification\",\"valueRequired\":true,\"valueName\":\"search_term_string\"}}],\"inLanguage\":\"fr-FR\"}]}<\/script>\n<!-- \/ Yoast SEO plugin. -->","yoast_head_json":{"title":"Priorit\u00e9s f\u00e9d\u00e9rales 2023 - L\u2019Alliance des villes des Grands Lacs et du Saint-Laurent","robots":{"index":"index","follow":"follow","max-snippet":"max-snippet:-1","max-image-preview":"max-image-preview:large","max-video-preview":"max-video-preview:-1"},"canonical":"https:\/\/glslcities.org\/fr\/resources\/priorites-federales-2023\/","og_locale":"fr_FR","og_type":"article","og_title":"Priorit\u00e9s f\u00e9d\u00e9rales 2023 - L\u2019Alliance des villes des Grands Lacs et du Saint-Laurent","og_description":"Les priorit\u00e9s de l\u2019Alliance des villes des Grands Lacs et du Saint-Laurent pour les gouvernements f\u00e9d\u00e9raux canadien et am\u00e9ricain sont publi\u00e9es chaque ann\u00e9e et sont le point culminant d\u2019une consultation approfondie avec notre conseil d\u2019administration et nos villes membres. Priorit\u00e9s f\u00e9d\u00e9rales canadiennes L\u2019Alliance des villes demande au gouvernement f\u00e9d\u00e9ral canadien de soutenir les priorit\u00e9s suivantes,... Read More about \"Priorit\u00e9s f\u00e9d\u00e9rales 2023\"","og_url":"https:\/\/glslcities.org\/fr\/resources\/priorites-federales-2023\/","og_site_name":"L\u2019Alliance des villes des Grands Lacs et du Saint-Laurent","article_modified_time":"2023-07-11T16:44:35+00:00","og_image":[{"width":1200,"height":630,"url":"https:\/\/glslcities.org\/wp-content\/uploads\/2020\/01\/great-lakes-social.png","type":"image\/png"}],"twitter_card":"summary_large_image","twitter_misc":{"Dur\u00e9e de lecture estim\u00e9e":"3 minutes"},"schema":{"@context":"https:\/\/schema.org","@graph":[{"@type":"WebPage","@id":"https:\/\/glslcities.org\/fr\/resources\/priorites-federales-2023\/","url":"https:\/\/glslcities.org\/fr\/resources\/priorites-federales-2023\/","name":"Priorit\u00e9s f\u00e9d\u00e9rales 2023 - L\u2019Alliance des villes des Grands Lacs et du Saint-Laurent","isPartOf":{"@id":"https:\/\/glslcities.org\/#website"},"datePublished":"2023-04-12T15:15:54+00:00","dateModified":"2023-07-11T16:44:35+00:00","breadcrumb":{"@id":"https:\/\/glslcities.org\/fr\/resources\/priorites-federales-2023\/#breadcrumb"},"inLanguage":"fr-FR","potentialAction":[{"@type":"ReadAction","target":["https:\/\/glslcities.org\/fr\/resources\/priorites-federales-2023\/"]}]},{"@type":"BreadcrumbList","@id":"https:\/\/glslcities.org\/fr\/resources\/priorites-federales-2023\/#breadcrumb","itemListElement":[{"@type":"ListItem","position":1,"name":"Home","item":"https:\/\/glslcities.org\/fr\/"},{"@type":"ListItem","position":2,"name":"Ressources","item":"https:\/\/glslcities.org\/fr\/resources\/"},{"@type":"ListItem","position":3,"name":"Priorit\u00e9s f\u00e9d\u00e9rales 2023"}]},{"@type":"WebSite","@id":"https:\/\/glslcities.org\/#website","url":"https:\/\/glslcities.org\/","name":"L\u2019Alliance des villes des Grands Lacs et du Saint-Laurent","description":"Des maires unis pour prot\u00e9ger et restaurer les Grands Lacs et le Saint-Laurent","potentialAction":[{"@type":"SearchAction","target":{"@type":"EntryPoint","urlTemplate":"https:\/\/glslcities.org\/?s={search_term_string}"},"query-input":{"@type":"PropertyValueSpecification","valueRequired":true,"valueName":"search_term_string"}}],"inLanguage":"fr-FR"}]}},"_links":{"self":[{"href":"https:\/\/glslcities.org\/fr\/wp-json\/wp\/v2\/pages\/15075","targetHints":{"allow":["GET"]}}],"collection":[{"href":"https:\/\/glslcities.org\/fr\/wp-json\/wp\/v2\/pages"}],"about":[{"href":"https:\/\/glslcities.org\/fr\/wp-json\/wp\/v2\/types\/page"}],"author":[{"embeddable":true,"href":"https:\/\/glslcities.org\/fr\/wp-json\/wp\/v2\/users\/12"}],"replies":[{"embeddable":true,"href":"https:\/\/glslcities.org\/fr\/wp-json\/wp\/v2\/comments?post=15075"}],"version-history":[{"count":3,"href":"https:\/\/glslcities.org\/fr\/wp-json\/wp\/v2\/pages\/15075\/revisions"}],"predecessor-version":[{"id":15591,"href":"https:\/\/glslcities.org\/fr\/wp-json\/wp\/v2\/pages\/15075\/revisions\/15591"}],"up":[{"embeddable":true,"href":"https:\/\/glslcities.org\/fr\/wp-json\/wp\/v2\/pages\/1331"}],"wp:attachment":[{"href":"https:\/\/glslcities.org\/fr\/wp-json\/wp\/v2\/media?parent=15075"}],"curies":[{"name":"wp","href":"https:\/\/api.w.org\/{rel}","templated":true}]}}