{"id":1512,"date":"2015-05-27T12:57:12","date_gmt":"2015-05-27T16:57:12","guid":{"rendered":"http:\/\/glslcities.org\/?page_id=1512"},"modified":"2017-08-15T16:12:32","modified_gmt":"2017-08-15T20:12:32","slug":"nuclear-energy","status":"publish","type":"page","link":"https:\/\/glslcities.org\/fr\/initiatives\/nuclear-energy\/","title":{"rendered":"\u00c9nergie nucl\u00e9aire"},"content":{"rendered":"<p>En ao\u00fbt 2017, l&rsquo;Alliance des villes a soumis des commentaires \u00e0 la Commission canadienne de suret\u00e9 nucl\u00e9aire sur l&rsquo;\u00e9bauche d&rsquo;\u00e9tude d&rsquo;impact environmental concernant\u00a0le projet d&rsquo;installation de gestion des d\u00e9chets pr\u00e8s de la surface aux Laboratoires de Chalk River.\u00a0\u00a0 Les commentaires pr\u00e9sent\u00e9s sont exprim\u00e9s \u00e0 titre de contribution constructive pour la sant\u00e9 et la s\u00e9curit\u00e9 de cette ressource d&rsquo;eau douce qu&rsquo;est le bassin des Grands Lacs et du Saint-Laurent. Ces commentaires ne doivent pas \u00eatre interpr\u00e9t\u00e9s comme \u00e9tant en support ou en opposition au projet.<\/p>\n<p>Commentaires en anglais seulement,\u00a0<a href=\"https:\/\/glslcities.org\/wp-content\/uploads\/2015\/05\/Chalk-River-NSDF-project-GLSLCI-Comments-Final.pdf\">Chalk River NSDF project-GLSLCI Comments &#8211; Final<\/a><\/p>\n<p>&nbsp;<\/p>\n<p>En mars 2017, l&rsquo;Alliance des villes a pr\u00e9sent\u00e9 des commentaires \u00e0 l&rsquo;Agence canadienne d&rsquo;\u00e9valuation environnementale concernant\u00a0le d\u00e9p\u00f4t en formation g\u00e9ologique profonde propos\u00e9 \u00e0 Kincardine, Ontario. Les commentaires refl\u00e8tent la volont\u00e9 de l&rsquo;Alliance des villes de trouver une solution qui att\u00e9nuerait les risques de contamination \u00e0 l&rsquo;environnement et \u00e0 la population entourant le bassin des Grands Lacs et du Saint-Laurent, dans la meilleur mesure qui soit.<\/p>\n<p>Commentaires en anglais seulement,\u00a0<a href=\"https:\/\/glslcities.org\/wp-content\/uploads\/2015\/05\/FINAL-DGR-comment-letter-030617.pdf\" target=\"_blank\" rel=\"noopener noreferrer\">Cities Initiative Comments on DGR &#8211; March 6, 2017<\/a><\/p>\n<p>&nbsp;<\/p>\n<p>En mai 2015, l\u2019Alliance a publi\u00e9 une d\u00e9claration sur le projet de d\u00e9p\u00f4t en couches g\u00e9ologiques profondes (DGR) \u00e0 proximit\u00e9 de Kincardine, en Ontario. Le DGR est un projet de d\u00e9p\u00f4t de d\u00e9chets nucl\u00e9aires sous-terrain \u00e0 proximit\u00e9 du lac Huron.<\/p>\n<p><a href=\"http:\/\/glslcities.org\/wp-content\/uploads\/2015\/05\/DGR_Statement_2015.pdf\" target=\"_blank\" rel=\"noopener\">D\u00e9claration de l\u2019Alliance au sujet du DGR (pdf) (en anglais)<\/a><\/p>\n<p>En 2010, l\u2019Alliance a \u00e9mis un m\u00e9moire au sujet du transport de d\u00e9chets nucl\u00e9aires de Bruce Power. La compagnie proposait de transporter une cargaison de g\u00e9n\u00e9rateurs de vapeur contamin\u00e9s de son usine vers des installations de recyclage en Su\u00e8de. L\u2019Alliance a exprim\u00e9 sa pr\u00e9occupation quant \u00e0 la s\u00e9curit\u00e9 de l&rsquo;exp\u00e9dition de cette grande quantit\u00e9 de mati\u00e8res radioactives \u00e0 travers la des Grands Lacs. Malgr\u00e9 les actions de l&rsquo;Alliance des villes et d&rsquo;autres parties prenantes, le transport des g\u00e9n\u00e9rateurs a eu lieu.<\/p>\n","protected":false},"excerpt":{"rendered":"<p>En ao\u00fbt 2017, l&rsquo;Alliance des villes a soumis des commentaires \u00e0 la Commission canadienne de suret\u00e9 nucl\u00e9aire sur l&rsquo;\u00e9bauche d&rsquo;\u00e9tude d&rsquo;impact environmental concernant\u00a0le projet d&rsquo;installation de gestion des d\u00e9chets pr\u00e8s de la surface aux Laboratoires de Chalk River.\u00a0\u00a0 Les commentaires pr\u00e9sent\u00e9s sont exprim\u00e9s \u00e0 titre de contribution constructive pour la sant\u00e9 et la s\u00e9curit\u00e9 de&#8230; <a class=\"read-more\" href=\"https:\/\/glslcities.org\/fr\/initiatives\/nuclear-energy\/\">Read More<span class=\"hidden\"> about \u00ab\u00a0\u00c9nergie nucl\u00e9aire\u00a0\u00bb<\/span><\/a><\/p>\n","protected":false},"author":2,"featured_media":0,"parent":1300,"menu_order":30,"comment_status":"open","ping_status":"open","template":"","meta":{"_acf_changed":false,"footnotes":""},"class_list":["post-1512","page","type-page","status-publish","hentry"],"acf":[],"yoast_head":"<!-- This site is optimized with the Yoast SEO plugin v27.3 - https:\/\/yoast.com\/product\/yoast-seo-wordpress\/ -->\n<title>\u00c9nergie nucl\u00e9aire - L\u2019Alliance des villes des Grands Lacs et du Saint-Laurent<\/title>\n<meta name=\"robots\" content=\"index, follow, max-snippet:-1, max-image-preview:large, max-video-preview:-1\" \/>\n<link rel=\"canonical\" href=\"https:\/\/glslcities.org\/fr\/initiatives\/nuclear-energy\/\" \/>\n<meta property=\"og:locale\" content=\"fr_FR\" \/>\n<meta property=\"og:type\" content=\"article\" \/>\n<meta property=\"og:title\" content=\"\u00c9nergie nucl\u00e9aire - L\u2019Alliance des villes des Grands Lacs et du Saint-Laurent\" \/>\n<meta property=\"og:description\" content=\"En ao\u00fbt 2017, l&rsquo;Alliance des villes a soumis des commentaires \u00e0 la Commission canadienne de suret\u00e9 nucl\u00e9aire sur l&rsquo;\u00e9bauche d&rsquo;\u00e9tude d&rsquo;impact environmental concernant\u00a0le projet d&rsquo;installation de gestion des d\u00e9chets pr\u00e8s de la surface aux Laboratoires de Chalk River.\u00a0\u00a0 Les commentaires pr\u00e9sent\u00e9s sont exprim\u00e9s \u00e0 titre de contribution constructive pour la sant\u00e9 et la s\u00e9curit\u00e9 de... Read More about &quot;\u00c9nergie nucl\u00e9aire&quot;\" \/>\n<meta property=\"og:url\" content=\"https:\/\/glslcities.org\/fr\/initiatives\/nuclear-energy\/\" \/>\n<meta property=\"og:site_name\" content=\"L\u2019Alliance des villes des Grands Lacs et du Saint-Laurent\" \/>\n<meta property=\"article:modified_time\" content=\"2017-08-15T20:12:32+00:00\" \/>\n<meta property=\"og:image\" content=\"https:\/\/glslcities.org\/wp-content\/uploads\/2020\/01\/great-lakes-social.png\" \/>\n\t<meta property=\"og:image:width\" content=\"1200\" \/>\n\t<meta property=\"og:image:height\" content=\"630\" \/>\n\t<meta property=\"og:image:type\" content=\"image\/png\" \/>\n<meta name=\"twitter:card\" content=\"summary_large_image\" \/>\n<meta name=\"twitter:label1\" content=\"Dur\u00e9e de lecture estim\u00e9e\" \/>\n\t<meta name=\"twitter:data1\" content=\"2 minutes\" \/>\n<script type=\"application\/ld+json\" class=\"yoast-schema-graph\">{\"@context\":\"https:\\\/\\\/schema.org\",\"@graph\":[{\"@type\":\"WebPage\",\"@id\":\"https:\\\/\\\/glslcities.org\\\/fr\\\/initiatives\\\/nuclear-energy\\\/\",\"url\":\"https:\\\/\\\/glslcities.org\\\/fr\\\/initiatives\\\/nuclear-energy\\\/\",\"name\":\"\u00c9nergie nucl\u00e9aire - L\u2019Alliance des villes des Grands Lacs et du Saint-Laurent\",\"isPartOf\":{\"@id\":\"https:\\\/\\\/glslcities.org\\\/#website\"},\"datePublished\":\"2015-05-27T16:57:12+00:00\",\"dateModified\":\"2017-08-15T20:12:32+00:00\",\"breadcrumb\":{\"@id\":\"https:\\\/\\\/glslcities.org\\\/fr\\\/initiatives\\\/nuclear-energy\\\/#breadcrumb\"},\"inLanguage\":\"fr-FR\",\"potentialAction\":[{\"@type\":\"ReadAction\",\"target\":[\"https:\\\/\\\/glslcities.org\\\/fr\\\/initiatives\\\/nuclear-energy\\\/\"]}]},{\"@type\":\"BreadcrumbList\",\"@id\":\"https:\\\/\\\/glslcities.org\\\/fr\\\/initiatives\\\/nuclear-energy\\\/#breadcrumb\",\"itemListElement\":[{\"@type\":\"ListItem\",\"position\":1,\"name\":\"Home\",\"item\":\"https:\\\/\\\/glslcities.org\\\/fr\\\/\"},{\"@type\":\"ListItem\",\"position\":2,\"name\":\"Initiatives\",\"item\":\"https:\\\/\\\/glslcities.org\\\/fr\\\/initiatives\\\/\"},{\"@type\":\"ListItem\",\"position\":3,\"name\":\"\u00c9nergie nucl\u00e9aire\"}]},{\"@type\":\"WebSite\",\"@id\":\"https:\\\/\\\/glslcities.org\\\/#website\",\"url\":\"https:\\\/\\\/glslcities.org\\\/\",\"name\":\"L\u2019Alliance des villes des Grands Lacs et du Saint-Laurent\",\"description\":\"Des maires unis pour prot\u00e9ger et restaurer les Grands Lacs et le Saint-Laurent\",\"potentialAction\":[{\"@type\":\"SearchAction\",\"target\":{\"@type\":\"EntryPoint\",\"urlTemplate\":\"https:\\\/\\\/glslcities.org\\\/?s={search_term_string}\"},\"query-input\":{\"@type\":\"PropertyValueSpecification\",\"valueRequired\":true,\"valueName\":\"search_term_string\"}}],\"inLanguage\":\"fr-FR\"}]}<\/script>\n<!-- \/ Yoast SEO plugin. -->","yoast_head_json":{"title":"\u00c9nergie nucl\u00e9aire - L\u2019Alliance des villes des Grands Lacs et du Saint-Laurent","robots":{"index":"index","follow":"follow","max-snippet":"max-snippet:-1","max-image-preview":"max-image-preview:large","max-video-preview":"max-video-preview:-1"},"canonical":"https:\/\/glslcities.org\/fr\/initiatives\/nuclear-energy\/","og_locale":"fr_FR","og_type":"article","og_title":"\u00c9nergie nucl\u00e9aire - L\u2019Alliance des villes des Grands Lacs et du Saint-Laurent","og_description":"En ao\u00fbt 2017, l&rsquo;Alliance des villes a soumis des commentaires \u00e0 la Commission canadienne de suret\u00e9 nucl\u00e9aire sur l&rsquo;\u00e9bauche d&rsquo;\u00e9tude d&rsquo;impact environmental concernant\u00a0le projet d&rsquo;installation de gestion des d\u00e9chets pr\u00e8s de la surface aux Laboratoires de Chalk River.\u00a0\u00a0 Les commentaires pr\u00e9sent\u00e9s sont exprim\u00e9s \u00e0 titre de contribution constructive pour la sant\u00e9 et la s\u00e9curit\u00e9 de... Read More about \"\u00c9nergie nucl\u00e9aire\"","og_url":"https:\/\/glslcities.org\/fr\/initiatives\/nuclear-energy\/","og_site_name":"L\u2019Alliance des villes des Grands Lacs et du Saint-Laurent","article_modified_time":"2017-08-15T20:12:32+00:00","og_image":[{"width":1200,"height":630,"url":"https:\/\/glslcities.org\/wp-content\/uploads\/2020\/01\/great-lakes-social.png","type":"image\/png"}],"twitter_card":"summary_large_image","twitter_misc":{"Dur\u00e9e de lecture estim\u00e9e":"2 minutes"},"schema":{"@context":"https:\/\/schema.org","@graph":[{"@type":"WebPage","@id":"https:\/\/glslcities.org\/fr\/initiatives\/nuclear-energy\/","url":"https:\/\/glslcities.org\/fr\/initiatives\/nuclear-energy\/","name":"\u00c9nergie nucl\u00e9aire - L\u2019Alliance des villes des Grands Lacs et du Saint-Laurent","isPartOf":{"@id":"https:\/\/glslcities.org\/#website"},"datePublished":"2015-05-27T16:57:12+00:00","dateModified":"2017-08-15T20:12:32+00:00","breadcrumb":{"@id":"https:\/\/glslcities.org\/fr\/initiatives\/nuclear-energy\/#breadcrumb"},"inLanguage":"fr-FR","potentialAction":[{"@type":"ReadAction","target":["https:\/\/glslcities.org\/fr\/initiatives\/nuclear-energy\/"]}]},{"@type":"BreadcrumbList","@id":"https:\/\/glslcities.org\/fr\/initiatives\/nuclear-energy\/#breadcrumb","itemListElement":[{"@type":"ListItem","position":1,"name":"Home","item":"https:\/\/glslcities.org\/fr\/"},{"@type":"ListItem","position":2,"name":"Initiatives","item":"https:\/\/glslcities.org\/fr\/initiatives\/"},{"@type":"ListItem","position":3,"name":"\u00c9nergie nucl\u00e9aire"}]},{"@type":"WebSite","@id":"https:\/\/glslcities.org\/#website","url":"https:\/\/glslcities.org\/","name":"L\u2019Alliance des villes des Grands Lacs et du Saint-Laurent","description":"Des maires unis pour prot\u00e9ger et restaurer les Grands Lacs et le Saint-Laurent","potentialAction":[{"@type":"SearchAction","target":{"@type":"EntryPoint","urlTemplate":"https:\/\/glslcities.org\/?s={search_term_string}"},"query-input":{"@type":"PropertyValueSpecification","valueRequired":true,"valueName":"search_term_string"}}],"inLanguage":"fr-FR"}]}},"_links":{"self":[{"href":"https:\/\/glslcities.org\/fr\/wp-json\/wp\/v2\/pages\/1512","targetHints":{"allow":["GET"]}}],"collection":[{"href":"https:\/\/glslcities.org\/fr\/wp-json\/wp\/v2\/pages"}],"about":[{"href":"https:\/\/glslcities.org\/fr\/wp-json\/wp\/v2\/types\/page"}],"author":[{"embeddable":true,"href":"https:\/\/glslcities.org\/fr\/wp-json\/wp\/v2\/users\/2"}],"replies":[{"embeddable":true,"href":"https:\/\/glslcities.org\/fr\/wp-json\/wp\/v2\/comments?post=1512"}],"version-history":[{"count":5,"href":"https:\/\/glslcities.org\/fr\/wp-json\/wp\/v2\/pages\/1512\/revisions"}],"predecessor-version":[{"id":7840,"href":"https:\/\/glslcities.org\/fr\/wp-json\/wp\/v2\/pages\/1512\/revisions\/7840"}],"up":[{"embeddable":true,"href":"https:\/\/glslcities.org\/fr\/wp-json\/wp\/v2\/pages\/1300"}],"wp:attachment":[{"href":"https:\/\/glslcities.org\/fr\/wp-json\/wp\/v2\/media?parent=1512"}],"curies":[{"name":"wp","href":"https:\/\/api.w.org\/{rel}","templated":true}]}}