{"id":16448,"date":"2024-04-02T22:41:40","date_gmt":"2024-04-03T02:41:40","guid":{"rendered":"https:\/\/glslcities.org\/?page_id=16448"},"modified":"2024-04-02T22:41:40","modified_gmt":"2024-04-03T02:41:40","slug":"priorites-federales-2024","status":"publish","type":"page","link":"https:\/\/glslcities.org\/fr\/resources\/priorites-federales-2024\/","title":{"rendered":"Priorit\u00e9s f\u00e9d\u00e9rales 2024"},"content":{"rendered":"<p>Les priorit\u00e9s de l\u2019Alliance des villes des Grands Lacs et du Saint-Laurent pour les gouvernements f\u00e9d\u00e9raux canadien et am\u00e9ricain sont publi\u00e9es chaque ann\u00e9e et sont le point culminant d\u2019une consultation approfondie avec notre conseil d\u2019administration et nos villes membres.<\/p>\n<p><strong>Priorit\u00e9s f\u00e9d\u00e9rales canadiennes<\/strong><\/p>\n<p>L\u2019Alliance des villes des Grands Lacs et du St-Laurent demande au gouvernement f\u00e9d\u00e9ral canadien de soutenir les priorit\u00e9s suivantes pour les communaut\u00e9s du bassin des Grands Lacs et du Fleuve St-Laurent.<\/p>\n<ul>\n<li>Garantir des investissements \u00e9quitables dans les infrastructures de l&rsquo;eau et accro\u00eetre les sources locales de revenus<\/li>\n<li>Faciliter la transformation \u00e9conomique des communaut\u00e9s du bassin<\/li>\n<li>Promouvoir la restauration des \u00e9cosyst\u00e8mes et prot\u00e9ger la qualit\u00e9 de l&rsquo;eau<\/li>\n<li>Renforcer la r\u00e9silience c\u00f4ti\u00e8re et pr\u00e9venir les inondations urbaines<\/li>\n<li>Lutter contre les nuisances et les polluants qui affectent la qualit\u00e9 de nos pr\u00e9cieuses ressources en eau douce<\/li>\n<\/ul>\n<p><strong>Voir les priorit\u00e9s f\u00e9d\u00e9rales canadiennes\u00a0<a href=\"https:\/\/glslcities.org\/wp-content\/uploads\/2024\/03\/Priorites-federales-canadiennes-2024_FR.pdf\" target=\"_blank\" rel=\"noopener\">ici<\/a><\/strong>.<\/p>\n<p>Pour plus de renseignements, merci de communiquer avec Eamonn Horan-Lunney, directeur principal de la politique canadienne \u00e0 ce courriel : <a href=\"mailto:Eammon.hl@glslcities.org\">Eammon.hl@glslcities.org<\/a>.<\/p>\n<p>&nbsp;<\/p>\n","protected":false},"excerpt":{"rendered":"<p>Les priorit\u00e9s de l\u2019Alliance des villes des Grands Lacs et du Saint-Laurent pour les gouvernements f\u00e9d\u00e9raux canadien et am\u00e9ricain sont publi\u00e9es chaque ann\u00e9e et sont le point culminant d\u2019une consultation approfondie avec notre conseil d\u2019administration et nos villes membres. Priorit\u00e9s f\u00e9d\u00e9rales canadiennes L\u2019Alliance des villes des Grands Lacs et du St-Laurent demande au gouvernement f\u00e9d\u00e9ral&#8230; <a class=\"read-more\" href=\"https:\/\/glslcities.org\/fr\/resources\/priorites-federales-2024\/\">Read More<span class=\"hidden\"> about \u00ab\u00a0Priorit\u00e9s f\u00e9d\u00e9rales 2024\u00a0\u00bb<\/span><\/a><\/p>\n","protected":false},"author":12,"featured_media":0,"parent":1331,"menu_order":0,"comment_status":"closed","ping_status":"closed","template":"","meta":{"_acf_changed":false,"footnotes":""},"class_list":["post-16448","page","type-page","status-publish","hentry"],"acf":[],"yoast_head":"<!-- This site is optimized with the Yoast SEO plugin v27.4 - https:\/\/yoast.com\/product\/yoast-seo-wordpress\/ -->\n<title>Priorit\u00e9s f\u00e9d\u00e9rales 2024 - L\u2019Alliance des villes des Grands Lacs et du Saint-Laurent<\/title>\n<meta name=\"robots\" content=\"index, follow, max-snippet:-1, max-image-preview:large, max-video-preview:-1\" \/>\n<link rel=\"canonical\" href=\"https:\/\/glslcities.org\/fr\/resources\/priorites-federales-2024\/\" \/>\n<meta property=\"og:locale\" content=\"fr_FR\" \/>\n<meta property=\"og:type\" content=\"article\" \/>\n<meta property=\"og:title\" content=\"Priorit\u00e9s f\u00e9d\u00e9rales 2024 - L\u2019Alliance des villes des Grands Lacs et du Saint-Laurent\" \/>\n<meta property=\"og:description\" content=\"Les priorit\u00e9s de l\u2019Alliance des villes des Grands Lacs et du Saint-Laurent pour les gouvernements f\u00e9d\u00e9raux canadien et am\u00e9ricain sont publi\u00e9es chaque ann\u00e9e et sont le point culminant d\u2019une consultation approfondie avec notre conseil d\u2019administration et nos villes membres. Priorit\u00e9s f\u00e9d\u00e9rales canadiennes L\u2019Alliance des villes des Grands Lacs et du St-Laurent demande au gouvernement f\u00e9d\u00e9ral... Read More about &quot;Priorit\u00e9s f\u00e9d\u00e9rales 2024&quot;\" \/>\n<meta property=\"og:url\" content=\"https:\/\/glslcities.org\/fr\/resources\/priorites-federales-2024\/\" \/>\n<meta property=\"og:site_name\" content=\"L\u2019Alliance des villes des Grands Lacs et du Saint-Laurent\" \/>\n<meta property=\"og:image\" content=\"https:\/\/glslcities.org\/wp-content\/uploads\/2020\/01\/great-lakes-social.png\" \/>\n\t<meta property=\"og:image:width\" content=\"1200\" \/>\n\t<meta property=\"og:image:height\" content=\"630\" \/>\n\t<meta property=\"og:image:type\" content=\"image\/png\" \/>\n<meta name=\"twitter:card\" content=\"summary_large_image\" \/>\n<meta name=\"twitter:label1\" content=\"Dur\u00e9e de lecture estim\u00e9e\" \/>\n\t<meta name=\"twitter:data1\" content=\"1 minute\" \/>\n<script type=\"application\/ld+json\" class=\"yoast-schema-graph\">{\"@context\":\"https:\\\/\\\/schema.org\",\"@graph\":[{\"@type\":\"WebPage\",\"@id\":\"https:\\\/\\\/glslcities.org\\\/fr\\\/resources\\\/priorites-federales-2024\\\/\",\"url\":\"https:\\\/\\\/glslcities.org\\\/fr\\\/resources\\\/priorites-federales-2024\\\/\",\"name\":\"Priorit\u00e9s f\u00e9d\u00e9rales 2024 - L\u2019Alliance des villes des Grands Lacs et du Saint-Laurent\",\"isPartOf\":{\"@id\":\"https:\\\/\\\/glslcities.org\\\/#website\"},\"datePublished\":\"2024-04-03T02:41:40+00:00\",\"breadcrumb\":{\"@id\":\"https:\\\/\\\/glslcities.org\\\/fr\\\/resources\\\/priorites-federales-2024\\\/#breadcrumb\"},\"inLanguage\":\"fr-FR\",\"potentialAction\":[{\"@type\":\"ReadAction\",\"target\":[\"https:\\\/\\\/glslcities.org\\\/fr\\\/resources\\\/priorites-federales-2024\\\/\"]}]},{\"@type\":\"BreadcrumbList\",\"@id\":\"https:\\\/\\\/glslcities.org\\\/fr\\\/resources\\\/priorites-federales-2024\\\/#breadcrumb\",\"itemListElement\":[{\"@type\":\"ListItem\",\"position\":1,\"name\":\"Home\",\"item\":\"https:\\\/\\\/glslcities.org\\\/fr\\\/\"},{\"@type\":\"ListItem\",\"position\":2,\"name\":\"Ressources\",\"item\":\"https:\\\/\\\/glslcities.org\\\/fr\\\/resources\\\/\"},{\"@type\":\"ListItem\",\"position\":3,\"name\":\"Priorit\u00e9s f\u00e9d\u00e9rales 2024\"}]},{\"@type\":\"WebSite\",\"@id\":\"https:\\\/\\\/glslcities.org\\\/#website\",\"url\":\"https:\\\/\\\/glslcities.org\\\/\",\"name\":\"L\u2019Alliance des villes des Grands Lacs et du Saint-Laurent\",\"description\":\"Des maires unis pour prot\u00e9ger et restaurer les Grands Lacs et le Saint-Laurent\",\"potentialAction\":[{\"@type\":\"SearchAction\",\"target\":{\"@type\":\"EntryPoint\",\"urlTemplate\":\"https:\\\/\\\/glslcities.org\\\/?s={search_term_string}\"},\"query-input\":{\"@type\":\"PropertyValueSpecification\",\"valueRequired\":true,\"valueName\":\"search_term_string\"}}],\"inLanguage\":\"fr-FR\"}]}<\/script>\n<!-- \/ Yoast SEO plugin. -->","yoast_head_json":{"title":"Priorit\u00e9s f\u00e9d\u00e9rales 2024 - L\u2019Alliance des villes des Grands Lacs et du Saint-Laurent","robots":{"index":"index","follow":"follow","max-snippet":"max-snippet:-1","max-image-preview":"max-image-preview:large","max-video-preview":"max-video-preview:-1"},"canonical":"https:\/\/glslcities.org\/fr\/resources\/priorites-federales-2024\/","og_locale":"fr_FR","og_type":"article","og_title":"Priorit\u00e9s f\u00e9d\u00e9rales 2024 - L\u2019Alliance des villes des Grands Lacs et du Saint-Laurent","og_description":"Les priorit\u00e9s de l\u2019Alliance des villes des Grands Lacs et du Saint-Laurent pour les gouvernements f\u00e9d\u00e9raux canadien et am\u00e9ricain sont publi\u00e9es chaque ann\u00e9e et sont le point culminant d\u2019une consultation approfondie avec notre conseil d\u2019administration et nos villes membres. Priorit\u00e9s f\u00e9d\u00e9rales canadiennes L\u2019Alliance des villes des Grands Lacs et du St-Laurent demande au gouvernement f\u00e9d\u00e9ral... Read More about \"Priorit\u00e9s f\u00e9d\u00e9rales 2024\"","og_url":"https:\/\/glslcities.org\/fr\/resources\/priorites-federales-2024\/","og_site_name":"L\u2019Alliance des villes des Grands Lacs et du Saint-Laurent","og_image":[{"width":1200,"height":630,"url":"https:\/\/glslcities.org\/wp-content\/uploads\/2020\/01\/great-lakes-social.png","type":"image\/png"}],"twitter_card":"summary_large_image","twitter_misc":{"Dur\u00e9e de lecture estim\u00e9e":"1 minute"},"schema":{"@context":"https:\/\/schema.org","@graph":[{"@type":"WebPage","@id":"https:\/\/glslcities.org\/fr\/resources\/priorites-federales-2024\/","url":"https:\/\/glslcities.org\/fr\/resources\/priorites-federales-2024\/","name":"Priorit\u00e9s f\u00e9d\u00e9rales 2024 - L\u2019Alliance des villes des Grands Lacs et du Saint-Laurent","isPartOf":{"@id":"https:\/\/glslcities.org\/#website"},"datePublished":"2024-04-03T02:41:40+00:00","breadcrumb":{"@id":"https:\/\/glslcities.org\/fr\/resources\/priorites-federales-2024\/#breadcrumb"},"inLanguage":"fr-FR","potentialAction":[{"@type":"ReadAction","target":["https:\/\/glslcities.org\/fr\/resources\/priorites-federales-2024\/"]}]},{"@type":"BreadcrumbList","@id":"https:\/\/glslcities.org\/fr\/resources\/priorites-federales-2024\/#breadcrumb","itemListElement":[{"@type":"ListItem","position":1,"name":"Home","item":"https:\/\/glslcities.org\/fr\/"},{"@type":"ListItem","position":2,"name":"Ressources","item":"https:\/\/glslcities.org\/fr\/resources\/"},{"@type":"ListItem","position":3,"name":"Priorit\u00e9s f\u00e9d\u00e9rales 2024"}]},{"@type":"WebSite","@id":"https:\/\/glslcities.org\/#website","url":"https:\/\/glslcities.org\/","name":"L\u2019Alliance des villes des Grands Lacs et du Saint-Laurent","description":"Des maires unis pour prot\u00e9ger et restaurer les Grands Lacs et le Saint-Laurent","potentialAction":[{"@type":"SearchAction","target":{"@type":"EntryPoint","urlTemplate":"https:\/\/glslcities.org\/?s={search_term_string}"},"query-input":{"@type":"PropertyValueSpecification","valueRequired":true,"valueName":"search_term_string"}}],"inLanguage":"fr-FR"}]}},"_links":{"self":[{"href":"https:\/\/glslcities.org\/fr\/wp-json\/wp\/v2\/pages\/16448","targetHints":{"allow":["GET"]}}],"collection":[{"href":"https:\/\/glslcities.org\/fr\/wp-json\/wp\/v2\/pages"}],"about":[{"href":"https:\/\/glslcities.org\/fr\/wp-json\/wp\/v2\/types\/page"}],"author":[{"embeddable":true,"href":"https:\/\/glslcities.org\/fr\/wp-json\/wp\/v2\/users\/12"}],"replies":[{"embeddable":true,"href":"https:\/\/glslcities.org\/fr\/wp-json\/wp\/v2\/comments?post=16448"}],"version-history":[{"count":1,"href":"https:\/\/glslcities.org\/fr\/wp-json\/wp\/v2\/pages\/16448\/revisions"}],"predecessor-version":[{"id":16449,"href":"https:\/\/glslcities.org\/fr\/wp-json\/wp\/v2\/pages\/16448\/revisions\/16449"}],"up":[{"embeddable":true,"href":"https:\/\/glslcities.org\/fr\/wp-json\/wp\/v2\/pages\/1331"}],"wp:attachment":[{"href":"https:\/\/glslcities.org\/fr\/wp-json\/wp\/v2\/media?parent=16448"}],"curies":[{"name":"wp","href":"https:\/\/api.w.org\/{rel}","templated":true}]}}