{"id":18099,"date":"2025-08-07T12:28:55","date_gmt":"2025-08-07T16:28:55","guid":{"rendered":"https:\/\/glslcities.org\/?page_id=18099"},"modified":"2025-08-07T12:28:55","modified_gmt":"2025-08-07T16:28:55","slug":"programme-des-allies","status":"publish","type":"page","link":"https:\/\/glslcities.org\/fr\/programme-des-allies\/","title":{"rendered":"Programme des Alli\u00e9s"},"content":{"rendered":"<h2>Joignez-vous au Programme des Alli\u00e9s de l\u2019Alliance des villes<\/h2>\n<p>L\u2019Alliance des villes est fi\u00e8re de lancer un nouveau programme visant \u00e0 \u00e9tablir des partenariats plus \u00e9troits avec des organismes sans but lucratif, les chambres de commerce et les associations commerciales, ainsi que les coll\u00e8ges et universit\u00e9s. Cette initiative cr\u00e9e une voie officielle de collaboration et de soutien, renfor\u00e7ant notre impact collectif sur la vitalit\u00e9 environnementale et \u00e9conomique de la r\u00e9gion des Grands Lacs et du fleuve Saint-Laurent.<\/p>\n<p><img loading=\"lazy\" decoding=\"async\" class=\"size-full wp-image-17256\" src=\"https:\/\/glslcities.org\/wp-content\/uploads\/2025\/01\/party-people-communication-talking-happiness-conce-2023-11-27-05-07-04-utc-scaled.jpg\" alt=\"\" width=\"2560\" height=\"1457\" srcset=\"https:\/\/glslcities.org\/wp-content\/uploads\/2025\/01\/party-people-communication-talking-happiness-conce-2023-11-27-05-07-04-utc-scaled.jpg 2560w, https:\/\/glslcities.org\/wp-content\/uploads\/2025\/01\/party-people-communication-talking-happiness-conce-2023-11-27-05-07-04-utc-400x228.jpg 400w, https:\/\/glslcities.org\/wp-content\/uploads\/2025\/01\/party-people-communication-talking-happiness-conce-2023-11-27-05-07-04-utc-1024x583.jpg 1024w, https:\/\/glslcities.org\/wp-content\/uploads\/2025\/01\/party-people-communication-talking-happiness-conce-2023-11-27-05-07-04-utc-200x114.jpg 200w, https:\/\/glslcities.org\/wp-content\/uploads\/2025\/01\/party-people-communication-talking-happiness-conce-2023-11-27-05-07-04-utc-768x437.jpg 768w, https:\/\/glslcities.org\/wp-content\/uploads\/2025\/01\/party-people-communication-talking-happiness-conce-2023-11-27-05-07-04-utc-1536x874.jpg 1536w, https:\/\/glslcities.org\/wp-content\/uploads\/2025\/01\/party-people-communication-talking-happiness-conce-2023-11-27-05-07-04-utc-2048x1166.jpg 2048w, https:\/\/glslcities.org\/wp-content\/uploads\/2025\/01\/party-people-communication-talking-happiness-conce-2023-11-27-05-07-04-utc-850x484.jpg 850w\" sizes=\"auto, (max-width: 2560px) 100vw, 2560px\" \/><\/p>\n<p>&nbsp;<\/p>\n<h2><strong>UN INVESTISSEMENT COLLABORATIF DANS NOTRE AVENIR COMMUN<\/strong><\/h2>\n<p>En adh\u00e9rant au Programme des Alli\u00e9s, les organisations verseront des frais annuels de 2\u00a0500\u00a0$, un investissement direct dans le travail de l\u2019Alliance des villes. Dans le cadre de leur contribution au programme des Alli\u00e9s, les organisations membres du programme pourront \u00eatre en mesure de mobiliser les membres de l\u2019Alliance des villes et d\u2019acc\u00e9der aux avantages suivants\u00a0:<\/p>\n<p>&nbsp;<\/p>\n<h2><strong>Avantages r\u00e9serv\u00e9s aux membres<\/strong><\/h2>\n<table border=\"1\">\n<tbody>\n<tr>\n<td width=\"197\"><strong>Acc\u00e8s privil\u00e9gi\u00e9 aux conf\u00e9rences<\/strong><\/td>\n<td width=\"444\">Le programme offre une inscription gratuitee au congr\u00e8s annuel et un tarif r\u00e9duit de 50 % pour r\u00e9serv\u00e9 d\u2019une table d\u2019exposants.<\/td>\n<\/tr>\n<tr>\n<td width=\"197\"><strong>Invitations en tant qu\u2019observateur<\/strong><\/td>\n<td width=\"444\">Acc\u00e8s \u00e0 des r\u00e9unions r\u00e9serv\u00e9es \u00e0 nos membres, y compris l\u2019assembl\u00e9e annuelle, en tant qu\u2019observateur.<\/td>\n<\/tr>\n<tr>\n<td width=\"197\"><strong>Visibilit\u00e9 accrue<\/strong><\/td>\n<td width=\"444\">Nom et logo de l\u2019orsanisaton pr\u00e9sent\u00e9s sur la page des Alli\u00e9s sur le \u00a0site Web de l\u2019Alliance des villes<\/td>\n<\/tr>\n<tr>\n<td width=\"197\"><strong>Reconnaissance annuelle<\/strong><\/td>\n<td width=\"444\">Reconnaissance dans l\u2019infolettre des Partenaires, ainsi que lors du congr\u00e8s .<\/td>\n<\/tr>\n<tr>\n<td><strong>Amplifiez votre voix<\/strong><\/td>\n<td width=\"444\">Soumettez des \u00e9v\u00e9nements et des annonces \u00e0 inclure dans les communications de l\u2019Alliance des villes.<\/td>\n<\/tr>\n<tr>\n<td width=\"197\"><strong>Acc\u00e8s aux \u00e9v\u00e9nements r\u00e9gionaux<\/strong><\/td>\n<td width=\"444\">Invitations \u00e0 des \u00e9v\u00e9nements r\u00e9gionaux, ainsi qu\u2019\u00e0 des webinaires organis\u00e9s par l\u2019Alliance des villes.<\/td>\n<\/tr>\n<\/tbody>\n<\/table>\n<p>&nbsp;<\/p>\n<h2><strong>JOIGNEZ-VOUS \u00c0 NOUS POUR AMPLIFIER NOTRE IMPACT<\/strong><\/h2>\n<p>Devenez membre du programme des Alli\u00e9s, et contribuez \u00e0 forger une alliance plus forte d\u2019organisations vou\u00e9es \u00e0 la pr\u00e9servation de nos eaux partag\u00e9es, ainsi qu\u2019\u00e0 la promotion du d\u00e9veloppement durable de notre r\u00e9gion. Ce programme marque le d\u00e9but d\u2019une \u00e9tape audacieuse dans l\u2019\u00e9largissement de nos partenariats et l\u2019approfondissement de notre impact collectif au profit de nos collectivit\u00e9s, et des g\u00e9n\u00e9rations futures.<\/p>\n<p>Joignez-vous au Programme Alli\u00e9s de l\u2019Alliance des villes et contribuez \u00e0 un h\u00e9ritage de collaboration et de changement positif.<\/p>\n<p>&nbsp;<\/p>\n<h2><strong>IMPLIQUEZ-VOUS D\u00c8S AUJOURD\u2019HUI<\/strong><\/h2>\n<p>Pour en savoir plus sur le Programme des Alli\u00e9s, visitez notre site Web \u00e0 glslcities.org ou communiquez directement avec Phillipe Murphy-Rh\u00e9aume, Chef du d\u00e9veloppement, via <strong>phillipe.murphy-rheaume@glslcities.org<\/strong>. Nous sommes l\u00e0 pour r\u00e9pondre \u00e0 vos questions et vous aider \u00e0 rejoindre notre Alliance!<\/p>\n","protected":false},"excerpt":{"rendered":"<p>Joignez-vous au Programme des Alli\u00e9s de l\u2019Alliance des villes L\u2019Alliance des villes est fi\u00e8re de lancer un nouveau programme visant \u00e0 \u00e9tablir des partenariats plus \u00e9troits avec des organismes sans but lucratif, les chambres de commerce et les associations commerciales, ainsi que les coll\u00e8ges et universit\u00e9s. Cette initiative cr\u00e9e une voie officielle de collaboration et&#8230; <a class=\"read-more\" href=\"https:\/\/glslcities.org\/fr\/programme-des-allies\/\">Read More<span class=\"hidden\"> about \u00ab\u00a0Programme des Alli\u00e9s\u00a0\u00bb<\/span><\/a><\/p>\n","protected":false},"author":12,"featured_media":0,"parent":0,"menu_order":0,"comment_status":"closed","ping_status":"closed","template":"","meta":{"_acf_changed":false,"footnotes":""},"class_list":["post-18099","page","type-page","status-publish","hentry"],"acf":[],"yoast_head":"<!-- This site is optimized with the Yoast SEO plugin v27.4 - https:\/\/yoast.com\/product\/yoast-seo-wordpress\/ -->\n<title>Programme des Alli\u00e9s - L\u2019Alliance des villes des Grands Lacs et du Saint-Laurent<\/title>\n<meta name=\"robots\" content=\"index, follow, max-snippet:-1, max-image-preview:large, max-video-preview:-1\" \/>\n<link rel=\"canonical\" href=\"https:\/\/glslcities.org\/fr\/programme-des-allies\/\" \/>\n<meta property=\"og:locale\" content=\"fr_FR\" \/>\n<meta property=\"og:type\" content=\"article\" \/>\n<meta property=\"og:title\" content=\"Programme des Alli\u00e9s - L\u2019Alliance des villes des Grands Lacs et du Saint-Laurent\" \/>\n<meta property=\"og:description\" content=\"Joignez-vous au Programme des Alli\u00e9s de l\u2019Alliance des villes L\u2019Alliance des villes est fi\u00e8re de lancer un nouveau programme visant \u00e0 \u00e9tablir des partenariats plus \u00e9troits avec des organismes sans but lucratif, les chambres de commerce et les associations commerciales, ainsi que les coll\u00e8ges et universit\u00e9s. Cette initiative cr\u00e9e une voie officielle de collaboration et... Read More about &quot;Programme des Alli\u00e9s&quot;\" \/>\n<meta property=\"og:url\" content=\"https:\/\/glslcities.org\/fr\/programme-des-allies\/\" \/>\n<meta property=\"og:site_name\" content=\"L\u2019Alliance des villes des Grands Lacs et du Saint-Laurent\" \/>\n<meta property=\"og:image\" content=\"https:\/\/glslcities.org\/wp-content\/uploads\/2025\/01\/party-people-communication-talking-happiness-conce-2023-11-27-05-07-04-utc-scaled.jpg\" \/>\n<meta name=\"twitter:card\" content=\"summary_large_image\" \/>\n<meta name=\"twitter:label1\" content=\"Dur\u00e9e de lecture estim\u00e9e\" \/>\n\t<meta name=\"twitter:data1\" content=\"2 minutes\" \/>\n<script type=\"application\/ld+json\" class=\"yoast-schema-graph\">{\"@context\":\"https:\\\/\\\/schema.org\",\"@graph\":[{\"@type\":\"WebPage\",\"@id\":\"https:\\\/\\\/glslcities.org\\\/fr\\\/programme-des-allies\\\/\",\"url\":\"https:\\\/\\\/glslcities.org\\\/fr\\\/programme-des-allies\\\/\",\"name\":\"Programme des Alli\u00e9s - L\u2019Alliance des villes des Grands Lacs et du Saint-Laurent\",\"isPartOf\":{\"@id\":\"https:\\\/\\\/glslcities.org\\\/#website\"},\"primaryImageOfPage\":{\"@id\":\"https:\\\/\\\/glslcities.org\\\/fr\\\/programme-des-allies\\\/#primaryimage\"},\"image\":{\"@id\":\"https:\\\/\\\/glslcities.org\\\/fr\\\/programme-des-allies\\\/#primaryimage\"},\"thumbnailUrl\":\"https:\\\/\\\/glslcities.org\\\/wp-content\\\/uploads\\\/2025\\\/01\\\/party-people-communication-talking-happiness-conce-2023-11-27-05-07-04-utc-scaled.jpg\",\"datePublished\":\"2025-08-07T16:28:55+00:00\",\"breadcrumb\":{\"@id\":\"https:\\\/\\\/glslcities.org\\\/fr\\\/programme-des-allies\\\/#breadcrumb\"},\"inLanguage\":\"fr-FR\",\"potentialAction\":[{\"@type\":\"ReadAction\",\"target\":[\"https:\\\/\\\/glslcities.org\\\/fr\\\/programme-des-allies\\\/\"]}]},{\"@type\":\"ImageObject\",\"inLanguage\":\"fr-FR\",\"@id\":\"https:\\\/\\\/glslcities.org\\\/fr\\\/programme-des-allies\\\/#primaryimage\",\"url\":\"https:\\\/\\\/glslcities.org\\\/wp-content\\\/uploads\\\/2025\\\/01\\\/party-people-communication-talking-happiness-conce-2023-11-27-05-07-04-utc-scaled.jpg\",\"contentUrl\":\"https:\\\/\\\/glslcities.org\\\/wp-content\\\/uploads\\\/2025\\\/01\\\/party-people-communication-talking-happiness-conce-2023-11-27-05-07-04-utc-scaled.jpg\"},{\"@type\":\"BreadcrumbList\",\"@id\":\"https:\\\/\\\/glslcities.org\\\/fr\\\/programme-des-allies\\\/#breadcrumb\",\"itemListElement\":[{\"@type\":\"ListItem\",\"position\":1,\"name\":\"Home\",\"item\":\"https:\\\/\\\/glslcities.org\\\/fr\\\/\"},{\"@type\":\"ListItem\",\"position\":2,\"name\":\"Programme des Alli\u00e9s\"}]},{\"@type\":\"WebSite\",\"@id\":\"https:\\\/\\\/glslcities.org\\\/#website\",\"url\":\"https:\\\/\\\/glslcities.org\\\/\",\"name\":\"L\u2019Alliance des villes des Grands Lacs et du Saint-Laurent\",\"description\":\"Des maires unis pour prot\u00e9ger et restaurer les Grands Lacs et le Saint-Laurent\",\"potentialAction\":[{\"@type\":\"SearchAction\",\"target\":{\"@type\":\"EntryPoint\",\"urlTemplate\":\"https:\\\/\\\/glslcities.org\\\/?s={search_term_string}\"},\"query-input\":{\"@type\":\"PropertyValueSpecification\",\"valueRequired\":true,\"valueName\":\"search_term_string\"}}],\"inLanguage\":\"fr-FR\"}]}<\/script>\n<!-- \/ Yoast SEO plugin. -->","yoast_head_json":{"title":"Programme des Alli\u00e9s - L\u2019Alliance des villes des Grands Lacs et du Saint-Laurent","robots":{"index":"index","follow":"follow","max-snippet":"max-snippet:-1","max-image-preview":"max-image-preview:large","max-video-preview":"max-video-preview:-1"},"canonical":"https:\/\/glslcities.org\/fr\/programme-des-allies\/","og_locale":"fr_FR","og_type":"article","og_title":"Programme des Alli\u00e9s - L\u2019Alliance des villes des Grands Lacs et du Saint-Laurent","og_description":"Joignez-vous au Programme des Alli\u00e9s de l\u2019Alliance des villes L\u2019Alliance des villes est fi\u00e8re de lancer un nouveau programme visant \u00e0 \u00e9tablir des partenariats plus \u00e9troits avec des organismes sans but lucratif, les chambres de commerce et les associations commerciales, ainsi que les coll\u00e8ges et universit\u00e9s. Cette initiative cr\u00e9e une voie officielle de collaboration et... Read More about \"Programme des Alli\u00e9s\"","og_url":"https:\/\/glslcities.org\/fr\/programme-des-allies\/","og_site_name":"L\u2019Alliance des villes des Grands Lacs et du Saint-Laurent","og_image":[{"url":"https:\/\/glslcities.org\/wp-content\/uploads\/2025\/01\/party-people-communication-talking-happiness-conce-2023-11-27-05-07-04-utc-scaled.jpg","type":"","width":"","height":""}],"twitter_card":"summary_large_image","twitter_misc":{"Dur\u00e9e de lecture estim\u00e9e":"2 minutes"},"schema":{"@context":"https:\/\/schema.org","@graph":[{"@type":"WebPage","@id":"https:\/\/glslcities.org\/fr\/programme-des-allies\/","url":"https:\/\/glslcities.org\/fr\/programme-des-allies\/","name":"Programme des Alli\u00e9s - L\u2019Alliance des villes des Grands Lacs et du Saint-Laurent","isPartOf":{"@id":"https:\/\/glslcities.org\/#website"},"primaryImageOfPage":{"@id":"https:\/\/glslcities.org\/fr\/programme-des-allies\/#primaryimage"},"image":{"@id":"https:\/\/glslcities.org\/fr\/programme-des-allies\/#primaryimage"},"thumbnailUrl":"https:\/\/glslcities.org\/wp-content\/uploads\/2025\/01\/party-people-communication-talking-happiness-conce-2023-11-27-05-07-04-utc-scaled.jpg","datePublished":"2025-08-07T16:28:55+00:00","breadcrumb":{"@id":"https:\/\/glslcities.org\/fr\/programme-des-allies\/#breadcrumb"},"inLanguage":"fr-FR","potentialAction":[{"@type":"ReadAction","target":["https:\/\/glslcities.org\/fr\/programme-des-allies\/"]}]},{"@type":"ImageObject","inLanguage":"fr-FR","@id":"https:\/\/glslcities.org\/fr\/programme-des-allies\/#primaryimage","url":"https:\/\/glslcities.org\/wp-content\/uploads\/2025\/01\/party-people-communication-talking-happiness-conce-2023-11-27-05-07-04-utc-scaled.jpg","contentUrl":"https:\/\/glslcities.org\/wp-content\/uploads\/2025\/01\/party-people-communication-talking-happiness-conce-2023-11-27-05-07-04-utc-scaled.jpg"},{"@type":"BreadcrumbList","@id":"https:\/\/glslcities.org\/fr\/programme-des-allies\/#breadcrumb","itemListElement":[{"@type":"ListItem","position":1,"name":"Home","item":"https:\/\/glslcities.org\/fr\/"},{"@type":"ListItem","position":2,"name":"Programme des Alli\u00e9s"}]},{"@type":"WebSite","@id":"https:\/\/glslcities.org\/#website","url":"https:\/\/glslcities.org\/","name":"L\u2019Alliance des villes des Grands Lacs et du Saint-Laurent","description":"Des maires unis pour prot\u00e9ger et restaurer les Grands Lacs et le Saint-Laurent","potentialAction":[{"@type":"SearchAction","target":{"@type":"EntryPoint","urlTemplate":"https:\/\/glslcities.org\/?s={search_term_string}"},"query-input":{"@type":"PropertyValueSpecification","valueRequired":true,"valueName":"search_term_string"}}],"inLanguage":"fr-FR"}]}},"_links":{"self":[{"href":"https:\/\/glslcities.org\/fr\/wp-json\/wp\/v2\/pages\/18099","targetHints":{"allow":["GET"]}}],"collection":[{"href":"https:\/\/glslcities.org\/fr\/wp-json\/wp\/v2\/pages"}],"about":[{"href":"https:\/\/glslcities.org\/fr\/wp-json\/wp\/v2\/types\/page"}],"author":[{"embeddable":true,"href":"https:\/\/glslcities.org\/fr\/wp-json\/wp\/v2\/users\/12"}],"replies":[{"embeddable":true,"href":"https:\/\/glslcities.org\/fr\/wp-json\/wp\/v2\/comments?post=18099"}],"version-history":[{"count":1,"href":"https:\/\/glslcities.org\/fr\/wp-json\/wp\/v2\/pages\/18099\/revisions"}],"predecessor-version":[{"id":18100,"href":"https:\/\/glslcities.org\/fr\/wp-json\/wp\/v2\/pages\/18099\/revisions\/18100"}],"wp:attachment":[{"href":"https:\/\/glslcities.org\/fr\/wp-json\/wp\/v2\/media?parent=18099"}],"curies":[{"name":"wp","href":"https:\/\/api.w.org\/{rel}","templated":true}]}}