{"id":1820,"date":"2015-06-05T11:20:22","date_gmt":"2015-06-05T15:20:22","guid":{"rendered":"http:\/\/glslcities.org\/?page_id=1820"},"modified":"2015-06-05T11:20:22","modified_gmt":"2015-06-05T15:20:22","slug":"a-propos-de-la-region-des-grands-lacs-et-du-saint-laurent","status":"publish","type":"page","link":"https:\/\/glslcities.org\/fr\/a-propos-de-nous\/a-propos-de-la-region-des-grands-lacs-et-du-saint-laurent\/","title":{"rendered":"\u00c0 propos de la r\u00e9gion des Grands Lacs et du Saint-Laurent"},"content":{"rendered":"<p>Le bassin versant des Grands Lacs et du Saint-Laurent est la plus grande source d\u2019eau douce de surface au monde. Le bassin contient plus de 21% de l\u2019eau douce de surface au monde et est la source d\u2019eau potable pour plus de 40 millions de personnes. Les cinq Grands Lacs, le lac Sup\u00e9rieur, le lac Michigan, le lac Huron, le lac \u00c9ri\u00e9 et le lac Ontario, ainsi que le fleuve Saint-Laurent, touchent \u00e0 huit \u00c9tats am\u00e9ricains et deux provinces canadiennes.<\/p>\n<p>&nbsp;<\/p>\n<p>Pour plus d\u2019information sur les Grands Lacs et le fleuve Saint-Laurent\u00a0:<\/p>\n<p><a href=\"https:\/\/www.ec.gc.ca\/stl\/default.asp?lang=Fr&n=49C847E2-1\">Environnement Canada (fleuve Saint-Laurent)<\/a><\/p>\n<p><a href=\"http:\/\/www.ec.gc.ca\/grandslacs-greatlakes\/default.asp?lang=Fr&n=70283230-1\">Environnement Canada (Grands Lacs)<\/a><\/p>\n<p><a href=\"http:\/\/www.canadiangeographic.ca\/atlas\/LessonPlan_Html\/MB_6-8_Dioramaf_files\/image005.gif\" target=\"_blank\"><img loading=\"lazy\" decoding=\"async\" class=\"aligncenter\" src=\"http:\/\/www.canadiangeographic.ca\/atlas\/LessonPlan_Html\/MB_6-8_Dioramaf_files\/image005.gif\" alt=\"Carte de la region des Grands Lacs Saint-Laurent\" width=\"632\" height=\"381\" \/><\/a><\/p>\n","protected":false},"excerpt":{"rendered":"<p>Le bassin versant des Grands Lacs et du Saint-Laurent est la plus grande source d\u2019eau douce de surface au monde. Le bassin contient plus de 21% de l\u2019eau douce de surface au monde et est la source d\u2019eau potable pour plus de 40 millions de personnes. Les cinq Grands Lacs, le lac Sup\u00e9rieur, le lac&#8230; <a class=\"read-more\" href=\"https:\/\/glslcities.org\/fr\/a-propos-de-nous\/a-propos-de-la-region-des-grands-lacs-et-du-saint-laurent\/\">Read More<span class=\"hidden\"> about \u00ab\u00a0\u00c0 propos de la r\u00e9gion des Grands Lacs et du Saint-Laurent\u00a0\u00bb<\/span><\/a><\/p>\n","protected":false},"author":2,"featured_media":0,"parent":1291,"menu_order":1,"comment_status":"open","ping_status":"closed","template":"","meta":{"_acf_changed":false,"footnotes":""},"class_list":["post-1820","page","type-page","status-publish","hentry"],"acf":[],"yoast_head":"<!-- This site is optimized with the Yoast SEO plugin v27.4 - https:\/\/yoast.com\/product\/yoast-seo-wordpress\/ -->\n<title>\u00c0 propos de la r\u00e9gion des Grands Lacs et du Saint-Laurent - L\u2019Alliance des villes des Grands Lacs et du Saint-Laurent<\/title>\n<meta name=\"robots\" content=\"index, follow, max-snippet:-1, max-image-preview:large, max-video-preview:-1\" \/>\n<link rel=\"canonical\" href=\"https:\/\/glslcities.org\/fr\/a-propos-de-nous\/a-propos-de-la-region-des-grands-lacs-et-du-saint-laurent\/\" \/>\n<meta property=\"og:locale\" content=\"fr_FR\" \/>\n<meta property=\"og:type\" content=\"article\" \/>\n<meta property=\"og:title\" content=\"\u00c0 propos de la r\u00e9gion des Grands Lacs et du Saint-Laurent - L\u2019Alliance des villes des Grands Lacs et du Saint-Laurent\" \/>\n<meta property=\"og:description\" content=\"Le bassin versant des Grands Lacs et du Saint-Laurent est la plus grande source d\u2019eau douce de surface au monde. Le bassin contient plus de 21% de l\u2019eau douce de surface au monde et est la source d\u2019eau potable pour plus de 40 millions de personnes. Les cinq Grands Lacs, le lac Sup\u00e9rieur, le lac... Read More about &quot;\u00c0 propos de la r\u00e9gion des Grands Lacs et du Saint-Laurent&quot;\" \/>\n<meta property=\"og:url\" content=\"https:\/\/glslcities.org\/fr\/a-propos-de-nous\/a-propos-de-la-region-des-grands-lacs-et-du-saint-laurent\/\" \/>\n<meta property=\"og:site_name\" content=\"L\u2019Alliance des villes des Grands Lacs et du Saint-Laurent\" \/>\n<meta property=\"og:image\" content=\"http:\/\/www.canadiangeographic.ca\/atlas\/LessonPlan_Html\/MB_6-8_Dioramaf_files\/image005.gif\" \/>\n<meta name=\"twitter:card\" content=\"summary_large_image\" \/>\n<meta name=\"twitter:label1\" content=\"Dur\u00e9e de lecture estim\u00e9e\" \/>\n\t<meta name=\"twitter:data1\" content=\"1 minute\" \/>\n<script type=\"application\/ld+json\" class=\"yoast-schema-graph\">{\"@context\":\"https:\\\/\\\/schema.org\",\"@graph\":[{\"@type\":\"WebPage\",\"@id\":\"https:\\\/\\\/glslcities.org\\\/fr\\\/a-propos-de-nous\\\/a-propos-de-la-region-des-grands-lacs-et-du-saint-laurent\\\/\",\"url\":\"https:\\\/\\\/glslcities.org\\\/fr\\\/a-propos-de-nous\\\/a-propos-de-la-region-des-grands-lacs-et-du-saint-laurent\\\/\",\"name\":\"\u00c0 propos de la r\u00e9gion des Grands Lacs et du Saint-Laurent - L\u2019Alliance des villes des Grands Lacs et du Saint-Laurent\",\"isPartOf\":{\"@id\":\"https:\\\/\\\/glslcities.org\\\/#website\"},\"primaryImageOfPage\":{\"@id\":\"https:\\\/\\\/glslcities.org\\\/fr\\\/a-propos-de-nous\\\/a-propos-de-la-region-des-grands-lacs-et-du-saint-laurent\\\/#primaryimage\"},\"image\":{\"@id\":\"https:\\\/\\\/glslcities.org\\\/fr\\\/a-propos-de-nous\\\/a-propos-de-la-region-des-grands-lacs-et-du-saint-laurent\\\/#primaryimage\"},\"thumbnailUrl\":\"http:\\\/\\\/www.canadiangeographic.ca\\\/atlas\\\/LessonPlan_Html\\\/MB_6-8_Dioramaf_files\\\/image005.gif\",\"datePublished\":\"2015-06-05T15:20:22+00:00\",\"breadcrumb\":{\"@id\":\"https:\\\/\\\/glslcities.org\\\/fr\\\/a-propos-de-nous\\\/a-propos-de-la-region-des-grands-lacs-et-du-saint-laurent\\\/#breadcrumb\"},\"inLanguage\":\"fr-FR\",\"potentialAction\":[{\"@type\":\"ReadAction\",\"target\":[\"https:\\\/\\\/glslcities.org\\\/fr\\\/a-propos-de-nous\\\/a-propos-de-la-region-des-grands-lacs-et-du-saint-laurent\\\/\"]}]},{\"@type\":\"ImageObject\",\"inLanguage\":\"fr-FR\",\"@id\":\"https:\\\/\\\/glslcities.org\\\/fr\\\/a-propos-de-nous\\\/a-propos-de-la-region-des-grands-lacs-et-du-saint-laurent\\\/#primaryimage\",\"url\":\"http:\\\/\\\/www.canadiangeographic.ca\\\/atlas\\\/LessonPlan_Html\\\/MB_6-8_Dioramaf_files\\\/image005.gif\",\"contentUrl\":\"http:\\\/\\\/www.canadiangeographic.ca\\\/atlas\\\/LessonPlan_Html\\\/MB_6-8_Dioramaf_files\\\/image005.gif\"},{\"@type\":\"BreadcrumbList\",\"@id\":\"https:\\\/\\\/glslcities.org\\\/fr\\\/a-propos-de-nous\\\/a-propos-de-la-region-des-grands-lacs-et-du-saint-laurent\\\/#breadcrumb\",\"itemListElement\":[{\"@type\":\"ListItem\",\"position\":1,\"name\":\"Home\",\"item\":\"https:\\\/\\\/glslcities.org\\\/fr\\\/\"},{\"@type\":\"ListItem\",\"position\":2,\"name\":\"\u00c0 propos de nous\",\"item\":\"https:\\\/\\\/glslcities.org\\\/fr\\\/a-propos-de-nous\\\/\"},{\"@type\":\"ListItem\",\"position\":3,\"name\":\"\u00c0 propos de la r\u00e9gion des Grands Lacs et du Saint-Laurent\"}]},{\"@type\":\"WebSite\",\"@id\":\"https:\\\/\\\/glslcities.org\\\/#website\",\"url\":\"https:\\\/\\\/glslcities.org\\\/\",\"name\":\"L\u2019Alliance des villes des Grands Lacs et du Saint-Laurent\",\"description\":\"Des maires unis pour prot\u00e9ger et restaurer les Grands Lacs et le Saint-Laurent\",\"potentialAction\":[{\"@type\":\"SearchAction\",\"target\":{\"@type\":\"EntryPoint\",\"urlTemplate\":\"https:\\\/\\\/glslcities.org\\\/?s={search_term_string}\"},\"query-input\":{\"@type\":\"PropertyValueSpecification\",\"valueRequired\":true,\"valueName\":\"search_term_string\"}}],\"inLanguage\":\"fr-FR\"}]}<\/script>\n<!-- \/ Yoast SEO plugin. -->","yoast_head_json":{"title":"\u00c0 propos de la r\u00e9gion des Grands Lacs et du Saint-Laurent - L\u2019Alliance des villes des Grands Lacs et du Saint-Laurent","robots":{"index":"index","follow":"follow","max-snippet":"max-snippet:-1","max-image-preview":"max-image-preview:large","max-video-preview":"max-video-preview:-1"},"canonical":"https:\/\/glslcities.org\/fr\/a-propos-de-nous\/a-propos-de-la-region-des-grands-lacs-et-du-saint-laurent\/","og_locale":"fr_FR","og_type":"article","og_title":"\u00c0 propos de la r\u00e9gion des Grands Lacs et du Saint-Laurent - L\u2019Alliance des villes des Grands Lacs et du Saint-Laurent","og_description":"Le bassin versant des Grands Lacs et du Saint-Laurent est la plus grande source d\u2019eau douce de surface au monde. Le bassin contient plus de 21% de l\u2019eau douce de surface au monde et est la source d\u2019eau potable pour plus de 40 millions de personnes. Les cinq Grands Lacs, le lac Sup\u00e9rieur, le lac... Read More about \"\u00c0 propos de la r\u00e9gion des Grands Lacs et du Saint-Laurent\"","og_url":"https:\/\/glslcities.org\/fr\/a-propos-de-nous\/a-propos-de-la-region-des-grands-lacs-et-du-saint-laurent\/","og_site_name":"L\u2019Alliance des villes des Grands Lacs et du Saint-Laurent","og_image":[{"url":"http:\/\/www.canadiangeographic.ca\/atlas\/LessonPlan_Html\/MB_6-8_Dioramaf_files\/image005.gif","type":"","width":"","height":""}],"twitter_card":"summary_large_image","twitter_misc":{"Dur\u00e9e de lecture estim\u00e9e":"1 minute"},"schema":{"@context":"https:\/\/schema.org","@graph":[{"@type":"WebPage","@id":"https:\/\/glslcities.org\/fr\/a-propos-de-nous\/a-propos-de-la-region-des-grands-lacs-et-du-saint-laurent\/","url":"https:\/\/glslcities.org\/fr\/a-propos-de-nous\/a-propos-de-la-region-des-grands-lacs-et-du-saint-laurent\/","name":"\u00c0 propos de la r\u00e9gion des Grands Lacs et du Saint-Laurent - L\u2019Alliance des villes des Grands Lacs et du Saint-Laurent","isPartOf":{"@id":"https:\/\/glslcities.org\/#website"},"primaryImageOfPage":{"@id":"https:\/\/glslcities.org\/fr\/a-propos-de-nous\/a-propos-de-la-region-des-grands-lacs-et-du-saint-laurent\/#primaryimage"},"image":{"@id":"https:\/\/glslcities.org\/fr\/a-propos-de-nous\/a-propos-de-la-region-des-grands-lacs-et-du-saint-laurent\/#primaryimage"},"thumbnailUrl":"http:\/\/www.canadiangeographic.ca\/atlas\/LessonPlan_Html\/MB_6-8_Dioramaf_files\/image005.gif","datePublished":"2015-06-05T15:20:22+00:00","breadcrumb":{"@id":"https:\/\/glslcities.org\/fr\/a-propos-de-nous\/a-propos-de-la-region-des-grands-lacs-et-du-saint-laurent\/#breadcrumb"},"inLanguage":"fr-FR","potentialAction":[{"@type":"ReadAction","target":["https:\/\/glslcities.org\/fr\/a-propos-de-nous\/a-propos-de-la-region-des-grands-lacs-et-du-saint-laurent\/"]}]},{"@type":"ImageObject","inLanguage":"fr-FR","@id":"https:\/\/glslcities.org\/fr\/a-propos-de-nous\/a-propos-de-la-region-des-grands-lacs-et-du-saint-laurent\/#primaryimage","url":"http:\/\/www.canadiangeographic.ca\/atlas\/LessonPlan_Html\/MB_6-8_Dioramaf_files\/image005.gif","contentUrl":"http:\/\/www.canadiangeographic.ca\/atlas\/LessonPlan_Html\/MB_6-8_Dioramaf_files\/image005.gif"},{"@type":"BreadcrumbList","@id":"https:\/\/glslcities.org\/fr\/a-propos-de-nous\/a-propos-de-la-region-des-grands-lacs-et-du-saint-laurent\/#breadcrumb","itemListElement":[{"@type":"ListItem","position":1,"name":"Home","item":"https:\/\/glslcities.org\/fr\/"},{"@type":"ListItem","position":2,"name":"\u00c0 propos de nous","item":"https:\/\/glslcities.org\/fr\/a-propos-de-nous\/"},{"@type":"ListItem","position":3,"name":"\u00c0 propos de la r\u00e9gion des Grands Lacs et du Saint-Laurent"}]},{"@type":"WebSite","@id":"https:\/\/glslcities.org\/#website","url":"https:\/\/glslcities.org\/","name":"L\u2019Alliance des villes des Grands Lacs et du Saint-Laurent","description":"Des maires unis pour prot\u00e9ger et restaurer les Grands Lacs et le Saint-Laurent","potentialAction":[{"@type":"SearchAction","target":{"@type":"EntryPoint","urlTemplate":"https:\/\/glslcities.org\/?s={search_term_string}"},"query-input":{"@type":"PropertyValueSpecification","valueRequired":true,"valueName":"search_term_string"}}],"inLanguage":"fr-FR"}]}},"_links":{"self":[{"href":"https:\/\/glslcities.org\/fr\/wp-json\/wp\/v2\/pages\/1820","targetHints":{"allow":["GET"]}}],"collection":[{"href":"https:\/\/glslcities.org\/fr\/wp-json\/wp\/v2\/pages"}],"about":[{"href":"https:\/\/glslcities.org\/fr\/wp-json\/wp\/v2\/types\/page"}],"author":[{"embeddable":true,"href":"https:\/\/glslcities.org\/fr\/wp-json\/wp\/v2\/users\/2"}],"replies":[{"embeddable":true,"href":"https:\/\/glslcities.org\/fr\/wp-json\/wp\/v2\/comments?post=1820"}],"version-history":[{"count":1,"href":"https:\/\/glslcities.org\/fr\/wp-json\/wp\/v2\/pages\/1820\/revisions"}],"predecessor-version":[{"id":1821,"href":"https:\/\/glslcities.org\/fr\/wp-json\/wp\/v2\/pages\/1820\/revisions\/1821"}],"up":[{"embeddable":true,"href":"https:\/\/glslcities.org\/fr\/wp-json\/wp\/v2\/pages\/1291"}],"wp:attachment":[{"href":"https:\/\/glslcities.org\/fr\/wp-json\/wp\/v2\/media?parent=1820"}],"curies":[{"name":"wp","href":"https:\/\/api.w.org\/{rel}","templated":true}]}}