{"id":18876,"date":"2026-01-13T13:33:08","date_gmt":"2026-01-13T18:33:08","guid":{"rendered":"https:\/\/glslcities.org\/?page_id=18876"},"modified":"2026-04-27T09:09:24","modified_gmt":"2026-04-27T13:09:24","slug":"congres-annuel-2026-a-hamilton-on","status":"publish","type":"page","link":"https:\/\/glslcities.org\/fr\/evenements\/assemblee-annuelle\/congres-annuel-2026-a-hamilton-on\/","title":{"rendered":"Congr\u00e8s annuel 2026 \u00e0 Hamilton (ON)"},"content":{"rendered":"<p><a href=\"https:\/\/www.eventbrite.com\/e\/congres-annuel-2026-6-8-mai-2026-tickets-1979361267835?aff=oddtdtcreator\" target=\"_blank\" rel=\"noopener\"><img loading=\"lazy\" decoding=\"async\" class=\"aligncenter wp-image-12184\" src=\"https:\/\/glslcities.org\/wp-content\/uploads\/2021\/07\/Register-Button-FR-AGM.jpg-400x135.png\" alt=\"\" width=\"228\" height=\"77\" srcset=\"https:\/\/glslcities.org\/wp-content\/uploads\/2021\/07\/Register-Button-FR-AGM.jpg-400x135.png 400w, https:\/\/glslcities.org\/wp-content\/uploads\/2021\/07\/Register-Button-FR-AGM.jpg-200x67.png 200w, https:\/\/glslcities.org\/wp-content\/uploads\/2021\/07\/Register-Button-FR-AGM.jpg.png 478w\" sizes=\"auto, (max-width: 228px) 100vw, 228px\" \/><\/a><\/p>\n<p>Du 6 au 8 mai 2026, nous nous r\u00e9unirons \u00e0 Hamilton, en Ontario, pour notre prochain congr\u00e8s annuel, alors que nous explorerons le d\u00e9veloppement du Corridor \u00e9conomique de la C\u00f4te douce. L\u2019Alliance des villes des Grands Lacs et du Saint-Laurent s\u2019est engag\u00e9e dans une d\u00e9marche ambitieuse visant \u00e0\u00a0<a title=\"https:\/\/glslcities.org\/fr\/plan-daction-pour-la-transformation-economique\/\" href=\"https:\/\/glslcities.org\/fr\/plan-daction-pour-la-transformation-economique\/\" target=\"_blank\" rel=\"nofollow noopener noreferrer\" data-msys-clicktrack=\"0\">transformer l\u2019\u00e9conomie de notre r\u00e9gion<\/a>, avec l\u2019objectif audacieux de devenir la r\u00e9gion connaissant la croissance la plus rapide en Am\u00e9rique du Nord au cours des dix prochaines ann\u00e9es.<\/p>\n<p>Joignez-vous \u00e0 plus de 300 leaders municipaux, autochtones, industriels et environnementaux \u00e0 Hamilton alors que nous d\u00e9finirons les prochaines \u00e9tapes pour b\u00e2tir un corridor \u00e9conomique dynamique et prosp\u00e8re, du lac Sup\u00e9rieur jusqu\u2019au golfe du Saint-Laurent.<\/p>\n<p>Notre vision pour la transformation \u00e9conomique de la r\u00e9gion comprend l\u2019attraction et la r\u00e9tention d\u2019entreprises de calibre mondial, afin de cr\u00e9er 18 millions de nouveaux emplois et un demi-million de nouvelles entreprises, qui s\u2019appuie sur le corridor maritime strat\u00e9gique de l\u2019Autoroute H2O, et qui mobilise de fa\u00e7on responsable notre richesse en eau douce.<\/p>\n<p>Ensemble, nous explorerons comment les gouvernements de proximit\u00e9 peuvent anticiper les tendances et les occasions pour b\u00e2tir une \u00e9conomie \u00ab ax\u00e9e sur l\u2019eau \u00bb, adapter leur communaut\u00e9 pour renforcer l\u2019industrie locale et cr\u00e9er un environnement d\u2019investissement dynamique, et attirer les meilleures industries, entreprises et investissements dans notre r\u00e9gion et leur collectivit\u00e9.<\/p>\n","protected":false},"excerpt":{"rendered":"<p>Du 6 au 8 mai 2026, nous nous r\u00e9unirons \u00e0 Hamilton, en Ontario, pour notre prochain congr\u00e8s annuel, alors que nous explorerons le d\u00e9veloppement du Corridor \u00e9conomique de la C\u00f4te douce. L\u2019Alliance des villes des Grands Lacs et du Saint-Laurent s\u2019est engag\u00e9e dans une d\u00e9marche ambitieuse visant \u00e0\u00a0transformer l\u2019\u00e9conomie de notre r\u00e9gion, avec l\u2019objectif audacieux&#8230; <a class=\"read-more\" href=\"https:\/\/glslcities.org\/fr\/evenements\/assemblee-annuelle\/congres-annuel-2026-a-hamilton-on\/\">Read More<span class=\"hidden\"> about \u00ab\u00a0Congr\u00e8s annuel 2026 \u00e0 Hamilton (ON)\u00a0\u00bb<\/span><\/a><\/p>\n","protected":false},"author":12,"featured_media":0,"parent":1337,"menu_order":0,"comment_status":"closed","ping_status":"closed","template":"accordion.php","meta":{"_acf_changed":false,"footnotes":""},"class_list":["post-18876","page","type-page","status-publish","hentry"],"acf":[],"yoast_head":"<!-- This site is optimized with the Yoast SEO plugin v27.4 - https:\/\/yoast.com\/product\/yoast-seo-wordpress\/ -->\n<title>Congr\u00e8s annuel 2026 \u00e0 Hamilton (ON) - L\u2019Alliance des villes des Grands Lacs et du Saint-Laurent<\/title>\n<meta name=\"robots\" content=\"index, follow, max-snippet:-1, max-image-preview:large, max-video-preview:-1\" \/>\n<link rel=\"canonical\" href=\"https:\/\/glslcities.org\/fr\/evenements\/assemblee-annuelle\/congres-annuel-2026-a-hamilton-on\/\" \/>\n<meta property=\"og:locale\" content=\"fr_FR\" \/>\n<meta property=\"og:type\" content=\"article\" \/>\n<meta property=\"og:title\" content=\"Congr\u00e8s annuel 2026 \u00e0 Hamilton (ON) - L\u2019Alliance des villes des Grands Lacs et du Saint-Laurent\" \/>\n<meta property=\"og:description\" content=\"Du 6 au 8 mai 2026, nous nous r\u00e9unirons \u00e0 Hamilton, en Ontario, pour notre prochain congr\u00e8s annuel, alors que nous explorerons le d\u00e9veloppement du Corridor \u00e9conomique de la C\u00f4te douce. L\u2019Alliance des villes des Grands Lacs et du Saint-Laurent s\u2019est engag\u00e9e dans une d\u00e9marche ambitieuse visant \u00e0\u00a0transformer l\u2019\u00e9conomie de notre r\u00e9gion, avec l\u2019objectif audacieux... Read More about &quot;Congr\u00e8s annuel 2026 \u00e0 Hamilton (ON)&quot;\" \/>\n<meta property=\"og:url\" content=\"https:\/\/glslcities.org\/fr\/evenements\/assemblee-annuelle\/congres-annuel-2026-a-hamilton-on\/\" \/>\n<meta property=\"og:site_name\" content=\"L\u2019Alliance des villes des Grands Lacs et du Saint-Laurent\" \/>\n<meta property=\"article:modified_time\" content=\"2026-04-27T13:09:24+00:00\" \/>\n<meta property=\"og:image\" content=\"https:\/\/glslcities.org\/wp-content\/uploads\/2021\/07\/Register-Button-FR-AGM.jpg.png\" \/>\n\t<meta property=\"og:image:width\" content=\"478\" \/>\n\t<meta property=\"og:image:height\" content=\"161\" \/>\n\t<meta property=\"og:image:type\" content=\"image\/png\" \/>\n<meta name=\"twitter:card\" content=\"summary_large_image\" \/>\n<meta name=\"twitter:label1\" content=\"Dur\u00e9e de lecture estim\u00e9e\" \/>\n\t<meta name=\"twitter:data1\" content=\"2 minutes\" \/>\n<script type=\"application\/ld+json\" class=\"yoast-schema-graph\">{\"@context\":\"https:\\\/\\\/schema.org\",\"@graph\":[{\"@type\":\"WebPage\",\"@id\":\"https:\\\/\\\/glslcities.org\\\/fr\\\/evenements\\\/assemblee-annuelle\\\/congres-annuel-2026-a-hamilton-on\\\/\",\"url\":\"https:\\\/\\\/glslcities.org\\\/fr\\\/evenements\\\/assemblee-annuelle\\\/congres-annuel-2026-a-hamilton-on\\\/\",\"name\":\"Congr\u00e8s annuel 2026 \u00e0 Hamilton (ON) - L\u2019Alliance des villes des Grands Lacs et du Saint-Laurent\",\"isPartOf\":{\"@id\":\"https:\\\/\\\/glslcities.org\\\/#website\"},\"primaryImageOfPage\":{\"@id\":\"https:\\\/\\\/glslcities.org\\\/fr\\\/evenements\\\/assemblee-annuelle\\\/congres-annuel-2026-a-hamilton-on\\\/#primaryimage\"},\"image\":{\"@id\":\"https:\\\/\\\/glslcities.org\\\/fr\\\/evenements\\\/assemblee-annuelle\\\/congres-annuel-2026-a-hamilton-on\\\/#primaryimage\"},\"thumbnailUrl\":\"https:\\\/\\\/glslcities.org\\\/wp-content\\\/uploads\\\/2021\\\/07\\\/Register-Button-FR-AGM.jpg-400x135.png\",\"datePublished\":\"2026-01-13T18:33:08+00:00\",\"dateModified\":\"2026-04-27T13:09:24+00:00\",\"breadcrumb\":{\"@id\":\"https:\\\/\\\/glslcities.org\\\/fr\\\/evenements\\\/assemblee-annuelle\\\/congres-annuel-2026-a-hamilton-on\\\/#breadcrumb\"},\"inLanguage\":\"fr-FR\",\"potentialAction\":[{\"@type\":\"ReadAction\",\"target\":[\"https:\\\/\\\/glslcities.org\\\/fr\\\/evenements\\\/assemblee-annuelle\\\/congres-annuel-2026-a-hamilton-on\\\/\"]}]},{\"@type\":\"ImageObject\",\"inLanguage\":\"fr-FR\",\"@id\":\"https:\\\/\\\/glslcities.org\\\/fr\\\/evenements\\\/assemblee-annuelle\\\/congres-annuel-2026-a-hamilton-on\\\/#primaryimage\",\"url\":\"https:\\\/\\\/glslcities.org\\\/wp-content\\\/uploads\\\/2021\\\/07\\\/Register-Button-FR-AGM.jpg-400x135.png\",\"contentUrl\":\"https:\\\/\\\/glslcities.org\\\/wp-content\\\/uploads\\\/2021\\\/07\\\/Register-Button-FR-AGM.jpg-400x135.png\"},{\"@type\":\"BreadcrumbList\",\"@id\":\"https:\\\/\\\/glslcities.org\\\/fr\\\/evenements\\\/assemblee-annuelle\\\/congres-annuel-2026-a-hamilton-on\\\/#breadcrumb\",\"itemListElement\":[{\"@type\":\"ListItem\",\"position\":1,\"name\":\"Home\",\"item\":\"https:\\\/\\\/glslcities.org\\\/fr\\\/\"},{\"@type\":\"ListItem\",\"position\":2,\"name\":\"\u00c9v\u00e9nements \u00e0 venir\",\"item\":\"https:\\\/\\\/glslcities.org\\\/fr\\\/evenements\\\/\"},{\"@type\":\"ListItem\",\"position\":3,\"name\":\"Assembl\u00e9e annuelle\",\"item\":\"https:\\\/\\\/glslcities.org\\\/fr\\\/evenements\\\/assemblee-annuelle\\\/\"},{\"@type\":\"ListItem\",\"position\":4,\"name\":\"Congr\u00e8s annuel 2026 \u00e0 Hamilton (ON)\"}]},{\"@type\":\"WebSite\",\"@id\":\"https:\\\/\\\/glslcities.org\\\/#website\",\"url\":\"https:\\\/\\\/glslcities.org\\\/\",\"name\":\"L\u2019Alliance des villes des Grands Lacs et du Saint-Laurent\",\"description\":\"Des maires unis pour prot\u00e9ger et restaurer les Grands Lacs et le Saint-Laurent\",\"potentialAction\":[{\"@type\":\"SearchAction\",\"target\":{\"@type\":\"EntryPoint\",\"urlTemplate\":\"https:\\\/\\\/glslcities.org\\\/?s={search_term_string}\"},\"query-input\":{\"@type\":\"PropertyValueSpecification\",\"valueRequired\":true,\"valueName\":\"search_term_string\"}}],\"inLanguage\":\"fr-FR\"}]}<\/script>\n<!-- \/ Yoast SEO plugin. -->","yoast_head_json":{"title":"Congr\u00e8s annuel 2026 \u00e0 Hamilton (ON) - L\u2019Alliance des villes des Grands Lacs et du Saint-Laurent","robots":{"index":"index","follow":"follow","max-snippet":"max-snippet:-1","max-image-preview":"max-image-preview:large","max-video-preview":"max-video-preview:-1"},"canonical":"https:\/\/glslcities.org\/fr\/evenements\/assemblee-annuelle\/congres-annuel-2026-a-hamilton-on\/","og_locale":"fr_FR","og_type":"article","og_title":"Congr\u00e8s annuel 2026 \u00e0 Hamilton (ON) - L\u2019Alliance des villes des Grands Lacs et du Saint-Laurent","og_description":"Du 6 au 8 mai 2026, nous nous r\u00e9unirons \u00e0 Hamilton, en Ontario, pour notre prochain congr\u00e8s annuel, alors que nous explorerons le d\u00e9veloppement du Corridor \u00e9conomique de la C\u00f4te douce. L\u2019Alliance des villes des Grands Lacs et du Saint-Laurent s\u2019est engag\u00e9e dans une d\u00e9marche ambitieuse visant \u00e0\u00a0transformer l\u2019\u00e9conomie de notre r\u00e9gion, avec l\u2019objectif audacieux... Read More about \"Congr\u00e8s annuel 2026 \u00e0 Hamilton (ON)\"","og_url":"https:\/\/glslcities.org\/fr\/evenements\/assemblee-annuelle\/congres-annuel-2026-a-hamilton-on\/","og_site_name":"L\u2019Alliance des villes des Grands Lacs et du Saint-Laurent","article_modified_time":"2026-04-27T13:09:24+00:00","og_image":[{"width":478,"height":161,"url":"https:\/\/glslcities.org\/wp-content\/uploads\/2021\/07\/Register-Button-FR-AGM.jpg.png","type":"image\/png"}],"twitter_card":"summary_large_image","twitter_misc":{"Dur\u00e9e de lecture estim\u00e9e":"2 minutes"},"schema":{"@context":"https:\/\/schema.org","@graph":[{"@type":"WebPage","@id":"https:\/\/glslcities.org\/fr\/evenements\/assemblee-annuelle\/congres-annuel-2026-a-hamilton-on\/","url":"https:\/\/glslcities.org\/fr\/evenements\/assemblee-annuelle\/congres-annuel-2026-a-hamilton-on\/","name":"Congr\u00e8s annuel 2026 \u00e0 Hamilton (ON) - L\u2019Alliance des villes des Grands Lacs et du Saint-Laurent","isPartOf":{"@id":"https:\/\/glslcities.org\/#website"},"primaryImageOfPage":{"@id":"https:\/\/glslcities.org\/fr\/evenements\/assemblee-annuelle\/congres-annuel-2026-a-hamilton-on\/#primaryimage"},"image":{"@id":"https:\/\/glslcities.org\/fr\/evenements\/assemblee-annuelle\/congres-annuel-2026-a-hamilton-on\/#primaryimage"},"thumbnailUrl":"https:\/\/glslcities.org\/wp-content\/uploads\/2021\/07\/Register-Button-FR-AGM.jpg-400x135.png","datePublished":"2026-01-13T18:33:08+00:00","dateModified":"2026-04-27T13:09:24+00:00","breadcrumb":{"@id":"https:\/\/glslcities.org\/fr\/evenements\/assemblee-annuelle\/congres-annuel-2026-a-hamilton-on\/#breadcrumb"},"inLanguage":"fr-FR","potentialAction":[{"@type":"ReadAction","target":["https:\/\/glslcities.org\/fr\/evenements\/assemblee-annuelle\/congres-annuel-2026-a-hamilton-on\/"]}]},{"@type":"ImageObject","inLanguage":"fr-FR","@id":"https:\/\/glslcities.org\/fr\/evenements\/assemblee-annuelle\/congres-annuel-2026-a-hamilton-on\/#primaryimage","url":"https:\/\/glslcities.org\/wp-content\/uploads\/2021\/07\/Register-Button-FR-AGM.jpg-400x135.png","contentUrl":"https:\/\/glslcities.org\/wp-content\/uploads\/2021\/07\/Register-Button-FR-AGM.jpg-400x135.png"},{"@type":"BreadcrumbList","@id":"https:\/\/glslcities.org\/fr\/evenements\/assemblee-annuelle\/congres-annuel-2026-a-hamilton-on\/#breadcrumb","itemListElement":[{"@type":"ListItem","position":1,"name":"Home","item":"https:\/\/glslcities.org\/fr\/"},{"@type":"ListItem","position":2,"name":"\u00c9v\u00e9nements \u00e0 venir","item":"https:\/\/glslcities.org\/fr\/evenements\/"},{"@type":"ListItem","position":3,"name":"Assembl\u00e9e annuelle","item":"https:\/\/glslcities.org\/fr\/evenements\/assemblee-annuelle\/"},{"@type":"ListItem","position":4,"name":"Congr\u00e8s annuel 2026 \u00e0 Hamilton (ON)"}]},{"@type":"WebSite","@id":"https:\/\/glslcities.org\/#website","url":"https:\/\/glslcities.org\/","name":"L\u2019Alliance des villes des Grands Lacs et du Saint-Laurent","description":"Des maires unis pour prot\u00e9ger et restaurer les Grands Lacs et le Saint-Laurent","potentialAction":[{"@type":"SearchAction","target":{"@type":"EntryPoint","urlTemplate":"https:\/\/glslcities.org\/?s={search_term_string}"},"query-input":{"@type":"PropertyValueSpecification","valueRequired":true,"valueName":"search_term_string"}}],"inLanguage":"fr-FR"}]}},"_links":{"self":[{"href":"https:\/\/glslcities.org\/fr\/wp-json\/wp\/v2\/pages\/18876","targetHints":{"allow":["GET"]}}],"collection":[{"href":"https:\/\/glslcities.org\/fr\/wp-json\/wp\/v2\/pages"}],"about":[{"href":"https:\/\/glslcities.org\/fr\/wp-json\/wp\/v2\/types\/page"}],"author":[{"embeddable":true,"href":"https:\/\/glslcities.org\/fr\/wp-json\/wp\/v2\/users\/12"}],"replies":[{"embeddable":true,"href":"https:\/\/glslcities.org\/fr\/wp-json\/wp\/v2\/comments?post=18876"}],"version-history":[{"count":31,"href":"https:\/\/glslcities.org\/fr\/wp-json\/wp\/v2\/pages\/18876\/revisions"}],"predecessor-version":[{"id":20024,"href":"https:\/\/glslcities.org\/fr\/wp-json\/wp\/v2\/pages\/18876\/revisions\/20024"}],"up":[{"embeddable":true,"href":"https:\/\/glslcities.org\/fr\/wp-json\/wp\/v2\/pages\/1337"}],"wp:attachment":[{"href":"https:\/\/glslcities.org\/fr\/wp-json\/wp\/v2\/media?parent=18876"}],"curies":[{"name":"wp","href":"https:\/\/api.w.org\/{rel}","templated":true}]}}