{"id":30,"date":"2015-04-28T13:25:14","date_gmt":"2015-04-28T17:25:14","guid":{"rendered":"http:\/\/glslcities.org\/?page_id=30"},"modified":"2026-02-25T09:44:25","modified_gmt":"2026-02-25T14:44:25","slug":"villes-membres","status":"publish","type":"page","link":"https:\/\/glslcities.org\/fr\/villes-membres\/","title":{"rendered":"Villes membres"},"content":{"rendered":"<p>L&rsquo;Alliance des villes compte plus de 400 membres municipaux et r\u00e9gionaux qui travaillent \u00e0 la restauration et \u00e0 la protection des Grands Lacs et du fleuve Saint-Laurent. Les municipalit\u00e9s identifi\u00e9es par une * sont des membres r\u00e9gionaux inclus dans le niveau sup\u00e9rieur de l&rsquo;adh\u00e9sion de leur municipalit\u00e9 (par exemple, une MRC).\u00a0 La Nation Anishinabek repr\u00e9sente 39 Premi\u00e8res Nations \u00e0 travers la province de l\u2019Ontario, des Algonquins de Pikw\u00e0kanag\u00e0n \u00e0 l\u2019est \u00e0 Aamjiwnaang au sud, ainsi que la Premi\u00e8re Nation de Fort William et Namaygoosisagagun au nord.<\/p>\n<p>Pour en savoir plus sur les avantages des membres \u00e0 part enti\u00e8re et des membres r\u00e9gionaux, <a href=\"https:\/\/glslcities.org\/wp-content\/uploads\/2022\/08\/Avantages-de-ladhesion-2021.pdf\">cliquez ici<\/a>.<\/p>\n","protected":false},"excerpt":{"rendered":"<p>L&rsquo;Alliance des villes compte plus de 400 membres municipaux et r\u00e9gionaux qui travaillent \u00e0 la restauration et \u00e0 la protection des Grands Lacs et du fleuve Saint-Laurent. Les municipalit\u00e9s identifi\u00e9es par une * sont des membres r\u00e9gionaux inclus dans le niveau sup\u00e9rieur de l&rsquo;adh\u00e9sion de leur municipalit\u00e9 (par exemple, une MRC).\u00a0 La Nation Anishinabek repr\u00e9sente&#8230; <a class=\"read-more\" href=\"https:\/\/glslcities.org\/fr\/villes-membres\/\">Read More<span class=\"hidden\"> about \u00ab\u00a0Villes membres\u00a0\u00bb<\/span><\/a><\/p>\n","protected":false},"author":1,"featured_media":0,"parent":0,"menu_order":20,"comment_status":"open","ping_status":"closed","template":"page-map.php","meta":{"_acf_changed":false,"footnotes":""},"class_list":["post-30","page","type-page","status-publish","hentry"],"acf":[],"yoast_head":"<!-- This site is optimized with the Yoast SEO plugin v27.4 - https:\/\/yoast.com\/product\/yoast-seo-wordpress\/ -->\n<title>Villes membres - L\u2019Alliance des villes des Grands Lacs et du Saint-Laurent<\/title>\n<meta name=\"robots\" content=\"index, follow, max-snippet:-1, max-image-preview:large, max-video-preview:-1\" \/>\n<link rel=\"canonical\" href=\"https:\/\/glslcities.org\/fr\/villes-membres\/\" \/>\n<meta property=\"og:locale\" content=\"fr_FR\" \/>\n<meta property=\"og:type\" content=\"article\" \/>\n<meta property=\"og:title\" content=\"Villes membres - L\u2019Alliance des villes des Grands Lacs et du Saint-Laurent\" \/>\n<meta property=\"og:description\" content=\"L&rsquo;Alliance des villes compte plus de 400 membres municipaux et r\u00e9gionaux qui travaillent \u00e0 la restauration et \u00e0 la protection des Grands Lacs et du fleuve Saint-Laurent. Les municipalit\u00e9s identifi\u00e9es par une * sont des membres r\u00e9gionaux inclus dans le niveau sup\u00e9rieur de l&rsquo;adh\u00e9sion de leur municipalit\u00e9 (par exemple, une MRC).\u00a0 La Nation Anishinabek repr\u00e9sente... Read More about &quot;Villes membres&quot;\" \/>\n<meta property=\"og:url\" content=\"https:\/\/glslcities.org\/fr\/villes-membres\/\" \/>\n<meta property=\"og:site_name\" content=\"L\u2019Alliance des villes des Grands Lacs et du Saint-Laurent\" \/>\n<meta property=\"article:modified_time\" content=\"2026-02-25T14:44:25+00:00\" \/>\n<meta property=\"og:image\" content=\"https:\/\/glslcities.org\/wp-content\/uploads\/2020\/01\/great-lakes-social.png\" \/>\n\t<meta property=\"og:image:width\" content=\"1200\" \/>\n\t<meta property=\"og:image:height\" content=\"630\" \/>\n\t<meta property=\"og:image:type\" content=\"image\/png\" \/>\n<meta name=\"twitter:card\" content=\"summary_large_image\" \/>\n<meta name=\"twitter:label1\" content=\"Dur\u00e9e de lecture estim\u00e9e\" \/>\n\t<meta name=\"twitter:data1\" content=\"1 minute\" \/>\n<script type=\"application\/ld+json\" class=\"yoast-schema-graph\">{\"@context\":\"https:\\\/\\\/schema.org\",\"@graph\":[{\"@type\":\"WebPage\",\"@id\":\"https:\\\/\\\/glslcities.org\\\/fr\\\/villes-membres\\\/\",\"url\":\"https:\\\/\\\/glslcities.org\\\/fr\\\/villes-membres\\\/\",\"name\":\"Villes membres - L\u2019Alliance des villes des Grands Lacs et du Saint-Laurent\",\"isPartOf\":{\"@id\":\"https:\\\/\\\/glslcities.org\\\/#website\"},\"datePublished\":\"2015-04-28T17:25:14+00:00\",\"dateModified\":\"2026-02-25T14:44:25+00:00\",\"breadcrumb\":{\"@id\":\"https:\\\/\\\/glslcities.org\\\/fr\\\/villes-membres\\\/#breadcrumb\"},\"inLanguage\":\"fr-FR\",\"potentialAction\":[{\"@type\":\"ReadAction\",\"target\":[\"https:\\\/\\\/glslcities.org\\\/fr\\\/villes-membres\\\/\"]}]},{\"@type\":\"BreadcrumbList\",\"@id\":\"https:\\\/\\\/glslcities.org\\\/fr\\\/villes-membres\\\/#breadcrumb\",\"itemListElement\":[{\"@type\":\"ListItem\",\"position\":1,\"name\":\"Home\",\"item\":\"https:\\\/\\\/glslcities.org\\\/fr\\\/\"},{\"@type\":\"ListItem\",\"position\":2,\"name\":\"Villes membres\"}]},{\"@type\":\"WebSite\",\"@id\":\"https:\\\/\\\/glslcities.org\\\/#website\",\"url\":\"https:\\\/\\\/glslcities.org\\\/\",\"name\":\"L\u2019Alliance des villes des Grands Lacs et du Saint-Laurent\",\"description\":\"Des maires unis pour prot\u00e9ger et restaurer les Grands Lacs et le Saint-Laurent\",\"potentialAction\":[{\"@type\":\"SearchAction\",\"target\":{\"@type\":\"EntryPoint\",\"urlTemplate\":\"https:\\\/\\\/glslcities.org\\\/?s={search_term_string}\"},\"query-input\":{\"@type\":\"PropertyValueSpecification\",\"valueRequired\":true,\"valueName\":\"search_term_string\"}}],\"inLanguage\":\"fr-FR\"}]}<\/script>\n<!-- \/ Yoast SEO plugin. -->","yoast_head_json":{"title":"Villes membres - L\u2019Alliance des villes des Grands Lacs et du Saint-Laurent","robots":{"index":"index","follow":"follow","max-snippet":"max-snippet:-1","max-image-preview":"max-image-preview:large","max-video-preview":"max-video-preview:-1"},"canonical":"https:\/\/glslcities.org\/fr\/villes-membres\/","og_locale":"fr_FR","og_type":"article","og_title":"Villes membres - L\u2019Alliance des villes des Grands Lacs et du Saint-Laurent","og_description":"L&rsquo;Alliance des villes compte plus de 400 membres municipaux et r\u00e9gionaux qui travaillent \u00e0 la restauration et \u00e0 la protection des Grands Lacs et du fleuve Saint-Laurent. Les municipalit\u00e9s identifi\u00e9es par une * sont des membres r\u00e9gionaux inclus dans le niveau sup\u00e9rieur de l&rsquo;adh\u00e9sion de leur municipalit\u00e9 (par exemple, une MRC).\u00a0 La Nation Anishinabek repr\u00e9sente... Read More about \"Villes membres\"","og_url":"https:\/\/glslcities.org\/fr\/villes-membres\/","og_site_name":"L\u2019Alliance des villes des Grands Lacs et du Saint-Laurent","article_modified_time":"2026-02-25T14:44:25+00:00","og_image":[{"width":1200,"height":630,"url":"https:\/\/glslcities.org\/wp-content\/uploads\/2020\/01\/great-lakes-social.png","type":"image\/png"}],"twitter_card":"summary_large_image","twitter_misc":{"Dur\u00e9e de lecture estim\u00e9e":"1 minute"},"schema":{"@context":"https:\/\/schema.org","@graph":[{"@type":"WebPage","@id":"https:\/\/glslcities.org\/fr\/villes-membres\/","url":"https:\/\/glslcities.org\/fr\/villes-membres\/","name":"Villes membres - L\u2019Alliance des villes des Grands Lacs et du Saint-Laurent","isPartOf":{"@id":"https:\/\/glslcities.org\/#website"},"datePublished":"2015-04-28T17:25:14+00:00","dateModified":"2026-02-25T14:44:25+00:00","breadcrumb":{"@id":"https:\/\/glslcities.org\/fr\/villes-membres\/#breadcrumb"},"inLanguage":"fr-FR","potentialAction":[{"@type":"ReadAction","target":["https:\/\/glslcities.org\/fr\/villes-membres\/"]}]},{"@type":"BreadcrumbList","@id":"https:\/\/glslcities.org\/fr\/villes-membres\/#breadcrumb","itemListElement":[{"@type":"ListItem","position":1,"name":"Home","item":"https:\/\/glslcities.org\/fr\/"},{"@type":"ListItem","position":2,"name":"Villes membres"}]},{"@type":"WebSite","@id":"https:\/\/glslcities.org\/#website","url":"https:\/\/glslcities.org\/","name":"L\u2019Alliance des villes des Grands Lacs et du Saint-Laurent","description":"Des maires unis pour prot\u00e9ger et restaurer les Grands Lacs et le Saint-Laurent","potentialAction":[{"@type":"SearchAction","target":{"@type":"EntryPoint","urlTemplate":"https:\/\/glslcities.org\/?s={search_term_string}"},"query-input":{"@type":"PropertyValueSpecification","valueRequired":true,"valueName":"search_term_string"}}],"inLanguage":"fr-FR"}]}},"_links":{"self":[{"href":"https:\/\/glslcities.org\/fr\/wp-json\/wp\/v2\/pages\/30","targetHints":{"allow":["GET"]}}],"collection":[{"href":"https:\/\/glslcities.org\/fr\/wp-json\/wp\/v2\/pages"}],"about":[{"href":"https:\/\/glslcities.org\/fr\/wp-json\/wp\/v2\/types\/page"}],"author":[{"embeddable":true,"href":"https:\/\/glslcities.org\/fr\/wp-json\/wp\/v2\/users\/1"}],"replies":[{"embeddable":true,"href":"https:\/\/glslcities.org\/fr\/wp-json\/wp\/v2\/comments?post=30"}],"version-history":[{"count":9,"href":"https:\/\/glslcities.org\/fr\/wp-json\/wp\/v2\/pages\/30\/revisions"}],"predecessor-version":[{"id":19476,"href":"https:\/\/glslcities.org\/fr\/wp-json\/wp\/v2\/pages\/30\/revisions\/19476"}],"wp:attachment":[{"href":"https:\/\/glslcities.org\/fr\/wp-json\/wp\/v2\/media?parent=30"}],"curies":[{"name":"wp","href":"https:\/\/api.w.org\/{rel}","templated":true}]}}