{"id":34,"date":"2015-04-28T13:26:23","date_gmt":"2015-04-28T17:26:23","guid":{"rendered":"http:\/\/glslcities.org\/?page_id=34"},"modified":"2026-02-10T16:51:06","modified_gmt":"2026-02-10T21:51:06","slug":"devenez-membre","status":"publish","type":"page","link":"https:\/\/glslcities.org\/fr\/devenez-membre\/","title":{"rendered":"Devenez membre"},"content":{"rendered":"<p>L\u2019Alliance des villes des Grands Lacs et du fleuve Saint-Laurent est une coalition multinationale de maires et de dirigeants municipaux qui collaborent afin de r\u00e9soudre les enjeux les plus pressants et prioritaires auxquels font face les villes d\u2019eau douce de notre r\u00e9gion.<\/p>\n<p>Fond\u00e9e en 2003 par le maire Richard M. Daley de Chicago et le maire David Miller de Toronto, l\u2019Alliance des villes porte une vision de municipalit\u00e9s qui agissent au-del\u00e0 de leurs fronti\u00e8res, adoptant une approche r\u00e9gionale et exer\u00e7ant un leadership pour prot\u00e9ger les int\u00e9r\u00eats collectifs de notre r\u00e9gion.<\/p>\n<p>Nos membres sont situ\u00e9s autour du bassin des Grands Lacs et du fleuve Saint-Laurent \u2014 une r\u00e9gion qui repr\u00e9sente :<\/p>\n<ul>\n<li>Le plus grand bassin hydrographique au monde, renfermant 80 % de l\u2019eau douce de l\u2019Am\u00e9rique du Nord<\/li>\n<li>Une source d\u2019eau potable pour plus de 40 millions d\u2019Am\u00e9ricains et de Canadiens<\/li>\n<li>Une \u00e9conomie int\u00e9gr\u00e9e repr\u00e9sentant plus de 8 billions de dollars en production \u2014 la troisi\u00e8me plus grande r\u00e9gion \u00e9conomique au monde<\/li>\n<li>Le moteur \u00e9conomique de l\u2019Am\u00e9rique du Nord, soutenant plus de 50 millions d\u2019emplois<\/li>\n<li>Un corridor maritime strat\u00e9gique reliant l\u2019oc\u00e9an Atlantique au c\u0153ur du continent<\/li>\n<\/ul>\n<p>Aujourd\u2019hui, l\u2019Alliance des villes compte plus de 425 membres, repr\u00e9sentant plus de 20 millions de r\u00e9sidents dans la r\u00e9gion des Grands Lacs et du fleuve Saint-Laurent.<\/p>\n<p>Chaque jour, l\u2019Alliance des villes et ses membres \u0153uvrent \u00e0 promouvoir la prosp\u00e9rit\u00e9 \u00e9conomique de leurs collectivit\u00e9s et \u00e0 prot\u00e9ger les lacs et les rivi\u00e8res qui rendent cette r\u00e9gion unique et attrayante pour y vivre, y travailler, y investir et s\u2019y divertir.<\/p>\n<p>Joignez-vous \u00e0 nous pour fa\u00e7onner l\u2019avenir de la r\u00e9gion des Grands Lacs et du fleuve Saint-Laurent et d\u00e9montrez votre leadership en contribuant \u00e0 maintenir notre bassin propre, nos collectivit\u00e9s en sant\u00e9 et notre \u00e9conomie forte.<\/p>\n<hr \/>\n<h2>Programme incitatif<\/h2>\n<p>L\u2019Alliance des villes offre un rabais sur la premi\u00e8re ann\u00e9e d\u2019adh\u00e9sion d\u2019une municipalit\u00e9 \u00e0 notre organisation :<\/p>\n<ul>\n<li>Si vous adh\u00e9rez entre novembre et avril, profitez de 50 % de rabais sur la premi\u00e8re ann\u00e9e d\u2019adh\u00e9sion ainsi que d\u2019une inscription gratuite \u00e0 notre congr\u00e8s annuel<\/li>\n<li>Si vous adh\u00e9rez entre mai et novembre, profitez de 75 % de rabais sur la premi\u00e8re ann\u00e9e d\u2019adh\u00e9sion<\/li>\n<\/ul>\n<p>Pour toute question concernant l\u2019adh\u00e9sion ou pour en savoir plus sur l\u2019Alliance des villes, veuillez communiquer avec Phil Murphy-Rh\u00e9aume, Chef des op\u00e9rations, \u00e0 l\u2019adresse suivante :<a href=\"mailto:phillipe.murphy-rheaume@glslcities.org\"> phillipe.murphy-rheaume@glslcities.org<\/a>.<\/p>\n<p><a href=\"https:\/\/glslcities.org\/wp-content\/uploads\/2025\/12\/2025AnnualReport_FR_FINAL.pdf\" target=\"_blank\" rel=\"noopener\">Consulter notre rapport annuel 2025<\/a><\/p>\n<p><a href=\"https:\/\/glslcities.org\/wp-content\/uploads\/2026\/02\/GLSL-Cities-Initiative-FR-Membership-Application-Fillable.pdf\">T\u00e9l\u00e9chargez le formulaire d\u2019adh\u00e9sion<\/a><\/p>\n<h2>\u00c9chelle r\u00e9guli\u00e8re des cotisations<\/h2>\n<table width=\"431\">\n<tbody>\n<tr>\n<td width=\"155\"><strong>Population municipale<\/strong><\/td>\n<td width=\"103\"><strong>Contribution annuelle<\/strong><\/td>\n<\/tr>\n<tr>\n<td width=\"155\">0 \u2013 999<\/td>\n<td width=\"103\">550 $<\/td>\n<\/tr>\n<tr>\n<td width=\"155\">1 000 \u2013 2 499<\/td>\n<td width=\"103\">1 100 $<\/td>\n<\/tr>\n<tr>\n<td width=\"155\">2 500 \u20134 999<\/td>\n<td width=\"103\">1 650 $<\/td>\n<\/tr>\n<tr>\n<td width=\"155\">5 000 \u2013 9 999<\/td>\n<td width=\"103\">2 200 $<\/td>\n<\/tr>\n<tr>\n<td width=\"155\">10 000 \u2013 24 999<\/td>\n<td width=\"103\">2 750 $<\/td>\n<\/tr>\n<tr>\n<td width=\"155\">25 000 \u2013 49 999<\/td>\n<td width=\"103\">3 300 $<\/td>\n<\/tr>\n<tr>\n<td width=\"155\">50 000 \u2013 74 999<\/td>\n<td width=\"103\">4 400 $<\/td>\n<\/tr>\n<tr>\n<td width=\"155\">75 000 \u2013 99 999<\/td>\n<td width=\"103\">5 500 $<\/td>\n<\/tr>\n<tr>\n<td width=\"155\">100 000 \u2013 249 999<\/td>\n<td width=\"103\">7 700 $<\/td>\n<\/tr>\n<tr>\n<td width=\"155\">250 000 \u2013 499 999<\/td>\n<td width=\"103\">11 000 $<\/td>\n<\/tr>\n<tr>\n<td width=\"155\">\u00a0500 000 \u2013 999 999<\/td>\n<td width=\"103\">16 500 $<\/td>\n<\/tr>\n<tr>\n<td width=\"155\">1 000 000 \u2013 1 999 999<\/td>\n<td width=\"103\">22 000 $<\/td>\n<\/tr>\n<tr>\n<td width=\"155\">2\u00a0000 000 \u2013 3\u00a0000 000<\/td>\n<td width=\"103\">27 500 $<\/td>\n<\/tr>\n<\/tbody>\n<\/table>\n<p>Les cotisations d\u2019adh\u00e9sion sont payables dans la devise locale de la municipalit\u00e9 qui adh\u00e8re.<\/p>\n<p>**** Veuillez libeller les ch\u00e8ques \u00e0 <b><i>Great Lakes and St. Lawrence Cities Initiative<\/i><\/b> poster \u00e0 :<br \/>\n<strong>Great Lakes and St. Lawrence Cities Initiative<br \/>\nP.O. Box 1332<br \/>\nNew Lenox, IL\u00a0 60451<\/strong><\/p>\n<p>&nbsp;<\/p>\n","protected":false},"excerpt":{"rendered":"<p>L\u2019Alliance des villes des Grands Lacs et du fleuve Saint-Laurent est une coalition multinationale de maires et de dirigeants municipaux qui collaborent afin de r\u00e9soudre les enjeux les plus pressants et prioritaires auxquels font face les villes d\u2019eau douce de notre r\u00e9gion. Fond\u00e9e en 2003 par le maire Richard M. Daley de Chicago et le&#8230; <a class=\"read-more\" href=\"https:\/\/glslcities.org\/fr\/devenez-membre\/\">Read More<span class=\"hidden\"> about \u00ab\u00a0Devenez membre\u00a0\u00bb<\/span><\/a><\/p>\n","protected":false},"author":1,"featured_media":0,"parent":0,"menu_order":110,"comment_status":"open","ping_status":"open","template":"","meta":{"_acf_changed":false,"footnotes":""},"class_list":["post-34","page","type-page","status-publish","hentry"],"acf":[],"yoast_head":"<!-- This site is optimized with the Yoast SEO plugin v27.4 - https:\/\/yoast.com\/product\/yoast-seo-wordpress\/ -->\n<title>Devenez membre - L\u2019Alliance des villes des Grands Lacs et du Saint-Laurent<\/title>\n<meta name=\"robots\" content=\"index, follow, max-snippet:-1, max-image-preview:large, max-video-preview:-1\" \/>\n<link rel=\"canonical\" href=\"https:\/\/glslcities.org\/fr\/devenez-membre\/\" \/>\n<meta property=\"og:locale\" content=\"fr_FR\" \/>\n<meta property=\"og:type\" content=\"article\" \/>\n<meta property=\"og:title\" content=\"Devenez membre - L\u2019Alliance des villes des Grands Lacs et du Saint-Laurent\" \/>\n<meta property=\"og:description\" content=\"L\u2019Alliance des villes des Grands Lacs et du fleuve Saint-Laurent est une coalition multinationale de maires et de dirigeants municipaux qui collaborent afin de r\u00e9soudre les enjeux les plus pressants et prioritaires auxquels font face les villes d\u2019eau douce de notre r\u00e9gion. Fond\u00e9e en 2003 par le maire Richard M. Daley de Chicago et le... Read More about &quot;Devenez membre&quot;\" \/>\n<meta property=\"og:url\" content=\"https:\/\/glslcities.org\/fr\/devenez-membre\/\" \/>\n<meta property=\"og:site_name\" content=\"L\u2019Alliance des villes des Grands Lacs et du Saint-Laurent\" \/>\n<meta property=\"article:modified_time\" content=\"2026-02-10T21:51:06+00:00\" \/>\n<meta property=\"og:image\" content=\"https:\/\/glslcities.org\/wp-content\/uploads\/2020\/01\/great-lakes-social.png\" \/>\n\t<meta property=\"og:image:width\" content=\"1200\" \/>\n\t<meta property=\"og:image:height\" content=\"630\" \/>\n\t<meta property=\"og:image:type\" content=\"image\/png\" \/>\n<meta name=\"twitter:card\" content=\"summary_large_image\" \/>\n<meta name=\"twitter:label1\" content=\"Dur\u00e9e de lecture estim\u00e9e\" \/>\n\t<meta name=\"twitter:data1\" content=\"3 minutes\" \/>\n<script type=\"application\/ld+json\" class=\"yoast-schema-graph\">{\"@context\":\"https:\\\/\\\/schema.org\",\"@graph\":[{\"@type\":\"WebPage\",\"@id\":\"https:\\\/\\\/glslcities.org\\\/fr\\\/devenez-membre\\\/\",\"url\":\"https:\\\/\\\/glslcities.org\\\/fr\\\/devenez-membre\\\/\",\"name\":\"Devenez membre - L\u2019Alliance des villes des Grands Lacs et du Saint-Laurent\",\"isPartOf\":{\"@id\":\"https:\\\/\\\/glslcities.org\\\/#website\"},\"datePublished\":\"2015-04-28T17:26:23+00:00\",\"dateModified\":\"2026-02-10T21:51:06+00:00\",\"breadcrumb\":{\"@id\":\"https:\\\/\\\/glslcities.org\\\/fr\\\/devenez-membre\\\/#breadcrumb\"},\"inLanguage\":\"fr-FR\",\"potentialAction\":[{\"@type\":\"ReadAction\",\"target\":[\"https:\\\/\\\/glslcities.org\\\/fr\\\/devenez-membre\\\/\"]}]},{\"@type\":\"BreadcrumbList\",\"@id\":\"https:\\\/\\\/glslcities.org\\\/fr\\\/devenez-membre\\\/#breadcrumb\",\"itemListElement\":[{\"@type\":\"ListItem\",\"position\":1,\"name\":\"Home\",\"item\":\"https:\\\/\\\/glslcities.org\\\/fr\\\/\"},{\"@type\":\"ListItem\",\"position\":2,\"name\":\"Devenez membre\"}]},{\"@type\":\"WebSite\",\"@id\":\"https:\\\/\\\/glslcities.org\\\/#website\",\"url\":\"https:\\\/\\\/glslcities.org\\\/\",\"name\":\"L\u2019Alliance des villes des Grands Lacs et du Saint-Laurent\",\"description\":\"Des maires unis pour prot\u00e9ger et restaurer les Grands Lacs et le Saint-Laurent\",\"potentialAction\":[{\"@type\":\"SearchAction\",\"target\":{\"@type\":\"EntryPoint\",\"urlTemplate\":\"https:\\\/\\\/glslcities.org\\\/?s={search_term_string}\"},\"query-input\":{\"@type\":\"PropertyValueSpecification\",\"valueRequired\":true,\"valueName\":\"search_term_string\"}}],\"inLanguage\":\"fr-FR\"}]}<\/script>\n<!-- \/ Yoast SEO plugin. -->","yoast_head_json":{"title":"Devenez membre - L\u2019Alliance des villes des Grands Lacs et du Saint-Laurent","robots":{"index":"index","follow":"follow","max-snippet":"max-snippet:-1","max-image-preview":"max-image-preview:large","max-video-preview":"max-video-preview:-1"},"canonical":"https:\/\/glslcities.org\/fr\/devenez-membre\/","og_locale":"fr_FR","og_type":"article","og_title":"Devenez membre - L\u2019Alliance des villes des Grands Lacs et du Saint-Laurent","og_description":"L\u2019Alliance des villes des Grands Lacs et du fleuve Saint-Laurent est une coalition multinationale de maires et de dirigeants municipaux qui collaborent afin de r\u00e9soudre les enjeux les plus pressants et prioritaires auxquels font face les villes d\u2019eau douce de notre r\u00e9gion. Fond\u00e9e en 2003 par le maire Richard M. Daley de Chicago et le... Read More about \"Devenez membre\"","og_url":"https:\/\/glslcities.org\/fr\/devenez-membre\/","og_site_name":"L\u2019Alliance des villes des Grands Lacs et du Saint-Laurent","article_modified_time":"2026-02-10T21:51:06+00:00","og_image":[{"width":1200,"height":630,"url":"https:\/\/glslcities.org\/wp-content\/uploads\/2020\/01\/great-lakes-social.png","type":"image\/png"}],"twitter_card":"summary_large_image","twitter_misc":{"Dur\u00e9e de lecture estim\u00e9e":"3 minutes"},"schema":{"@context":"https:\/\/schema.org","@graph":[{"@type":"WebPage","@id":"https:\/\/glslcities.org\/fr\/devenez-membre\/","url":"https:\/\/glslcities.org\/fr\/devenez-membre\/","name":"Devenez membre - L\u2019Alliance des villes des Grands Lacs et du Saint-Laurent","isPartOf":{"@id":"https:\/\/glslcities.org\/#website"},"datePublished":"2015-04-28T17:26:23+00:00","dateModified":"2026-02-10T21:51:06+00:00","breadcrumb":{"@id":"https:\/\/glslcities.org\/fr\/devenez-membre\/#breadcrumb"},"inLanguage":"fr-FR","potentialAction":[{"@type":"ReadAction","target":["https:\/\/glslcities.org\/fr\/devenez-membre\/"]}]},{"@type":"BreadcrumbList","@id":"https:\/\/glslcities.org\/fr\/devenez-membre\/#breadcrumb","itemListElement":[{"@type":"ListItem","position":1,"name":"Home","item":"https:\/\/glslcities.org\/fr\/"},{"@type":"ListItem","position":2,"name":"Devenez membre"}]},{"@type":"WebSite","@id":"https:\/\/glslcities.org\/#website","url":"https:\/\/glslcities.org\/","name":"L\u2019Alliance des villes des Grands Lacs et du Saint-Laurent","description":"Des maires unis pour prot\u00e9ger et restaurer les Grands Lacs et le Saint-Laurent","potentialAction":[{"@type":"SearchAction","target":{"@type":"EntryPoint","urlTemplate":"https:\/\/glslcities.org\/?s={search_term_string}"},"query-input":{"@type":"PropertyValueSpecification","valueRequired":true,"valueName":"search_term_string"}}],"inLanguage":"fr-FR"}]}},"_links":{"self":[{"href":"https:\/\/glslcities.org\/fr\/wp-json\/wp\/v2\/pages\/34","targetHints":{"allow":["GET"]}}],"collection":[{"href":"https:\/\/glslcities.org\/fr\/wp-json\/wp\/v2\/pages"}],"about":[{"href":"https:\/\/glslcities.org\/fr\/wp-json\/wp\/v2\/types\/page"}],"author":[{"embeddable":true,"href":"https:\/\/glslcities.org\/fr\/wp-json\/wp\/v2\/users\/1"}],"replies":[{"embeddable":true,"href":"https:\/\/glslcities.org\/fr\/wp-json\/wp\/v2\/comments?post=34"}],"version-history":[{"count":21,"href":"https:\/\/glslcities.org\/fr\/wp-json\/wp\/v2\/pages\/34\/revisions"}],"predecessor-version":[{"id":11888,"href":"https:\/\/glslcities.org\/fr\/wp-json\/wp\/v2\/pages\/34\/revisions\/11888"}],"wp:attachment":[{"href":"https:\/\/glslcities.org\/fr\/wp-json\/wp\/v2\/media?parent=34"}],"curies":[{"name":"wp","href":"https:\/\/api.w.org\/{rel}","templated":true}]}}