{"id":3537,"date":"2015-08-21T11:00:02","date_gmt":"2015-08-21T15:00:02","guid":{"rendered":"http:\/\/glslcities.org\/?page_id=3537"},"modified":"2015-08-21T11:00:02","modified_gmt":"2015-08-21T15:00:02","slug":"impacts-des-changements-climatiques","status":"publish","type":"page","link":"https:\/\/glslcities.org\/fr\/initiatives\/service-municipal-dadaptation-et-de-resilience\/impacts-des-changements-climatiques\/","title":{"rendered":"Impacts des changements climatiques"},"content":{"rendered":"<h2><strong>\u00c9v\u00e9nements m\u00e9t\u00e9orologiques extr\u00eames<\/strong><\/h2>\n<p>Un indicateur cl\u00e9 des changements climatiques est l\u2019augmentation de la fr\u00e9quence et de l\u2019intensit\u00e9 des \u00e9v\u00e9nements m\u00e9t\u00e9orologiques extr\u00eames. Plusieurs municipalit\u00e9s membres de l\u2019Alliance ont r\u00e9cemment connu de tels \u00e9v\u00e9nements. En raison des changements climatiques dans la r\u00e9gion des Grands Lacs et du Saint-Laurent, des climatologues pr\u00e9voient 15 \u00e0 30 jours suppl\u00e9mentaires par ann\u00e9e o\u00f9 la temp\u00e9rature maximale atteindra 35\u00baC, une augmentation des pr\u00e9cipitations de 10 \u00e0 20% en hiver et au printemps, une diminution des jours enneig\u00e9s de l\u2019ordre de 50% (remplac\u00e9s par des journ\u00e9es pluvieuses) et deux fois plus de temp\u00eates s\u00e9v\u00e8res.<\/p>\n<h2><strong>Conduites d\u2019eau gel\u00e9es<\/strong><\/h2>\n<p>Au cours de l\u2019hiver 2014-2015, plusieurs municipalit\u00e9s membres de l\u2019Alliance ont connu une augmentation du nombre de conduites d\u2019eau gel\u00e9es. L\u2019intrusion de gel \u00e0 des profondeurs in\u00e9gal\u00e9es a caus\u00e9 des interruptions de service pour plusieurs citoyens. L\u2019Alliance a sond\u00e9 ses membres afin d\u2019en apprendre davantage sur leur r\u00e9action face \u00e0 ce probl\u00e8me.<\/p>\n<p><a href=\"http:\/\/glslcities.org\/wp-content\/uploads\/2015\/08\/Frozen-pipes-1-page-results-FR1.pdf\" target=\"_blank\">R\u00e9sultats du sondage<\/a><\/p>\n","protected":false},"excerpt":{"rendered":"<p>\u00c9v\u00e9nements m\u00e9t\u00e9orologiques extr\u00eames Un indicateur cl\u00e9 des changements climatiques est l\u2019augmentation de la fr\u00e9quence et de l\u2019intensit\u00e9 des \u00e9v\u00e9nements m\u00e9t\u00e9orologiques extr\u00eames. Plusieurs municipalit\u00e9s membres de l\u2019Alliance ont r\u00e9cemment connu de tels \u00e9v\u00e9nements. En raison des changements climatiques dans la r\u00e9gion des Grands Lacs et du Saint-Laurent, des climatologues pr\u00e9voient 15 \u00e0 30 jours suppl\u00e9mentaires par&#8230; <a class=\"read-more\" href=\"https:\/\/glslcities.org\/fr\/initiatives\/service-municipal-dadaptation-et-de-resilience\/impacts-des-changements-climatiques\/\">Read More<span class=\"hidden\"> about \u00ab\u00a0Impacts des changements climatiques\u00a0\u00bb<\/span><\/a><\/p>\n","protected":false},"author":2,"featured_media":0,"parent":1302,"menu_order":0,"comment_status":"open","ping_status":"open","template":"","meta":{"_acf_changed":false,"footnotes":""},"class_list":["post-3537","page","type-page","status-publish","hentry"],"acf":[],"yoast_head":"<!-- This site is optimized with the Yoast SEO plugin v27.4 - https:\/\/yoast.com\/product\/yoast-seo-wordpress\/ -->\n<title>Impacts des changements climatiques - L\u2019Alliance des villes des Grands Lacs et du Saint-Laurent<\/title>\n<meta name=\"robots\" content=\"index, follow, max-snippet:-1, max-image-preview:large, max-video-preview:-1\" \/>\n<link rel=\"canonical\" href=\"https:\/\/glslcities.org\/fr\/initiatives\/service-municipal-dadaptation-et-de-resilience\/impacts-des-changements-climatiques\/\" \/>\n<meta property=\"og:locale\" content=\"fr_FR\" \/>\n<meta property=\"og:type\" content=\"article\" \/>\n<meta property=\"og:title\" content=\"Impacts des changements climatiques - L\u2019Alliance des villes des Grands Lacs et du Saint-Laurent\" \/>\n<meta property=\"og:description\" content=\"\u00c9v\u00e9nements m\u00e9t\u00e9orologiques extr\u00eames Un indicateur cl\u00e9 des changements climatiques est l\u2019augmentation de la fr\u00e9quence et de l\u2019intensit\u00e9 des \u00e9v\u00e9nements m\u00e9t\u00e9orologiques extr\u00eames. Plusieurs municipalit\u00e9s membres de l\u2019Alliance ont r\u00e9cemment connu de tels \u00e9v\u00e9nements. En raison des changements climatiques dans la r\u00e9gion des Grands Lacs et du Saint-Laurent, des climatologues pr\u00e9voient 15 \u00e0 30 jours suppl\u00e9mentaires par... Read More about &quot;Impacts des changements climatiques&quot;\" \/>\n<meta property=\"og:url\" content=\"https:\/\/glslcities.org\/fr\/initiatives\/service-municipal-dadaptation-et-de-resilience\/impacts-des-changements-climatiques\/\" \/>\n<meta property=\"og:site_name\" content=\"L\u2019Alliance des villes des Grands Lacs et du Saint-Laurent\" \/>\n<meta property=\"og:image\" content=\"https:\/\/glslcities.org\/wp-content\/uploads\/2020\/01\/great-lakes-social.png\" \/>\n\t<meta property=\"og:image:width\" content=\"1200\" \/>\n\t<meta property=\"og:image:height\" content=\"630\" \/>\n\t<meta property=\"og:image:type\" content=\"image\/png\" \/>\n<meta name=\"twitter:card\" content=\"summary_large_image\" \/>\n<meta name=\"twitter:label1\" content=\"Dur\u00e9e de lecture estim\u00e9e\" \/>\n\t<meta name=\"twitter:data1\" content=\"1 minute\" \/>\n<script type=\"application\/ld+json\" class=\"yoast-schema-graph\">{\"@context\":\"https:\\\/\\\/schema.org\",\"@graph\":[{\"@type\":\"WebPage\",\"@id\":\"https:\\\/\\\/glslcities.org\\\/fr\\\/initiatives\\\/service-municipal-dadaptation-et-de-resilience\\\/impacts-des-changements-climatiques\\\/\",\"url\":\"https:\\\/\\\/glslcities.org\\\/fr\\\/initiatives\\\/service-municipal-dadaptation-et-de-resilience\\\/impacts-des-changements-climatiques\\\/\",\"name\":\"Impacts des changements climatiques - L\u2019Alliance des villes des Grands Lacs et du Saint-Laurent\",\"isPartOf\":{\"@id\":\"https:\\\/\\\/glslcities.org\\\/#website\"},\"datePublished\":\"2015-08-21T15:00:02+00:00\",\"breadcrumb\":{\"@id\":\"https:\\\/\\\/glslcities.org\\\/fr\\\/initiatives\\\/service-municipal-dadaptation-et-de-resilience\\\/impacts-des-changements-climatiques\\\/#breadcrumb\"},\"inLanguage\":\"fr-FR\",\"potentialAction\":[{\"@type\":\"ReadAction\",\"target\":[\"https:\\\/\\\/glslcities.org\\\/fr\\\/initiatives\\\/service-municipal-dadaptation-et-de-resilience\\\/impacts-des-changements-climatiques\\\/\"]}]},{\"@type\":\"BreadcrumbList\",\"@id\":\"https:\\\/\\\/glslcities.org\\\/fr\\\/initiatives\\\/service-municipal-dadaptation-et-de-resilience\\\/impacts-des-changements-climatiques\\\/#breadcrumb\",\"itemListElement\":[{\"@type\":\"ListItem\",\"position\":1,\"name\":\"Home\",\"item\":\"https:\\\/\\\/glslcities.org\\\/fr\\\/\"},{\"@type\":\"ListItem\",\"position\":2,\"name\":\"Initiatives\",\"item\":\"https:\\\/\\\/glslcities.org\\\/fr\\\/initiatives\\\/\"},{\"@type\":\"ListItem\",\"position\":3,\"name\":\"Service municipal d\u2019adaptation et de r\u00e9silience\",\"item\":\"https:\\\/\\\/glslcities.org\\\/fr\\\/initiatives\\\/service-municipal-dadaptation-et-de-resilience\\\/\"},{\"@type\":\"ListItem\",\"position\":4,\"name\":\"Impacts des changements climatiques\"}]},{\"@type\":\"WebSite\",\"@id\":\"https:\\\/\\\/glslcities.org\\\/#website\",\"url\":\"https:\\\/\\\/glslcities.org\\\/\",\"name\":\"L\u2019Alliance des villes des Grands Lacs et du Saint-Laurent\",\"description\":\"Des maires unis pour prot\u00e9ger et restaurer les Grands Lacs et le Saint-Laurent\",\"potentialAction\":[{\"@type\":\"SearchAction\",\"target\":{\"@type\":\"EntryPoint\",\"urlTemplate\":\"https:\\\/\\\/glslcities.org\\\/?s={search_term_string}\"},\"query-input\":{\"@type\":\"PropertyValueSpecification\",\"valueRequired\":true,\"valueName\":\"search_term_string\"}}],\"inLanguage\":\"fr-FR\"}]}<\/script>\n<!-- \/ Yoast SEO plugin. -->","yoast_head_json":{"title":"Impacts des changements climatiques - L\u2019Alliance des villes des Grands Lacs et du Saint-Laurent","robots":{"index":"index","follow":"follow","max-snippet":"max-snippet:-1","max-image-preview":"max-image-preview:large","max-video-preview":"max-video-preview:-1"},"canonical":"https:\/\/glslcities.org\/fr\/initiatives\/service-municipal-dadaptation-et-de-resilience\/impacts-des-changements-climatiques\/","og_locale":"fr_FR","og_type":"article","og_title":"Impacts des changements climatiques - L\u2019Alliance des villes des Grands Lacs et du Saint-Laurent","og_description":"\u00c9v\u00e9nements m\u00e9t\u00e9orologiques extr\u00eames Un indicateur cl\u00e9 des changements climatiques est l\u2019augmentation de la fr\u00e9quence et de l\u2019intensit\u00e9 des \u00e9v\u00e9nements m\u00e9t\u00e9orologiques extr\u00eames. Plusieurs municipalit\u00e9s membres de l\u2019Alliance ont r\u00e9cemment connu de tels \u00e9v\u00e9nements. En raison des changements climatiques dans la r\u00e9gion des Grands Lacs et du Saint-Laurent, des climatologues pr\u00e9voient 15 \u00e0 30 jours suppl\u00e9mentaires par... Read More about \"Impacts des changements climatiques\"","og_url":"https:\/\/glslcities.org\/fr\/initiatives\/service-municipal-dadaptation-et-de-resilience\/impacts-des-changements-climatiques\/","og_site_name":"L\u2019Alliance des villes des Grands Lacs et du Saint-Laurent","og_image":[{"width":1200,"height":630,"url":"https:\/\/glslcities.org\/wp-content\/uploads\/2020\/01\/great-lakes-social.png","type":"image\/png"}],"twitter_card":"summary_large_image","twitter_misc":{"Dur\u00e9e de lecture estim\u00e9e":"1 minute"},"schema":{"@context":"https:\/\/schema.org","@graph":[{"@type":"WebPage","@id":"https:\/\/glslcities.org\/fr\/initiatives\/service-municipal-dadaptation-et-de-resilience\/impacts-des-changements-climatiques\/","url":"https:\/\/glslcities.org\/fr\/initiatives\/service-municipal-dadaptation-et-de-resilience\/impacts-des-changements-climatiques\/","name":"Impacts des changements climatiques - L\u2019Alliance des villes des Grands Lacs et du Saint-Laurent","isPartOf":{"@id":"https:\/\/glslcities.org\/#website"},"datePublished":"2015-08-21T15:00:02+00:00","breadcrumb":{"@id":"https:\/\/glslcities.org\/fr\/initiatives\/service-municipal-dadaptation-et-de-resilience\/impacts-des-changements-climatiques\/#breadcrumb"},"inLanguage":"fr-FR","potentialAction":[{"@type":"ReadAction","target":["https:\/\/glslcities.org\/fr\/initiatives\/service-municipal-dadaptation-et-de-resilience\/impacts-des-changements-climatiques\/"]}]},{"@type":"BreadcrumbList","@id":"https:\/\/glslcities.org\/fr\/initiatives\/service-municipal-dadaptation-et-de-resilience\/impacts-des-changements-climatiques\/#breadcrumb","itemListElement":[{"@type":"ListItem","position":1,"name":"Home","item":"https:\/\/glslcities.org\/fr\/"},{"@type":"ListItem","position":2,"name":"Initiatives","item":"https:\/\/glslcities.org\/fr\/initiatives\/"},{"@type":"ListItem","position":3,"name":"Service municipal d\u2019adaptation et de r\u00e9silience","item":"https:\/\/glslcities.org\/fr\/initiatives\/service-municipal-dadaptation-et-de-resilience\/"},{"@type":"ListItem","position":4,"name":"Impacts des changements climatiques"}]},{"@type":"WebSite","@id":"https:\/\/glslcities.org\/#website","url":"https:\/\/glslcities.org\/","name":"L\u2019Alliance des villes des Grands Lacs et du Saint-Laurent","description":"Des maires unis pour prot\u00e9ger et restaurer les Grands Lacs et le Saint-Laurent","potentialAction":[{"@type":"SearchAction","target":{"@type":"EntryPoint","urlTemplate":"https:\/\/glslcities.org\/?s={search_term_string}"},"query-input":{"@type":"PropertyValueSpecification","valueRequired":true,"valueName":"search_term_string"}}],"inLanguage":"fr-FR"}]}},"_links":{"self":[{"href":"https:\/\/glslcities.org\/fr\/wp-json\/wp\/v2\/pages\/3537","targetHints":{"allow":["GET"]}}],"collection":[{"href":"https:\/\/glslcities.org\/fr\/wp-json\/wp\/v2\/pages"}],"about":[{"href":"https:\/\/glslcities.org\/fr\/wp-json\/wp\/v2\/types\/page"}],"author":[{"embeddable":true,"href":"https:\/\/glslcities.org\/fr\/wp-json\/wp\/v2\/users\/2"}],"replies":[{"embeddable":true,"href":"https:\/\/glslcities.org\/fr\/wp-json\/wp\/v2\/comments?post=3537"}],"version-history":[{"count":1,"href":"https:\/\/glslcities.org\/fr\/wp-json\/wp\/v2\/pages\/3537\/revisions"}],"predecessor-version":[{"id":3540,"href":"https:\/\/glslcities.org\/fr\/wp-json\/wp\/v2\/pages\/3537\/revisions\/3540"}],"up":[{"embeddable":true,"href":"https:\/\/glslcities.org\/fr\/wp-json\/wp\/v2\/pages\/1302"}],"wp:attachment":[{"href":"https:\/\/glslcities.org\/fr\/wp-json\/wp\/v2\/media?parent=3537"}],"curies":[{"name":"wp","href":"https:\/\/api.w.org\/{rel}","templated":true}]}}