{"id":3601,"date":"2015-08-25T15:43:48","date_gmt":"2015-08-25T19:43:48","guid":{"rendered":"http:\/\/glslcities.org\/?page_id=3601"},"modified":"2019-09-18T14:44:48","modified_gmt":"2019-09-18T18:44:48","slug":"pratiques-exemplaires","status":"publish","type":"page","link":"https:\/\/glslcities.org\/fr\/initiatives\/service-municipal-dadaptation-et-de-resilience\/pratiques-exemplaires\/","title":{"rendered":"Pratiques exemplaires"},"content":{"rendered":"<p><strong>R\u00e9pertoire des pratiques exemplaires<\/strong><\/p>\n<p>Il vous est possible de visiter le r\u00e9pertoire des pratiques exemplaires, maintenu par l\u2019Alliance des villes ainsi que par OCCIAR (Ontario Centre for Climate Impacts and Adaptation Resources), pour consulter une vaste gamme de ressources en mati\u00e8re d\u2019adaptation et de mitigation face aux changements climatiques et de bonnes pratiques issues du monde municipal.<\/p>\n<p>\u00c0 venir \u00e0 l\u2019automne 2015\u00a0: le r\u00e9pertoire de bonnes pratiques du programme SMAR (MARS) sera h\u00e9berg\u00e9 directement sur le site web de l\u2019Alliance. N\u2019h\u00e9sitez pas \u00e0 contacter Andrea Paine (<a href=\"mailto:andrea.paine@glslcities.org\">andrea.paine@glslcities.org<\/a>) pour de plus amples informations.<\/p>\n<p><strong>Pratiques exemplaires en mati\u00e8re d\u2019adaptation et de mitigation provenant des villes membres: \u00ab Calls to Action \u00bb <\/strong><\/p>\n<p>Plusieurs villes membres de l\u2019Alliance ont compl\u00e9t\u00e9 un formulaire d\u2019appel \u00e0 l\u2019action de mani\u00e8re \u00e0 rassembler les meilleures pratiques municipales ayant permis \u00e0 la communaut\u00e9 de s\u2019adapter aux changements climatiques ou d\u2019en att\u00e9nuer leurs effets. L\u2019Alliance et les municipalit\u00e9s participantes souhaitent, par ce projet, inciter d\u2019autres municipalit\u00e9s \u00e0 s\u2019inspirer de ces exemples pour concevoir leurs propres mesures d\u2019adaptation et de mitigation.<\/p>\n<p><strong>En fran\u00e7ais:<\/strong><\/p>\n<ul>\n<li><a href=\"http:\/\/glslcities.org\/wp-content\/uploads\/2015\/06\/Call-to-Action-Trois-Rivieres.pdf\" target=\"_blank\" rel=\"noopener noreferrer\">Trois-Rivieres, QC: Plan d&rsquo;adaptation aux changements climatiques<\/a><\/li>\n<li><a href=\"http:\/\/glslcities.org\/wp-content\/uploads\/2015\/06\/Appel_yZ_laction__Ville_de_Quebec.pdf\" target=\"_blank\" rel=\"noopener noreferrer\">Ville de Quebec, QC: Plan d&rsquo;adaptation aux changements climatiques, \u00ab\u00a0Plan K\u00a0\u00bb<\/a><\/li>\n<\/ul>\n<p><strong>En anglais:\u00a0<\/strong><\/p>\n<ul>\n<li><a href=\"http:\/\/glslcities.org\/wp-content\/uploads\/2015\/06\/Call-to-Action-Ajax-Complete.pdf\" target=\"_blank\" rel=\"noopener noreferrer\">Ajax, ON: Rain Gardens<\/a><\/li>\n<li><a href=\"http:\/\/glslcities.org\/wp-content\/uploads\/2015\/06\/Call-to-Action-Cornwall.pdf\">Cornwall: Cornwall Blueprint Plan<\/a><\/li>\n<li><a href=\"http:\/\/glslcities.org\/wp-content\/uploads\/2015\/06\/Call-to-Action-Form-Carling-Township.pdf\" target=\"_blank\" rel=\"noopener noreferrer\">Carling Township, ON: Mapping Water Levels<\/a><\/li>\n<li><a href=\"http:\/\/glslcities.org\/wp-content\/uploads\/2015\/06\/Call-to-Action-Form-COllingwood.pdf\" target=\"_blank\" rel=\"noopener noreferrer\">Collingwood, ON: Quench Buggy, Water and Energy Conservation Strategy, Wastewater Plant Cogeneration Retrofit<\/a>\n<ul>\n<li><a href=\"http:\/\/glslcities.org\/wp-content\/uploads\/2015\/06\/Collingwood-Quench-Buggy-News-Release.pdf\" target=\"_blank\" rel=\"noopener noreferrer\">Collingwood Quench Buggy<\/a><\/li>\n<li><a href=\"http:\/\/glslcities.org\/wp-content\/uploads\/2015\/06\/Collingwood-Wastewater-Treatment-Cogeneration-Study.pdf\" target=\"_blank\" rel=\"noopener noreferrer\">Collingwood Wastewater Treatment Cogeneration Study<\/a><\/li>\n<\/ul>\n<\/li>\n<li><a href=\"http:\/\/glslcities.org\/wp-content\/uploads\/2015\/06\/Call-to-Action-Form-Oakville-V2.pdf\" target=\"_blank\" rel=\"noopener noreferrer\">Oakville, ON: Climate Change Strategy Development<\/a><\/li>\n<li><a href=\"http:\/\/glslcities.org\/wp-content\/uploads\/2015\/06\/Call-to-Action-Grand-Rapids.pdf\" target=\"_blank\" rel=\"noopener noreferrer\">Grand Rapids, MI: Reducing Energy Consumption and Greenhouse Gas<\/a><\/li>\n<li><a href=\"http:\/\/glslcities.org\/wp-content\/uploads\/2015\/06\/Call-to-Action-Milwaukee.pdf\" target=\"_blank\" rel=\"noopener noreferrer\">Milwaukee, WI: Sustainability Plan<\/a><\/li>\n<li><a href=\"http:\/\/glslcities.org\/wp-content\/uploads\/2015\/06\/Call_to_Action_Mississauga.pdf\" target=\"_blank\" rel=\"noopener noreferrer\">Mississauga, ON: Peel Region Climate Plan, various resiliency projects<\/a><\/li>\n<li><a href=\"http:\/\/glslcities.org\/wp-content\/uploads\/2015\/06\/Call_to_Action_Form-Niagara_Region.pdf\" target=\"_blank\" rel=\"noopener noreferrer\">Niagara Region, ON: Niagara Water Strategy, Community Climate Change Adaptation Plan, Region-specific climate change report<\/a><\/li>\n<li><a href=\"http:\/\/glslcities.org\/wp-content\/uploads\/2015\/06\/Call-to-Action-Form-Oakville-V2.pdf\" target=\"_blank\" rel=\"noopener noreferrer\">Oakville, ON: Climate Change Strategy Development<\/a>\n<ul>\n<li><a href=\"http:\/\/glslcities.org\/wp-content\/uploads\/2015\/06\/Water_Sustainability_Planning_-_The_Town_of_Oakville.pdf\" target=\"_blank\" rel=\"noopener noreferrer\">Oakville Water Sustainability Planning Report<\/a><\/li>\n<\/ul>\n<\/li>\n<li><a href=\"http:\/\/glslcities.org\/wp-content\/uploads\/2015\/06\/Call-to-Action-Oshawa.pdf\" target=\"_blank\" rel=\"noopener noreferrer\">Oshawa, ON: Flood mapping, air quality monitoring, Community Climate Adaptation Plan, citywide Eco-Challenge<\/a><\/li>\n<li><a href=\"http:\/\/glslcities.org\/wp-content\/uploads\/2015\/06\/Call-to-Action-Sarnia.pdf\" target=\"_blank\" rel=\"noopener noreferrer\">Sarnia, ON: Various adaptation measures across departments<\/a>\n<ul>\n<li><a href=\"http:\/\/glslcities.org\/wp-content\/uploads\/2015\/06\/Sarnia-Summary-of-Adaptation-Measures.pdf\" target=\"_blank\" rel=\"noopener noreferrer\">Sarnia Summary of Adaptation Measures<\/a><\/li>\n<\/ul>\n<\/li>\n<li><a href=\"http:\/\/glslcities.org\/wp-content\/uploads\/2015\/06\/Call-to-Action-Thunder-Bay.pdf\" target=\"_blank\" rel=\"noopener noreferrer\">Thunder Bay, ON: Climate Adaptation Plan Development<\/a><\/li>\n<li><a href=\"http:\/\/glslcities.org\/wp-content\/uploads\/2015\/06\/Call-to-Action-Township-of-The-Archipelago.pdf\" target=\"_blank\" rel=\"noopener noreferrer\">Township of The Archipelago, ON: Water Level Assessments at Channels and Access Points<\/a><\/li>\n<\/ul>\n<ul>\n<li><a href=\"http:\/\/glslcities.org\/wp-content\/uploads\/2015\/06\/TP111002-Welland-Vol-002-Final.pdf\" target=\"_blank\" rel=\"noopener noreferrer\">Welland, ON: Stormwater and Wastewater Infrastructure Assessment<\/a>\n<ul>\n<li><a href=\"http:\/\/glslcities.org\/wp-content\/uploads\/2015\/06\/Vulnerability_Assessment_of_infrastructure_to_Climate_Change_-_The_City_of_Welland.pdf\" target=\"_blank\" rel=\"noopener noreferrer\">Welland Vulnerability Assessment [Full Report]<\/a><\/li>\n<\/ul>\n<\/li>\n<\/ul>\n<p>&nbsp;<\/p>\n<p>&nbsp;<\/p>\n","protected":false},"excerpt":{"rendered":"<p>R\u00e9pertoire des pratiques exemplaires Il vous est possible de visiter le r\u00e9pertoire des pratiques exemplaires, maintenu par l\u2019Alliance des villes ainsi que par OCCIAR (Ontario Centre for Climate Impacts and Adaptation Resources), pour consulter une vaste gamme de ressources en mati\u00e8re d\u2019adaptation et de mitigation face aux changements climatiques et de bonnes pratiques issues du&#8230; <a class=\"read-more\" href=\"https:\/\/glslcities.org\/fr\/initiatives\/service-municipal-dadaptation-et-de-resilience\/pratiques-exemplaires\/\">Read More<span class=\"hidden\"> about \u00ab\u00a0Pratiques exemplaires\u00a0\u00bb<\/span><\/a><\/p>\n","protected":false},"author":2,"featured_media":0,"parent":1302,"menu_order":20,"comment_status":"open","ping_status":"open","template":"","meta":{"_acf_changed":false,"footnotes":""},"class_list":["post-3601","page","type-page","status-publish","hentry"],"acf":[],"yoast_head":"<!-- This site is optimized with the Yoast SEO plugin v27.4 - https:\/\/yoast.com\/product\/yoast-seo-wordpress\/ -->\n<title>Pratiques exemplaires - L\u2019Alliance des villes des Grands Lacs et du Saint-Laurent<\/title>\n<meta name=\"robots\" content=\"index, follow, max-snippet:-1, max-image-preview:large, max-video-preview:-1\" \/>\n<link rel=\"canonical\" href=\"https:\/\/glslcities.org\/fr\/initiatives\/service-municipal-dadaptation-et-de-resilience\/pratiques-exemplaires\/\" \/>\n<meta property=\"og:locale\" content=\"fr_FR\" \/>\n<meta property=\"og:type\" content=\"article\" \/>\n<meta property=\"og:title\" content=\"Pratiques exemplaires - L\u2019Alliance des villes des Grands Lacs et du Saint-Laurent\" \/>\n<meta property=\"og:description\" content=\"R\u00e9pertoire des pratiques exemplaires Il vous est possible de visiter le r\u00e9pertoire des pratiques exemplaires, maintenu par l\u2019Alliance des villes ainsi que par OCCIAR (Ontario Centre for Climate Impacts and Adaptation Resources), pour consulter une vaste gamme de ressources en mati\u00e8re d\u2019adaptation et de mitigation face aux changements climatiques et de bonnes pratiques issues du... Read More about &quot;Pratiques exemplaires&quot;\" \/>\n<meta property=\"og:url\" content=\"https:\/\/glslcities.org\/fr\/initiatives\/service-municipal-dadaptation-et-de-resilience\/pratiques-exemplaires\/\" \/>\n<meta property=\"og:site_name\" content=\"L\u2019Alliance des villes des Grands Lacs et du Saint-Laurent\" \/>\n<meta property=\"article:modified_time\" content=\"2019-09-18T18:44:48+00:00\" \/>\n<meta property=\"og:image\" content=\"https:\/\/glslcities.org\/wp-content\/uploads\/2020\/01\/great-lakes-social.png\" \/>\n\t<meta property=\"og:image:width\" content=\"1200\" \/>\n\t<meta property=\"og:image:height\" content=\"630\" \/>\n\t<meta property=\"og:image:type\" content=\"image\/png\" \/>\n<meta name=\"twitter:card\" content=\"summary_large_image\" \/>\n<meta name=\"twitter:label1\" content=\"Dur\u00e9e de lecture estim\u00e9e\" \/>\n\t<meta name=\"twitter:data1\" content=\"2 minutes\" \/>\n<script type=\"application\/ld+json\" class=\"yoast-schema-graph\">{\"@context\":\"https:\\\/\\\/schema.org\",\"@graph\":[{\"@type\":\"WebPage\",\"@id\":\"https:\\\/\\\/glslcities.org\\\/fr\\\/initiatives\\\/service-municipal-dadaptation-et-de-resilience\\\/pratiques-exemplaires\\\/\",\"url\":\"https:\\\/\\\/glslcities.org\\\/fr\\\/initiatives\\\/service-municipal-dadaptation-et-de-resilience\\\/pratiques-exemplaires\\\/\",\"name\":\"Pratiques exemplaires - L\u2019Alliance des villes des Grands Lacs et du Saint-Laurent\",\"isPartOf\":{\"@id\":\"https:\\\/\\\/glslcities.org\\\/#website\"},\"datePublished\":\"2015-08-25T19:43:48+00:00\",\"dateModified\":\"2019-09-18T18:44:48+00:00\",\"breadcrumb\":{\"@id\":\"https:\\\/\\\/glslcities.org\\\/fr\\\/initiatives\\\/service-municipal-dadaptation-et-de-resilience\\\/pratiques-exemplaires\\\/#breadcrumb\"},\"inLanguage\":\"fr-FR\",\"potentialAction\":[{\"@type\":\"ReadAction\",\"target\":[\"https:\\\/\\\/glslcities.org\\\/fr\\\/initiatives\\\/service-municipal-dadaptation-et-de-resilience\\\/pratiques-exemplaires\\\/\"]}]},{\"@type\":\"BreadcrumbList\",\"@id\":\"https:\\\/\\\/glslcities.org\\\/fr\\\/initiatives\\\/service-municipal-dadaptation-et-de-resilience\\\/pratiques-exemplaires\\\/#breadcrumb\",\"itemListElement\":[{\"@type\":\"ListItem\",\"position\":1,\"name\":\"Home\",\"item\":\"https:\\\/\\\/glslcities.org\\\/fr\\\/\"},{\"@type\":\"ListItem\",\"position\":2,\"name\":\"Initiatives\",\"item\":\"https:\\\/\\\/glslcities.org\\\/fr\\\/initiatives\\\/\"},{\"@type\":\"ListItem\",\"position\":3,\"name\":\"Service municipal d\u2019adaptation et de r\u00e9silience\",\"item\":\"https:\\\/\\\/glslcities.org\\\/fr\\\/initiatives\\\/service-municipal-dadaptation-et-de-resilience\\\/\"},{\"@type\":\"ListItem\",\"position\":4,\"name\":\"Pratiques exemplaires\"}]},{\"@type\":\"WebSite\",\"@id\":\"https:\\\/\\\/glslcities.org\\\/#website\",\"url\":\"https:\\\/\\\/glslcities.org\\\/\",\"name\":\"L\u2019Alliance des villes des Grands Lacs et du Saint-Laurent\",\"description\":\"Des maires unis pour prot\u00e9ger et restaurer les Grands Lacs et le Saint-Laurent\",\"potentialAction\":[{\"@type\":\"SearchAction\",\"target\":{\"@type\":\"EntryPoint\",\"urlTemplate\":\"https:\\\/\\\/glslcities.org\\\/?s={search_term_string}\"},\"query-input\":{\"@type\":\"PropertyValueSpecification\",\"valueRequired\":true,\"valueName\":\"search_term_string\"}}],\"inLanguage\":\"fr-FR\"}]}<\/script>\n<!-- \/ Yoast SEO plugin. -->","yoast_head_json":{"title":"Pratiques exemplaires - L\u2019Alliance des villes des Grands Lacs et du Saint-Laurent","robots":{"index":"index","follow":"follow","max-snippet":"max-snippet:-1","max-image-preview":"max-image-preview:large","max-video-preview":"max-video-preview:-1"},"canonical":"https:\/\/glslcities.org\/fr\/initiatives\/service-municipal-dadaptation-et-de-resilience\/pratiques-exemplaires\/","og_locale":"fr_FR","og_type":"article","og_title":"Pratiques exemplaires - L\u2019Alliance des villes des Grands Lacs et du Saint-Laurent","og_description":"R\u00e9pertoire des pratiques exemplaires Il vous est possible de visiter le r\u00e9pertoire des pratiques exemplaires, maintenu par l\u2019Alliance des villes ainsi que par OCCIAR (Ontario Centre for Climate Impacts and Adaptation Resources), pour consulter une vaste gamme de ressources en mati\u00e8re d\u2019adaptation et de mitigation face aux changements climatiques et de bonnes pratiques issues du... Read More about \"Pratiques exemplaires\"","og_url":"https:\/\/glslcities.org\/fr\/initiatives\/service-municipal-dadaptation-et-de-resilience\/pratiques-exemplaires\/","og_site_name":"L\u2019Alliance des villes des Grands Lacs et du Saint-Laurent","article_modified_time":"2019-09-18T18:44:48+00:00","og_image":[{"width":1200,"height":630,"url":"https:\/\/glslcities.org\/wp-content\/uploads\/2020\/01\/great-lakes-social.png","type":"image\/png"}],"twitter_card":"summary_large_image","twitter_misc":{"Dur\u00e9e de lecture estim\u00e9e":"2 minutes"},"schema":{"@context":"https:\/\/schema.org","@graph":[{"@type":"WebPage","@id":"https:\/\/glslcities.org\/fr\/initiatives\/service-municipal-dadaptation-et-de-resilience\/pratiques-exemplaires\/","url":"https:\/\/glslcities.org\/fr\/initiatives\/service-municipal-dadaptation-et-de-resilience\/pratiques-exemplaires\/","name":"Pratiques exemplaires - L\u2019Alliance des villes des Grands Lacs et du Saint-Laurent","isPartOf":{"@id":"https:\/\/glslcities.org\/#website"},"datePublished":"2015-08-25T19:43:48+00:00","dateModified":"2019-09-18T18:44:48+00:00","breadcrumb":{"@id":"https:\/\/glslcities.org\/fr\/initiatives\/service-municipal-dadaptation-et-de-resilience\/pratiques-exemplaires\/#breadcrumb"},"inLanguage":"fr-FR","potentialAction":[{"@type":"ReadAction","target":["https:\/\/glslcities.org\/fr\/initiatives\/service-municipal-dadaptation-et-de-resilience\/pratiques-exemplaires\/"]}]},{"@type":"BreadcrumbList","@id":"https:\/\/glslcities.org\/fr\/initiatives\/service-municipal-dadaptation-et-de-resilience\/pratiques-exemplaires\/#breadcrumb","itemListElement":[{"@type":"ListItem","position":1,"name":"Home","item":"https:\/\/glslcities.org\/fr\/"},{"@type":"ListItem","position":2,"name":"Initiatives","item":"https:\/\/glslcities.org\/fr\/initiatives\/"},{"@type":"ListItem","position":3,"name":"Service municipal d\u2019adaptation et de r\u00e9silience","item":"https:\/\/glslcities.org\/fr\/initiatives\/service-municipal-dadaptation-et-de-resilience\/"},{"@type":"ListItem","position":4,"name":"Pratiques exemplaires"}]},{"@type":"WebSite","@id":"https:\/\/glslcities.org\/#website","url":"https:\/\/glslcities.org\/","name":"L\u2019Alliance des villes des Grands Lacs et du Saint-Laurent","description":"Des maires unis pour prot\u00e9ger et restaurer les Grands Lacs et le Saint-Laurent","potentialAction":[{"@type":"SearchAction","target":{"@type":"EntryPoint","urlTemplate":"https:\/\/glslcities.org\/?s={search_term_string}"},"query-input":{"@type":"PropertyValueSpecification","valueRequired":true,"valueName":"search_term_string"}}],"inLanguage":"fr-FR"}]}},"_links":{"self":[{"href":"https:\/\/glslcities.org\/fr\/wp-json\/wp\/v2\/pages\/3601","targetHints":{"allow":["GET"]}}],"collection":[{"href":"https:\/\/glslcities.org\/fr\/wp-json\/wp\/v2\/pages"}],"about":[{"href":"https:\/\/glslcities.org\/fr\/wp-json\/wp\/v2\/types\/page"}],"author":[{"embeddable":true,"href":"https:\/\/glslcities.org\/fr\/wp-json\/wp\/v2\/users\/2"}],"replies":[{"embeddable":true,"href":"https:\/\/glslcities.org\/fr\/wp-json\/wp\/v2\/comments?post=3601"}],"version-history":[{"count":4,"href":"https:\/\/glslcities.org\/fr\/wp-json\/wp\/v2\/pages\/3601\/revisions"}],"predecessor-version":[{"id":9238,"href":"https:\/\/glslcities.org\/fr\/wp-json\/wp\/v2\/pages\/3601\/revisions\/9238"}],"up":[{"embeddable":true,"href":"https:\/\/glslcities.org\/fr\/wp-json\/wp\/v2\/pages\/1302"}],"wp:attachment":[{"href":"https:\/\/glslcities.org\/fr\/wp-json\/wp\/v2\/media?parent=3601"}],"curies":[{"name":"wp","href":"https:\/\/api.w.org\/{rel}","templated":true}]}}