{"id":6925,"date":"2016-10-26T15:44:08","date_gmt":"2016-10-26T19:44:08","guid":{"rendered":"http:\/\/glslcities.org\/fr\/?page_id=6925"},"modified":"2019-09-18T14:08:09","modified_gmt":"2019-09-18T18:08:09","slug":"journee-grands-lacs-saint-laurent-sur-la-colline-parlementaire","status":"publish","type":"page","link":"https:\/\/glslcities.org\/fr\/evenements\/journee-grands-lacs-saint-laurent-sur-la-colline-parlementaire\/","title":{"rendered":"Journ\u00e9e Grands-Lacs Saint-Laurent sur la colline parlementaire"},"content":{"rendered":"<p><img loading=\"lazy\" decoding=\"async\" class=\"wp-image-7010 alignleft\" src=\"https:\/\/glslcities.org\/wp-content\/uploads\/2016\/10\/IMG_033-400x267.jpg\" alt=\"\" width=\"260\" height=\"173\" srcset=\"https:\/\/glslcities.org\/wp-content\/uploads\/2016\/10\/IMG_033-400x267.jpg 400w, https:\/\/glslcities.org\/wp-content\/uploads\/2016\/10\/IMG_033-200x133.jpg 200w, https:\/\/glslcities.org\/wp-content\/uploads\/2016\/10\/IMG_033-768x512.jpg 768w, https:\/\/glslcities.org\/wp-content\/uploads\/2016\/10\/IMG_033-1024x683.jpg 1024w, https:\/\/glslcities.org\/wp-content\/uploads\/2016\/10\/IMG_033-726x484.jpg 726w\" sizes=\"auto, (max-width: 260px) 100vw, 260px\" \/>L\u2019Alliance des villes des Grands Lacs et du Saint-Laurent, en partenariat avec le Council of the Great Lakes Region, la Great Lakes Fishery Commission et Freshwater Future ont tenu une deuxi\u00e8me Journ\u00e9e des Grands-Lacs et du Saint-Laurent sur la colline parlementaire \u00e0 Ottawa (Ontario) les 21 et 22 novembre 2017.<\/p>\n<p>Durant l\u2019\u00e9dition de la Journ\u00e9e sur la colline parlementaire 2016, les repr\u00e9sentants des quatre organisations environnementales et les d\u00e9l\u00e9gu\u00e9s de Strat\u00e9gies Saint-Laurent, l\u2019Alliance des Grand Lacs, Canadian Environmental Law Association, du Regroupement des organismes de bassins versants du\u00a0Qu\u00e9bec et de Environmental Defence Canada, ont rencontr\u00e9 des ministres et d\u00e9put\u00e9s. La d\u00e9l\u00e9gation a pr\u00e9sent\u00e9 l\u2019id\u00e9e d\u2019un groupe de travail des Grands Lacs et du Saint-Laurent au sein du Groupe interparlementaire canadien et demand\u00e9 la participation du gouvernement canadien dans la cr\u00e9ation d\u2019un plan et d\u2019une vision commune pour la r\u00e9gion des Grands Lacs et du Saint-Laurent.<\/p>\n<p><img loading=\"lazy\" decoding=\"async\" class=\"alignright wp-image-6989\" src=\"https:\/\/glslcities.org\/wp-content\/uploads\/2016\/10\/greatlakes01-400x236.jpg\" alt=\"\" width=\"351\" height=\"207\" srcset=\"https:\/\/glslcities.org\/wp-content\/uploads\/2016\/10\/greatlakes01-400x236.jpg 400w, https:\/\/glslcities.org\/wp-content\/uploads\/2016\/10\/greatlakes01-200x118.jpg 200w, https:\/\/glslcities.org\/wp-content\/uploads\/2016\/10\/greatlakes01-768x452.jpg 768w, https:\/\/glslcities.org\/wp-content\/uploads\/2016\/10\/greatlakes01-1024x603.jpg 1024w, https:\/\/glslcities.org\/wp-content\/uploads\/2016\/10\/greatlakes01-822x484.jpg 822w\" sizes=\"auto, (max-width: 351px) 100vw, 351px\" \/><\/p>\n<p>Le comit\u00e9 directeur du groupe, nomm\u00e9 le <a href=\"https:\/\/glslcities.org\/collaboratif\">Collaboratif des Grands Lacs et du Saint-Laurent<\/a>, a depuis \u0153uvr\u00e9 \u00e0 d\u00e9velopper un <a href=\"https:\/\/glslcities.org\/fr\/initiatives\/collaboratif\/document-de-travail\/\">document de travail<\/a> pr\u00e9sentant une vision pour la r\u00e9gion. Pr\u00e9sentement, le Collaboratif invite les intervenants de la r\u00e9gion \u00e0 pr\u00e9senter leurs commentaires pour d\u00e9velopper une version finale.<\/p>\n<p>Pour plus de d\u00e9tails sur la Journ\u00e9e des Grands-Lacs et du Saint-Laurent 2017, consulter la page de l\u2019\u00e9v\u00e9nement.<\/p>\n<h2><\/h2>\n","protected":false},"excerpt":{"rendered":"<p>L\u2019Alliance des villes des Grands Lacs et du Saint-Laurent, en partenariat avec le Council of the Great Lakes Region, la Great Lakes Fishery Commission et Freshwater Future ont tenu une deuxi\u00e8me Journ\u00e9e des Grands-Lacs et du Saint-Laurent sur la colline parlementaire \u00e0 Ottawa (Ontario) les 21 et 22 novembre 2017. Durant l\u2019\u00e9dition de la Journ\u00e9e&#8230; <a class=\"read-more\" href=\"https:\/\/glslcities.org\/fr\/evenements\/journee-grands-lacs-saint-laurent-sur-la-colline-parlementaire\/\">Read More<span class=\"hidden\"> about \u00ab\u00a0Journ\u00e9e Grands-Lacs Saint-Laurent sur la colline parlementaire\u00a0\u00bb<\/span><\/a><\/p>\n","protected":false},"author":2,"featured_media":0,"parent":1335,"menu_order":0,"comment_status":"closed","ping_status":"closed","template":"","meta":{"_acf_changed":false,"footnotes":""},"class_list":["post-6925","page","type-page","status-publish","hentry"],"acf":[],"yoast_head":"<!-- This site is optimized with the Yoast SEO plugin v27.4 - https:\/\/yoast.com\/product\/yoast-seo-wordpress\/ -->\n<title>Journ\u00e9e Grands-Lacs Saint-Laurent sur la colline parlementaire - L\u2019Alliance des villes des Grands Lacs et du Saint-Laurent<\/title>\n<meta name=\"robots\" content=\"index, follow, max-snippet:-1, max-image-preview:large, max-video-preview:-1\" \/>\n<link rel=\"canonical\" href=\"https:\/\/glslcities.org\/fr\/evenements\/journee-grands-lacs-saint-laurent-sur-la-colline-parlementaire\/\" \/>\n<meta property=\"og:locale\" content=\"fr_FR\" \/>\n<meta property=\"og:type\" content=\"article\" \/>\n<meta property=\"og:title\" content=\"Journ\u00e9e Grands-Lacs Saint-Laurent sur la colline parlementaire - L\u2019Alliance des villes des Grands Lacs et du Saint-Laurent\" \/>\n<meta property=\"og:description\" content=\"L\u2019Alliance des villes des Grands Lacs et du Saint-Laurent, en partenariat avec le Council of the Great Lakes Region, la Great Lakes Fishery Commission et Freshwater Future ont tenu une deuxi\u00e8me Journ\u00e9e des Grands-Lacs et du Saint-Laurent sur la colline parlementaire \u00e0 Ottawa (Ontario) les 21 et 22 novembre 2017. Durant l\u2019\u00e9dition de la Journ\u00e9e... Read More about &quot;Journ\u00e9e Grands-Lacs Saint-Laurent sur la colline parlementaire&quot;\" \/>\n<meta property=\"og:url\" content=\"https:\/\/glslcities.org\/fr\/evenements\/journee-grands-lacs-saint-laurent-sur-la-colline-parlementaire\/\" \/>\n<meta property=\"og:site_name\" content=\"L\u2019Alliance des villes des Grands Lacs et du Saint-Laurent\" \/>\n<meta property=\"article:modified_time\" content=\"2019-09-18T18:08:09+00:00\" \/>\n<meta property=\"og:image\" content=\"https:\/\/glslcities.org\/wp-content\/uploads\/2016\/10\/IMG_033-400x267.jpg\" \/>\n<meta name=\"twitter:card\" content=\"summary_large_image\" \/>\n<meta name=\"twitter:label1\" content=\"Dur\u00e9e de lecture estim\u00e9e\" \/>\n\t<meta name=\"twitter:data1\" content=\"1 minute\" \/>\n<script type=\"application\/ld+json\" class=\"yoast-schema-graph\">{\"@context\":\"https:\\\/\\\/schema.org\",\"@graph\":[{\"@type\":\"WebPage\",\"@id\":\"https:\\\/\\\/glslcities.org\\\/fr\\\/evenements\\\/journee-grands-lacs-saint-laurent-sur-la-colline-parlementaire\\\/\",\"url\":\"https:\\\/\\\/glslcities.org\\\/fr\\\/evenements\\\/journee-grands-lacs-saint-laurent-sur-la-colline-parlementaire\\\/\",\"name\":\"Journ\u00e9e Grands-Lacs Saint-Laurent sur la colline parlementaire - L\u2019Alliance des villes des Grands Lacs et du Saint-Laurent\",\"isPartOf\":{\"@id\":\"https:\\\/\\\/glslcities.org\\\/#website\"},\"primaryImageOfPage\":{\"@id\":\"https:\\\/\\\/glslcities.org\\\/fr\\\/evenements\\\/journee-grands-lacs-saint-laurent-sur-la-colline-parlementaire\\\/#primaryimage\"},\"image\":{\"@id\":\"https:\\\/\\\/glslcities.org\\\/fr\\\/evenements\\\/journee-grands-lacs-saint-laurent-sur-la-colline-parlementaire\\\/#primaryimage\"},\"thumbnailUrl\":\"https:\\\/\\\/glslcities.org\\\/wp-content\\\/uploads\\\/2016\\\/10\\\/IMG_033-400x267.jpg\",\"datePublished\":\"2016-10-26T19:44:08+00:00\",\"dateModified\":\"2019-09-18T18:08:09+00:00\",\"breadcrumb\":{\"@id\":\"https:\\\/\\\/glslcities.org\\\/fr\\\/evenements\\\/journee-grands-lacs-saint-laurent-sur-la-colline-parlementaire\\\/#breadcrumb\"},\"inLanguage\":\"fr-FR\",\"potentialAction\":[{\"@type\":\"ReadAction\",\"target\":[\"https:\\\/\\\/glslcities.org\\\/fr\\\/evenements\\\/journee-grands-lacs-saint-laurent-sur-la-colline-parlementaire\\\/\"]}]},{\"@type\":\"ImageObject\",\"inLanguage\":\"fr-FR\",\"@id\":\"https:\\\/\\\/glslcities.org\\\/fr\\\/evenements\\\/journee-grands-lacs-saint-laurent-sur-la-colline-parlementaire\\\/#primaryimage\",\"url\":\"https:\\\/\\\/glslcities.org\\\/wp-content\\\/uploads\\\/2016\\\/10\\\/IMG_033-400x267.jpg\",\"contentUrl\":\"https:\\\/\\\/glslcities.org\\\/wp-content\\\/uploads\\\/2016\\\/10\\\/IMG_033-400x267.jpg\"},{\"@type\":\"BreadcrumbList\",\"@id\":\"https:\\\/\\\/glslcities.org\\\/fr\\\/evenements\\\/journee-grands-lacs-saint-laurent-sur-la-colline-parlementaire\\\/#breadcrumb\",\"itemListElement\":[{\"@type\":\"ListItem\",\"position\":1,\"name\":\"Home\",\"item\":\"https:\\\/\\\/glslcities.org\\\/fr\\\/\"},{\"@type\":\"ListItem\",\"position\":2,\"name\":\"\u00c9v\u00e9nements \u00e0 venir\",\"item\":\"https:\\\/\\\/glslcities.org\\\/fr\\\/evenements\\\/\"},{\"@type\":\"ListItem\",\"position\":3,\"name\":\"Journ\u00e9e Grands-Lacs Saint-Laurent sur la colline parlementaire\"}]},{\"@type\":\"WebSite\",\"@id\":\"https:\\\/\\\/glslcities.org\\\/#website\",\"url\":\"https:\\\/\\\/glslcities.org\\\/\",\"name\":\"L\u2019Alliance des villes des Grands Lacs et du Saint-Laurent\",\"description\":\"Des maires unis pour prot\u00e9ger et restaurer les Grands Lacs et le Saint-Laurent\",\"potentialAction\":[{\"@type\":\"SearchAction\",\"target\":{\"@type\":\"EntryPoint\",\"urlTemplate\":\"https:\\\/\\\/glslcities.org\\\/?s={search_term_string}\"},\"query-input\":{\"@type\":\"PropertyValueSpecification\",\"valueRequired\":true,\"valueName\":\"search_term_string\"}}],\"inLanguage\":\"fr-FR\"}]}<\/script>\n<!-- \/ Yoast SEO plugin. -->","yoast_head_json":{"title":"Journ\u00e9e Grands-Lacs Saint-Laurent sur la colline parlementaire - L\u2019Alliance des villes des Grands Lacs et du Saint-Laurent","robots":{"index":"index","follow":"follow","max-snippet":"max-snippet:-1","max-image-preview":"max-image-preview:large","max-video-preview":"max-video-preview:-1"},"canonical":"https:\/\/glslcities.org\/fr\/evenements\/journee-grands-lacs-saint-laurent-sur-la-colline-parlementaire\/","og_locale":"fr_FR","og_type":"article","og_title":"Journ\u00e9e Grands-Lacs Saint-Laurent sur la colline parlementaire - L\u2019Alliance des villes des Grands Lacs et du Saint-Laurent","og_description":"L\u2019Alliance des villes des Grands Lacs et du Saint-Laurent, en partenariat avec le Council of the Great Lakes Region, la Great Lakes Fishery Commission et Freshwater Future ont tenu une deuxi\u00e8me Journ\u00e9e des Grands-Lacs et du Saint-Laurent sur la colline parlementaire \u00e0 Ottawa (Ontario) les 21 et 22 novembre 2017. Durant l\u2019\u00e9dition de la Journ\u00e9e... Read More about \"Journ\u00e9e Grands-Lacs Saint-Laurent sur la colline parlementaire\"","og_url":"https:\/\/glslcities.org\/fr\/evenements\/journee-grands-lacs-saint-laurent-sur-la-colline-parlementaire\/","og_site_name":"L\u2019Alliance des villes des Grands Lacs et du Saint-Laurent","article_modified_time":"2019-09-18T18:08:09+00:00","og_image":[{"url":"https:\/\/glslcities.org\/wp-content\/uploads\/2016\/10\/IMG_033-400x267.jpg","type":"","width":"","height":""}],"twitter_card":"summary_large_image","twitter_misc":{"Dur\u00e9e de lecture estim\u00e9e":"1 minute"},"schema":{"@context":"https:\/\/schema.org","@graph":[{"@type":"WebPage","@id":"https:\/\/glslcities.org\/fr\/evenements\/journee-grands-lacs-saint-laurent-sur-la-colline-parlementaire\/","url":"https:\/\/glslcities.org\/fr\/evenements\/journee-grands-lacs-saint-laurent-sur-la-colline-parlementaire\/","name":"Journ\u00e9e Grands-Lacs Saint-Laurent sur la colline parlementaire - L\u2019Alliance des villes des Grands Lacs et du Saint-Laurent","isPartOf":{"@id":"https:\/\/glslcities.org\/#website"},"primaryImageOfPage":{"@id":"https:\/\/glslcities.org\/fr\/evenements\/journee-grands-lacs-saint-laurent-sur-la-colline-parlementaire\/#primaryimage"},"image":{"@id":"https:\/\/glslcities.org\/fr\/evenements\/journee-grands-lacs-saint-laurent-sur-la-colline-parlementaire\/#primaryimage"},"thumbnailUrl":"https:\/\/glslcities.org\/wp-content\/uploads\/2016\/10\/IMG_033-400x267.jpg","datePublished":"2016-10-26T19:44:08+00:00","dateModified":"2019-09-18T18:08:09+00:00","breadcrumb":{"@id":"https:\/\/glslcities.org\/fr\/evenements\/journee-grands-lacs-saint-laurent-sur-la-colline-parlementaire\/#breadcrumb"},"inLanguage":"fr-FR","potentialAction":[{"@type":"ReadAction","target":["https:\/\/glslcities.org\/fr\/evenements\/journee-grands-lacs-saint-laurent-sur-la-colline-parlementaire\/"]}]},{"@type":"ImageObject","inLanguage":"fr-FR","@id":"https:\/\/glslcities.org\/fr\/evenements\/journee-grands-lacs-saint-laurent-sur-la-colline-parlementaire\/#primaryimage","url":"https:\/\/glslcities.org\/wp-content\/uploads\/2016\/10\/IMG_033-400x267.jpg","contentUrl":"https:\/\/glslcities.org\/wp-content\/uploads\/2016\/10\/IMG_033-400x267.jpg"},{"@type":"BreadcrumbList","@id":"https:\/\/glslcities.org\/fr\/evenements\/journee-grands-lacs-saint-laurent-sur-la-colline-parlementaire\/#breadcrumb","itemListElement":[{"@type":"ListItem","position":1,"name":"Home","item":"https:\/\/glslcities.org\/fr\/"},{"@type":"ListItem","position":2,"name":"\u00c9v\u00e9nements \u00e0 venir","item":"https:\/\/glslcities.org\/fr\/evenements\/"},{"@type":"ListItem","position":3,"name":"Journ\u00e9e Grands-Lacs Saint-Laurent sur la colline parlementaire"}]},{"@type":"WebSite","@id":"https:\/\/glslcities.org\/#website","url":"https:\/\/glslcities.org\/","name":"L\u2019Alliance des villes des Grands Lacs et du Saint-Laurent","description":"Des maires unis pour prot\u00e9ger et restaurer les Grands Lacs et le Saint-Laurent","potentialAction":[{"@type":"SearchAction","target":{"@type":"EntryPoint","urlTemplate":"https:\/\/glslcities.org\/?s={search_term_string}"},"query-input":{"@type":"PropertyValueSpecification","valueRequired":true,"valueName":"search_term_string"}}],"inLanguage":"fr-FR"}]}},"_links":{"self":[{"href":"https:\/\/glslcities.org\/fr\/wp-json\/wp\/v2\/pages\/6925","targetHints":{"allow":["GET"]}}],"collection":[{"href":"https:\/\/glslcities.org\/fr\/wp-json\/wp\/v2\/pages"}],"about":[{"href":"https:\/\/glslcities.org\/fr\/wp-json\/wp\/v2\/types\/page"}],"author":[{"embeddable":true,"href":"https:\/\/glslcities.org\/fr\/wp-json\/wp\/v2\/users\/2"}],"replies":[{"embeddable":true,"href":"https:\/\/glslcities.org\/fr\/wp-json\/wp\/v2\/comments?post=6925"}],"version-history":[{"count":8,"href":"https:\/\/glslcities.org\/fr\/wp-json\/wp\/v2\/pages\/6925\/revisions"}],"predecessor-version":[{"id":9231,"href":"https:\/\/glslcities.org\/fr\/wp-json\/wp\/v2\/pages\/6925\/revisions\/9231"}],"up":[{"embeddable":true,"href":"https:\/\/glslcities.org\/fr\/wp-json\/wp\/v2\/pages\/1335"}],"wp:attachment":[{"href":"https:\/\/glslcities.org\/fr\/wp-json\/wp\/v2\/media?parent=6925"}],"curies":[{"name":"wp","href":"https:\/\/api.w.org\/{rel}","templated":true}]}}