{"id":7964,"date":"2017-10-04T12:15:22","date_gmt":"2017-10-04T16:15:22","guid":{"rendered":"https:\/\/glslcities.org\/?page_id=7964\/"},"modified":"2023-03-01T16:58:14","modified_gmt":"2023-03-01T21:58:14","slug":"2016-2","status":"publish","type":"page","link":"https:\/\/glslcities.org\/fr\/evenements\/journee-grands-lacs-saint-laurent-sur-la-colline-parlementaire\/2016-2\/","title":{"rendered":"Journ\u00e9e d&rsquo;Ottawa 2016"},"content":{"rendered":"<p>L\u2019Alliance des villes des Grands Lacs et du Saint-Laurent, le Council of the Great Lakes Region, la Commission des p\u00eacheries des Grands Lacs et un regroupement d\u2019organisations non-gouvernementales (ONG) incluant Freshwater Future, Strat\u00e9gies Saint-Laurent, Alliance for the Great Lakes, le Regroupement des organismes de bassins versants du Qu\u00e9bec, l\u2019Association canadienne du droit de l&rsquo;environnement et Environmental Defence Canada organisent la premi\u00e8re Journ\u00e9e Grands Lacs-Saint-Laurent sur la Colline parlementaire le jeudi 27 octobre, \u00e0 Ottawa. Les d\u00e9l\u00e9gu\u00e9s des diff\u00e9rents organismes ont rencontr\u00e9 de nombreux ministres, secr\u00e9taires parlementaires et leaders de l\u2019opposition afin de les inviter \u00e0 d\u00e9velopper avec eux une vision commune et un plan d\u2019action pour assurer la vitalit\u00e9 et la comp\u00e9titivit\u00e9 de l\u2019\u00e9conomie de la r\u00e9gion et la sant\u00e9 \u00e0 long terme de l\u2019\u00e9cosyst\u00e8me Grands Lacs-Saint-Laurent.<\/p>\n<h2>Documents<\/h2>\n<p><a href=\"http:\/\/glslcities.org\/wp-content\/uploads\/2016\/10\/Journ\u00e9e-GLSL-sur-la-Colline-2016-Vision.pdf\">Cr\u00e9er une vision commune et un plan pour le d\u00e9veloppement durable et la prosp\u00e9rit\u00e9 de la r\u00e9gion des Grands Lacs et du Saint-Laurent (2 pages)<\/a><\/p>\n<p><a href=\"http:\/\/glslcities.org\/wp-content\/uploads\/2016\/10\/Journ\u00e9e-GLSL-sur-la-Colline-2016-Communiqu\u00e9.pdf\">Communiqu\u00e9 de presse &#8211; 27 octobre 2016<\/a><\/p>\n<h2>Photos<\/h2>\n<div id='gallery-1' class='gallery galleryid-7964 gallery-columns-3 gallery-size-gallery'><dl class='gallery-item'>\n\t\t\t<dt class='gallery-icon landscape'>\n\t\t\t\t<a href='https:\/\/glslcities.org\/fr\/evenements\/journee-grands-lacs-saint-laurent-sur-la-colline-parlementaire\/greatlakes01-2\/'><img loading=\"lazy\" decoding=\"async\" width=\"250\" height=\"250\" src=\"https:\/\/glslcities.org\/wp-content\/uploads\/2016\/10\/greatlakes01-250x250.jpg\" class=\"attachment-gallery size-gallery\" alt=\"\" aria-describedby=\"gallery-1-6989\" \/><\/a>\n\t\t\t<\/dt>\n\t\t\t\t<dd class='wp-caption-text gallery-caption' id='gallery-1-6989'>\n\t\t\t\tLes participants \u00e0 la Journ\u00e9e des Grands Lacs et du St-Laurent sur la Colline parlementaire repr\u00e9sentant 10 organisations et 5 municipalit\u00e9s\n\t\t\t\t<\/dd><\/dl><dl class='gallery-item'>\n\t\t\t<dt class='gallery-icon landscape'>\n\t\t\t\t<a href='https:\/\/glslcities.org\/fr\/evenements\/journee-grands-lacs-saint-laurent-sur-la-colline-parlementaire\/img_033-2\/'><img loading=\"lazy\" decoding=\"async\" width=\"250\" height=\"250\" src=\"https:\/\/glslcities.org\/wp-content\/uploads\/2016\/10\/IMG_033-250x250.jpg\" class=\"attachment-gallery size-gallery\" alt=\"\" aria-describedby=\"gallery-1-7011\" \/><\/a>\n\t\t\t<\/dt>\n\t\t\t\t<dd class='wp-caption-text gallery-caption' id='gallery-1-7011'>\n\t\t\t\tEn direction du Parlement pour les rencontres avec les ministres \n\t\t\t\t<\/dd><\/dl><dl class='gallery-item'>\n\t\t\t<dt class='gallery-icon landscape'>\n\t\t\t\t<a href='https:\/\/glslcities.org\/fr\/evenements\/journee-grands-lacs-saint-laurent-sur-la-colline-parlementaire\/greatlakes07-2\/'><img loading=\"lazy\" decoding=\"async\" width=\"250\" height=\"250\" src=\"https:\/\/glslcities.org\/wp-content\/uploads\/2016\/10\/greatlakes07-250x250.jpg\" class=\"attachment-gallery size-gallery\" alt=\"\" aria-describedby=\"gallery-1-6987\" \/><\/a>\n\t\t\t<\/dt>\n\t\t\t\t<dd class='wp-caption-text gallery-caption' id='gallery-1-6987'>\n\t\t\t\tLa coaliltion avec Mme McKenna, Ministre de l&rsquo;Environnement et du Changement climatique \n\t\t\t\t<\/dd><\/dl><br style=\"clear: both\" \/><dl class='gallery-item'>\n\t\t\t<dt class='gallery-icon landscape'>\n\t\t\t\t<a href='https:\/\/glslcities.org\/fr\/evenements\/journee-grands-lacs-saint-laurent-sur-la-colline-parlementaire\/img_050-2\/'><img loading=\"lazy\" decoding=\"async\" width=\"250\" height=\"250\" src=\"https:\/\/glslcities.org\/wp-content\/uploads\/2016\/10\/IMG_050-250x250.jpg\" class=\"attachment-gallery size-gallery\" alt=\"\" aria-describedby=\"gallery-1-7009\" \/><\/a>\n\t\t\t<\/dt>\n\t\t\t\t<dd class='wp-caption-text gallery-caption' id='gallery-1-7009'>\n\t\t\t\tR\u00e9union avec Mme McKenna\n\t\t\t\t<\/dd><\/dl><dl class='gallery-item'>\n\t\t\t<dt class='gallery-icon landscape'>\n\t\t\t\t<a href='https:\/\/glslcities.org\/fr\/evenements\/journee-grands-lacs-saint-laurent-sur-la-colline-parlementaire\/jim-carr-2\/'><img loading=\"lazy\" decoding=\"async\" width=\"250\" height=\"250\" src=\"https:\/\/glslcities.org\/wp-content\/uploads\/2016\/10\/Jim-Carr-e1478111975864-250x250.jpg\" class=\"attachment-gallery size-gallery\" alt=\"\" aria-describedby=\"gallery-1-7007\" \/><\/a>\n\t\t\t<\/dt>\n\t\t\t\t<dd class='wp-caption-text gallery-caption' id='gallery-1-7007'>\n\t\t\t\tLes d\u00e9l\u00e9gu\u00e9s avec M. Jim Carr, Ministre des Ressources naturelles\n\t\t\t\t<\/dd><\/dl><dl class='gallery-item'>\n\t\t\t<dt class='gallery-icon landscape'>\n\t\t\t\t<a href='https:\/\/glslcities.org\/fr\/evenements\/journee-grands-lacs-saint-laurent-sur-la-colline-parlementaire\/img_0652-2\/'><img loading=\"lazy\" decoding=\"async\" width=\"250\" height=\"250\" src=\"https:\/\/glslcities.org\/wp-content\/uploads\/2016\/10\/IMG_0652-250x250.jpg\" class=\"attachment-gallery size-gallery\" alt=\"\" aria-describedby=\"gallery-1-7005\" \/><\/a>\n\t\t\t<\/dt>\n\t\t\t\t<dd class='wp-caption-text gallery-caption' id='gallery-1-7005'>\n\t\t\t\tLa d\u00e9l\u00e9gation avec Mme Yanique Williams, Conseill\u00e8re politique de M. Bardish Chagger, Ministre de la Petite entreprise et du Tourisme\n\t\t\t\t<\/dd><\/dl><br style=\"clear: both\" \/><dl class='gallery-item'>\n\t\t\t<dt class='gallery-icon portrait'>\n\t\t\t\t<a href='https:\/\/glslcities.org\/fr\/evenements\/journee-grands-lacs-saint-laurent-sur-la-colline-parlementaire\/img_1763-2\/'><img loading=\"lazy\" decoding=\"async\" width=\"250\" height=\"250\" src=\"https:\/\/glslcities.org\/wp-content\/uploads\/2016\/10\/IMG_1763-250x250.jpg\" class=\"attachment-gallery size-gallery\" alt=\"\" aria-describedby=\"gallery-1-7001\" \/><\/a>\n\t\t\t<\/dt>\n\t\t\t\t<dd class='wp-caption-text gallery-caption' id='gallery-1-7001'>\n\t\t\t\tM. Scott McKay, M. Denis Lapointe, Mme Chantal Rouleau et Mme Marie- Claude Leclerc apr\u00e8s une r\u00e9union au Parlement\n\t\t\t\t<\/dd><\/dl><dl class='gallery-item'>\n\t\t\t<dt class='gallery-icon landscape'>\n\t\t\t\t<a href='https:\/\/glslcities.org\/fr\/evenements\/journee-grands-lacs-saint-laurent-sur-la-colline-parlementaire\/img_176-2\/'><img loading=\"lazy\" decoding=\"async\" width=\"250\" height=\"250\" src=\"https:\/\/glslcities.org\/wp-content\/uploads\/2016\/10\/IMG_176-250x250.jpg\" class=\"attachment-gallery size-gallery\" alt=\"\" aria-describedby=\"gallery-1-6999\" \/><\/a>\n\t\t\t<\/dt>\n\t\t\t\t<dd class='wp-caption-text gallery-caption' id='gallery-1-6999'>\n\t\t\t\tLa d\u00e9l\u00e9gation avec Mme Elizabeth May, Chef du Parti Vert\n\t\t\t\t<\/dd><\/dl><dl class='gallery-item'>\n\t\t\t<dt class='gallery-icon landscape'>\n\t\t\t\t<a href='https:\/\/glslcities.org\/fr\/evenements\/journee-grands-lacs-saint-laurent-sur-la-colline-parlementaire\/greatlakes11-2\/'><img loading=\"lazy\" decoding=\"async\" width=\"250\" height=\"250\" src=\"https:\/\/glslcities.org\/wp-content\/uploads\/2016\/10\/greatlakes11-250x250.jpg\" class=\"attachment-gallery size-gallery\" alt=\"\" aria-describedby=\"gallery-1-6997\" \/><\/a>\n\t\t\t<\/dt>\n\t\t\t\t<dd class='wp-caption-text gallery-caption' id='gallery-1-6997'>\n\t\t\t\tRencontre avec Mme Goldsmith-Jones, Secr\u00e9taire parlementaire du ministre des Affaires \u00e9trang\u00e8res\n\t\t\t\t<\/dd><\/dl><br style=\"clear: both\" \/><dl class='gallery-item'>\n\t\t\t<dt class='gallery-icon landscape'>\n\t\t\t\t<a href='https:\/\/glslcities.org\/fr\/evenements\/journee-grands-lacs-saint-laurent-sur-la-colline-parlementaire\/greatlakes12-2\/'><img loading=\"lazy\" decoding=\"async\" width=\"250\" height=\"250\" src=\"https:\/\/glslcities.org\/wp-content\/uploads\/2016\/10\/greatlakes12-250x250.jpg\" class=\"attachment-gallery size-gallery\" alt=\"\" aria-describedby=\"gallery-1-6995\" \/><\/a>\n\t\t\t<\/dt>\n\t\t\t\t<dd class='wp-caption-text gallery-caption' id='gallery-1-6995'>\n\t\t\t\tLa d\u00e9l\u00e9gation de la Journ\u00e9e des Grands Lacs et du St-Laurent sur la Colline parlementaire avec Mme Pamela Goldsmith-Jones\n\t\t\t\t<\/dd><\/dl><dl class='gallery-item'>\n\t\t\t<dt class='gallery-icon landscape'>\n\t\t\t\t<a href='https:\/\/glslcities.org\/fr\/evenements\/journee-grands-lacs-saint-laurent-sur-la-colline-parlementaire\/greatlakes08-2\/'><img loading=\"lazy\" decoding=\"async\" width=\"250\" height=\"250\" src=\"https:\/\/glslcities.org\/wp-content\/uploads\/2016\/10\/greatlakes08-250x250.jpg\" class=\"attachment-gallery size-gallery\" alt=\"\" aria-describedby=\"gallery-1-6993\" \/><\/a>\n\t\t\t<\/dt>\n\t\t\t\t<dd class='wp-caption-text gallery-caption' id='gallery-1-6993'>\n\t\t\t\tLes d\u00e9l\u00e9gu\u00e9s dans la biblioth\u00e8que du Parlement\n\t\t\t\t<\/dd><\/dl><dl class='gallery-item'>\n\t\t\t<dt class='gallery-icon landscape'>\n\t\t\t\t<a href='https:\/\/glslcities.org\/fr\/evenements\/journee-grands-lacs-saint-laurent-sur-la-colline-parlementaire\/greatlakes04-2\/'><img loading=\"lazy\" decoding=\"async\" width=\"250\" height=\"250\" src=\"https:\/\/glslcities.org\/wp-content\/uploads\/2016\/10\/greatlakes04-250x250.jpg\" class=\"attachment-gallery size-gallery\" alt=\"\" aria-describedby=\"gallery-1-6991\" \/><\/a>\n\t\t\t<\/dt>\n\t\t\t\t<dd class='wp-caption-text gallery-caption' id='gallery-1-6991'>\n\t\t\t\tLes d\u00e9l\u00e9gu\u00e9s avec M. Marc Garneau, Ministre des Transports\n\t\t\t\t<\/dd><\/dl><br style=\"clear: both\" \/>\n\t\t<\/div>\n\n","protected":false},"excerpt":{"rendered":"<p>L\u2019Alliance des villes des Grands Lacs et du Saint-Laurent, le Council of the Great Lakes Region, la Commission des p\u00eacheries des Grands Lacs et un regroupement d\u2019organisations non-gouvernementales (ONG) incluant Freshwater Future, Strat\u00e9gies Saint-Laurent, Alliance for the Great Lakes, le Regroupement des organismes de bassins versants du Qu\u00e9bec, l\u2019Association canadienne du droit de l&rsquo;environnement et&#8230; <a class=\"read-more\" href=\"https:\/\/glslcities.org\/fr\/evenements\/journee-grands-lacs-saint-laurent-sur-la-colline-parlementaire\/2016-2\/\">Read More<span class=\"hidden\"> about \u00ab\u00a0Journ\u00e9e d&rsquo;Ottawa 2016\u00a0\u00bb<\/span><\/a><\/p>\n","protected":false},"author":2,"featured_media":0,"parent":6925,"menu_order":0,"comment_status":"closed","ping_status":"closed","template":"accordion.php","meta":{"_acf_changed":false,"footnotes":""},"class_list":["post-7964","page","type-page","status-publish","hentry"],"acf":[],"yoast_head":"<!-- This site is optimized with the Yoast SEO plugin v27.4 - https:\/\/yoast.com\/product\/yoast-seo-wordpress\/ -->\n<title>Journ\u00e9e d&#039;Ottawa 2016 - L\u2019Alliance des villes des Grands Lacs et du Saint-Laurent<\/title>\n<meta name=\"robots\" content=\"index, follow, max-snippet:-1, max-image-preview:large, max-video-preview:-1\" \/>\n<link rel=\"canonical\" href=\"https:\/\/glslcities.org\/fr\/evenements\/journee-grands-lacs-saint-laurent-sur-la-colline-parlementaire\/2016-2\/\" \/>\n<meta property=\"og:locale\" content=\"fr_FR\" \/>\n<meta property=\"og:type\" content=\"article\" \/>\n<meta property=\"og:title\" content=\"Journ\u00e9e d&#039;Ottawa 2016 - L\u2019Alliance des villes des Grands Lacs et du Saint-Laurent\" \/>\n<meta property=\"og:description\" content=\"L\u2019Alliance des villes des Grands Lacs et du Saint-Laurent, le Council of the Great Lakes Region, la Commission des p\u00eacheries des Grands Lacs et un regroupement d\u2019organisations non-gouvernementales (ONG) incluant Freshwater Future, Strat\u00e9gies Saint-Laurent, Alliance for the Great Lakes, le Regroupement des organismes de bassins versants du Qu\u00e9bec, l\u2019Association canadienne du droit de l&rsquo;environnement et... Read More about &quot;Journ\u00e9e d&rsquo;Ottawa 2016&quot;\" \/>\n<meta property=\"og:url\" content=\"https:\/\/glslcities.org\/fr\/evenements\/journee-grands-lacs-saint-laurent-sur-la-colline-parlementaire\/2016-2\/\" \/>\n<meta property=\"og:site_name\" content=\"L\u2019Alliance des villes des Grands Lacs et du Saint-Laurent\" \/>\n<meta property=\"article:modified_time\" content=\"2023-03-01T21:58:14+00:00\" \/>\n<meta property=\"og:image\" content=\"https:\/\/glslcities.org\/wp-content\/uploads\/2016\/10\/greatlakes01-250x250.jpg\" \/>\n<meta name=\"twitter:card\" content=\"summary_large_image\" \/>\n<meta name=\"twitter:label1\" content=\"Dur\u00e9e de lecture estim\u00e9e\" \/>\n\t<meta name=\"twitter:data1\" content=\"1 minute\" \/>\n<script type=\"application\/ld+json\" class=\"yoast-schema-graph\">{\"@context\":\"https:\\\/\\\/schema.org\",\"@graph\":[{\"@type\":\"WebPage\",\"@id\":\"https:\\\/\\\/glslcities.org\\\/fr\\\/evenements\\\/journee-grands-lacs-saint-laurent-sur-la-colline-parlementaire\\\/2016-2\\\/\",\"url\":\"https:\\\/\\\/glslcities.org\\\/fr\\\/evenements\\\/journee-grands-lacs-saint-laurent-sur-la-colline-parlementaire\\\/2016-2\\\/\",\"name\":\"Journ\u00e9e d'Ottawa 2016 - L\u2019Alliance des villes des Grands Lacs et du Saint-Laurent\",\"isPartOf\":{\"@id\":\"https:\\\/\\\/glslcities.org\\\/#website\"},\"datePublished\":\"2017-10-04T16:15:22+00:00\",\"dateModified\":\"2023-03-01T21:58:14+00:00\",\"breadcrumb\":{\"@id\":\"https:\\\/\\\/glslcities.org\\\/fr\\\/evenements\\\/journee-grands-lacs-saint-laurent-sur-la-colline-parlementaire\\\/2016-2\\\/#breadcrumb\"},\"inLanguage\":\"fr-FR\",\"potentialAction\":[{\"@type\":\"ReadAction\",\"target\":[\"https:\\\/\\\/glslcities.org\\\/fr\\\/evenements\\\/journee-grands-lacs-saint-laurent-sur-la-colline-parlementaire\\\/2016-2\\\/\"]}]},{\"@type\":\"BreadcrumbList\",\"@id\":\"https:\\\/\\\/glslcities.org\\\/fr\\\/evenements\\\/journee-grands-lacs-saint-laurent-sur-la-colline-parlementaire\\\/2016-2\\\/#breadcrumb\",\"itemListElement\":[{\"@type\":\"ListItem\",\"position\":1,\"name\":\"Home\",\"item\":\"https:\\\/\\\/glslcities.org\\\/fr\\\/\"},{\"@type\":\"ListItem\",\"position\":2,\"name\":\"\u00c9v\u00e9nements \u00e0 venir\",\"item\":\"https:\\\/\\\/glslcities.org\\\/fr\\\/evenements\\\/\"},{\"@type\":\"ListItem\",\"position\":3,\"name\":\"Journ\u00e9e Grands-Lacs Saint-Laurent sur la colline parlementaire\",\"item\":\"https:\\\/\\\/glslcities.org\\\/fr\\\/evenements\\\/journee-grands-lacs-saint-laurent-sur-la-colline-parlementaire\\\/\"},{\"@type\":\"ListItem\",\"position\":4,\"name\":\"Journ\u00e9e d&#8217;Ottawa 2016\"}]},{\"@type\":\"WebSite\",\"@id\":\"https:\\\/\\\/glslcities.org\\\/#website\",\"url\":\"https:\\\/\\\/glslcities.org\\\/\",\"name\":\"L\u2019Alliance des villes des Grands Lacs et du Saint-Laurent\",\"description\":\"Des maires unis pour prot\u00e9ger et restaurer les Grands Lacs et le Saint-Laurent\",\"potentialAction\":[{\"@type\":\"SearchAction\",\"target\":{\"@type\":\"EntryPoint\",\"urlTemplate\":\"https:\\\/\\\/glslcities.org\\\/?s={search_term_string}\"},\"query-input\":{\"@type\":\"PropertyValueSpecification\",\"valueRequired\":true,\"valueName\":\"search_term_string\"}}],\"inLanguage\":\"fr-FR\"}]}<\/script>\n<!-- \/ Yoast SEO plugin. -->","yoast_head_json":{"title":"Journ\u00e9e d'Ottawa 2016 - L\u2019Alliance des villes des Grands Lacs et du Saint-Laurent","robots":{"index":"index","follow":"follow","max-snippet":"max-snippet:-1","max-image-preview":"max-image-preview:large","max-video-preview":"max-video-preview:-1"},"canonical":"https:\/\/glslcities.org\/fr\/evenements\/journee-grands-lacs-saint-laurent-sur-la-colline-parlementaire\/2016-2\/","og_locale":"fr_FR","og_type":"article","og_title":"Journ\u00e9e d'Ottawa 2016 - L\u2019Alliance des villes des Grands Lacs et du Saint-Laurent","og_description":"L\u2019Alliance des villes des Grands Lacs et du Saint-Laurent, le Council of the Great Lakes Region, la Commission des p\u00eacheries des Grands Lacs et un regroupement d\u2019organisations non-gouvernementales (ONG) incluant Freshwater Future, Strat\u00e9gies Saint-Laurent, Alliance for the Great Lakes, le Regroupement des organismes de bassins versants du Qu\u00e9bec, l\u2019Association canadienne du droit de l&rsquo;environnement et... Read More about \"Journ\u00e9e d&rsquo;Ottawa 2016\"","og_url":"https:\/\/glslcities.org\/fr\/evenements\/journee-grands-lacs-saint-laurent-sur-la-colline-parlementaire\/2016-2\/","og_site_name":"L\u2019Alliance des villes des Grands Lacs et du Saint-Laurent","article_modified_time":"2023-03-01T21:58:14+00:00","og_image":[{"url":"https:\/\/glslcities.org\/wp-content\/uploads\/2016\/10\/greatlakes01-250x250.jpg","type":"","width":"","height":""}],"twitter_card":"summary_large_image","twitter_misc":{"Dur\u00e9e de lecture estim\u00e9e":"1 minute"},"schema":{"@context":"https:\/\/schema.org","@graph":[{"@type":"WebPage","@id":"https:\/\/glslcities.org\/fr\/evenements\/journee-grands-lacs-saint-laurent-sur-la-colline-parlementaire\/2016-2\/","url":"https:\/\/glslcities.org\/fr\/evenements\/journee-grands-lacs-saint-laurent-sur-la-colline-parlementaire\/2016-2\/","name":"Journ\u00e9e d'Ottawa 2016 - L\u2019Alliance des villes des Grands Lacs et du Saint-Laurent","isPartOf":{"@id":"https:\/\/glslcities.org\/#website"},"datePublished":"2017-10-04T16:15:22+00:00","dateModified":"2023-03-01T21:58:14+00:00","breadcrumb":{"@id":"https:\/\/glslcities.org\/fr\/evenements\/journee-grands-lacs-saint-laurent-sur-la-colline-parlementaire\/2016-2\/#breadcrumb"},"inLanguage":"fr-FR","potentialAction":[{"@type":"ReadAction","target":["https:\/\/glslcities.org\/fr\/evenements\/journee-grands-lacs-saint-laurent-sur-la-colline-parlementaire\/2016-2\/"]}]},{"@type":"BreadcrumbList","@id":"https:\/\/glslcities.org\/fr\/evenements\/journee-grands-lacs-saint-laurent-sur-la-colline-parlementaire\/2016-2\/#breadcrumb","itemListElement":[{"@type":"ListItem","position":1,"name":"Home","item":"https:\/\/glslcities.org\/fr\/"},{"@type":"ListItem","position":2,"name":"\u00c9v\u00e9nements \u00e0 venir","item":"https:\/\/glslcities.org\/fr\/evenements\/"},{"@type":"ListItem","position":3,"name":"Journ\u00e9e Grands-Lacs Saint-Laurent sur la colline parlementaire","item":"https:\/\/glslcities.org\/fr\/evenements\/journee-grands-lacs-saint-laurent-sur-la-colline-parlementaire\/"},{"@type":"ListItem","position":4,"name":"Journ\u00e9e d&#8217;Ottawa 2016"}]},{"@type":"WebSite","@id":"https:\/\/glslcities.org\/#website","url":"https:\/\/glslcities.org\/","name":"L\u2019Alliance des villes des Grands Lacs et du Saint-Laurent","description":"Des maires unis pour prot\u00e9ger et restaurer les Grands Lacs et le Saint-Laurent","potentialAction":[{"@type":"SearchAction","target":{"@type":"EntryPoint","urlTemplate":"https:\/\/glslcities.org\/?s={search_term_string}"},"query-input":{"@type":"PropertyValueSpecification","valueRequired":true,"valueName":"search_term_string"}}],"inLanguage":"fr-FR"}]}},"_links":{"self":[{"href":"https:\/\/glslcities.org\/fr\/wp-json\/wp\/v2\/pages\/7964","targetHints":{"allow":["GET"]}}],"collection":[{"href":"https:\/\/glslcities.org\/fr\/wp-json\/wp\/v2\/pages"}],"about":[{"href":"https:\/\/glslcities.org\/fr\/wp-json\/wp\/v2\/types\/page"}],"author":[{"embeddable":true,"href":"https:\/\/glslcities.org\/fr\/wp-json\/wp\/v2\/users\/2"}],"replies":[{"embeddable":true,"href":"https:\/\/glslcities.org\/fr\/wp-json\/wp\/v2\/comments?post=7964"}],"version-history":[{"count":3,"href":"https:\/\/glslcities.org\/fr\/wp-json\/wp\/v2\/pages\/7964\/revisions"}],"predecessor-version":[{"id":14926,"href":"https:\/\/glslcities.org\/fr\/wp-json\/wp\/v2\/pages\/7964\/revisions\/14926"}],"up":[{"embeddable":true,"href":"https:\/\/glslcities.org\/fr\/wp-json\/wp\/v2\/pages\/6925"}],"wp:attachment":[{"href":"https:\/\/glslcities.org\/fr\/wp-json\/wp\/v2\/media?parent=7964"}],"curies":[{"name":"wp","href":"https:\/\/api.w.org\/{rel}","templated":true}]}}