{"id":7969,"date":"2017-10-04T12:53:59","date_gmt":"2017-10-04T16:53:59","guid":{"rendered":"https:\/\/glslcities.org\/?page_id=7969\/"},"modified":"2023-03-01T16:58:19","modified_gmt":"2023-03-01T21:58:19","slug":"2017-2","status":"publish","type":"page","link":"https:\/\/glslcities.org\/fr\/evenements\/journee-grands-lacs-saint-laurent-sur-la-colline-parlementaire\/2017-2\/","title":{"rendered":"Journ\u00e9e d&rsquo;Ottawa 2017"},"content":{"rendered":"<p>Partant du succ\u00e8s de la Journ\u00e9e Grands Lacs-Saint-Laurent sur la colline parlementaire, l\u2019Alliance des villes des Grands Lacs et du Saint-Laurent, avec le Council of the Great Lakes Region, Freshwater Future, Strat\u00e9gies Saint Laurent et la Great Lakes Fishery Commission, organisent denouveau une Journ\u00e9e Grands Lacs-Saint-Laurent sur la colline parlementaire les 21 et 22 novembre 2017. L\u2019\u00e9v\u00e9nement rassemblera des maires, des ONG et des associations du milieu des affaires de la r\u00e9gion des Grands Lacs et du Saint-Laurent pour discuter et promouvoir les int\u00e9r\u00eats communs de la r\u00e9gion.<\/p>\n<p>Durant l\u2019\u00e9v\u00e9nement, la d\u00e9l\u00e9gation pr\u00e9sentera son document de travail et la vision collaborative \u00e0 la ministre de l\u2019Environnement et des Changements Climatiques, l\u2019honorable Catherine McKenna, ainsi qu\u2019aux d\u00e9put\u00e9s, ministres et s\u00e9nateurs pour obtenir leur soutien. Vous pouvez consulter une version pr\u00e9liminaire du document de travail en <a href=\"https:\/\/glslcities.org\/fr\/initiatives\/collaboratif\/document-de-travail\/\">cliquant ici<\/a>\u00a0(version fran\u00e7aise \u00e0 venir).<\/p>\n<p>Nous vous invitons \u00e0 rejoindre l\u2019Alliance des villes et ses partenaires lors de la r\u00e9ception de la Journ\u00e9e Grands Lacs-Saint-Laurent sur la colline parlementaire, jeudi le 21 novembre de 17h \u00e0 19h au b\u00e2timent John A.MacDonald. Pour plus d\u2019informations, consulter l\u2019invitation;\u00a0<a href=\"https:\/\/glslcities.org\/wp-content\/uploads\/2017\/10\/PHD-Reception-Invite-FR.pdf\">Invitation R\u00e9ception<\/a>.<\/p>\n<p>Vous trouverez le programme pr\u00e9liminaire des journ\u00e9es sur la colline parlementaire \u00e0 Ottawa, plus bas\u00a0:<\/p>\n<table>\n<tbody>\n<tr>\n<td colspan=\"2\"><strong>Mardi 21 novembre 2017<\/strong><\/td>\n<\/tr>\n<tr>\n<td>7h30-9h00<\/td>\n<td>D\u00e9jeuner &#8211; rencontre \u00e0 l&rsquo;hotel pour les d\u00e9l\u00e9gu\u00e9s<\/td>\n<\/tr>\n<tr>\n<td>9h30<\/td>\n<td>Rencontre<\/td>\n<\/tr>\n<tr>\n<td>10h00<\/td>\n<td>Rencontre<\/td>\n<\/tr>\n<tr>\n<td>10h30<\/td>\n<td>Rencontre<\/td>\n<\/tr>\n<tr>\n<td>11h00<\/td>\n<td>Rencontre<\/td>\n<\/tr>\n<tr>\n<td>11h30<\/td>\n<td>Pause<\/td>\n<\/tr>\n<tr>\n<td>12h00<\/td>\n<td>Rencontre<\/td>\n<\/tr>\n<tr>\n<td>13h00<\/td>\n<td>Rencontre<\/td>\n<\/tr>\n<tr>\n<td>14h00<\/td>\n<td>Rencontre<\/td>\n<\/tr>\n<tr>\n<td>15h00<\/td>\n<td>Rencontre<\/td>\n<\/tr>\n<tr>\n<td>16h30-17h30<\/td>\n<td><strong>Pr\u00e9sentation de la proposition du Collaboratif<\/strong><\/td>\n<\/tr>\n<tr>\n<td>17h30-19h30<\/td>\n<td><strong>R\u00e9ception des Grands Lacs et du Saint-Laurent<\/strong><\/td>\n<\/tr>\n<tr>\n<td colspan=\"2\"><strong>Mercredi 22 novembre 2017<\/strong><\/td>\n<\/tr>\n<tr>\n<td>7h30<\/td>\n<td>Caucus sous-r\u00e9gionaux<\/td>\n<\/tr>\n<tr>\n<td>9h30<\/td>\n<td>Caucus r\u00e9gionaux<\/td>\n<\/tr>\n<tr>\n<td>10h30<\/td>\n<td>Conf\u00e9rence de presse<\/td>\n<\/tr>\n<tr>\n<td>12h30<\/td>\n<td>Rencontre<\/td>\n<\/tr>\n<tr>\n<td>13h30<\/td>\n<td>Rencontre<\/td>\n<\/tr>\n<tr>\n<td>15h15<\/td>\n<td>Rencontre<\/td>\n<\/tr>\n<tr>\n<td>16h15<\/td>\n<td>Rencontre<\/td>\n<\/tr>\n<\/tbody>\n<\/table>\n<p>&nbsp;<\/p>\n","protected":false},"excerpt":{"rendered":"<p>Partant du succ\u00e8s de la Journ\u00e9e Grands Lacs-Saint-Laurent sur la colline parlementaire, l\u2019Alliance des villes des Grands Lacs et du Saint-Laurent, avec le Council of the Great Lakes Region, Freshwater Future, Strat\u00e9gies Saint Laurent et la Great Lakes Fishery Commission, organisent denouveau une Journ\u00e9e Grands Lacs-Saint-Laurent sur la colline parlementaire les 21 et 22 novembre&#8230; <a class=\"read-more\" href=\"https:\/\/glslcities.org\/fr\/evenements\/journee-grands-lacs-saint-laurent-sur-la-colline-parlementaire\/2017-2\/\">Read More<span class=\"hidden\"> about \u00ab\u00a0Journ\u00e9e d&rsquo;Ottawa 2017\u00a0\u00bb<\/span><\/a><\/p>\n","protected":false},"author":2,"featured_media":0,"parent":6925,"menu_order":0,"comment_status":"closed","ping_status":"closed","template":"accordion.php","meta":{"_acf_changed":false,"footnotes":""},"class_list":["post-7969","page","type-page","status-publish","hentry"],"acf":[],"yoast_head":"<!-- This site is optimized with the Yoast SEO plugin v27.4 - https:\/\/yoast.com\/product\/yoast-seo-wordpress\/ -->\n<title>Journ\u00e9e d&#039;Ottawa 2017 - L\u2019Alliance des villes des Grands Lacs et du Saint-Laurent<\/title>\n<meta name=\"robots\" content=\"index, follow, max-snippet:-1, max-image-preview:large, max-video-preview:-1\" \/>\n<link rel=\"canonical\" href=\"https:\/\/glslcities.org\/fr\/evenements\/journee-grands-lacs-saint-laurent-sur-la-colline-parlementaire\/2017-2\/\" \/>\n<meta property=\"og:locale\" content=\"fr_FR\" \/>\n<meta property=\"og:type\" content=\"article\" \/>\n<meta property=\"og:title\" content=\"Journ\u00e9e d&#039;Ottawa 2017 - L\u2019Alliance des villes des Grands Lacs et du Saint-Laurent\" \/>\n<meta property=\"og:description\" content=\"Partant du succ\u00e8s de la Journ\u00e9e Grands Lacs-Saint-Laurent sur la colline parlementaire, l\u2019Alliance des villes des Grands Lacs et du Saint-Laurent, avec le Council of the Great Lakes Region, Freshwater Future, Strat\u00e9gies Saint Laurent et la Great Lakes Fishery Commission, organisent denouveau une Journ\u00e9e Grands Lacs-Saint-Laurent sur la colline parlementaire les 21 et 22 novembre... Read More about &quot;Journ\u00e9e d&rsquo;Ottawa 2017&quot;\" \/>\n<meta property=\"og:url\" content=\"https:\/\/glslcities.org\/fr\/evenements\/journee-grands-lacs-saint-laurent-sur-la-colline-parlementaire\/2017-2\/\" \/>\n<meta property=\"og:site_name\" content=\"L\u2019Alliance des villes des Grands Lacs et du Saint-Laurent\" \/>\n<meta property=\"article:modified_time\" content=\"2023-03-01T21:58:19+00:00\" \/>\n<meta property=\"og:image\" content=\"https:\/\/glslcities.org\/wp-content\/uploads\/2020\/01\/great-lakes-social.png\" \/>\n\t<meta property=\"og:image:width\" content=\"1200\" \/>\n\t<meta property=\"og:image:height\" content=\"630\" \/>\n\t<meta property=\"og:image:type\" content=\"image\/png\" \/>\n<meta name=\"twitter:card\" content=\"summary_large_image\" \/>\n<meta name=\"twitter:label1\" content=\"Dur\u00e9e de lecture estim\u00e9e\" \/>\n\t<meta name=\"twitter:data1\" content=\"2 minutes\" \/>\n<script type=\"application\/ld+json\" class=\"yoast-schema-graph\">{\"@context\":\"https:\\\/\\\/schema.org\",\"@graph\":[{\"@type\":\"WebPage\",\"@id\":\"https:\\\/\\\/glslcities.org\\\/fr\\\/evenements\\\/journee-grands-lacs-saint-laurent-sur-la-colline-parlementaire\\\/2017-2\\\/\",\"url\":\"https:\\\/\\\/glslcities.org\\\/fr\\\/evenements\\\/journee-grands-lacs-saint-laurent-sur-la-colline-parlementaire\\\/2017-2\\\/\",\"name\":\"Journ\u00e9e d'Ottawa 2017 - L\u2019Alliance des villes des Grands Lacs et du Saint-Laurent\",\"isPartOf\":{\"@id\":\"https:\\\/\\\/glslcities.org\\\/#website\"},\"datePublished\":\"2017-10-04T16:53:59+00:00\",\"dateModified\":\"2023-03-01T21:58:19+00:00\",\"breadcrumb\":{\"@id\":\"https:\\\/\\\/glslcities.org\\\/fr\\\/evenements\\\/journee-grands-lacs-saint-laurent-sur-la-colline-parlementaire\\\/2017-2\\\/#breadcrumb\"},\"inLanguage\":\"fr-FR\",\"potentialAction\":[{\"@type\":\"ReadAction\",\"target\":[\"https:\\\/\\\/glslcities.org\\\/fr\\\/evenements\\\/journee-grands-lacs-saint-laurent-sur-la-colline-parlementaire\\\/2017-2\\\/\"]}]},{\"@type\":\"BreadcrumbList\",\"@id\":\"https:\\\/\\\/glslcities.org\\\/fr\\\/evenements\\\/journee-grands-lacs-saint-laurent-sur-la-colline-parlementaire\\\/2017-2\\\/#breadcrumb\",\"itemListElement\":[{\"@type\":\"ListItem\",\"position\":1,\"name\":\"Home\",\"item\":\"https:\\\/\\\/glslcities.org\\\/fr\\\/\"},{\"@type\":\"ListItem\",\"position\":2,\"name\":\"\u00c9v\u00e9nements \u00e0 venir\",\"item\":\"https:\\\/\\\/glslcities.org\\\/fr\\\/evenements\\\/\"},{\"@type\":\"ListItem\",\"position\":3,\"name\":\"Journ\u00e9e Grands-Lacs Saint-Laurent sur la colline parlementaire\",\"item\":\"https:\\\/\\\/glslcities.org\\\/fr\\\/evenements\\\/journee-grands-lacs-saint-laurent-sur-la-colline-parlementaire\\\/\"},{\"@type\":\"ListItem\",\"position\":4,\"name\":\"Journ\u00e9e d&#8217;Ottawa 2017\"}]},{\"@type\":\"WebSite\",\"@id\":\"https:\\\/\\\/glslcities.org\\\/#website\",\"url\":\"https:\\\/\\\/glslcities.org\\\/\",\"name\":\"L\u2019Alliance des villes des Grands Lacs et du Saint-Laurent\",\"description\":\"Des maires unis pour prot\u00e9ger et restaurer les Grands Lacs et le Saint-Laurent\",\"potentialAction\":[{\"@type\":\"SearchAction\",\"target\":{\"@type\":\"EntryPoint\",\"urlTemplate\":\"https:\\\/\\\/glslcities.org\\\/?s={search_term_string}\"},\"query-input\":{\"@type\":\"PropertyValueSpecification\",\"valueRequired\":true,\"valueName\":\"search_term_string\"}}],\"inLanguage\":\"fr-FR\"}]}<\/script>\n<!-- \/ Yoast SEO plugin. -->","yoast_head_json":{"title":"Journ\u00e9e d'Ottawa 2017 - L\u2019Alliance des villes des Grands Lacs et du Saint-Laurent","robots":{"index":"index","follow":"follow","max-snippet":"max-snippet:-1","max-image-preview":"max-image-preview:large","max-video-preview":"max-video-preview:-1"},"canonical":"https:\/\/glslcities.org\/fr\/evenements\/journee-grands-lacs-saint-laurent-sur-la-colline-parlementaire\/2017-2\/","og_locale":"fr_FR","og_type":"article","og_title":"Journ\u00e9e d'Ottawa 2017 - L\u2019Alliance des villes des Grands Lacs et du Saint-Laurent","og_description":"Partant du succ\u00e8s de la Journ\u00e9e Grands Lacs-Saint-Laurent sur la colline parlementaire, l\u2019Alliance des villes des Grands Lacs et du Saint-Laurent, avec le Council of the Great Lakes Region, Freshwater Future, Strat\u00e9gies Saint Laurent et la Great Lakes Fishery Commission, organisent denouveau une Journ\u00e9e Grands Lacs-Saint-Laurent sur la colline parlementaire les 21 et 22 novembre... Read More about \"Journ\u00e9e d&rsquo;Ottawa 2017\"","og_url":"https:\/\/glslcities.org\/fr\/evenements\/journee-grands-lacs-saint-laurent-sur-la-colline-parlementaire\/2017-2\/","og_site_name":"L\u2019Alliance des villes des Grands Lacs et du Saint-Laurent","article_modified_time":"2023-03-01T21:58:19+00:00","og_image":[{"width":1200,"height":630,"url":"https:\/\/glslcities.org\/wp-content\/uploads\/2020\/01\/great-lakes-social.png","type":"image\/png"}],"twitter_card":"summary_large_image","twitter_misc":{"Dur\u00e9e de lecture estim\u00e9e":"2 minutes"},"schema":{"@context":"https:\/\/schema.org","@graph":[{"@type":"WebPage","@id":"https:\/\/glslcities.org\/fr\/evenements\/journee-grands-lacs-saint-laurent-sur-la-colline-parlementaire\/2017-2\/","url":"https:\/\/glslcities.org\/fr\/evenements\/journee-grands-lacs-saint-laurent-sur-la-colline-parlementaire\/2017-2\/","name":"Journ\u00e9e d'Ottawa 2017 - L\u2019Alliance des villes des Grands Lacs et du Saint-Laurent","isPartOf":{"@id":"https:\/\/glslcities.org\/#website"},"datePublished":"2017-10-04T16:53:59+00:00","dateModified":"2023-03-01T21:58:19+00:00","breadcrumb":{"@id":"https:\/\/glslcities.org\/fr\/evenements\/journee-grands-lacs-saint-laurent-sur-la-colline-parlementaire\/2017-2\/#breadcrumb"},"inLanguage":"fr-FR","potentialAction":[{"@type":"ReadAction","target":["https:\/\/glslcities.org\/fr\/evenements\/journee-grands-lacs-saint-laurent-sur-la-colline-parlementaire\/2017-2\/"]}]},{"@type":"BreadcrumbList","@id":"https:\/\/glslcities.org\/fr\/evenements\/journee-grands-lacs-saint-laurent-sur-la-colline-parlementaire\/2017-2\/#breadcrumb","itemListElement":[{"@type":"ListItem","position":1,"name":"Home","item":"https:\/\/glslcities.org\/fr\/"},{"@type":"ListItem","position":2,"name":"\u00c9v\u00e9nements \u00e0 venir","item":"https:\/\/glslcities.org\/fr\/evenements\/"},{"@type":"ListItem","position":3,"name":"Journ\u00e9e Grands-Lacs Saint-Laurent sur la colline parlementaire","item":"https:\/\/glslcities.org\/fr\/evenements\/journee-grands-lacs-saint-laurent-sur-la-colline-parlementaire\/"},{"@type":"ListItem","position":4,"name":"Journ\u00e9e d&#8217;Ottawa 2017"}]},{"@type":"WebSite","@id":"https:\/\/glslcities.org\/#website","url":"https:\/\/glslcities.org\/","name":"L\u2019Alliance des villes des Grands Lacs et du Saint-Laurent","description":"Des maires unis pour prot\u00e9ger et restaurer les Grands Lacs et le Saint-Laurent","potentialAction":[{"@type":"SearchAction","target":{"@type":"EntryPoint","urlTemplate":"https:\/\/glslcities.org\/?s={search_term_string}"},"query-input":{"@type":"PropertyValueSpecification","valueRequired":true,"valueName":"search_term_string"}}],"inLanguage":"fr-FR"}]}},"_links":{"self":[{"href":"https:\/\/glslcities.org\/fr\/wp-json\/wp\/v2\/pages\/7969","targetHints":{"allow":["GET"]}}],"collection":[{"href":"https:\/\/glslcities.org\/fr\/wp-json\/wp\/v2\/pages"}],"about":[{"href":"https:\/\/glslcities.org\/fr\/wp-json\/wp\/v2\/types\/page"}],"author":[{"embeddable":true,"href":"https:\/\/glslcities.org\/fr\/wp-json\/wp\/v2\/users\/2"}],"replies":[{"embeddable":true,"href":"https:\/\/glslcities.org\/fr\/wp-json\/wp\/v2\/comments?post=7969"}],"version-history":[{"count":6,"href":"https:\/\/glslcities.org\/fr\/wp-json\/wp\/v2\/pages\/7969\/revisions"}],"predecessor-version":[{"id":14927,"href":"https:\/\/glslcities.org\/fr\/wp-json\/wp\/v2\/pages\/7969\/revisions\/14927"}],"up":[{"embeddable":true,"href":"https:\/\/glslcities.org\/fr\/wp-json\/wp\/v2\/pages\/6925"}],"wp:attachment":[{"href":"https:\/\/glslcities.org\/fr\/wp-json\/wp\/v2\/media?parent=7969"}],"curies":[{"name":"wp","href":"https:\/\/api.w.org\/{rel}","templated":true}]}}