{"id":8899,"date":"2019-03-07T14:28:39","date_gmt":"2019-03-07T19:28:39","guid":{"rendered":"https:\/\/glslcities.org\/?page_id=8899"},"modified":"2026-03-06T11:24:46","modified_gmt":"2026-03-06T16:24:46","slug":"sheboygan-wi-2019-2","status":"publish","type":"page","link":"https:\/\/glslcities.org\/fr\/evenements\/assemblee-annuelle\/sheboygan-wi-2019-2\/","title":{"rendered":"Assembl\u00e9e annuelle 2019 \u00e0 Sheboygan (WI)"},"content":{"rendered":"<h2><img loading=\"lazy\" decoding=\"async\" class=\"aligncenter wp-image-8902\" src=\"https:\/\/glslcities.org\/wp-content\/uploads\/2019\/03\/Final_fr-1.png\" alt=\"\" width=\"251\" height=\"251\" srcset=\"https:\/\/glslcities.org\/wp-content\/uploads\/2019\/03\/Final_fr-1.png 600w, https:\/\/glslcities.org\/wp-content\/uploads\/2019\/03\/Final_fr-1-200x200.png 200w, https:\/\/glslcities.org\/wp-content\/uploads\/2019\/03\/Final_fr-1-400x400.png 400w, https:\/\/glslcities.org\/wp-content\/uploads\/2019\/03\/Final_fr-1-484x484.png 484w, https:\/\/glslcities.org\/wp-content\/uploads\/2019\/03\/Final_fr-1-250x250.png 250w\" sizes=\"auto, (max-width: 251px) 100vw, 251px\" \/><\/h2>\n<p style=\"text-align: center;\"><strong>Joignez-vous \u00e0 nous dans la ville de Sheboygan, l&rsquo;Esprit sur le lac, pour le congr\u00e8s annuel 2019.<\/strong><\/p>\n<p style=\"text-align: center;\">Chaque ann\u00e9e, lors de notre congr\u00e8s annuel, nous discutons des enjeux et des obstacles \u00e0 la sant\u00e9 et la conservation des Grands Lacs et du Saint-Laurent ainsi que leurs communaut\u00e9s. Notre mission est non seulement d&rsquo;\u00e9duquer et de prot\u00e9ger nos maires membres contre les menaces qui d\u00e9coulent de la pollution de l&rsquo;eau et des \u00e9v\u00e9nements m\u00e9t\u00e9orologiques d\u00e9sastreux mais aussi de d\u00e9fendre la plus grande source d&rsquo;eau douce au monde contre les esp\u00e8ces envahissantes, la pollution et la diminution des ressources.\u00a0 Le th\u00e8me de notre conf\u00e9rence cette ann\u00e9e est Vivre en bleu : transformons nos rives. Les trois piliers du congr\u00e8s sont l&rsquo;engagement social et communautaire, la croissance \u00e9conomique et la force durable des collectivit\u00e9s riveraines.<\/p>\n<p><img loading=\"lazy\" decoding=\"async\" class=\"wp-image-8782 alignleft\" src=\"https:\/\/glslcities.org\/wp-content\/uploads\/2019\/01\/GLSLCI_Logo-High-Rez.jpg\" alt=\"\" width=\"258\" height=\"164\" srcset=\"https:\/\/glslcities.org\/wp-content\/uploads\/2019\/01\/GLSLCI_Logo-High-Rez.jpg 1032w, https:\/\/glslcities.org\/wp-content\/uploads\/2019\/01\/GLSLCI_Logo-High-Rez-200x127.jpg 200w, https:\/\/glslcities.org\/wp-content\/uploads\/2019\/01\/GLSLCI_Logo-High-Rez-400x254.jpg 400w, https:\/\/glslcities.org\/wp-content\/uploads\/2019\/01\/GLSLCI_Logo-High-Rez-768x488.jpg 768w, https:\/\/glslcities.org\/wp-content\/uploads\/2019\/01\/GLSLCI_Logo-High-Rez-1024x651.jpg 1024w, https:\/\/glslcities.org\/wp-content\/uploads\/2019\/01\/GLSLCI_Logo-High-Rez-761x484.jpg 761w\" sizes=\"auto, (max-width: 258px) 100vw, 258px\" \/> <img loading=\"lazy\" decoding=\"async\" class=\"wp-image-8781 alignright\" src=\"https:\/\/glslcities.org\/wp-content\/uploads\/2019\/01\/cityofsheboyganlogo.png\" alt=\"\" width=\"225\" height=\"186\" srcset=\"https:\/\/glslcities.org\/wp-content\/uploads\/2019\/01\/cityofsheboyganlogo.png 400w, https:\/\/glslcities.org\/wp-content\/uploads\/2019\/01\/cityofsheboyganlogo-200x166.png 200w\" sizes=\"auto, (max-width: 225px) 100vw, 225px\" \/><\/p>\n","protected":false},"excerpt":{"rendered":"<p>Joignez-vous \u00e0 nous dans la ville de Sheboygan, l&rsquo;Esprit sur le lac, pour le congr\u00e8s annuel 2019. Chaque ann\u00e9e, lors de notre congr\u00e8s annuel, nous discutons des enjeux et des obstacles \u00e0 la sant\u00e9 et la conservation des Grands Lacs et du Saint-Laurent ainsi que leurs communaut\u00e9s. Notre mission est non seulement d&rsquo;\u00e9duquer et de&#8230; <a class=\"read-more\" href=\"https:\/\/glslcities.org\/fr\/evenements\/assemblee-annuelle\/sheboygan-wi-2019-2\/\">Read More<span class=\"hidden\"> about \u00ab\u00a0Assembl\u00e9e annuelle 2019 \u00e0 Sheboygan (WI)\u00a0\u00bb<\/span><\/a><\/p>\n","protected":false},"author":2,"featured_media":0,"parent":1337,"menu_order":1,"comment_status":"closed","ping_status":"closed","template":"accordion.php","meta":{"_acf_changed":false,"footnotes":""},"class_list":["post-8899","page","type-page","status-publish","hentry"],"acf":[],"yoast_head":"<!-- This site is optimized with the Yoast SEO plugin v27.4 - https:\/\/yoast.com\/product\/yoast-seo-wordpress\/ -->\n<title>Assembl\u00e9e annuelle 2019 \u00e0 Sheboygan (WI) - L\u2019Alliance des villes des Grands Lacs et du Saint-Laurent<\/title>\n<meta name=\"robots\" content=\"index, follow, max-snippet:-1, max-image-preview:large, max-video-preview:-1\" \/>\n<link rel=\"canonical\" href=\"https:\/\/glslcities.org\/fr\/evenements\/assemblee-annuelle\/sheboygan-wi-2019-2\/\" \/>\n<meta property=\"og:locale\" content=\"fr_FR\" \/>\n<meta property=\"og:type\" content=\"article\" \/>\n<meta property=\"og:title\" content=\"Assembl\u00e9e annuelle 2019 \u00e0 Sheboygan (WI) - L\u2019Alliance des villes des Grands Lacs et du Saint-Laurent\" \/>\n<meta property=\"og:description\" content=\"Joignez-vous \u00e0 nous dans la ville de Sheboygan, l&rsquo;Esprit sur le lac, pour le congr\u00e8s annuel 2019. Chaque ann\u00e9e, lors de notre congr\u00e8s annuel, nous discutons des enjeux et des obstacles \u00e0 la sant\u00e9 et la conservation des Grands Lacs et du Saint-Laurent ainsi que leurs communaut\u00e9s. Notre mission est non seulement d&rsquo;\u00e9duquer et de... Read More about &quot;Assembl\u00e9e annuelle 2019 \u00e0 Sheboygan (WI)&quot;\" \/>\n<meta property=\"og:url\" content=\"https:\/\/glslcities.org\/fr\/evenements\/assemblee-annuelle\/sheboygan-wi-2019-2\/\" \/>\n<meta property=\"og:site_name\" content=\"L\u2019Alliance des villes des Grands Lacs et du Saint-Laurent\" \/>\n<meta property=\"article:modified_time\" content=\"2026-03-06T16:24:46+00:00\" \/>\n<meta property=\"og:image\" content=\"https:\/\/glslcities.org\/wp-content\/uploads\/2019\/03\/Final_fr-1.png\" \/>\n\t<meta property=\"og:image:width\" content=\"600\" \/>\n\t<meta property=\"og:image:height\" content=\"600\" \/>\n\t<meta property=\"og:image:type\" content=\"image\/png\" \/>\n<meta name=\"twitter:card\" content=\"summary_large_image\" \/>\n<meta name=\"twitter:label1\" content=\"Dur\u00e9e de lecture estim\u00e9e\" \/>\n\t<meta name=\"twitter:data1\" content=\"2 minutes\" \/>\n<script type=\"application\/ld+json\" class=\"yoast-schema-graph\">{\"@context\":\"https:\\\/\\\/schema.org\",\"@graph\":[{\"@type\":\"WebPage\",\"@id\":\"https:\\\/\\\/glslcities.org\\\/fr\\\/evenements\\\/assemblee-annuelle\\\/sheboygan-wi-2019-2\\\/\",\"url\":\"https:\\\/\\\/glslcities.org\\\/fr\\\/evenements\\\/assemblee-annuelle\\\/sheboygan-wi-2019-2\\\/\",\"name\":\"Assembl\u00e9e annuelle 2019 \u00e0 Sheboygan (WI) - L\u2019Alliance des villes des Grands Lacs et du Saint-Laurent\",\"isPartOf\":{\"@id\":\"https:\\\/\\\/glslcities.org\\\/#website\"},\"primaryImageOfPage\":{\"@id\":\"https:\\\/\\\/glslcities.org\\\/fr\\\/evenements\\\/assemblee-annuelle\\\/sheboygan-wi-2019-2\\\/#primaryimage\"},\"image\":{\"@id\":\"https:\\\/\\\/glslcities.org\\\/fr\\\/evenements\\\/assemblee-annuelle\\\/sheboygan-wi-2019-2\\\/#primaryimage\"},\"thumbnailUrl\":\"https:\\\/\\\/glslcities.org\\\/wp-content\\\/uploads\\\/2019\\\/03\\\/Final_fr-1.png\",\"datePublished\":\"2019-03-07T19:28:39+00:00\",\"dateModified\":\"2026-03-06T16:24:46+00:00\",\"breadcrumb\":{\"@id\":\"https:\\\/\\\/glslcities.org\\\/fr\\\/evenements\\\/assemblee-annuelle\\\/sheboygan-wi-2019-2\\\/#breadcrumb\"},\"inLanguage\":\"fr-FR\",\"potentialAction\":[{\"@type\":\"ReadAction\",\"target\":[\"https:\\\/\\\/glslcities.org\\\/fr\\\/evenements\\\/assemblee-annuelle\\\/sheboygan-wi-2019-2\\\/\"]}]},{\"@type\":\"ImageObject\",\"inLanguage\":\"fr-FR\",\"@id\":\"https:\\\/\\\/glslcities.org\\\/fr\\\/evenements\\\/assemblee-annuelle\\\/sheboygan-wi-2019-2\\\/#primaryimage\",\"url\":\"https:\\\/\\\/glslcities.org\\\/wp-content\\\/uploads\\\/2019\\\/03\\\/Final_fr-1.png\",\"contentUrl\":\"https:\\\/\\\/glslcities.org\\\/wp-content\\\/uploads\\\/2019\\\/03\\\/Final_fr-1.png\"},{\"@type\":\"BreadcrumbList\",\"@id\":\"https:\\\/\\\/glslcities.org\\\/fr\\\/evenements\\\/assemblee-annuelle\\\/sheboygan-wi-2019-2\\\/#breadcrumb\",\"itemListElement\":[{\"@type\":\"ListItem\",\"position\":1,\"name\":\"Home\",\"item\":\"https:\\\/\\\/glslcities.org\\\/fr\\\/\"},{\"@type\":\"ListItem\",\"position\":2,\"name\":\"\u00c9v\u00e9nements \u00e0 venir\",\"item\":\"https:\\\/\\\/glslcities.org\\\/fr\\\/evenements\\\/\"},{\"@type\":\"ListItem\",\"position\":3,\"name\":\"Assembl\u00e9e annuelle\",\"item\":\"https:\\\/\\\/glslcities.org\\\/fr\\\/evenements\\\/assemblee-annuelle\\\/\"},{\"@type\":\"ListItem\",\"position\":4,\"name\":\"Assembl\u00e9e annuelle 2019 \u00e0 Sheboygan (WI)\"}]},{\"@type\":\"WebSite\",\"@id\":\"https:\\\/\\\/glslcities.org\\\/#website\",\"url\":\"https:\\\/\\\/glslcities.org\\\/\",\"name\":\"L\u2019Alliance des villes des Grands Lacs et du Saint-Laurent\",\"description\":\"Des maires unis pour prot\u00e9ger et restaurer les Grands Lacs et le Saint-Laurent\",\"potentialAction\":[{\"@type\":\"SearchAction\",\"target\":{\"@type\":\"EntryPoint\",\"urlTemplate\":\"https:\\\/\\\/glslcities.org\\\/?s={search_term_string}\"},\"query-input\":{\"@type\":\"PropertyValueSpecification\",\"valueRequired\":true,\"valueName\":\"search_term_string\"}}],\"inLanguage\":\"fr-FR\"}]}<\/script>\n<!-- \/ Yoast SEO plugin. -->","yoast_head_json":{"title":"Assembl\u00e9e annuelle 2019 \u00e0 Sheboygan (WI) - L\u2019Alliance des villes des Grands Lacs et du Saint-Laurent","robots":{"index":"index","follow":"follow","max-snippet":"max-snippet:-1","max-image-preview":"max-image-preview:large","max-video-preview":"max-video-preview:-1"},"canonical":"https:\/\/glslcities.org\/fr\/evenements\/assemblee-annuelle\/sheboygan-wi-2019-2\/","og_locale":"fr_FR","og_type":"article","og_title":"Assembl\u00e9e annuelle 2019 \u00e0 Sheboygan (WI) - L\u2019Alliance des villes des Grands Lacs et du Saint-Laurent","og_description":"Joignez-vous \u00e0 nous dans la ville de Sheboygan, l&rsquo;Esprit sur le lac, pour le congr\u00e8s annuel 2019. Chaque ann\u00e9e, lors de notre congr\u00e8s annuel, nous discutons des enjeux et des obstacles \u00e0 la sant\u00e9 et la conservation des Grands Lacs et du Saint-Laurent ainsi que leurs communaut\u00e9s. Notre mission est non seulement d&rsquo;\u00e9duquer et de... Read More about \"Assembl\u00e9e annuelle 2019 \u00e0 Sheboygan (WI)\"","og_url":"https:\/\/glslcities.org\/fr\/evenements\/assemblee-annuelle\/sheboygan-wi-2019-2\/","og_site_name":"L\u2019Alliance des villes des Grands Lacs et du Saint-Laurent","article_modified_time":"2026-03-06T16:24:46+00:00","og_image":[{"width":600,"height":600,"url":"https:\/\/glslcities.org\/wp-content\/uploads\/2019\/03\/Final_fr-1.png","type":"image\/png"}],"twitter_card":"summary_large_image","twitter_misc":{"Dur\u00e9e de lecture estim\u00e9e":"2 minutes"},"schema":{"@context":"https:\/\/schema.org","@graph":[{"@type":"WebPage","@id":"https:\/\/glslcities.org\/fr\/evenements\/assemblee-annuelle\/sheboygan-wi-2019-2\/","url":"https:\/\/glslcities.org\/fr\/evenements\/assemblee-annuelle\/sheboygan-wi-2019-2\/","name":"Assembl\u00e9e annuelle 2019 \u00e0 Sheboygan (WI) - L\u2019Alliance des villes des Grands Lacs et du Saint-Laurent","isPartOf":{"@id":"https:\/\/glslcities.org\/#website"},"primaryImageOfPage":{"@id":"https:\/\/glslcities.org\/fr\/evenements\/assemblee-annuelle\/sheboygan-wi-2019-2\/#primaryimage"},"image":{"@id":"https:\/\/glslcities.org\/fr\/evenements\/assemblee-annuelle\/sheboygan-wi-2019-2\/#primaryimage"},"thumbnailUrl":"https:\/\/glslcities.org\/wp-content\/uploads\/2019\/03\/Final_fr-1.png","datePublished":"2019-03-07T19:28:39+00:00","dateModified":"2026-03-06T16:24:46+00:00","breadcrumb":{"@id":"https:\/\/glslcities.org\/fr\/evenements\/assemblee-annuelle\/sheboygan-wi-2019-2\/#breadcrumb"},"inLanguage":"fr-FR","potentialAction":[{"@type":"ReadAction","target":["https:\/\/glslcities.org\/fr\/evenements\/assemblee-annuelle\/sheboygan-wi-2019-2\/"]}]},{"@type":"ImageObject","inLanguage":"fr-FR","@id":"https:\/\/glslcities.org\/fr\/evenements\/assemblee-annuelle\/sheboygan-wi-2019-2\/#primaryimage","url":"https:\/\/glslcities.org\/wp-content\/uploads\/2019\/03\/Final_fr-1.png","contentUrl":"https:\/\/glslcities.org\/wp-content\/uploads\/2019\/03\/Final_fr-1.png"},{"@type":"BreadcrumbList","@id":"https:\/\/glslcities.org\/fr\/evenements\/assemblee-annuelle\/sheboygan-wi-2019-2\/#breadcrumb","itemListElement":[{"@type":"ListItem","position":1,"name":"Home","item":"https:\/\/glslcities.org\/fr\/"},{"@type":"ListItem","position":2,"name":"\u00c9v\u00e9nements \u00e0 venir","item":"https:\/\/glslcities.org\/fr\/evenements\/"},{"@type":"ListItem","position":3,"name":"Assembl\u00e9e annuelle","item":"https:\/\/glslcities.org\/fr\/evenements\/assemblee-annuelle\/"},{"@type":"ListItem","position":4,"name":"Assembl\u00e9e annuelle 2019 \u00e0 Sheboygan (WI)"}]},{"@type":"WebSite","@id":"https:\/\/glslcities.org\/#website","url":"https:\/\/glslcities.org\/","name":"L\u2019Alliance des villes des Grands Lacs et du Saint-Laurent","description":"Des maires unis pour prot\u00e9ger et restaurer les Grands Lacs et le Saint-Laurent","potentialAction":[{"@type":"SearchAction","target":{"@type":"EntryPoint","urlTemplate":"https:\/\/glslcities.org\/?s={search_term_string}"},"query-input":{"@type":"PropertyValueSpecification","valueRequired":true,"valueName":"search_term_string"}}],"inLanguage":"fr-FR"}]}},"_links":{"self":[{"href":"https:\/\/glslcities.org\/fr\/wp-json\/wp\/v2\/pages\/8899","targetHints":{"allow":["GET"]}}],"collection":[{"href":"https:\/\/glslcities.org\/fr\/wp-json\/wp\/v2\/pages"}],"about":[{"href":"https:\/\/glslcities.org\/fr\/wp-json\/wp\/v2\/types\/page"}],"author":[{"embeddable":true,"href":"https:\/\/glslcities.org\/fr\/wp-json\/wp\/v2\/users\/2"}],"replies":[{"embeddable":true,"href":"https:\/\/glslcities.org\/fr\/wp-json\/wp\/v2\/comments?post=8899"}],"version-history":[{"count":14,"href":"https:\/\/glslcities.org\/fr\/wp-json\/wp\/v2\/pages\/8899\/revisions"}],"predecessor-version":[{"id":19574,"href":"https:\/\/glslcities.org\/fr\/wp-json\/wp\/v2\/pages\/8899\/revisions\/19574"}],"up":[{"embeddable":true,"href":"https:\/\/glslcities.org\/fr\/wp-json\/wp\/v2\/pages\/1337"}],"wp:attachment":[{"href":"https:\/\/glslcities.org\/fr\/wp-json\/wp\/v2\/media?parent=8899"}],"curies":[{"name":"wp","href":"https:\/\/api.w.org\/{rel}","templated":true}]}}